{"id":10411,"date":"2021-05-26T10:52:05","date_gmt":"2021-05-26T08:52:05","guid":{"rendered":"https:\/\/dev.nellemannmachinery.dk\/?post_type=product&#038;p=10411"},"modified":"2023-02-03T15:37:09","modified_gmt":"2023-02-03T13:37:09","slug":"redskapsbarare-metrac-h75","status":"publish","type":"product","link":"https:\/\/dev.nellemannmachinery.dk\/sv\/produkt\/redskapsbarare-metrac-h75\/","title":{"rendered":"METRAC H75"},"excerpt":{"rendered":"<h2>Nyhet<\/h2>\n<p><strong>Metrac\u00a0 H75<\/strong><\/p>\n<p>M\u00e5ngsidighet \u00e4r nyckeln<\/p>\n<p>Att f\u00f6rb\u00e4ttra en produkt ytterligare \u00e4r alltid en speciell utmaning. Varf\u00f6r fungerar det s\u00e5 bra f\u00f6r den nya Metrac H75? Fokus ligger p\u00e5 kunden, detta resulterade i ett fordon med fokus p\u00e5 f\u00f6ljande egenskaper:<\/p>\n<ul>\n<li>M\u00e5ngsidig<\/li>\n<li>S\u00e4ker<\/li>\n<li>Bekv\u00e4m<\/li>\n<li>Effektiv<\/li>\n<li>Milj\u00f6v\u00e4nlig<\/li>\n<li>Anv\u00e4ndarv\u00e4nlig<\/li>\n<\/ul>\n<p><strong>Den nya Metrac H75\u00a0 \u00e4r en allrounder f\u00f6r anv\u00e4ndning under hela \u00e5ret.<\/strong><\/p>\n","protected":false},"featured_media":10433,"template":"","meta":{"_acf_changed":false,"inline_featured_image":false},"product_brand":[],"product_cat":[798],"product_tag":[649,648,647],"class_list":{"0":"post-10411","1":"product","2":"type-product","3":"status-publish","4":"has-post-thumbnail","6":"product_cat-redskapsbarare","7":"product_tag-h75","8":"product_tag-metrac","9":"product_tag-redskapsbarare","10":"brand-redskapsbarare-reform","12":"first","13":"instock","14":"shipping-taxable","15":"product-type-simple"},"acf":[],"yoast_head":"<!-- This site is optimized with the Yoast SEO plugin v27.4 - https:\/\/yoast.com\/product\/yoast-seo-wordpress\/ -->\n<title>Redskapsb\u00e4rare f\u00f6r park- och gr\u00f6nytearbete - Nellemann Machinery<\/title>\n<meta name=\"description\" content=\"Redskapsb\u00e4rarna \u00e4r kraftfulla men samtidigt smidiga och m\u00e5ngsidiga maskiner som kan arbeta \u00e5ret om med olika arbetsuppgifter.\" \/>\n<meta name=\"robots\" content=\"noindex, follow, max-snippet:-1, max-image-preview:large, max-video-preview:-1\" \/>\n<meta property=\"og:locale\" content=\"sv_SE\" \/>\n<meta property=\"og:type\" content=\"article\" \/>\n<meta property=\"og:title\" content=\"Redskapsb\u00e4rare f\u00f6r park- och gr\u00f6nytearbete - Nellemann Machinery\" \/>\n<meta property=\"og:description\" content=\"Redskapsb\u00e4rarna \u00e4r kraftfulla men samtidigt smidiga och m\u00e5ngsidiga maskiner som kan arbeta \u00e5ret om med olika arbetsuppgifter.\" \/>\n<meta property=\"og:url\" content=\"https:\/\/nellemannmachinery.se\/produkt\/redskapsbarare-metrac-h75\/\" \/>\n<meta property=\"og:site_name\" content=\"Nellemann Machinery\" \/>\n<meta property=\"article:publisher\" content=\"https:\/\/www.facebook.com\/Nellemann-Machinery-718705991612962\" \/>\n<meta property=\"article:modified_time\" content=\"2023-02-03T13:37:09+00:00\" \/>\n<meta property=\"og:image\" content=\"https:\/\/nellemannmachinery.se\/wp-content\/uploads\/2021\/05\/1-MetracH75-368-mindre-storlek.jpg\" \/>\n\t<meta property=\"og:image:width\" content=\"1328\" \/>\n\t<meta property=\"og:image:height\" content=\"1016\" \/>\n\t<meta property=\"og:image:type\" content=\"image\/jpeg\" \/>\n<meta name=\"twitter:card\" content=\"summary_large_image\" \/>\n<!-- \/ Yoast SEO plugin. -->","yoast_head_json":{"title":"Redskapsb\u00e4rare f\u00f6r park- och gr\u00f6nytearbete - Nellemann Machinery","description":"Redskapsb\u00e4rarna \u00e4r kraftfulla men samtidigt smidiga och m\u00e5ngsidiga maskiner som kan arbeta \u00e5ret om med olika arbetsuppgifter.","robots":{"index":"noindex","follow":"follow","max-snippet":"max-snippet:-1","max-image-preview":"max-image-preview:large","max-video-preview":"max-video-preview:-1"},"og_locale":"sv_SE","og_type":"article","og_title":"Redskapsb\u00e4rare f\u00f6r park- och gr\u00f6nytearbete - Nellemann Machinery","og_description":"Redskapsb\u00e4rarna \u00e4r kraftfulla men samtidigt smidiga och m\u00e5ngsidiga maskiner som kan arbeta \u00e5ret om med olika arbetsuppgifter.","og_url":"https:\/\/nellemannmachinery.se\/produkt\/redskapsbarare-metrac-h75\/","og_site_name":"Nellemann Machinery","article_publisher":"https:\/\/www.facebook.com\/Nellemann-Machinery-718705991612962","article_modified_time":"2023-02-03T13:37:09+00:00","og_image":[{"width":1328,"height":1016,"url":"https:\/\/nellemannmachinery.se\/wp-content\/uploads\/2021\/05\/1-MetracH75-368-mindre-storlek.jpg","type":"image\/jpeg"}],"twitter_card":"summary_large_image","schema":{"@context":"https:\/\/schema.org","@graph":[{"@type":"WebPage","@id":"https:\/\/nellemannmachinery.se\/produkt\/redskapsbarare-metrac-h75\/","url":"https:\/\/nellemannmachinery.se\/produkt\/redskapsbarare-metrac-h75\/","name":"Redskapsb\u00e4rare f\u00f6r park- och gr\u00f6nytearbete - Nellemann Machinery","isPartOf":{"@id":"https:\/\/dev.nellemannmachinery.dk\/#website"},"primaryImageOfPage":{"@id":"https:\/\/nellemannmachinery.se\/produkt\/redskapsbarare-metrac-h75\/#primaryimage"},"image":{"@id":"https:\/\/nellemannmachinery.se\/produkt\/redskapsbarare-metrac-h75\/#primaryimage"},"thumbnailUrl":"https:\/\/dev.nellemannmachinery.dk\/wp-content\/uploads\/2021\/05\/1-MetracH75-368-mindre-storlek.jpg","datePublished":"2021-05-26T08:52:05+00:00","dateModified":"2023-02-03T13:37:09+00:00","description":"Redskapsb\u00e4rarna \u00e4r kraftfulla men samtidigt smidiga och m\u00e5ngsidiga maskiner som kan arbeta \u00e5ret om med olika arbetsuppgifter.","breadcrumb":{"@id":"https:\/\/nellemannmachinery.se\/produkt\/redskapsbarare-metrac-h75\/#breadcrumb"},"inLanguage":"sv-SE","potentialAction":[{"@type":"ReadAction","target":["https:\/\/nellemannmachinery.se\/produkt\/redskapsbarare-metrac-h75\/"]}]},{"@type":"ImageObject","inLanguage":"sv-SE","@id":"https:\/\/nellemannmachinery.se\/produkt\/redskapsbarare-metrac-h75\/#primaryimage","url":"https:\/\/dev.nellemannmachinery.dk\/wp-content\/uploads\/2021\/05\/1-MetracH75-368-mindre-storlek.jpg","contentUrl":"https:\/\/dev.nellemannmachinery.dk\/wp-content\/uploads\/2021\/05\/1-MetracH75-368-mindre-storlek.jpg","width":1328,"height":1016},{"@type":"BreadcrumbList","@id":"https:\/\/nellemannmachinery.se\/produkt\/redskapsbarare-metrac-h75\/#breadcrumb","itemListElement":[{"@type":"ListItem","position":1,"name":"Home","item":"https:\/\/nellemannmachinery.se\/"},{"@type":"ListItem","position":2,"name":"Shop","item":"https:\/\/dev.nellemannmachinery.dk\/shop\/"},{"@type":"ListItem","position":3,"name":"METRAC H75"}]},{"@type":"WebSite","@id":"https:\/\/dev.nellemannmachinery.dk\/#website","url":"https:\/\/dev.nellemannmachinery.dk\/","name":"Nellemann Machinery","description":"","publisher":{"@id":"https:\/\/dev.nellemannmachinery.dk\/#organization"},"potentialAction":[{"@type":"SearchAction","target":{"@type":"EntryPoint","urlTemplate":"https:\/\/dev.nellemannmachinery.dk\/?s={search_term_string}"},"query-input":{"@type":"PropertyValueSpecification","valueRequired":true,"valueName":"search_term_string"}}],"inLanguage":"sv-SE"},{"@type":"Organization","@id":"https:\/\/dev.nellemannmachinery.dk\/#organization","name":"Nellemann Machinery","url":"https:\/\/dev.nellemannmachinery.dk\/","logo":{"@type":"ImageObject","inLanguage":"sv-SE","@id":"https:\/\/dev.nellemannmachinery.dk\/#\/schema\/logo\/image\/","url":"https:\/\/dev.nellemannmachinery.dk\/wp-content\/uploads\/2020\/09\/logo-1.png","contentUrl":"https:\/\/dev.nellemannmachinery.dk\/wp-content\/uploads\/2020\/09\/logo-1.png","width":398,"height":71,"caption":"Nellemann Machinery"},"image":{"@id":"https:\/\/dev.nellemannmachinery.dk\/#\/schema\/logo\/image\/"},"sameAs":["https:\/\/www.facebook.com\/Nellemann-Machinery-718705991612962","https:\/\/www.instagram.com\/nellemannmachinery\/?hl=da","https:\/\/www.linkedin.com\/company\/svenningsens-maskinforretning-as\/about\/"]}]}},"_links":{"self":[{"href":"https:\/\/dev.nellemannmachinery.dk\/sv\/wp-json\/wp\/v2\/product\/10411","targetHints":{"allow":["GET"]}}],"collection":[{"href":"https:\/\/dev.nellemannmachinery.dk\/sv\/wp-json\/wp\/v2\/product"}],"about":[{"href":"https:\/\/dev.nellemannmachinery.dk\/sv\/wp-json\/wp\/v2\/types\/product"}],"wp:featuredmedia":[{"embeddable":true,"href":"https:\/\/dev.nellemannmachinery.dk\/sv\/wp-json\/wp\/v2\/media\/10433"}],"wp:attachment":[{"href":"https:\/\/dev.nellemannmachinery.dk\/sv\/wp-json\/wp\/v2\/media?parent=10411"}],"wp:term":[{"taxonomy":"product_brand","embeddable":true,"href":"https:\/\/dev.nellemannmachinery.dk\/sv\/wp-json\/wp\/v2\/product_brand?post=10411"},{"taxonomy":"product_cat","embeddable":true,"href":"https:\/\/dev.nellemannmachinery.dk\/sv\/wp-json\/wp\/v2\/product_cat?post=10411"},{"taxonomy":"product_tag","embeddable":true,"href":"https:\/\/dev.nellemannmachinery.dk\/sv\/wp-json\/wp\/v2\/product_tag?post=10411"}],"curies":[{"name":"wp","href":"https:\/\/api.w.org\/{rel}","templated":true}]}}