{"id":11650,"date":"2021-09-16T14:43:51","date_gmt":"2021-09-16T12:43:51","guid":{"rendered":"https:\/\/dev.nellemannmachinery.dk\/?post_type=product&#038;p=11650"},"modified":"2023-10-11T07:15:12","modified_gmt":"2023-10-11T05:15:12","slug":"kubota-kompakttraktor-lx401","status":"publish","type":"product","link":"https:\/\/dev.nellemannmachinery.dk\/sv\/produkt\/kubota-kompakttraktor-lx401\/","title":{"rendered":"KUBOTA LX401"},"excerpt":{"rendered":"[video width=\"3840\" height=\"2160\" mp4=\"https:\/\/nellemannmachinery.se\/wp-content\/uploads\/2020\/07\/Kubota_LX_2160p25_H264_ENG_komprimeret.mp4\"][\/video]\n<h3><\/h3>\n<p class=\"P68B1DB1-Normal5\"><strong>Nya LX-serien fr\u00e5n Kubota kombinerar det b\u00e4sta av tv\u00e5 v\u00e4rldar och s\u00e4tter nya standarder f\u00f6r kvalitet och utrustning<\/strong>. Oavsett om du klipper gr\u00e4smattor, hanterar material, underh\u00e5ller v\u00e4gar eller r\u00f6jer sn\u00f6 \u2013 den h\u00e4r p\u00e5litliga, kompakta m\u00e5ngsidiga traktorn hanterar s\u00e4kert ett brett spektrum av uppgifter i kommunalt arbete och n\u00e4rliggande omr\u00e5den med komfort och kraft.<\/p>\n<h3><\/h3>\n<p>&nbsp;<\/p>\n","protected":false},"featured_media":14354,"template":"","meta":{"_acf_changed":false,"inline_featured_image":false},"product_brand":[],"product_cat":[164],"product_tag":[225,150,736,737],"class_list":{"0":"post-11650","1":"product","2":"type-product","3":"status-publish","4":"has-post-thumbnail","6":"product_cat-kompakttraktorer-kubota-forsaljningtraktor-utrustad-lastare-kubota-traktor","7":"product_tag-kompakt","8":"product_tag-kubota","9":"product_tag-lx","10":"product_tag-lx401","11":"brand-kubota-produker","13":"first","14":"instock","15":"shipping-taxable","16":"product-type-simple"},"acf":[],"yoast_head":"<!-- This site is optimized with the Yoast SEO plugin v27.4 - https:\/\/yoast.com\/product\/yoast-seo-wordpress\/ -->\n<title>Upplev ny kompakttraktor Kubota LX-401 - Godk\u00e4nd Steg V dieselmotor<\/title>\n<meta name=\"description\" content=\"Upplev Kubota LX-401, kompakttraktorn som \u00e4r konstruerad f\u00f6r alla typer av arbete och erbjuder en helt nydesignad hytt. Med kraftfull steg V dieselmotor f\u00f6r maximal effektivitet och l\u00e5g br\u00e4nslef\u00f6rbrukning.\" \/>\n<meta name=\"robots\" content=\"noindex, follow, max-snippet:-1, max-image-preview:large, max-video-preview:-1\" \/>\n<meta property=\"og:locale\" content=\"sv_SE\" \/>\n<meta property=\"og:type\" content=\"article\" \/>\n<meta property=\"og:title\" content=\"Upplev ny kompakttraktor Kubota LX-401 - Godk\u00e4nd Steg V dieselmotor\" \/>\n<meta property=\"og:description\" content=\"Upplev Kubota LX-401, kompakttraktorn som \u00e4r konstruerad f\u00f6r alla typer av arbete och erbjuder en helt nydesignad hytt. Med kraftfull steg V dieselmotor f\u00f6r maximal effektivitet och l\u00e5g br\u00e4nslef\u00f6rbrukning.\" \/>\n<meta property=\"og:url\" content=\"https:\/\/nellemannmachinery.se\/produkt\/kubota-kompakttraktor-lx401\/\" \/>\n<meta property=\"og:site_name\" content=\"Nellemann Machinery\" \/>\n<meta property=\"article:publisher\" content=\"https:\/\/www.facebook.com\/Nellemann-Machinery-718705991612962\" \/>\n<meta property=\"article:modified_time\" content=\"2023-10-11T05:15:12+00:00\" \/>\n<meta property=\"og:image\" content=\"https:\/\/nellemannmachinery.se\/wp-content\/uploads\/2021\/09\/LX-Series_Studio_side11-1-LX-351_Trans.-800_600jpg.jpg\" \/>\n\t<meta property=\"og:image:width\" content=\"800\" \/>\n\t<meta property=\"og:image:height\" content=\"600\" \/>\n\t<meta property=\"og:image:type\" content=\"image\/jpeg\" \/>\n<meta name=\"twitter:card\" content=\"summary_large_image\" \/>\n<!-- \/ Yoast SEO plugin. -->","yoast_head_json":{"title":"Upplev ny kompakttraktor Kubota LX-401 - Godk\u00e4nd Steg V dieselmotor","description":"Upplev Kubota LX-401, kompakttraktorn som \u00e4r konstruerad f\u00f6r alla typer av arbete och erbjuder en helt nydesignad hytt. Med kraftfull steg V dieselmotor f\u00f6r maximal effektivitet och l\u00e5g br\u00e4nslef\u00f6rbrukning.","robots":{"index":"noindex","follow":"follow","max-snippet":"max-snippet:-1","max-image-preview":"max-image-preview:large","max-video-preview":"max-video-preview:-1"},"og_locale":"sv_SE","og_type":"article","og_title":"Upplev ny kompakttraktor Kubota LX-401 - Godk\u00e4nd Steg V dieselmotor","og_description":"Upplev Kubota LX-401, kompakttraktorn som \u00e4r konstruerad f\u00f6r alla typer av arbete och erbjuder en helt nydesignad hytt. Med kraftfull steg V dieselmotor f\u00f6r maximal effektivitet och l\u00e5g br\u00e4nslef\u00f6rbrukning.","og_url":"https:\/\/nellemannmachinery.se\/produkt\/kubota-kompakttraktor-lx401\/","og_site_name":"Nellemann Machinery","article_publisher":"https:\/\/www.facebook.com\/Nellemann-Machinery-718705991612962","article_modified_time":"2023-10-11T05:15:12+00:00","og_image":[{"width":800,"height":600,"url":"https:\/\/nellemannmachinery.se\/wp-content\/uploads\/2021\/09\/LX-Series_Studio_side11-1-LX-351_Trans.-800_600jpg.jpg","type":"image\/jpeg"}],"twitter_card":"summary_large_image","schema":{"@context":"https:\/\/schema.org","@graph":[{"@type":"WebPage","@id":"https:\/\/nellemannmachinery.se\/produkt\/kubota-kompakttraktor-lx401\/","url":"https:\/\/nellemannmachinery.se\/produkt\/kubota-kompakttraktor-lx401\/","name":"Upplev ny kompakttraktor Kubota LX-401 - Godk\u00e4nd Steg V dieselmotor","isPartOf":{"@id":"https:\/\/dev.nellemannmachinery.dk\/#website"},"primaryImageOfPage":{"@id":"https:\/\/nellemannmachinery.se\/produkt\/kubota-kompakttraktor-lx401\/#primaryimage"},"image":{"@id":"https:\/\/nellemannmachinery.se\/produkt\/kubota-kompakttraktor-lx401\/#primaryimage"},"thumbnailUrl":"https:\/\/dev.nellemannmachinery.dk\/wp-content\/uploads\/2021\/09\/LX-Series_Studio_side11-1-LX-351_Trans.-800_600jpg.jpg","datePublished":"2021-09-16T12:43:51+00:00","dateModified":"2023-10-11T05:15:12+00:00","description":"Upplev Kubota LX-401, kompakttraktorn som \u00e4r konstruerad f\u00f6r alla typer av arbete och erbjuder en helt nydesignad hytt. Med kraftfull steg V dieselmotor f\u00f6r maximal effektivitet och l\u00e5g br\u00e4nslef\u00f6rbrukning.","breadcrumb":{"@id":"https:\/\/nellemannmachinery.se\/produkt\/kubota-kompakttraktor-lx401\/#breadcrumb"},"inLanguage":"sv-SE","potentialAction":[{"@type":"ReadAction","target":["https:\/\/nellemannmachinery.se\/produkt\/kubota-kompakttraktor-lx401\/"]}]},{"@type":"ImageObject","inLanguage":"sv-SE","@id":"https:\/\/nellemannmachinery.se\/produkt\/kubota-kompakttraktor-lx401\/#primaryimage","url":"https:\/\/dev.nellemannmachinery.dk\/wp-content\/uploads\/2021\/09\/LX-Series_Studio_side11-1-LX-351_Trans.-800_600jpg.jpg","contentUrl":"https:\/\/dev.nellemannmachinery.dk\/wp-content\/uploads\/2021\/09\/LX-Series_Studio_side11-1-LX-351_Trans.-800_600jpg.jpg","width":800,"height":600},{"@type":"BreadcrumbList","@id":"https:\/\/nellemannmachinery.se\/produkt\/kubota-kompakttraktor-lx401\/#breadcrumb","itemListElement":[{"@type":"ListItem","position":1,"name":"Home","item":"https:\/\/nellemannmachinery.se\/"},{"@type":"ListItem","position":2,"name":"Shop","item":"https:\/\/dev.nellemannmachinery.dk\/shop\/"},{"@type":"ListItem","position":3,"name":"KUBOTA LX401"}]},{"@type":"WebSite","@id":"https:\/\/dev.nellemannmachinery.dk\/#website","url":"https:\/\/dev.nellemannmachinery.dk\/","name":"Nellemann Machinery","description":"","publisher":{"@id":"https:\/\/dev.nellemannmachinery.dk\/#organization"},"potentialAction":[{"@type":"SearchAction","target":{"@type":"EntryPoint","urlTemplate":"https:\/\/dev.nellemannmachinery.dk\/?s={search_term_string}"},"query-input":{"@type":"PropertyValueSpecification","valueRequired":true,"valueName":"search_term_string"}}],"inLanguage":"sv-SE"},{"@type":"Organization","@id":"https:\/\/dev.nellemannmachinery.dk\/#organization","name":"Nellemann Machinery","url":"https:\/\/dev.nellemannmachinery.dk\/","logo":{"@type":"ImageObject","inLanguage":"sv-SE","@id":"https:\/\/dev.nellemannmachinery.dk\/#\/schema\/logo\/image\/","url":"https:\/\/dev.nellemannmachinery.dk\/wp-content\/uploads\/2020\/09\/logo-1.png","contentUrl":"https:\/\/dev.nellemannmachinery.dk\/wp-content\/uploads\/2020\/09\/logo-1.png","width":398,"height":71,"caption":"Nellemann Machinery"},"image":{"@id":"https:\/\/dev.nellemannmachinery.dk\/#\/schema\/logo\/image\/"},"sameAs":["https:\/\/www.facebook.com\/Nellemann-Machinery-718705991612962","https:\/\/www.instagram.com\/nellemannmachinery\/?hl=da","https:\/\/www.linkedin.com\/company\/svenningsens-maskinforretning-as\/about\/"]}]}},"_links":{"self":[{"href":"https:\/\/dev.nellemannmachinery.dk\/sv\/wp-json\/wp\/v2\/product\/11650","targetHints":{"allow":["GET"]}}],"collection":[{"href":"https:\/\/dev.nellemannmachinery.dk\/sv\/wp-json\/wp\/v2\/product"}],"about":[{"href":"https:\/\/dev.nellemannmachinery.dk\/sv\/wp-json\/wp\/v2\/types\/product"}],"wp:featuredmedia":[{"embeddable":true,"href":"https:\/\/dev.nellemannmachinery.dk\/sv\/wp-json\/wp\/v2\/media\/14354"}],"wp:attachment":[{"href":"https:\/\/dev.nellemannmachinery.dk\/sv\/wp-json\/wp\/v2\/media?parent=11650"}],"wp:term":[{"taxonomy":"product_brand","embeddable":true,"href":"https:\/\/dev.nellemannmachinery.dk\/sv\/wp-json\/wp\/v2\/product_brand?post=11650"},{"taxonomy":"product_cat","embeddable":true,"href":"https:\/\/dev.nellemannmachinery.dk\/sv\/wp-json\/wp\/v2\/product_cat?post=11650"},{"taxonomy":"product_tag","embeddable":true,"href":"https:\/\/dev.nellemannmachinery.dk\/sv\/wp-json\/wp\/v2\/product_tag?post=11650"}],"curies":[{"name":"wp","href":"https:\/\/api.w.org\/{rel}","templated":true}]}}