{"id":12072,"date":"2021-09-23T10:35:10","date_gmt":"2021-09-23T08:35:10","guid":{"rendered":"https:\/\/dev.nellemannmachinery.dk\/?post_type=product&#038;p=12072"},"modified":"2022-08-26T11:57:57","modified_gmt":"2022-08-26T09:57:57","slug":"kubota-l1-1382","status":"publish","type":"product","link":"https:\/\/dev.nellemannmachinery.dk\/sv\/produkt\/kubota-l1-1382\/","title":{"rendered":"Kubota L1-382"},"excerpt":{"rendered":"<p>https:\/\/www.youtube.com\/watch?v=vhajNqKlXJg<\/p>\n<p class=\"P68B1DB1-Normalny5\"><strong>Traktorerna i L1-serien \u00e4r allrounders i ordets positiva bem\u00e4rkelse.<\/strong> Deras kraftfulla frontlastare och de m\u00e5nga tillbeh\u00f6rsalternativen \u00e4r optimerade f\u00f6r en m\u00e4ngd olika anv\u00e4ndningsomr\u00e5den i ett brett spektrum av applikationer. Tack vare den uppdaterade designen \u00e4r den nya L1-serien inte bara ett garanterat blickf\u00e5ng, utan imponerar \u00e4ven med anv\u00e4ndbara innovationer, till exempel den kodskyddade st\u00f6ldskyddsfunktionen som ger ytterligare s\u00e4kerhet. Om du ofta beh\u00f6ver utf\u00f6ra sv\u00e4ngman\u00f6vrer kommer du att uppskatta portalframaxeln. Detta ger traktorn utm\u00e4rkt smidighet.<\/p>\n","protected":false},"featured_media":14342,"template":"","meta":{"_acf_changed":false,"inline_featured_image":false},"product_brand":[],"product_cat":[164],"product_tag":[225,546,228,607],"class_list":{"0":"post-12072","1":"product","2":"type-product","3":"status-publish","4":"has-post-thumbnail","6":"product_cat-kompakttraktorer-kubota-forsaljningtraktor-utrustad-lastare-kubota-traktor","7":"product_tag-kompakt","8":"product_tag-kompaktraktor","9":"product_tag-l1","10":"product_tag-l1-382","11":"brand-kubota-produker","13":"first","14":"instock","15":"shipping-taxable","16":"product-type-simple"},"acf":[],"yoast_head":"<!-- This site is optimized with the Yoast SEO plugin v27.4 - https:\/\/yoast.com\/product\/yoast-seo-wordpress\/ -->\n<title>Kubota L1-382 - Nellemann Machinery<\/title>\n<meta name=\"robots\" content=\"noindex, follow, max-snippet:-1, max-image-preview:large, max-video-preview:-1\" \/>\n<meta property=\"og:locale\" content=\"sv_SE\" \/>\n<meta property=\"og:type\" content=\"article\" \/>\n<meta property=\"og:title\" content=\"Kubota L1-382 - Nellemann Machinery\" \/>\n<meta property=\"og:description\" content=\"https:\/\/www.youtube.com\/watch?v=vhajNqKlXJg Traktorerna i L1-serien \u00e4r allrounders i ordets positiva bem\u00e4rkelse. Deras kraftfulla frontlastare och de m\u00e5nga tillbeh\u00f6rsalternativen \u00e4r optimerade f\u00f6r en m\u00e4ngd olika anv\u00e4ndningsomr\u00e5den i ett brett spektrum av applikationer. Tack vare den uppdaterade designen \u00e4r den nya L1-serien inte bara ett garanterat blickf\u00e5ng, utan imponerar \u00e4ven med anv\u00e4ndbara innovationer, till exempel den kodskyddade st\u00f6ldskyddsfunktionen som ger ytterligare s\u00e4kerhet. Om du ofta beh\u00f6ver utf\u00f6ra sv\u00e4ngman\u00f6vrer kommer du att uppskatta portalframaxeln. Detta ger traktorn utm\u00e4rkt smidighet.\" \/>\n<meta property=\"og:url\" content=\"https:\/\/nellemannmachinery.se\/produkt\/kubota-l1-1382\/\" \/>\n<meta property=\"og:site_name\" content=\"Nellemann Machinery\" \/>\n<meta property=\"article:publisher\" content=\"https:\/\/www.facebook.com\/Nellemann-Machinery-718705991612962\" \/>\n<meta property=\"article:modified_time\" content=\"2022-08-26T09:57:57+00:00\" \/>\n<meta property=\"og:image\" content=\"https:\/\/nellemannmachinery.se\/wp-content\/uploads\/2021\/09\/L1-382_Studio_Side13-800_600.jpg\" \/>\n\t<meta property=\"og:image:width\" content=\"800\" \/>\n\t<meta property=\"og:image:height\" content=\"600\" \/>\n\t<meta property=\"og:image:type\" content=\"image\/jpeg\" \/>\n<meta name=\"twitter:card\" content=\"summary_large_image\" \/>\n<!-- \/ Yoast SEO plugin. -->","yoast_head_json":{"title":"Kubota L1-382 - Nellemann Machinery","robots":{"index":"noindex","follow":"follow","max-snippet":"max-snippet:-1","max-image-preview":"max-image-preview:large","max-video-preview":"max-video-preview:-1"},"og_locale":"sv_SE","og_type":"article","og_title":"Kubota L1-382 - Nellemann Machinery","og_description":"https:\/\/www.youtube.com\/watch?v=vhajNqKlXJg Traktorerna i L1-serien \u00e4r allrounders i ordets positiva bem\u00e4rkelse. Deras kraftfulla frontlastare och de m\u00e5nga tillbeh\u00f6rsalternativen \u00e4r optimerade f\u00f6r en m\u00e4ngd olika anv\u00e4ndningsomr\u00e5den i ett brett spektrum av applikationer. Tack vare den uppdaterade designen \u00e4r den nya L1-serien inte bara ett garanterat blickf\u00e5ng, utan imponerar \u00e4ven med anv\u00e4ndbara innovationer, till exempel den kodskyddade st\u00f6ldskyddsfunktionen som ger ytterligare s\u00e4kerhet. Om du ofta beh\u00f6ver utf\u00f6ra sv\u00e4ngman\u00f6vrer kommer du att uppskatta portalframaxeln. Detta ger traktorn utm\u00e4rkt smidighet.","og_url":"https:\/\/nellemannmachinery.se\/produkt\/kubota-l1-1382\/","og_site_name":"Nellemann Machinery","article_publisher":"https:\/\/www.facebook.com\/Nellemann-Machinery-718705991612962","article_modified_time":"2022-08-26T09:57:57+00:00","og_image":[{"width":800,"height":600,"url":"https:\/\/nellemannmachinery.se\/wp-content\/uploads\/2021\/09\/L1-382_Studio_Side13-800_600.jpg","type":"image\/jpeg"}],"twitter_card":"summary_large_image","schema":{"@context":"https:\/\/schema.org","@graph":[{"@type":"WebPage","@id":"https:\/\/nellemannmachinery.se\/produkt\/kubota-l1-1382\/","url":"https:\/\/nellemannmachinery.se\/produkt\/kubota-l1-1382\/","name":"Kubota L1-382 - Nellemann Machinery","isPartOf":{"@id":"https:\/\/dev.nellemannmachinery.dk\/#website"},"primaryImageOfPage":{"@id":"https:\/\/nellemannmachinery.se\/produkt\/kubota-l1-1382\/#primaryimage"},"image":{"@id":"https:\/\/nellemannmachinery.se\/produkt\/kubota-l1-1382\/#primaryimage"},"thumbnailUrl":"https:\/\/dev.nellemannmachinery.dk\/wp-content\/uploads\/2021\/09\/L1-382_Studio_Side13-800_600.jpg","datePublished":"2021-09-23T08:35:10+00:00","dateModified":"2022-08-26T09:57:57+00:00","breadcrumb":{"@id":"https:\/\/nellemannmachinery.se\/produkt\/kubota-l1-1382\/#breadcrumb"},"inLanguage":"sv-SE","potentialAction":[{"@type":"ReadAction","target":["https:\/\/nellemannmachinery.se\/produkt\/kubota-l1-1382\/"]}]},{"@type":"ImageObject","inLanguage":"sv-SE","@id":"https:\/\/nellemannmachinery.se\/produkt\/kubota-l1-1382\/#primaryimage","url":"https:\/\/dev.nellemannmachinery.dk\/wp-content\/uploads\/2021\/09\/L1-382_Studio_Side13-800_600.jpg","contentUrl":"https:\/\/dev.nellemannmachinery.dk\/wp-content\/uploads\/2021\/09\/L1-382_Studio_Side13-800_600.jpg","width":800,"height":600},{"@type":"BreadcrumbList","@id":"https:\/\/nellemannmachinery.se\/produkt\/kubota-l1-1382\/#breadcrumb","itemListElement":[{"@type":"ListItem","position":1,"name":"Home","item":"https:\/\/nellemannmachinery.se\/"},{"@type":"ListItem","position":2,"name":"Shop","item":"https:\/\/dev.nellemannmachinery.dk\/shop\/"},{"@type":"ListItem","position":3,"name":"Kubota L1-382"}]},{"@type":"WebSite","@id":"https:\/\/dev.nellemannmachinery.dk\/#website","url":"https:\/\/dev.nellemannmachinery.dk\/","name":"Nellemann Machinery","description":"","publisher":{"@id":"https:\/\/dev.nellemannmachinery.dk\/#organization"},"potentialAction":[{"@type":"SearchAction","target":{"@type":"EntryPoint","urlTemplate":"https:\/\/dev.nellemannmachinery.dk\/?s={search_term_string}"},"query-input":{"@type":"PropertyValueSpecification","valueRequired":true,"valueName":"search_term_string"}}],"inLanguage":"sv-SE"},{"@type":"Organization","@id":"https:\/\/dev.nellemannmachinery.dk\/#organization","name":"Nellemann Machinery","url":"https:\/\/dev.nellemannmachinery.dk\/","logo":{"@type":"ImageObject","inLanguage":"sv-SE","@id":"https:\/\/dev.nellemannmachinery.dk\/#\/schema\/logo\/image\/","url":"https:\/\/dev.nellemannmachinery.dk\/wp-content\/uploads\/2020\/09\/logo-1.png","contentUrl":"https:\/\/dev.nellemannmachinery.dk\/wp-content\/uploads\/2020\/09\/logo-1.png","width":398,"height":71,"caption":"Nellemann Machinery"},"image":{"@id":"https:\/\/dev.nellemannmachinery.dk\/#\/schema\/logo\/image\/"},"sameAs":["https:\/\/www.facebook.com\/Nellemann-Machinery-718705991612962","https:\/\/www.instagram.com\/nellemannmachinery\/?hl=da","https:\/\/www.linkedin.com\/company\/svenningsens-maskinforretning-as\/about\/"]}]}},"_links":{"self":[{"href":"https:\/\/dev.nellemannmachinery.dk\/sv\/wp-json\/wp\/v2\/product\/12072","targetHints":{"allow":["GET"]}}],"collection":[{"href":"https:\/\/dev.nellemannmachinery.dk\/sv\/wp-json\/wp\/v2\/product"}],"about":[{"href":"https:\/\/dev.nellemannmachinery.dk\/sv\/wp-json\/wp\/v2\/types\/product"}],"wp:featuredmedia":[{"embeddable":true,"href":"https:\/\/dev.nellemannmachinery.dk\/sv\/wp-json\/wp\/v2\/media\/14342"}],"wp:attachment":[{"href":"https:\/\/dev.nellemannmachinery.dk\/sv\/wp-json\/wp\/v2\/media?parent=12072"}],"wp:term":[{"taxonomy":"product_brand","embeddable":true,"href":"https:\/\/dev.nellemannmachinery.dk\/sv\/wp-json\/wp\/v2\/product_brand?post=12072"},{"taxonomy":"product_cat","embeddable":true,"href":"https:\/\/dev.nellemannmachinery.dk\/sv\/wp-json\/wp\/v2\/product_cat?post=12072"},{"taxonomy":"product_tag","embeddable":true,"href":"https:\/\/dev.nellemannmachinery.dk\/sv\/wp-json\/wp\/v2\/product_tag?post=12072"}],"curies":[{"name":"wp","href":"https:\/\/api.w.org\/{rel}","templated":true}]}}