{"id":12299,"date":"2021-10-11T10:39:31","date_gmt":"2021-10-11T08:39:31","guid":{"rendered":"https:\/\/dev.nellemannmachinery.dk\/?post_type=product&#038;p=12299"},"modified":"2023-09-21T11:03:40","modified_gmt":"2023-09-21T09:03:40","slug":"kubota-ek1-261","status":"publish","type":"product","link":"https:\/\/dev.nellemannmachinery.dk\/sv\/produkt\/kubota-ek1-261\/","title":{"rendered":"Kubota EK1-261"},"excerpt":{"rendered":"<p>https:\/\/www.youtube.com\/watch?v=r7NU5Gxi2Hc<\/p>\n<p><strong>EK1-261 fr\u00e5n Escort-Kubota<\/strong> \u00e4r en enklare traktor med m\u00e5nga anv\u00e4ndningsomr\u00e5den.\u00a0Tack vare sin m\u00e5ngsidighet, \u00e4r traktorn perfekt f\u00f6r park- och tr\u00e4dg\u00e5rdstj\u00e4nster, fastighetssk\u00f6tare\/vaktm\u00e4stare och \u00f6vrigt underh\u00e5ll. Beroende p\u00e5 anv\u00e4ndningsomr\u00e5de kan traktorn levereras med jordbruks, gr\u00e4s- eller industrid\u00e4ck. F\u00f6r anv\u00e4ndare som letar efter en enkel men kraftfull traktor \u00e4r EK1-261 fr\u00e5n Escorts-Kubota ett bra val.<\/p>\n","protected":false},"featured_media":14339,"template":"","meta":{"_acf_changed":false,"inline_featured_image":false},"product_brand":[],"product_cat":[164],"product_tag":[605,606,225,489],"class_list":{"0":"post-12299","1":"product","2":"type-product","3":"status-publish","4":"has-post-thumbnail","6":"product_cat-kompakttraktorer-kubota-forsaljningtraktor-utrustad-lastare-kubota-traktor","7":"product_tag-ek1","8":"product_tag-ek1-261","9":"product_tag-kompakt","10":"product_tag-traktor","11":"brand-kubota-produker","13":"first","14":"instock","15":"shipping-taxable","16":"product-type-simple"},"acf":[],"yoast_head":"<!-- This site is optimized with the Yoast SEO plugin v27.4 - https:\/\/yoast.com\/product\/yoast-seo-wordpress\/ -->\n<title>Kubota EK1-261 - Nellemann Machinery<\/title>\n<meta name=\"description\" content=\"\u00a0Tack vare sin m\u00e5ngsidighet, \u00e4r Kubota traktorn perfekt f\u00f6r park- och tr\u00e4dg\u00e5rdstj\u00e4nster, fastighetssk\u00f6tare\/vaktm\u00e4stare och \u00f6vrigt underh\u00e5ll.\" \/>\n<meta name=\"robots\" content=\"noindex, follow, max-snippet:-1, max-image-preview:large, max-video-preview:-1\" \/>\n<meta property=\"og:locale\" content=\"sv_SE\" \/>\n<meta property=\"og:type\" content=\"article\" \/>\n<meta property=\"og:title\" content=\"Kubota EK1-261 - Nellemann Machinery\" \/>\n<meta property=\"og:description\" content=\"\u00a0Tack vare sin m\u00e5ngsidighet, \u00e4r Kubota traktorn perfekt f\u00f6r park- och tr\u00e4dg\u00e5rdstj\u00e4nster, fastighetssk\u00f6tare\/vaktm\u00e4stare och \u00f6vrigt underh\u00e5ll.\" \/>\n<meta property=\"og:url\" content=\"https:\/\/nellemannmachinery.se\/produkt\/kubota-ek1-261\/\" \/>\n<meta property=\"og:site_name\" content=\"Nellemann Machinery\" \/>\n<meta property=\"article:publisher\" content=\"https:\/\/www.facebook.com\/Nellemann-Machinery-718705991612962\" \/>\n<meta property=\"article:modified_time\" content=\"2023-09-21T09:03:40+00:00\" \/>\n<meta property=\"og:image\" content=\"https:\/\/nellemannmachinery.se\/wp-content\/uploads\/2021\/10\/EK1-261_1.800_600jpg.jpg\" \/>\n\t<meta property=\"og:image:width\" content=\"800\" \/>\n\t<meta property=\"og:image:height\" content=\"600\" \/>\n\t<meta property=\"og:image:type\" content=\"image\/jpeg\" \/>\n<meta name=\"twitter:card\" content=\"summary_large_image\" \/>\n<!-- \/ Yoast SEO plugin. -->","yoast_head_json":{"title":"Kubota EK1-261 - Nellemann Machinery","description":"\u00a0Tack vare sin m\u00e5ngsidighet, \u00e4r Kubota traktorn perfekt f\u00f6r park- och tr\u00e4dg\u00e5rdstj\u00e4nster, fastighetssk\u00f6tare\/vaktm\u00e4stare och \u00f6vrigt underh\u00e5ll.","robots":{"index":"noindex","follow":"follow","max-snippet":"max-snippet:-1","max-image-preview":"max-image-preview:large","max-video-preview":"max-video-preview:-1"},"og_locale":"sv_SE","og_type":"article","og_title":"Kubota EK1-261 - Nellemann Machinery","og_description":"\u00a0Tack vare sin m\u00e5ngsidighet, \u00e4r Kubota traktorn perfekt f\u00f6r park- och tr\u00e4dg\u00e5rdstj\u00e4nster, fastighetssk\u00f6tare\/vaktm\u00e4stare och \u00f6vrigt underh\u00e5ll.","og_url":"https:\/\/nellemannmachinery.se\/produkt\/kubota-ek1-261\/","og_site_name":"Nellemann Machinery","article_publisher":"https:\/\/www.facebook.com\/Nellemann-Machinery-718705991612962","article_modified_time":"2023-09-21T09:03:40+00:00","og_image":[{"width":800,"height":600,"url":"https:\/\/nellemannmachinery.se\/wp-content\/uploads\/2021\/10\/EK1-261_1.800_600jpg.jpg","type":"image\/jpeg"}],"twitter_card":"summary_large_image","schema":{"@context":"https:\/\/schema.org","@graph":[{"@type":"WebPage","@id":"https:\/\/nellemannmachinery.se\/produkt\/kubota-ek1-261\/","url":"https:\/\/nellemannmachinery.se\/produkt\/kubota-ek1-261\/","name":"Kubota EK1-261 - Nellemann Machinery","isPartOf":{"@id":"https:\/\/dev.nellemannmachinery.dk\/#website"},"primaryImageOfPage":{"@id":"https:\/\/nellemannmachinery.se\/produkt\/kubota-ek1-261\/#primaryimage"},"image":{"@id":"https:\/\/nellemannmachinery.se\/produkt\/kubota-ek1-261\/#primaryimage"},"thumbnailUrl":"https:\/\/dev.nellemannmachinery.dk\/wp-content\/uploads\/2021\/10\/EK1-261_1.800_600jpg.jpg","datePublished":"2021-10-11T08:39:31+00:00","dateModified":"2023-09-21T09:03:40+00:00","description":"\u00a0Tack vare sin m\u00e5ngsidighet, \u00e4r Kubota traktorn perfekt f\u00f6r park- och tr\u00e4dg\u00e5rdstj\u00e4nster, fastighetssk\u00f6tare\/vaktm\u00e4stare och \u00f6vrigt underh\u00e5ll.","breadcrumb":{"@id":"https:\/\/nellemannmachinery.se\/produkt\/kubota-ek1-261\/#breadcrumb"},"inLanguage":"sv-SE","potentialAction":[{"@type":"ReadAction","target":["https:\/\/nellemannmachinery.se\/produkt\/kubota-ek1-261\/"]}]},{"@type":"ImageObject","inLanguage":"sv-SE","@id":"https:\/\/nellemannmachinery.se\/produkt\/kubota-ek1-261\/#primaryimage","url":"https:\/\/dev.nellemannmachinery.dk\/wp-content\/uploads\/2021\/10\/EK1-261_1.800_600jpg.jpg","contentUrl":"https:\/\/dev.nellemannmachinery.dk\/wp-content\/uploads\/2021\/10\/EK1-261_1.800_600jpg.jpg","width":800,"height":600},{"@type":"BreadcrumbList","@id":"https:\/\/nellemannmachinery.se\/produkt\/kubota-ek1-261\/#breadcrumb","itemListElement":[{"@type":"ListItem","position":1,"name":"Home","item":"https:\/\/nellemannmachinery.se\/"},{"@type":"ListItem","position":2,"name":"Shop","item":"https:\/\/dev.nellemannmachinery.dk\/shop\/"},{"@type":"ListItem","position":3,"name":"Kubota EK1-261"}]},{"@type":"WebSite","@id":"https:\/\/dev.nellemannmachinery.dk\/#website","url":"https:\/\/dev.nellemannmachinery.dk\/","name":"Nellemann Machinery","description":"","publisher":{"@id":"https:\/\/dev.nellemannmachinery.dk\/#organization"},"potentialAction":[{"@type":"SearchAction","target":{"@type":"EntryPoint","urlTemplate":"https:\/\/dev.nellemannmachinery.dk\/?s={search_term_string}"},"query-input":{"@type":"PropertyValueSpecification","valueRequired":true,"valueName":"search_term_string"}}],"inLanguage":"sv-SE"},{"@type":"Organization","@id":"https:\/\/dev.nellemannmachinery.dk\/#organization","name":"Nellemann Machinery","url":"https:\/\/dev.nellemannmachinery.dk\/","logo":{"@type":"ImageObject","inLanguage":"sv-SE","@id":"https:\/\/dev.nellemannmachinery.dk\/#\/schema\/logo\/image\/","url":"https:\/\/dev.nellemannmachinery.dk\/wp-content\/uploads\/2020\/09\/logo-1.png","contentUrl":"https:\/\/dev.nellemannmachinery.dk\/wp-content\/uploads\/2020\/09\/logo-1.png","width":398,"height":71,"caption":"Nellemann Machinery"},"image":{"@id":"https:\/\/dev.nellemannmachinery.dk\/#\/schema\/logo\/image\/"},"sameAs":["https:\/\/www.facebook.com\/Nellemann-Machinery-718705991612962","https:\/\/www.instagram.com\/nellemannmachinery\/?hl=da","https:\/\/www.linkedin.com\/company\/svenningsens-maskinforretning-as\/about\/"]}]}},"_links":{"self":[{"href":"https:\/\/dev.nellemannmachinery.dk\/sv\/wp-json\/wp\/v2\/product\/12299","targetHints":{"allow":["GET"]}}],"collection":[{"href":"https:\/\/dev.nellemannmachinery.dk\/sv\/wp-json\/wp\/v2\/product"}],"about":[{"href":"https:\/\/dev.nellemannmachinery.dk\/sv\/wp-json\/wp\/v2\/types\/product"}],"wp:featuredmedia":[{"embeddable":true,"href":"https:\/\/dev.nellemannmachinery.dk\/sv\/wp-json\/wp\/v2\/media\/14339"}],"wp:attachment":[{"href":"https:\/\/dev.nellemannmachinery.dk\/sv\/wp-json\/wp\/v2\/media?parent=12299"}],"wp:term":[{"taxonomy":"product_brand","embeddable":true,"href":"https:\/\/dev.nellemannmachinery.dk\/sv\/wp-json\/wp\/v2\/product_brand?post=12299"},{"taxonomy":"product_cat","embeddable":true,"href":"https:\/\/dev.nellemannmachinery.dk\/sv\/wp-json\/wp\/v2\/product_cat?post=12299"},{"taxonomy":"product_tag","embeddable":true,"href":"https:\/\/dev.nellemannmachinery.dk\/sv\/wp-json\/wp\/v2\/product_tag?post=12299"}],"curies":[{"name":"wp","href":"https:\/\/api.w.org\/{rel}","templated":true}]}}