{"id":12535,"date":"2021-10-13T14:08:07","date_gmt":"2021-10-13T12:08:07","guid":{"rendered":"https:\/\/dev.nellemannmachinery.dk\/?post_type=product&#038;p=12535"},"modified":"2022-12-21T16:38:24","modified_gmt":"2022-12-21T14:38:24","slug":"kubota-grasklippare-f251","status":"publish","type":"product","link":"https:\/\/dev.nellemannmachinery.dk\/sv\/produkt\/kubota-grasklippare-f251\/","title":{"rendered":"Kubota F-251"},"excerpt":{"rendered":"<p>https:\/\/www.youtube.com\/watch?v=549Napyt8_0<\/p>\n<p>&nbsp;<\/p>\n<ul>\n<li>Kubota Steg V, 3 cylindrig motor p\u00e5 25 hk<\/li>\n<li>HST med h\u00f6g\/l\u00e5g<\/li>\n<li>Vikt (utan br\u00e4nsle &amp; klippaggregatet) \u2013 741 kg<\/li>\n<li>Differentiall\u00e5s<\/li>\n<li>4 WD<\/li>\n<li>Punkteringsfria d\u00e4ck<\/li>\n<li>M\u00e5ngsidig maskin \u2013 tack vare kraft\u00f6verf\u00f6ringsaxeln kan den anv\u00e4ndas till olika anv\u00e4ndningsomr\u00e5den gr\u00e4sklippning, ploga bort sn\u00f6, borsta rent g\u00e5ngbanor.<\/li>\n<li>PTO 2545 o\/min<\/li>\n<\/ul>\n","protected":false},"featured_media":14521,"template":"","meta":{"_acf_changed":false,"inline_featured_image":false},"product_brand":[],"product_cat":[159],"product_tag":[792],"class_list":{"0":"post-12535","1":"product","2":"type-product","3":"status-publish","4":"has-post-thumbnail","6":"product_cat-grasklippare","7":"product_tag-kubota-f251-f-251","8":"brand-kubota-produker","10":"first","11":"instock","12":"shipping-taxable","13":"product-type-simple"},"acf":[],"yoast_head":"<!-- This site is optimized with the Yoast SEO plugin v27.4 - https:\/\/yoast.com\/product\/yoast-seo-wordpress\/ -->\n<title>Kubotas F-serie det perfekta valet - Nellemann Machinery<\/title>\n<meta name=\"description\" content=\"Kubotas dieselmotorer uppfyller EU:s senaste steg V utsl\u00e4ppsdirektiv och ger 25 eller 37hk. Effektiv transmission \u00f6verf\u00f6r kraften till redskapen f\u00f6r arbeten\" \/>\n<meta name=\"robots\" content=\"noindex, follow, max-snippet:-1, max-image-preview:large, max-video-preview:-1\" \/>\n<meta property=\"og:locale\" content=\"sv_SE\" \/>\n<meta property=\"og:type\" content=\"article\" \/>\n<meta property=\"og:title\" content=\"Kubotas F-serie det perfekta valet - Nellemann Machinery\" \/>\n<meta property=\"og:description\" content=\"Kubotas dieselmotorer uppfyller EU:s senaste steg V utsl\u00e4ppsdirektiv och ger 25 eller 37hk. Effektiv transmission \u00f6verf\u00f6r kraften till redskapen f\u00f6r arbeten\" \/>\n<meta property=\"og:url\" content=\"https:\/\/nellemannmachinery.se\/produkt\/kubota-grasklippare-f251\/\" \/>\n<meta property=\"og:site_name\" content=\"Nellemann Machinery\" \/>\n<meta property=\"article:publisher\" content=\"https:\/\/www.facebook.com\/Nellemann-Machinery-718705991612962\" \/>\n<meta property=\"article:modified_time\" content=\"2022-12-21T14:38:24+00:00\" \/>\n<meta property=\"og:image\" content=\"https:\/\/nellemannmachinery.se\/wp-content\/uploads\/2021\/10\/F251_Studio_side4.-800_600jpg-1.jpg\" \/>\n\t<meta property=\"og:image:width\" content=\"800\" \/>\n\t<meta property=\"og:image:height\" content=\"600\" \/>\n\t<meta property=\"og:image:type\" content=\"image\/jpeg\" \/>\n<meta name=\"twitter:card\" content=\"summary_large_image\" \/>\n<!-- \/ Yoast SEO plugin. -->","yoast_head_json":{"title":"Kubotas F-serie det perfekta valet - Nellemann Machinery","description":"Kubotas dieselmotorer uppfyller EU:s senaste steg V utsl\u00e4ppsdirektiv och ger 25 eller 37hk. Effektiv transmission \u00f6verf\u00f6r kraften till redskapen f\u00f6r arbeten","robots":{"index":"noindex","follow":"follow","max-snippet":"max-snippet:-1","max-image-preview":"max-image-preview:large","max-video-preview":"max-video-preview:-1"},"og_locale":"sv_SE","og_type":"article","og_title":"Kubotas F-serie det perfekta valet - Nellemann Machinery","og_description":"Kubotas dieselmotorer uppfyller EU:s senaste steg V utsl\u00e4ppsdirektiv och ger 25 eller 37hk. Effektiv transmission \u00f6verf\u00f6r kraften till redskapen f\u00f6r arbeten","og_url":"https:\/\/nellemannmachinery.se\/produkt\/kubota-grasklippare-f251\/","og_site_name":"Nellemann Machinery","article_publisher":"https:\/\/www.facebook.com\/Nellemann-Machinery-718705991612962","article_modified_time":"2022-12-21T14:38:24+00:00","og_image":[{"width":800,"height":600,"url":"https:\/\/nellemannmachinery.se\/wp-content\/uploads\/2021\/10\/F251_Studio_side4.-800_600jpg-1.jpg","type":"image\/jpeg"}],"twitter_card":"summary_large_image","schema":{"@context":"https:\/\/schema.org","@graph":[{"@type":"WebPage","@id":"https:\/\/nellemannmachinery.se\/produkt\/kubota-grasklippare-f251\/","url":"https:\/\/nellemannmachinery.se\/produkt\/kubota-grasklippare-f251\/","name":"Kubotas F-serie det perfekta valet - Nellemann Machinery","isPartOf":{"@id":"https:\/\/dev.nellemannmachinery.dk\/#website"},"primaryImageOfPage":{"@id":"https:\/\/nellemannmachinery.se\/produkt\/kubota-grasklippare-f251\/#primaryimage"},"image":{"@id":"https:\/\/nellemannmachinery.se\/produkt\/kubota-grasklippare-f251\/#primaryimage"},"thumbnailUrl":"https:\/\/dev.nellemannmachinery.dk\/wp-content\/uploads\/2021\/10\/F251_Studio_side4.-800_600jpg-1.jpg","datePublished":"2021-10-13T12:08:07+00:00","dateModified":"2022-12-21T14:38:24+00:00","description":"Kubotas dieselmotorer uppfyller EU:s senaste steg V utsl\u00e4ppsdirektiv och ger 25 eller 37hk. Effektiv transmission \u00f6verf\u00f6r kraften till redskapen f\u00f6r arbeten","breadcrumb":{"@id":"https:\/\/nellemannmachinery.se\/produkt\/kubota-grasklippare-f251\/#breadcrumb"},"inLanguage":"sv-SE","potentialAction":[{"@type":"ReadAction","target":["https:\/\/nellemannmachinery.se\/produkt\/kubota-grasklippare-f251\/"]}]},{"@type":"ImageObject","inLanguage":"sv-SE","@id":"https:\/\/nellemannmachinery.se\/produkt\/kubota-grasklippare-f251\/#primaryimage","url":"https:\/\/dev.nellemannmachinery.dk\/wp-content\/uploads\/2021\/10\/F251_Studio_side4.-800_600jpg-1.jpg","contentUrl":"https:\/\/dev.nellemannmachinery.dk\/wp-content\/uploads\/2021\/10\/F251_Studio_side4.-800_600jpg-1.jpg","width":800,"height":600},{"@type":"BreadcrumbList","@id":"https:\/\/nellemannmachinery.se\/produkt\/kubota-grasklippare-f251\/#breadcrumb","itemListElement":[{"@type":"ListItem","position":1,"name":"Home","item":"https:\/\/nellemannmachinery.se\/"},{"@type":"ListItem","position":2,"name":"Shop","item":"https:\/\/dev.nellemannmachinery.dk\/shop\/"},{"@type":"ListItem","position":3,"name":"Kubota F-251"}]},{"@type":"WebSite","@id":"https:\/\/dev.nellemannmachinery.dk\/#website","url":"https:\/\/dev.nellemannmachinery.dk\/","name":"Nellemann Machinery","description":"","publisher":{"@id":"https:\/\/dev.nellemannmachinery.dk\/#organization"},"potentialAction":[{"@type":"SearchAction","target":{"@type":"EntryPoint","urlTemplate":"https:\/\/dev.nellemannmachinery.dk\/?s={search_term_string}"},"query-input":{"@type":"PropertyValueSpecification","valueRequired":true,"valueName":"search_term_string"}}],"inLanguage":"sv-SE"},{"@type":"Organization","@id":"https:\/\/dev.nellemannmachinery.dk\/#organization","name":"Nellemann Machinery","url":"https:\/\/dev.nellemannmachinery.dk\/","logo":{"@type":"ImageObject","inLanguage":"sv-SE","@id":"https:\/\/dev.nellemannmachinery.dk\/#\/schema\/logo\/image\/","url":"https:\/\/dev.nellemannmachinery.dk\/wp-content\/uploads\/2020\/09\/logo-1.png","contentUrl":"https:\/\/dev.nellemannmachinery.dk\/wp-content\/uploads\/2020\/09\/logo-1.png","width":398,"height":71,"caption":"Nellemann Machinery"},"image":{"@id":"https:\/\/dev.nellemannmachinery.dk\/#\/schema\/logo\/image\/"},"sameAs":["https:\/\/www.facebook.com\/Nellemann-Machinery-718705991612962","https:\/\/www.instagram.com\/nellemannmachinery\/?hl=da","https:\/\/www.linkedin.com\/company\/svenningsens-maskinforretning-as\/about\/"]}]}},"_links":{"self":[{"href":"https:\/\/dev.nellemannmachinery.dk\/sv\/wp-json\/wp\/v2\/product\/12535","targetHints":{"allow":["GET"]}}],"collection":[{"href":"https:\/\/dev.nellemannmachinery.dk\/sv\/wp-json\/wp\/v2\/product"}],"about":[{"href":"https:\/\/dev.nellemannmachinery.dk\/sv\/wp-json\/wp\/v2\/types\/product"}],"wp:featuredmedia":[{"embeddable":true,"href":"https:\/\/dev.nellemannmachinery.dk\/sv\/wp-json\/wp\/v2\/media\/14521"}],"wp:attachment":[{"href":"https:\/\/dev.nellemannmachinery.dk\/sv\/wp-json\/wp\/v2\/media?parent=12535"}],"wp:term":[{"taxonomy":"product_brand","embeddable":true,"href":"https:\/\/dev.nellemannmachinery.dk\/sv\/wp-json\/wp\/v2\/product_brand?post=12535"},{"taxonomy":"product_cat","embeddable":true,"href":"https:\/\/dev.nellemannmachinery.dk\/sv\/wp-json\/wp\/v2\/product_cat?post=12535"},{"taxonomy":"product_tag","embeddable":true,"href":"https:\/\/dev.nellemannmachinery.dk\/sv\/wp-json\/wp\/v2\/product_tag?post=12535"}],"curies":[{"name":"wp","href":"https:\/\/api.w.org\/{rel}","templated":true}]}}