{"id":12550,"date":"2021-10-13T14:40:10","date_gmt":"2021-10-13T12:40:10","guid":{"rendered":"https:\/\/dev.nellemannmachinery.dk\/?post_type=product&#038;p=12550"},"modified":"2023-09-12T14:35:00","modified_gmt":"2023-09-12T12:35:00","slug":"kubota-grasklippare-f391","status":"publish","type":"product","link":"https:\/\/dev.nellemannmachinery.dk\/sv\/produkt\/kubota-grasklippare-f391\/","title":{"rendered":"Kubota F-391"},"excerpt":{"rendered":"<ul>\n<li>Kubota 4-cylindrig V1505 dieselmotor (steg V) p\u00e5 1500 ccm.<\/li>\n<li>Effekt: 37 hk \/ 27,5 kW<\/li>\n<li>Hydrostatisk drift med\u00a0 tv\u00e5 gruppv\u00e4xlar man\u00f6vrerad med pedal (fram\/bak)<\/li>\n<li>Utm\u00e4rkt man\u00f6vrerbarhet med servostyring<\/li>\n<li>Hydraulisk h\u00f6j och s\u00e4nk av klippaggregatet med justerbar klipph\u00f6jd fr\u00e5n 25 till 129 mm<\/li>\n<li>152 eller 182 cm klippbredd (bioklipp, sido eller bak-utkast)<\/li>\n<li>V\u00e4lj mellan automatisk eller konstant 4WD (med differentialsp\u00e4rr)<\/li>\n<li>Mekaniskt kraftuttag \u2013 ger h\u00f6g effekt och stora m\u00f6jligheter.\u00a0 (borste sn\u00f6slunga, klippd\u00e4ck, slaghack)<\/li>\n<li>2583 o\/min p\u00e5 PTO<\/li>\n<li>Hastighet: 0-20 km\/t<\/li>\n<\/ul>\n","protected":false},"featured_media":14269,"template":"","meta":{"_acf_changed":false,"inline_featured_image":false},"product_brand":[],"product_cat":[159],"product_tag":[803],"class_list":{"0":"post-12550","1":"product","2":"type-product","3":"status-publish","4":"has-post-thumbnail","6":"product_cat-grasklippare","7":"product_tag-f391-kubota","8":"brand-kubota-produker","10":"first","11":"instock","12":"shipping-taxable","13":"product-type-simple"},"acf":[],"yoast_head":"<!-- This site is optimized with the Yoast SEO plugin v27.4 - https:\/\/yoast.com\/product\/yoast-seo-wordpress\/ -->\n<title>Kubotas gr\u00e4sklippare F-391 - Nellemann Machinery<\/title>\n<meta name=\"description\" content=\"Kubotas gr\u00e4sklippare F-391 utf\u00f6r sina uppgifter snabbt och effektivt. Enkelt underh\u00e5ll, huven kan enkelt \u00f6ppnas helt bak\u00e5t och klippaggregatet vinklas 90\u00b0.\" \/>\n<meta name=\"robots\" content=\"noindex, follow, max-snippet:-1, max-image-preview:large, max-video-preview:-1\" \/>\n<meta property=\"og:locale\" content=\"sv_SE\" \/>\n<meta property=\"og:type\" content=\"article\" \/>\n<meta property=\"og:title\" content=\"Kubotas gr\u00e4sklippare F-391 - Nellemann Machinery\" \/>\n<meta property=\"og:description\" content=\"Kubotas gr\u00e4sklippare F-391 utf\u00f6r sina uppgifter snabbt och effektivt. Enkelt underh\u00e5ll, huven kan enkelt \u00f6ppnas helt bak\u00e5t och klippaggregatet vinklas 90\u00b0.\" \/>\n<meta property=\"og:url\" content=\"https:\/\/nellemannmachinery.se\/produkt\/kubota-grasklippare-f391\/\" \/>\n<meta property=\"og:site_name\" content=\"Nellemann Machinery\" \/>\n<meta property=\"article:publisher\" content=\"https:\/\/www.facebook.com\/Nellemann-Machinery-718705991612962\" \/>\n<meta property=\"article:modified_time\" content=\"2023-09-12T12:35:00+00:00\" \/>\n<meta property=\"og:image\" content=\"https:\/\/nellemannmachinery.se\/wp-content\/uploads\/2021\/10\/F-391_Studio_side800_600.jpg\" \/>\n\t<meta property=\"og:image:width\" content=\"800\" \/>\n\t<meta property=\"og:image:height\" content=\"600\" \/>\n\t<meta property=\"og:image:type\" content=\"image\/jpeg\" \/>\n<meta name=\"twitter:card\" content=\"summary_large_image\" \/>\n<!-- \/ Yoast SEO plugin. -->","yoast_head_json":{"title":"Kubotas gr\u00e4sklippare F-391 - Nellemann Machinery","description":"Kubotas gr\u00e4sklippare F-391 utf\u00f6r sina uppgifter snabbt och effektivt. Enkelt underh\u00e5ll, huven kan enkelt \u00f6ppnas helt bak\u00e5t och klippaggregatet vinklas 90\u00b0.","robots":{"index":"noindex","follow":"follow","max-snippet":"max-snippet:-1","max-image-preview":"max-image-preview:large","max-video-preview":"max-video-preview:-1"},"og_locale":"sv_SE","og_type":"article","og_title":"Kubotas gr\u00e4sklippare F-391 - Nellemann Machinery","og_description":"Kubotas gr\u00e4sklippare F-391 utf\u00f6r sina uppgifter snabbt och effektivt. Enkelt underh\u00e5ll, huven kan enkelt \u00f6ppnas helt bak\u00e5t och klippaggregatet vinklas 90\u00b0.","og_url":"https:\/\/nellemannmachinery.se\/produkt\/kubota-grasklippare-f391\/","og_site_name":"Nellemann Machinery","article_publisher":"https:\/\/www.facebook.com\/Nellemann-Machinery-718705991612962","article_modified_time":"2023-09-12T12:35:00+00:00","og_image":[{"width":800,"height":600,"url":"https:\/\/nellemannmachinery.se\/wp-content\/uploads\/2021\/10\/F-391_Studio_side800_600.jpg","type":"image\/jpeg"}],"twitter_card":"summary_large_image","schema":{"@context":"https:\/\/schema.org","@graph":[{"@type":"WebPage","@id":"https:\/\/nellemannmachinery.se\/produkt\/kubota-grasklippare-f391\/","url":"https:\/\/nellemannmachinery.se\/produkt\/kubota-grasklippare-f391\/","name":"Kubotas gr\u00e4sklippare F-391 - Nellemann Machinery","isPartOf":{"@id":"https:\/\/dev.nellemannmachinery.dk\/#website"},"primaryImageOfPage":{"@id":"https:\/\/nellemannmachinery.se\/produkt\/kubota-grasklippare-f391\/#primaryimage"},"image":{"@id":"https:\/\/nellemannmachinery.se\/produkt\/kubota-grasklippare-f391\/#primaryimage"},"thumbnailUrl":"https:\/\/dev.nellemannmachinery.dk\/wp-content\/uploads\/2021\/10\/F-391_Studio_side800_600.jpg","datePublished":"2021-10-13T12:40:10+00:00","dateModified":"2023-09-12T12:35:00+00:00","description":"Kubotas gr\u00e4sklippare F-391 utf\u00f6r sina uppgifter snabbt och effektivt. Enkelt underh\u00e5ll, huven kan enkelt \u00f6ppnas helt bak\u00e5t och klippaggregatet vinklas 90\u00b0.","breadcrumb":{"@id":"https:\/\/nellemannmachinery.se\/produkt\/kubota-grasklippare-f391\/#breadcrumb"},"inLanguage":"sv-SE","potentialAction":[{"@type":"ReadAction","target":["https:\/\/nellemannmachinery.se\/produkt\/kubota-grasklippare-f391\/"]}]},{"@type":"ImageObject","inLanguage":"sv-SE","@id":"https:\/\/nellemannmachinery.se\/produkt\/kubota-grasklippare-f391\/#primaryimage","url":"https:\/\/dev.nellemannmachinery.dk\/wp-content\/uploads\/2021\/10\/F-391_Studio_side800_600.jpg","contentUrl":"https:\/\/dev.nellemannmachinery.dk\/wp-content\/uploads\/2021\/10\/F-391_Studio_side800_600.jpg","width":800,"height":600},{"@type":"BreadcrumbList","@id":"https:\/\/nellemannmachinery.se\/produkt\/kubota-grasklippare-f391\/#breadcrumb","itemListElement":[{"@type":"ListItem","position":1,"name":"Home","item":"https:\/\/nellemannmachinery.se\/"},{"@type":"ListItem","position":2,"name":"Shop","item":"https:\/\/dev.nellemannmachinery.dk\/shop\/"},{"@type":"ListItem","position":3,"name":"Kubota F-391"}]},{"@type":"WebSite","@id":"https:\/\/dev.nellemannmachinery.dk\/#website","url":"https:\/\/dev.nellemannmachinery.dk\/","name":"Nellemann Machinery","description":"","publisher":{"@id":"https:\/\/dev.nellemannmachinery.dk\/#organization"},"potentialAction":[{"@type":"SearchAction","target":{"@type":"EntryPoint","urlTemplate":"https:\/\/dev.nellemannmachinery.dk\/?s={search_term_string}"},"query-input":{"@type":"PropertyValueSpecification","valueRequired":true,"valueName":"search_term_string"}}],"inLanguage":"sv-SE"},{"@type":"Organization","@id":"https:\/\/dev.nellemannmachinery.dk\/#organization","name":"Nellemann Machinery","url":"https:\/\/dev.nellemannmachinery.dk\/","logo":{"@type":"ImageObject","inLanguage":"sv-SE","@id":"https:\/\/dev.nellemannmachinery.dk\/#\/schema\/logo\/image\/","url":"https:\/\/dev.nellemannmachinery.dk\/wp-content\/uploads\/2020\/09\/logo-1.png","contentUrl":"https:\/\/dev.nellemannmachinery.dk\/wp-content\/uploads\/2020\/09\/logo-1.png","width":398,"height":71,"caption":"Nellemann Machinery"},"image":{"@id":"https:\/\/dev.nellemannmachinery.dk\/#\/schema\/logo\/image\/"},"sameAs":["https:\/\/www.facebook.com\/Nellemann-Machinery-718705991612962","https:\/\/www.instagram.com\/nellemannmachinery\/?hl=da","https:\/\/www.linkedin.com\/company\/svenningsens-maskinforretning-as\/about\/"]}]}},"_links":{"self":[{"href":"https:\/\/dev.nellemannmachinery.dk\/sv\/wp-json\/wp\/v2\/product\/12550","targetHints":{"allow":["GET"]}}],"collection":[{"href":"https:\/\/dev.nellemannmachinery.dk\/sv\/wp-json\/wp\/v2\/product"}],"about":[{"href":"https:\/\/dev.nellemannmachinery.dk\/sv\/wp-json\/wp\/v2\/types\/product"}],"wp:featuredmedia":[{"embeddable":true,"href":"https:\/\/dev.nellemannmachinery.dk\/sv\/wp-json\/wp\/v2\/media\/14269"}],"wp:attachment":[{"href":"https:\/\/dev.nellemannmachinery.dk\/sv\/wp-json\/wp\/v2\/media?parent=12550"}],"wp:term":[{"taxonomy":"product_brand","embeddable":true,"href":"https:\/\/dev.nellemannmachinery.dk\/sv\/wp-json\/wp\/v2\/product_brand?post=12550"},{"taxonomy":"product_cat","embeddable":true,"href":"https:\/\/dev.nellemannmachinery.dk\/sv\/wp-json\/wp\/v2\/product_cat?post=12550"},{"taxonomy":"product_tag","embeddable":true,"href":"https:\/\/dev.nellemannmachinery.dk\/sv\/wp-json\/wp\/v2\/product_tag?post=12550"}],"curies":[{"name":"wp","href":"https:\/\/api.w.org\/{rel}","templated":true}]}}