{"id":12629,"date":"2021-10-28T13:56:11","date_gmt":"2021-10-28T11:56:11","guid":{"rendered":"https:\/\/dev.nellemannmachinery.dk\/?post_type=product&#038;p=12629"},"modified":"2022-02-25T15:16:35","modified_gmt":"2022-02-25T13:16:35","slug":"diagonalblad","status":"publish","type":"product","link":"https:\/\/dev.nellemannmachinery.dk\/sv\/produkt\/diagonalblad\/","title":{"rendered":"Starke Arvid Diagonalplogar"},"excerpt":{"rendered":"<p>https:\/\/www.youtube.com\/watch?v=sP6k4ZkekcY<\/p>\n<p>Starke Arvids diagonalblad \u00e4r framtaget f\u00f6r kompakttraktorer, redskapsb\u00e4rare och kompaktlastare. Diagonalbladet \u00e4r en h\u00f6gkvalitativ plog f\u00f6r tuffa f\u00f6rh\u00e5llanden. Detta blad riktar sig fr\u00e4mst till dig som fortfarande arbetar professionellt och d\u00e4r resultatet fortfarande \u00e4r det prim\u00e4ra men som \u00e4nd\u00e5 \u00e4r begr\u00e4nsad av redskapsvikten. Slitsk\u00e4ren av Hardox 450 \u00e4r v\u00e4ndbara och av h\u00f6gsta kvalit\u00e9. Vinkeln justeras mellan 0-35 grader med en dubbelverkande hydraul.<\/p>\n<p>Plogbladen \u00e4r sm\u00e5 men effektiva och passar s\u00e4rskilt bra f\u00f6r plogning p\u00e5 g\u00e5ngv\u00e4gar och i tr\u00e5nga gatumilj\u00f6er.<\/p>\n","protected":false},"featured_media":12630,"template":"","meta":{"_acf_changed":false,"inline_featured_image":false},"product_brand":[],"product_cat":[175,836],"product_tag":[795,590],"class_list":{"0":"post-12629","1":"product","2":"type-product","3":"status-publish","4":"has-post-thumbnail","6":"product_cat-ovriga-redskap","7":"product_cat-starke-arvid","8":"product_tag-diagonalplog","9":"product_tag-plog","11":"first","12":"instock","13":"shipping-taxable","14":"product-type-simple"},"acf":[],"yoast_head":"<!-- This site is optimized with the Yoast SEO plugin v27.4 - https:\/\/yoast.com\/product\/yoast-seo-wordpress\/ -->\n<title>Starke Arvid Diagonalplogar Robust - Nellemann Machinery<\/title>\n<meta name=\"description\" content=\"Perfekt att kombinera ihop din Kubota med Starke Arvids kvalitetsmaskiner f\u00f6r v\u00e4gunderh\u00e5ll. Robusta plogar och spridare !\" \/>\n<meta name=\"robots\" content=\"noindex, follow, max-snippet:-1, max-image-preview:large, max-video-preview:-1\" \/>\n<meta property=\"og:locale\" content=\"sv_SE\" \/>\n<meta property=\"og:type\" content=\"article\" \/>\n<meta property=\"og:title\" content=\"Starke Arvid Diagonalplogar Robust - Nellemann Machinery\" \/>\n<meta property=\"og:description\" content=\"Perfekt att kombinera ihop din Kubota med Starke Arvids kvalitetsmaskiner f\u00f6r v\u00e4gunderh\u00e5ll. Robusta plogar och spridare !\" \/>\n<meta property=\"og:url\" content=\"https:\/\/nellemannmachinery.se\/produkt\/diagonalblad\/\" \/>\n<meta property=\"og:site_name\" content=\"Nellemann Machinery\" \/>\n<meta property=\"article:publisher\" content=\"https:\/\/www.facebook.com\/Nellemann-Machinery-718705991612962\" \/>\n<meta property=\"article:modified_time\" content=\"2022-02-25T13:16:35+00:00\" \/>\n<meta property=\"og:image\" content=\"https:\/\/nellemannmachinery.se\/wp-content\/uploads\/2021\/10\/Diagonalplog.jpg\" \/>\n\t<meta property=\"og:image:width\" content=\"852\" \/>\n\t<meta property=\"og:image:height\" content=\"556\" \/>\n\t<meta property=\"og:image:type\" content=\"image\/jpeg\" \/>\n<meta name=\"twitter:card\" content=\"summary_large_image\" \/>\n<!-- \/ Yoast SEO plugin. -->","yoast_head_json":{"title":"Starke Arvid Diagonalplogar Robust - Nellemann Machinery","description":"Perfekt att kombinera ihop din Kubota med Starke Arvids kvalitetsmaskiner f\u00f6r v\u00e4gunderh\u00e5ll. Robusta plogar och spridare !","robots":{"index":"noindex","follow":"follow","max-snippet":"max-snippet:-1","max-image-preview":"max-image-preview:large","max-video-preview":"max-video-preview:-1"},"og_locale":"sv_SE","og_type":"article","og_title":"Starke Arvid Diagonalplogar Robust - Nellemann Machinery","og_description":"Perfekt att kombinera ihop din Kubota med Starke Arvids kvalitetsmaskiner f\u00f6r v\u00e4gunderh\u00e5ll. Robusta plogar och spridare !","og_url":"https:\/\/nellemannmachinery.se\/produkt\/diagonalblad\/","og_site_name":"Nellemann Machinery","article_publisher":"https:\/\/www.facebook.com\/Nellemann-Machinery-718705991612962","article_modified_time":"2022-02-25T13:16:35+00:00","og_image":[{"width":852,"height":556,"url":"https:\/\/nellemannmachinery.se\/wp-content\/uploads\/2021\/10\/Diagonalplog.jpg","type":"image\/jpeg"}],"twitter_card":"summary_large_image","schema":{"@context":"https:\/\/schema.org","@graph":[{"@type":"WebPage","@id":"https:\/\/nellemannmachinery.se\/produkt\/diagonalblad\/","url":"https:\/\/nellemannmachinery.se\/produkt\/diagonalblad\/","name":"Starke Arvid Diagonalplogar Robust - Nellemann Machinery","isPartOf":{"@id":"https:\/\/dev.nellemannmachinery.dk\/#website"},"primaryImageOfPage":{"@id":"https:\/\/nellemannmachinery.se\/produkt\/diagonalblad\/#primaryimage"},"image":{"@id":"https:\/\/nellemannmachinery.se\/produkt\/diagonalblad\/#primaryimage"},"thumbnailUrl":"https:\/\/dev.nellemannmachinery.dk\/wp-content\/uploads\/2021\/10\/Diagonalplog.jpg","datePublished":"2021-10-28T11:56:11+00:00","dateModified":"2022-02-25T13:16:35+00:00","description":"Perfekt att kombinera ihop din Kubota med Starke Arvids kvalitetsmaskiner f\u00f6r v\u00e4gunderh\u00e5ll. Robusta plogar och spridare !","breadcrumb":{"@id":"https:\/\/nellemannmachinery.se\/produkt\/diagonalblad\/#breadcrumb"},"inLanguage":"sv-SE","potentialAction":[{"@type":"ReadAction","target":["https:\/\/nellemannmachinery.se\/produkt\/diagonalblad\/"]}]},{"@type":"ImageObject","inLanguage":"sv-SE","@id":"https:\/\/nellemannmachinery.se\/produkt\/diagonalblad\/#primaryimage","url":"https:\/\/dev.nellemannmachinery.dk\/wp-content\/uploads\/2021\/10\/Diagonalplog.jpg","contentUrl":"https:\/\/dev.nellemannmachinery.dk\/wp-content\/uploads\/2021\/10\/Diagonalplog.jpg","width":852,"height":556},{"@type":"BreadcrumbList","@id":"https:\/\/nellemannmachinery.se\/produkt\/diagonalblad\/#breadcrumb","itemListElement":[{"@type":"ListItem","position":1,"name":"Home","item":"https:\/\/nellemannmachinery.se\/"},{"@type":"ListItem","position":2,"name":"Shop","item":"https:\/\/dev.nellemannmachinery.dk\/shop\/"},{"@type":"ListItem","position":3,"name":"Starke Arvid Diagonalplogar"}]},{"@type":"WebSite","@id":"https:\/\/dev.nellemannmachinery.dk\/#website","url":"https:\/\/dev.nellemannmachinery.dk\/","name":"Nellemann Machinery","description":"","publisher":{"@id":"https:\/\/dev.nellemannmachinery.dk\/#organization"},"potentialAction":[{"@type":"SearchAction","target":{"@type":"EntryPoint","urlTemplate":"https:\/\/dev.nellemannmachinery.dk\/?s={search_term_string}"},"query-input":{"@type":"PropertyValueSpecification","valueRequired":true,"valueName":"search_term_string"}}],"inLanguage":"sv-SE"},{"@type":"Organization","@id":"https:\/\/dev.nellemannmachinery.dk\/#organization","name":"Nellemann Machinery","url":"https:\/\/dev.nellemannmachinery.dk\/","logo":{"@type":"ImageObject","inLanguage":"sv-SE","@id":"https:\/\/dev.nellemannmachinery.dk\/#\/schema\/logo\/image\/","url":"https:\/\/dev.nellemannmachinery.dk\/wp-content\/uploads\/2020\/09\/logo-1.png","contentUrl":"https:\/\/dev.nellemannmachinery.dk\/wp-content\/uploads\/2020\/09\/logo-1.png","width":398,"height":71,"caption":"Nellemann Machinery"},"image":{"@id":"https:\/\/dev.nellemannmachinery.dk\/#\/schema\/logo\/image\/"},"sameAs":["https:\/\/www.facebook.com\/Nellemann-Machinery-718705991612962","https:\/\/www.instagram.com\/nellemannmachinery\/?hl=da","https:\/\/www.linkedin.com\/company\/svenningsens-maskinforretning-as\/about\/"]}]}},"_links":{"self":[{"href":"https:\/\/dev.nellemannmachinery.dk\/sv\/wp-json\/wp\/v2\/product\/12629","targetHints":{"allow":["GET"]}}],"collection":[{"href":"https:\/\/dev.nellemannmachinery.dk\/sv\/wp-json\/wp\/v2\/product"}],"about":[{"href":"https:\/\/dev.nellemannmachinery.dk\/sv\/wp-json\/wp\/v2\/types\/product"}],"wp:featuredmedia":[{"embeddable":true,"href":"https:\/\/dev.nellemannmachinery.dk\/sv\/wp-json\/wp\/v2\/media\/12630"}],"wp:attachment":[{"href":"https:\/\/dev.nellemannmachinery.dk\/sv\/wp-json\/wp\/v2\/media?parent=12629"}],"wp:term":[{"taxonomy":"product_brand","embeddable":true,"href":"https:\/\/dev.nellemannmachinery.dk\/sv\/wp-json\/wp\/v2\/product_brand?post=12629"},{"taxonomy":"product_cat","embeddable":true,"href":"https:\/\/dev.nellemannmachinery.dk\/sv\/wp-json\/wp\/v2\/product_cat?post=12629"},{"taxonomy":"product_tag","embeddable":true,"href":"https:\/\/dev.nellemannmachinery.dk\/sv\/wp-json\/wp\/v2\/product_tag?post=12629"}],"curies":[{"name":"wp","href":"https:\/\/api.w.org\/{rel}","templated":true}]}}