{"id":12646,"date":"2021-10-28T14:25:18","date_gmt":"2021-10-28T12:25:18","guid":{"rendered":"https:\/\/dev.nellemannmachinery.dk\/?post_type=product&#038;p=12646"},"modified":"2022-02-25T15:16:18","modified_gmt":"2022-02-25T13:16:18","slug":"starke-arvid-vikplog","status":"publish","type":"product","link":"https:\/\/dev.nellemannmachinery.dk\/sv\/produkt\/starke-arvid-vikplog\/","title":{"rendered":"Starke Arvid Vikplogar"},"excerpt":{"rendered":"<p>https:\/\/www.youtube.com\/watch?v=bCSIKIloGE0<\/p>\n<p>&nbsp;<\/p>\n<p>Oavsett sn\u00f6m\u00e4ngd kommer du med Starke Arvids plog att klara m\u00e5ngsidig r\u00f6jning av sn\u00f6 och g\u00f6ra ett utm\u00e4rkt jobb. N\u00e4r du \u00e4r ute och jobbar med vikplogen sitter du bekv\u00e4mt och s\u00e4kert d\u00e5 plogens fj\u00e4drande slitsk\u00e4r d\u00e4mpar st\u00f6tar och oj\u00e4mnheter i marken.<\/p>\n<p><strong>S\u00e5 v\u00e4ljer du en plog som passar din maskin<\/strong><br \/>\nStarke Arvids vikplog kan k\u00f6ras i Y-, V-, eller diagonall\u00e4ge. F\u00f6r kompakttraktorer och redskapsb\u00e4rare, v\u00e4ljer du den l\u00e4tta serien plogar fr\u00e5n 1550-2250 mm.<\/p>\n","protected":false},"featured_media":12647,"template":"","meta":{"_acf_changed":false,"inline_featured_image":false},"product_brand":[],"product_cat":[175,836],"product_tag":[796],"class_list":{"0":"post-12646","1":"product","2":"type-product","3":"status-publish","4":"has-post-thumbnail","6":"product_cat-ovriga-redskap","7":"product_cat-starke-arvid","8":"product_tag-vikplog","10":"first","11":"instock","12":"shipping-taxable","13":"product-type-simple"},"acf":[],"yoast_head":"<!-- This site is optimized with the Yoast SEO plugin v27.4 - https:\/\/yoast.com\/product\/yoast-seo-wordpress\/ -->\n<title>Starke Arvid Vikplogar - Nellemann Machinery<\/title>\n<meta name=\"description\" content=\"Vikplog klarar m\u00e5ngsidig r\u00f6jning av sn\u00f6 och g\u00f6ra ett utm\u00e4rkt jobb. N\u00e4r du \u00e4r ute och jobbar med vikplogen sitter du bekv\u00e4mt och s\u00e4kert.\" \/>\n<meta name=\"robots\" content=\"noindex, follow, max-snippet:-1, max-image-preview:large, max-video-preview:-1\" \/>\n<meta property=\"og:locale\" content=\"sv_SE\" \/>\n<meta property=\"og:type\" content=\"article\" \/>\n<meta property=\"og:title\" content=\"Starke Arvid Vikplogar - Nellemann Machinery\" \/>\n<meta property=\"og:description\" content=\"Vikplog klarar m\u00e5ngsidig r\u00f6jning av sn\u00f6 och g\u00f6ra ett utm\u00e4rkt jobb. N\u00e4r du \u00e4r ute och jobbar med vikplogen sitter du bekv\u00e4mt och s\u00e4kert.\" \/>\n<meta property=\"og:url\" content=\"https:\/\/nellemannmachinery.se\/produkt\/starke-arvid-vikplog\/\" \/>\n<meta property=\"og:site_name\" content=\"Nellemann Machinery\" \/>\n<meta property=\"article:publisher\" content=\"https:\/\/www.facebook.com\/Nellemann-Machinery-718705991612962\" \/>\n<meta property=\"article:modified_time\" content=\"2022-02-25T13:16:18+00:00\" \/>\n<meta property=\"og:image\" content=\"https:\/\/nellemannmachinery.se\/wp-content\/uploads\/2021\/10\/Vikplog.jpg\" \/>\n\t<meta property=\"og:image:width\" content=\"760\" \/>\n\t<meta property=\"og:image:height\" content=\"436\" \/>\n\t<meta property=\"og:image:type\" content=\"image\/jpeg\" \/>\n<meta name=\"twitter:card\" content=\"summary_large_image\" \/>\n<!-- \/ Yoast SEO plugin. -->","yoast_head_json":{"title":"Starke Arvid Vikplogar - Nellemann Machinery","description":"Vikplog klarar m\u00e5ngsidig r\u00f6jning av sn\u00f6 och g\u00f6ra ett utm\u00e4rkt jobb. N\u00e4r du \u00e4r ute och jobbar med vikplogen sitter du bekv\u00e4mt och s\u00e4kert.","robots":{"index":"noindex","follow":"follow","max-snippet":"max-snippet:-1","max-image-preview":"max-image-preview:large","max-video-preview":"max-video-preview:-1"},"og_locale":"sv_SE","og_type":"article","og_title":"Starke Arvid Vikplogar - Nellemann Machinery","og_description":"Vikplog klarar m\u00e5ngsidig r\u00f6jning av sn\u00f6 och g\u00f6ra ett utm\u00e4rkt jobb. N\u00e4r du \u00e4r ute och jobbar med vikplogen sitter du bekv\u00e4mt och s\u00e4kert.","og_url":"https:\/\/nellemannmachinery.se\/produkt\/starke-arvid-vikplog\/","og_site_name":"Nellemann Machinery","article_publisher":"https:\/\/www.facebook.com\/Nellemann-Machinery-718705991612962","article_modified_time":"2022-02-25T13:16:18+00:00","og_image":[{"width":760,"height":436,"url":"https:\/\/nellemannmachinery.se\/wp-content\/uploads\/2021\/10\/Vikplog.jpg","type":"image\/jpeg"}],"twitter_card":"summary_large_image","schema":{"@context":"https:\/\/schema.org","@graph":[{"@type":"WebPage","@id":"https:\/\/nellemannmachinery.se\/produkt\/starke-arvid-vikplog\/","url":"https:\/\/nellemannmachinery.se\/produkt\/starke-arvid-vikplog\/","name":"Starke Arvid Vikplogar - Nellemann Machinery","isPartOf":{"@id":"https:\/\/dev.nellemannmachinery.dk\/#website"},"primaryImageOfPage":{"@id":"https:\/\/nellemannmachinery.se\/produkt\/starke-arvid-vikplog\/#primaryimage"},"image":{"@id":"https:\/\/nellemannmachinery.se\/produkt\/starke-arvid-vikplog\/#primaryimage"},"thumbnailUrl":"https:\/\/dev.nellemannmachinery.dk\/wp-content\/uploads\/2021\/10\/Vikplog.jpg","datePublished":"2021-10-28T12:25:18+00:00","dateModified":"2022-02-25T13:16:18+00:00","description":"Vikplog klarar m\u00e5ngsidig r\u00f6jning av sn\u00f6 och g\u00f6ra ett utm\u00e4rkt jobb. N\u00e4r du \u00e4r ute och jobbar med vikplogen sitter du bekv\u00e4mt och s\u00e4kert.","breadcrumb":{"@id":"https:\/\/nellemannmachinery.se\/produkt\/starke-arvid-vikplog\/#breadcrumb"},"inLanguage":"sv-SE","potentialAction":[{"@type":"ReadAction","target":["https:\/\/nellemannmachinery.se\/produkt\/starke-arvid-vikplog\/"]}]},{"@type":"ImageObject","inLanguage":"sv-SE","@id":"https:\/\/nellemannmachinery.se\/produkt\/starke-arvid-vikplog\/#primaryimage","url":"https:\/\/dev.nellemannmachinery.dk\/wp-content\/uploads\/2021\/10\/Vikplog.jpg","contentUrl":"https:\/\/dev.nellemannmachinery.dk\/wp-content\/uploads\/2021\/10\/Vikplog.jpg","width":760,"height":436},{"@type":"BreadcrumbList","@id":"https:\/\/nellemannmachinery.se\/produkt\/starke-arvid-vikplog\/#breadcrumb","itemListElement":[{"@type":"ListItem","position":1,"name":"Home","item":"https:\/\/nellemannmachinery.se\/"},{"@type":"ListItem","position":2,"name":"Shop","item":"https:\/\/dev.nellemannmachinery.dk\/shop\/"},{"@type":"ListItem","position":3,"name":"Starke Arvid Vikplogar"}]},{"@type":"WebSite","@id":"https:\/\/dev.nellemannmachinery.dk\/#website","url":"https:\/\/dev.nellemannmachinery.dk\/","name":"Nellemann Machinery","description":"","publisher":{"@id":"https:\/\/dev.nellemannmachinery.dk\/#organization"},"potentialAction":[{"@type":"SearchAction","target":{"@type":"EntryPoint","urlTemplate":"https:\/\/dev.nellemannmachinery.dk\/?s={search_term_string}"},"query-input":{"@type":"PropertyValueSpecification","valueRequired":true,"valueName":"search_term_string"}}],"inLanguage":"sv-SE"},{"@type":"Organization","@id":"https:\/\/dev.nellemannmachinery.dk\/#organization","name":"Nellemann Machinery","url":"https:\/\/dev.nellemannmachinery.dk\/","logo":{"@type":"ImageObject","inLanguage":"sv-SE","@id":"https:\/\/dev.nellemannmachinery.dk\/#\/schema\/logo\/image\/","url":"https:\/\/dev.nellemannmachinery.dk\/wp-content\/uploads\/2020\/09\/logo-1.png","contentUrl":"https:\/\/dev.nellemannmachinery.dk\/wp-content\/uploads\/2020\/09\/logo-1.png","width":398,"height":71,"caption":"Nellemann Machinery"},"image":{"@id":"https:\/\/dev.nellemannmachinery.dk\/#\/schema\/logo\/image\/"},"sameAs":["https:\/\/www.facebook.com\/Nellemann-Machinery-718705991612962","https:\/\/www.instagram.com\/nellemannmachinery\/?hl=da","https:\/\/www.linkedin.com\/company\/svenningsens-maskinforretning-as\/about\/"]}]}},"_links":{"self":[{"href":"https:\/\/dev.nellemannmachinery.dk\/sv\/wp-json\/wp\/v2\/product\/12646","targetHints":{"allow":["GET"]}}],"collection":[{"href":"https:\/\/dev.nellemannmachinery.dk\/sv\/wp-json\/wp\/v2\/product"}],"about":[{"href":"https:\/\/dev.nellemannmachinery.dk\/sv\/wp-json\/wp\/v2\/types\/product"}],"wp:featuredmedia":[{"embeddable":true,"href":"https:\/\/dev.nellemannmachinery.dk\/sv\/wp-json\/wp\/v2\/media\/12647"}],"wp:attachment":[{"href":"https:\/\/dev.nellemannmachinery.dk\/sv\/wp-json\/wp\/v2\/media?parent=12646"}],"wp:term":[{"taxonomy":"product_brand","embeddable":true,"href":"https:\/\/dev.nellemannmachinery.dk\/sv\/wp-json\/wp\/v2\/product_brand?post=12646"},{"taxonomy":"product_cat","embeddable":true,"href":"https:\/\/dev.nellemannmachinery.dk\/sv\/wp-json\/wp\/v2\/product_cat?post=12646"},{"taxonomy":"product_tag","embeddable":true,"href":"https:\/\/dev.nellemannmachinery.dk\/sv\/wp-json\/wp\/v2\/product_tag?post=12646"}],"curies":[{"name":"wp","href":"https:\/\/api.w.org\/{rel}","templated":true}]}}