{"id":12664,"date":"2021-11-02T10:54:52","date_gmt":"2021-11-02T08:54:52","guid":{"rendered":"https:\/\/dev.nellemannmachinery.dk\/?post_type=product&#038;p=12664"},"modified":"2022-02-25T15:16:48","modified_gmt":"2022-02-25T13:16:48","slug":"starke-arvid-sandspridare","status":"publish","type":"product","link":"https:\/\/dev.nellemannmachinery.dk\/sv\/produkt\/starke-arvid-sandspridare\/","title":{"rendered":"Starke Arvid Sandspridare"},"excerpt":{"rendered":"<p><a href=\"https:\/\/www.youtube.com\/watch?v=E0U9uWcglLA\">Fj\u00e4r\u00e5s sm\u00e5 Sandspridare &#8211; produktgenomg\u00e5ng &#8211; YouTube<\/a><\/p>\n<p>Med Starke Arvids Spridare, Fj\u00e4r\u00e5sspridaren originalet inom sj\u00e4lvlastning, blir ditt jobb lite l\u00e4ttare och mer ergonomiskt. Ute p\u00e5 jobb bek\u00e4mpar du effektivt halka med stenflis, sand eller salt, direkt fr\u00e5n f\u00f6rarplatsen.<\/p>\n<p>Spridaren \u00e4r ett idealiskt enmansredskap och passar f\u00f6r kompaktmaskiner, redskapsb\u00e4rare, traktorer och lastmaskiner. Den \u00e4r bakmonterad s\u00e5 att du kan ploga sn\u00f6 och sanda samtidigt.<\/p>\n<p>V\u00e4lj mellan hjuldrift, hydrauldrift eller eldrift.<\/p>\n","protected":false},"featured_media":12665,"template":"","meta":{"_acf_changed":false,"inline_featured_image":false},"product_brand":[],"product_cat":[175,836],"product_tag":[797],"class_list":{"0":"post-12664","1":"product","2":"type-product","3":"status-publish","4":"has-post-thumbnail","6":"product_cat-ovriga-redskap","7":"product_cat-starke-arvid","8":"product_tag-sandspridare","10":"first","11":"instock","12":"shipping-taxable","13":"product-type-simple"},"acf":[],"yoast_head":"<!-- This site is optimized with the Yoast SEO plugin v27.4 - https:\/\/yoast.com\/product\/yoast-seo-wordpress\/ -->\n<title>Starke Arvid Sandspridare - Nellemann Machinery<\/title>\n<meta name=\"robots\" content=\"noindex, follow, max-snippet:-1, max-image-preview:large, max-video-preview:-1\" \/>\n<meta property=\"og:locale\" content=\"sv_SE\" \/>\n<meta property=\"og:type\" content=\"article\" \/>\n<meta property=\"og:title\" content=\"Starke Arvid Sandspridare - Nellemann Machinery\" \/>\n<meta property=\"og:description\" content=\"Fj\u00e4r\u00e5s sm\u00e5 Sandspridare - produktgenomg\u00e5ng - YouTube  Med Starke Arvids Spridare, Fj\u00e4r\u00e5sspridaren originalet inom sj\u00e4lvlastning, blir ditt jobb lite l\u00e4ttare och mer ergonomiskt. Ute p\u00e5 jobb bek\u00e4mpar du effektivt halka med stenflis, sand eller salt, direkt fr\u00e5n f\u00f6rarplatsen.  Spridaren \u00e4r ett idealiskt enmansredskap och passar f\u00f6r kompaktmaskiner, redskapsb\u00e4rare, traktorer och lastmaskiner. Den \u00e4r bakmonterad s\u00e5 att du kan ploga sn\u00f6 och sanda samtidigt.  V\u00e4lj mellan hjuldrift, hydrauldrift eller eldrift.\" \/>\n<meta property=\"og:url\" content=\"https:\/\/nellemannmachinery.se\/produkt\/starke-arvid-sandspridare\/\" \/>\n<meta property=\"og:site_name\" content=\"Nellemann Machinery\" \/>\n<meta property=\"article:publisher\" content=\"https:\/\/www.facebook.com\/Nellemann-Machinery-718705991612962\" \/>\n<meta property=\"article:modified_time\" content=\"2022-02-25T13:16:48+00:00\" \/>\n<meta property=\"og:image\" content=\"https:\/\/nellemannmachinery.se\/wp-content\/uploads\/2021\/11\/A91xrzk6c_1tmyona_30k.jpg\" \/>\n\t<meta property=\"og:image:width\" content=\"458\" \/>\n\t<meta property=\"og:image:height\" content=\"397\" \/>\n\t<meta property=\"og:image:type\" content=\"image\/jpeg\" \/>\n<meta name=\"twitter:card\" content=\"summary_large_image\" \/>\n<!-- \/ Yoast SEO plugin. -->","yoast_head_json":{"title":"Starke Arvid Sandspridare - Nellemann Machinery","robots":{"index":"noindex","follow":"follow","max-snippet":"max-snippet:-1","max-image-preview":"max-image-preview:large","max-video-preview":"max-video-preview:-1"},"og_locale":"sv_SE","og_type":"article","og_title":"Starke Arvid Sandspridare - Nellemann Machinery","og_description":"Fj\u00e4r\u00e5s sm\u00e5 Sandspridare - produktgenomg\u00e5ng - YouTube  Med Starke Arvids Spridare, Fj\u00e4r\u00e5sspridaren originalet inom sj\u00e4lvlastning, blir ditt jobb lite l\u00e4ttare och mer ergonomiskt. Ute p\u00e5 jobb bek\u00e4mpar du effektivt halka med stenflis, sand eller salt, direkt fr\u00e5n f\u00f6rarplatsen.  Spridaren \u00e4r ett idealiskt enmansredskap och passar f\u00f6r kompaktmaskiner, redskapsb\u00e4rare, traktorer och lastmaskiner. Den \u00e4r bakmonterad s\u00e5 att du kan ploga sn\u00f6 och sanda samtidigt.  V\u00e4lj mellan hjuldrift, hydrauldrift eller eldrift.","og_url":"https:\/\/nellemannmachinery.se\/produkt\/starke-arvid-sandspridare\/","og_site_name":"Nellemann Machinery","article_publisher":"https:\/\/www.facebook.com\/Nellemann-Machinery-718705991612962","article_modified_time":"2022-02-25T13:16:48+00:00","og_image":[{"width":458,"height":397,"url":"https:\/\/nellemannmachinery.se\/wp-content\/uploads\/2021\/11\/A91xrzk6c_1tmyona_30k.jpg","type":"image\/jpeg"}],"twitter_card":"summary_large_image","schema":{"@context":"https:\/\/schema.org","@graph":[{"@type":"WebPage","@id":"https:\/\/nellemannmachinery.se\/produkt\/starke-arvid-sandspridare\/","url":"https:\/\/nellemannmachinery.se\/produkt\/starke-arvid-sandspridare\/","name":"Starke Arvid Sandspridare - Nellemann Machinery","isPartOf":{"@id":"https:\/\/dev.nellemannmachinery.dk\/#website"},"primaryImageOfPage":{"@id":"https:\/\/nellemannmachinery.se\/produkt\/starke-arvid-sandspridare\/#primaryimage"},"image":{"@id":"https:\/\/nellemannmachinery.se\/produkt\/starke-arvid-sandspridare\/#primaryimage"},"thumbnailUrl":"https:\/\/dev.nellemannmachinery.dk\/wp-content\/uploads\/2021\/11\/A91xrzk6c_1tmyona_30k.jpg","datePublished":"2021-11-02T08:54:52+00:00","dateModified":"2022-02-25T13:16:48+00:00","breadcrumb":{"@id":"https:\/\/nellemannmachinery.se\/produkt\/starke-arvid-sandspridare\/#breadcrumb"},"inLanguage":"sv-SE","potentialAction":[{"@type":"ReadAction","target":["https:\/\/nellemannmachinery.se\/produkt\/starke-arvid-sandspridare\/"]}]},{"@type":"ImageObject","inLanguage":"sv-SE","@id":"https:\/\/nellemannmachinery.se\/produkt\/starke-arvid-sandspridare\/#primaryimage","url":"https:\/\/dev.nellemannmachinery.dk\/wp-content\/uploads\/2021\/11\/A91xrzk6c_1tmyona_30k.jpg","contentUrl":"https:\/\/dev.nellemannmachinery.dk\/wp-content\/uploads\/2021\/11\/A91xrzk6c_1tmyona_30k.jpg","width":458,"height":397},{"@type":"BreadcrumbList","@id":"https:\/\/nellemannmachinery.se\/produkt\/starke-arvid-sandspridare\/#breadcrumb","itemListElement":[{"@type":"ListItem","position":1,"name":"Home","item":"https:\/\/nellemannmachinery.se\/"},{"@type":"ListItem","position":2,"name":"Shop","item":"https:\/\/dev.nellemannmachinery.dk\/shop\/"},{"@type":"ListItem","position":3,"name":"Starke Arvid Sandspridare"}]},{"@type":"WebSite","@id":"https:\/\/dev.nellemannmachinery.dk\/#website","url":"https:\/\/dev.nellemannmachinery.dk\/","name":"Nellemann Machinery","description":"","publisher":{"@id":"https:\/\/dev.nellemannmachinery.dk\/#organization"},"potentialAction":[{"@type":"SearchAction","target":{"@type":"EntryPoint","urlTemplate":"https:\/\/dev.nellemannmachinery.dk\/?s={search_term_string}"},"query-input":{"@type":"PropertyValueSpecification","valueRequired":true,"valueName":"search_term_string"}}],"inLanguage":"sv-SE"},{"@type":"Organization","@id":"https:\/\/dev.nellemannmachinery.dk\/#organization","name":"Nellemann Machinery","url":"https:\/\/dev.nellemannmachinery.dk\/","logo":{"@type":"ImageObject","inLanguage":"sv-SE","@id":"https:\/\/dev.nellemannmachinery.dk\/#\/schema\/logo\/image\/","url":"https:\/\/dev.nellemannmachinery.dk\/wp-content\/uploads\/2020\/09\/logo-1.png","contentUrl":"https:\/\/dev.nellemannmachinery.dk\/wp-content\/uploads\/2020\/09\/logo-1.png","width":398,"height":71,"caption":"Nellemann Machinery"},"image":{"@id":"https:\/\/dev.nellemannmachinery.dk\/#\/schema\/logo\/image\/"},"sameAs":["https:\/\/www.facebook.com\/Nellemann-Machinery-718705991612962","https:\/\/www.instagram.com\/nellemannmachinery\/?hl=da","https:\/\/www.linkedin.com\/company\/svenningsens-maskinforretning-as\/about\/"]}]}},"_links":{"self":[{"href":"https:\/\/dev.nellemannmachinery.dk\/sv\/wp-json\/wp\/v2\/product\/12664","targetHints":{"allow":["GET"]}}],"collection":[{"href":"https:\/\/dev.nellemannmachinery.dk\/sv\/wp-json\/wp\/v2\/product"}],"about":[{"href":"https:\/\/dev.nellemannmachinery.dk\/sv\/wp-json\/wp\/v2\/types\/product"}],"wp:featuredmedia":[{"embeddable":true,"href":"https:\/\/dev.nellemannmachinery.dk\/sv\/wp-json\/wp\/v2\/media\/12665"}],"wp:attachment":[{"href":"https:\/\/dev.nellemannmachinery.dk\/sv\/wp-json\/wp\/v2\/media?parent=12664"}],"wp:term":[{"taxonomy":"product_brand","embeddable":true,"href":"https:\/\/dev.nellemannmachinery.dk\/sv\/wp-json\/wp\/v2\/product_brand?post=12664"},{"taxonomy":"product_cat","embeddable":true,"href":"https:\/\/dev.nellemannmachinery.dk\/sv\/wp-json\/wp\/v2\/product_cat?post=12664"},{"taxonomy":"product_tag","embeddable":true,"href":"https:\/\/dev.nellemannmachinery.dk\/sv\/wp-json\/wp\/v2\/product_tag?post=12664"}],"curies":[{"name":"wp","href":"https:\/\/api.w.org\/{rel}","templated":true}]}}