{"id":12837,"date":"2021-11-18T16:53:15","date_gmt":"2021-11-18T14:53:15","guid":{"rendered":"https:\/\/dev.nellemannmachinery.dk\/?post_type=product&#038;p=12837"},"modified":"2023-01-02T12:03:23","modified_gmt":"2023-01-02T10:03:23","slug":"kubota-m5072n","status":"publish","type":"product","link":"https:\/\/dev.nellemannmachinery.dk\/sv\/produkt\/kubota-m5072n\/","title":{"rendered":"Kubota M5072N"},"excerpt":{"rendered":"<p>https:\/\/www.youtube.com\/watch?v=V9ZbvzEDy1c<\/p>\n<p><strong>Kubota M5002N<\/strong> \u00e4r en h\u00f6gst produktiv professionell traktor f\u00f6r kr\u00e4vande kommunarbete och fruktodlingar. Denna kompakta smalsp\u00e5riga traktor imponerar med maximal smidighet, m\u00e5ngsidighet och utomordentlig prestanda. F\u00f6rarhytten ger perfekt runtomsikt och excellent f\u00f6rarkomfort f\u00f6r l\u00e5nga arbetsdagar. Utnyttja f\u00f6rdelarna med denna traktors kvaliteter f\u00f6r att n\u00e5 allra b\u00e4sta resultat under alla f\u00f6rh\u00e5llanden.<\/p>\n","protected":false},"featured_media":14315,"template":"","meta":{"_acf_changed":false,"inline_featured_image":false},"product_brand":[],"product_cat":[165],"product_tag":[150,472,192,770,198,489],"class_list":{"0":"post-12837","1":"product","2":"type-product","3":"status-publish","4":"has-post-thumbnail","6":"product_cat-kubota-traktorer-kubota-lantbrukstraktorer-m-serie-nm","7":"product_tag-kubota","8":"product_tag-lantbruk","9":"product_tag-m5","10":"product_tag-m5072n","11":"product_tag-narrow","12":"product_tag-traktor","14":"first","15":"instock","16":"shipping-taxable","17":"product-type-simple"},"acf":[],"yoast_head":"<!-- This site is optimized with the Yoast SEO plugin v27.4 - https:\/\/yoast.com\/product\/yoast-seo-wordpress\/ -->\n<title>Kubota Kompakttraktorr M5072N - Nellemann Machinery<\/title>\n<meta name=\"description\" content=\"Kubotas Narrow-serie \u00e4r den perfekta traktorn n\u00e4r du har en begr\u00e4nsad yta att jobba p\u00e5 men beh\u00f6ver en riktigt stark Kubota traktor.\" \/>\n<meta name=\"robots\" content=\"noindex, follow, max-snippet:-1, max-image-preview:large, max-video-preview:-1\" \/>\n<meta property=\"og:locale\" content=\"sv_SE\" \/>\n<meta property=\"og:type\" content=\"article\" \/>\n<meta property=\"og:title\" content=\"Kubota Kompakttraktorr M5072N - Nellemann Machinery\" \/>\n<meta property=\"og:description\" content=\"Kubotas Narrow-serie \u00e4r den perfekta traktorn n\u00e4r du har en begr\u00e4nsad yta att jobba p\u00e5 men beh\u00f6ver en riktigt stark Kubota traktor.\" \/>\n<meta property=\"og:url\" content=\"https:\/\/nellemannmachinery.se\/produkt\/kubota-m5072n\/\" \/>\n<meta property=\"og:site_name\" content=\"Nellemann Machinery\" \/>\n<meta property=\"article:publisher\" content=\"https:\/\/www.facebook.com\/Nellemann-Machinery-718705991612962\" \/>\n<meta property=\"article:modified_time\" content=\"2023-01-02T10:03:23+00:00\" \/>\n<meta property=\"og:image\" content=\"https:\/\/nellemannmachinery.se\/wp-content\/uploads\/2021\/11\/M5072_rechts_schr\u00a6g.800_600jpg.jpg\" \/>\n\t<meta property=\"og:image:width\" content=\"800\" \/>\n\t<meta property=\"og:image:height\" content=\"600\" \/>\n\t<meta property=\"og:image:type\" content=\"image\/jpeg\" \/>\n<meta name=\"twitter:card\" content=\"summary_large_image\" \/>\n<!-- \/ Yoast SEO plugin. -->","yoast_head_json":{"title":"Kubota Kompakttraktorr M5072N - Nellemann Machinery","description":"Kubotas Narrow-serie \u00e4r den perfekta traktorn n\u00e4r du har en begr\u00e4nsad yta att jobba p\u00e5 men beh\u00f6ver en riktigt stark Kubota traktor.","robots":{"index":"noindex","follow":"follow","max-snippet":"max-snippet:-1","max-image-preview":"max-image-preview:large","max-video-preview":"max-video-preview:-1"},"og_locale":"sv_SE","og_type":"article","og_title":"Kubota Kompakttraktorr M5072N - Nellemann Machinery","og_description":"Kubotas Narrow-serie \u00e4r den perfekta traktorn n\u00e4r du har en begr\u00e4nsad yta att jobba p\u00e5 men beh\u00f6ver en riktigt stark Kubota traktor.","og_url":"https:\/\/nellemannmachinery.se\/produkt\/kubota-m5072n\/","og_site_name":"Nellemann Machinery","article_publisher":"https:\/\/www.facebook.com\/Nellemann-Machinery-718705991612962","article_modified_time":"2023-01-02T10:03:23+00:00","og_image":[{"width":800,"height":600,"url":"https:\/\/nellemannmachinery.se\/wp-content\/uploads\/2021\/11\/M5072_rechts_schr\u00a6g.800_600jpg.jpg","type":"image\/jpeg"}],"twitter_card":"summary_large_image","schema":{"@context":"https:\/\/schema.org","@graph":[{"@type":"WebPage","@id":"https:\/\/nellemannmachinery.se\/produkt\/kubota-m5072n\/","url":"https:\/\/nellemannmachinery.se\/produkt\/kubota-m5072n\/","name":"Kubota Kompakttraktorr M5072N - Nellemann Machinery","isPartOf":{"@id":"https:\/\/dev.nellemannmachinery.dk\/#website"},"primaryImageOfPage":{"@id":"https:\/\/nellemannmachinery.se\/produkt\/kubota-m5072n\/#primaryimage"},"image":{"@id":"https:\/\/nellemannmachinery.se\/produkt\/kubota-m5072n\/#primaryimage"},"thumbnailUrl":"https:\/\/dev.nellemannmachinery.dk\/wp-content\/uploads\/2021\/11\/M5072_rechts_schr\u00a6g.800_600jpg.jpg","datePublished":"2021-11-18T14:53:15+00:00","dateModified":"2023-01-02T10:03:23+00:00","description":"Kubotas Narrow-serie \u00e4r den perfekta traktorn n\u00e4r du har en begr\u00e4nsad yta att jobba p\u00e5 men beh\u00f6ver en riktigt stark Kubota traktor.","breadcrumb":{"@id":"https:\/\/nellemannmachinery.se\/produkt\/kubota-m5072n\/#breadcrumb"},"inLanguage":"sv-SE","potentialAction":[{"@type":"ReadAction","target":["https:\/\/nellemannmachinery.se\/produkt\/kubota-m5072n\/"]}]},{"@type":"ImageObject","inLanguage":"sv-SE","@id":"https:\/\/nellemannmachinery.se\/produkt\/kubota-m5072n\/#primaryimage","url":"https:\/\/dev.nellemannmachinery.dk\/wp-content\/uploads\/2021\/11\/M5072_rechts_schr\u00a6g.800_600jpg.jpg","contentUrl":"https:\/\/dev.nellemannmachinery.dk\/wp-content\/uploads\/2021\/11\/M5072_rechts_schr\u00a6g.800_600jpg.jpg","width":800,"height":600},{"@type":"BreadcrumbList","@id":"https:\/\/nellemannmachinery.se\/produkt\/kubota-m5072n\/#breadcrumb","itemListElement":[{"@type":"ListItem","position":1,"name":"Home","item":"https:\/\/nellemannmachinery.se\/"},{"@type":"ListItem","position":2,"name":"Shop","item":"https:\/\/dev.nellemannmachinery.dk\/shop\/"},{"@type":"ListItem","position":3,"name":"Kubota M5072N"}]},{"@type":"WebSite","@id":"https:\/\/dev.nellemannmachinery.dk\/#website","url":"https:\/\/dev.nellemannmachinery.dk\/","name":"Nellemann Machinery","description":"","publisher":{"@id":"https:\/\/dev.nellemannmachinery.dk\/#organization"},"potentialAction":[{"@type":"SearchAction","target":{"@type":"EntryPoint","urlTemplate":"https:\/\/dev.nellemannmachinery.dk\/?s={search_term_string}"},"query-input":{"@type":"PropertyValueSpecification","valueRequired":true,"valueName":"search_term_string"}}],"inLanguage":"sv-SE"},{"@type":"Organization","@id":"https:\/\/dev.nellemannmachinery.dk\/#organization","name":"Nellemann Machinery","url":"https:\/\/dev.nellemannmachinery.dk\/","logo":{"@type":"ImageObject","inLanguage":"sv-SE","@id":"https:\/\/dev.nellemannmachinery.dk\/#\/schema\/logo\/image\/","url":"https:\/\/dev.nellemannmachinery.dk\/wp-content\/uploads\/2020\/09\/logo-1.png","contentUrl":"https:\/\/dev.nellemannmachinery.dk\/wp-content\/uploads\/2020\/09\/logo-1.png","width":398,"height":71,"caption":"Nellemann Machinery"},"image":{"@id":"https:\/\/dev.nellemannmachinery.dk\/#\/schema\/logo\/image\/"},"sameAs":["https:\/\/www.facebook.com\/Nellemann-Machinery-718705991612962","https:\/\/www.instagram.com\/nellemannmachinery\/?hl=da","https:\/\/www.linkedin.com\/company\/svenningsens-maskinforretning-as\/about\/"]}]}},"_links":{"self":[{"href":"https:\/\/dev.nellemannmachinery.dk\/sv\/wp-json\/wp\/v2\/product\/12837","targetHints":{"allow":["GET"]}}],"collection":[{"href":"https:\/\/dev.nellemannmachinery.dk\/sv\/wp-json\/wp\/v2\/product"}],"about":[{"href":"https:\/\/dev.nellemannmachinery.dk\/sv\/wp-json\/wp\/v2\/types\/product"}],"wp:featuredmedia":[{"embeddable":true,"href":"https:\/\/dev.nellemannmachinery.dk\/sv\/wp-json\/wp\/v2\/media\/14315"}],"wp:attachment":[{"href":"https:\/\/dev.nellemannmachinery.dk\/sv\/wp-json\/wp\/v2\/media?parent=12837"}],"wp:term":[{"taxonomy":"product_brand","embeddable":true,"href":"https:\/\/dev.nellemannmachinery.dk\/sv\/wp-json\/wp\/v2\/product_brand?post=12837"},{"taxonomy":"product_cat","embeddable":true,"href":"https:\/\/dev.nellemannmachinery.dk\/sv\/wp-json\/wp\/v2\/product_cat?post=12837"},{"taxonomy":"product_tag","embeddable":true,"href":"https:\/\/dev.nellemannmachinery.dk\/sv\/wp-json\/wp\/v2\/product_tag?post=12837"}],"curies":[{"name":"wp","href":"https:\/\/api.w.org\/{rel}","templated":true}]}}