{"id":13975,"date":"2022-02-25T15:37:02","date_gmt":"2022-02-25T13:37:02","guid":{"rendered":"https:\/\/dev.nellemannmachinery.dk\/?post_type=product&#038;p=13975"},"modified":"2022-10-18T14:10:44","modified_gmt":"2022-10-18T12:10:44","slug":"kubota-stennedlaggare-tst130","status":"publish","type":"product","link":"https:\/\/dev.nellemannmachinery.dk\/sv\/produkt\/kubota-stennedlaggare-tst130\/","title":{"rendered":"Stennedl\u00e4ggare TST130"},"excerpt":{"rendered":"<p>Anv\u00e4nds f\u00f6r att behandla jordbruksterr\u00e4ng och tr\u00e4dg\u00e5rdar. Med en enkel passage f\u00f6rbereder den en sl\u00e4t yta p\u00e5 alla typer av jord, inklusive tung och h\u00e5rd l\u00e4grad jord. Den \u00e4r utvecklad f\u00f6r v\u00e4xthusodlingar, jordbearbetning innan plantering och s\u00e5dd, blomsterbed och tr\u00e4dg\u00e5rdar.<\/p>\n<p><strong>Trepunkts-f\u00e4ste kat. 1.<\/strong><br \/>\n<strong>F\u00f6r traktorer med 25-30hk som t.ex. Kubota BX,B2, EK1, L1&amp; L2.<\/strong><br \/>\n<strong>Arbetsbredd 1,3 m <\/strong><br \/>\n<strong>Arbetsdjup 14 cm<\/strong><br \/>\n<strong>Vikt 240kg<\/strong><br \/>\n<strong>Totalbredd 1,5 m<\/strong><\/p>\n","protected":false},"featured_media":13976,"template":"","meta":{"_acf_changed":false,"inline_featured_image":false},"product_brand":[],"product_cat":[837,175],"product_tag":[],"class_list":{"0":"post-13975","1":"product","2":"type-product","3":"status-publish","4":"has-post-thumbnail","6":"product_cat-kubota","7":"product_cat-ovriga-redskap","8":"brand-kubota-produker","10":"first","11":"instock","12":"shipping-taxable","13":"product-type-simple"},"acf":[],"yoast_head":"<!-- This site is optimized with the Yoast SEO plugin v27.4 - https:\/\/yoast.com\/product\/yoast-seo-wordpress\/ -->\n<title>Stennedl\u00e4ggare TST130 - Nellemann Machinery<\/title>\n<meta name=\"description\" content=\"Med en enkel passage f\u00f6rbereder den en sl\u00e4t yta p\u00e5 alla typer av jord, inklusive tung och h\u00e5rd l\u00e4grad jord. Passar Kubota BX,B2, EK1, L1&amp; L2.\" \/>\n<meta name=\"robots\" content=\"noindex, follow, max-snippet:-1, max-image-preview:large, max-video-preview:-1\" \/>\n<meta property=\"og:locale\" content=\"sv_SE\" \/>\n<meta property=\"og:type\" content=\"article\" \/>\n<meta property=\"og:title\" content=\"Stennedl\u00e4ggare TST130 - Nellemann Machinery\" \/>\n<meta property=\"og:description\" content=\"Med en enkel passage f\u00f6rbereder den en sl\u00e4t yta p\u00e5 alla typer av jord, inklusive tung och h\u00e5rd l\u00e4grad jord. Passar Kubota BX,B2, EK1, L1&amp; L2.\" \/>\n<meta property=\"og:url\" content=\"https:\/\/nellemannmachinery.se\/produkt\/kubota-stennedlaggare-tst130\/\" \/>\n<meta property=\"og:site_name\" content=\"Nellemann Machinery\" \/>\n<meta property=\"article:publisher\" content=\"https:\/\/www.facebook.com\/Nellemann-Machinery-718705991612962\" \/>\n<meta property=\"article:modified_time\" content=\"2022-10-18T12:10:44+00:00\" \/>\n<meta property=\"og:image\" content=\"https:\/\/nellemannmachinery.se\/wp-content\/uploads\/2022\/02\/stennedlaggare-2.jpg-ny.jpg\" \/>\n\t<meta property=\"og:image:width\" content=\"1256\" \/>\n\t<meta property=\"og:image:height\" content=\"1256\" \/>\n\t<meta property=\"og:image:type\" content=\"image\/jpeg\" \/>\n<meta name=\"twitter:card\" content=\"summary_large_image\" \/>\n<!-- \/ Yoast SEO plugin. -->","yoast_head_json":{"title":"Stennedl\u00e4ggare TST130 - Nellemann Machinery","description":"Med en enkel passage f\u00f6rbereder den en sl\u00e4t yta p\u00e5 alla typer av jord, inklusive tung och h\u00e5rd l\u00e4grad jord. Passar Kubota BX,B2, EK1, L1& L2.","robots":{"index":"noindex","follow":"follow","max-snippet":"max-snippet:-1","max-image-preview":"max-image-preview:large","max-video-preview":"max-video-preview:-1"},"og_locale":"sv_SE","og_type":"article","og_title":"Stennedl\u00e4ggare TST130 - Nellemann Machinery","og_description":"Med en enkel passage f\u00f6rbereder den en sl\u00e4t yta p\u00e5 alla typer av jord, inklusive tung och h\u00e5rd l\u00e4grad jord. Passar Kubota BX,B2, EK1, L1& L2.","og_url":"https:\/\/nellemannmachinery.se\/produkt\/kubota-stennedlaggare-tst130\/","og_site_name":"Nellemann Machinery","article_publisher":"https:\/\/www.facebook.com\/Nellemann-Machinery-718705991612962","article_modified_time":"2022-10-18T12:10:44+00:00","og_image":[{"width":1256,"height":1256,"url":"https:\/\/nellemannmachinery.se\/wp-content\/uploads\/2022\/02\/stennedlaggare-2.jpg-ny.jpg","type":"image\/jpeg"}],"twitter_card":"summary_large_image","schema":{"@context":"https:\/\/schema.org","@graph":[{"@type":"WebPage","@id":"https:\/\/nellemannmachinery.se\/produkt\/kubota-stennedlaggare-tst130\/","url":"https:\/\/nellemannmachinery.se\/produkt\/kubota-stennedlaggare-tst130\/","name":"Stennedl\u00e4ggare TST130 - Nellemann Machinery","isPartOf":{"@id":"https:\/\/dev.nellemannmachinery.dk\/#website"},"primaryImageOfPage":{"@id":"https:\/\/nellemannmachinery.se\/produkt\/kubota-stennedlaggare-tst130\/#primaryimage"},"image":{"@id":"https:\/\/nellemannmachinery.se\/produkt\/kubota-stennedlaggare-tst130\/#primaryimage"},"thumbnailUrl":"https:\/\/dev.nellemannmachinery.dk\/wp-content\/uploads\/2022\/02\/stennedlaggare-2.jpg-ny.jpg","datePublished":"2022-02-25T13:37:02+00:00","dateModified":"2022-10-18T12:10:44+00:00","description":"Med en enkel passage f\u00f6rbereder den en sl\u00e4t yta p\u00e5 alla typer av jord, inklusive tung och h\u00e5rd l\u00e4grad jord. Passar Kubota BX,B2, EK1, L1& L2.","breadcrumb":{"@id":"https:\/\/nellemannmachinery.se\/produkt\/kubota-stennedlaggare-tst130\/#breadcrumb"},"inLanguage":"sv-SE","potentialAction":[{"@type":"ReadAction","target":["https:\/\/nellemannmachinery.se\/produkt\/kubota-stennedlaggare-tst130\/"]}]},{"@type":"ImageObject","inLanguage":"sv-SE","@id":"https:\/\/nellemannmachinery.se\/produkt\/kubota-stennedlaggare-tst130\/#primaryimage","url":"https:\/\/dev.nellemannmachinery.dk\/wp-content\/uploads\/2022\/02\/stennedlaggare-2.jpg-ny.jpg","contentUrl":"https:\/\/dev.nellemannmachinery.dk\/wp-content\/uploads\/2022\/02\/stennedlaggare-2.jpg-ny.jpg","width":1256,"height":1256},{"@type":"BreadcrumbList","@id":"https:\/\/nellemannmachinery.se\/produkt\/kubota-stennedlaggare-tst130\/#breadcrumb","itemListElement":[{"@type":"ListItem","position":1,"name":"Home","item":"https:\/\/nellemannmachinery.se\/"},{"@type":"ListItem","position":2,"name":"Shop","item":"https:\/\/dev.nellemannmachinery.dk\/shop\/"},{"@type":"ListItem","position":3,"name":"Stennedl\u00e4ggare TST130"}]},{"@type":"WebSite","@id":"https:\/\/dev.nellemannmachinery.dk\/#website","url":"https:\/\/dev.nellemannmachinery.dk\/","name":"Nellemann Machinery","description":"","publisher":{"@id":"https:\/\/dev.nellemannmachinery.dk\/#organization"},"potentialAction":[{"@type":"SearchAction","target":{"@type":"EntryPoint","urlTemplate":"https:\/\/dev.nellemannmachinery.dk\/?s={search_term_string}"},"query-input":{"@type":"PropertyValueSpecification","valueRequired":true,"valueName":"search_term_string"}}],"inLanguage":"sv-SE"},{"@type":"Organization","@id":"https:\/\/dev.nellemannmachinery.dk\/#organization","name":"Nellemann Machinery","url":"https:\/\/dev.nellemannmachinery.dk\/","logo":{"@type":"ImageObject","inLanguage":"sv-SE","@id":"https:\/\/dev.nellemannmachinery.dk\/#\/schema\/logo\/image\/","url":"https:\/\/dev.nellemannmachinery.dk\/wp-content\/uploads\/2020\/09\/logo-1.png","contentUrl":"https:\/\/dev.nellemannmachinery.dk\/wp-content\/uploads\/2020\/09\/logo-1.png","width":398,"height":71,"caption":"Nellemann Machinery"},"image":{"@id":"https:\/\/dev.nellemannmachinery.dk\/#\/schema\/logo\/image\/"},"sameAs":["https:\/\/www.facebook.com\/Nellemann-Machinery-718705991612962","https:\/\/www.instagram.com\/nellemannmachinery\/?hl=da","https:\/\/www.linkedin.com\/company\/svenningsens-maskinforretning-as\/about\/"]}]}},"_links":{"self":[{"href":"https:\/\/dev.nellemannmachinery.dk\/sv\/wp-json\/wp\/v2\/product\/13975","targetHints":{"allow":["GET"]}}],"collection":[{"href":"https:\/\/dev.nellemannmachinery.dk\/sv\/wp-json\/wp\/v2\/product"}],"about":[{"href":"https:\/\/dev.nellemannmachinery.dk\/sv\/wp-json\/wp\/v2\/types\/product"}],"wp:featuredmedia":[{"embeddable":true,"href":"https:\/\/dev.nellemannmachinery.dk\/sv\/wp-json\/wp\/v2\/media\/13976"}],"wp:attachment":[{"href":"https:\/\/dev.nellemannmachinery.dk\/sv\/wp-json\/wp\/v2\/media?parent=13975"}],"wp:term":[{"taxonomy":"product_brand","embeddable":true,"href":"https:\/\/dev.nellemannmachinery.dk\/sv\/wp-json\/wp\/v2\/product_brand?post=13975"},{"taxonomy":"product_cat","embeddable":true,"href":"https:\/\/dev.nellemannmachinery.dk\/sv\/wp-json\/wp\/v2\/product_cat?post=13975"},{"taxonomy":"product_tag","embeddable":true,"href":"https:\/\/dev.nellemannmachinery.dk\/sv\/wp-json\/wp\/v2\/product_tag?post=13975"}],"curies":[{"name":"wp","href":"https:\/\/api.w.org\/{rel}","templated":true}]}}