{"id":14970,"date":"2022-05-30T11:41:43","date_gmt":"2022-05-30T09:41:43","guid":{"rendered":"https:\/\/dev.nellemannmachinery.dk\/?post_type=product&#038;p=14970"},"modified":"2022-08-23T14:59:58","modified_gmt":"2022-08-23T12:59:58","slug":"spider-ecrossxliner","status":"publish","type":"product","link":"https:\/\/dev.nellemannmachinery.dk\/sv\/produkt\/spider-ecrossxliner\/","title":{"rendered":"Spider e-CROSS LINER"},"excerpt":{"rendered":"<h4>NYHET ELDRIVEN SPIDER e-CROSS LINER<\/h4>\n<div data-canvas-width=\"29.415699608248953\">\n<p>Maskinens fj\u00e4rrstyrning ger en m\u00e4ngd olika f\u00f6rdelar till anv\u00e4ndaren, bland annat vibrationsfri och s\u00e4ker anv\u00e4ndning. Tack vare eldriften och den elektriska knivmotorn blir det l\u00e5g ljudexponering f\u00f6r omgivning och f\u00f6rare. Den unika e-CROSS LINER v\u00e4ger endast 182kg vilket ger en h\u00f6g driftstid p\u00e5 batteriet och obetydlig p\u00e5verkan p\u00e5 gr\u00e4smattan. Maskinens extremt l\u00e5ga konstruktion, endast 60 centimeter h\u00f6g med unik fyrhjulsdrift (360\u00b0) g\u00f6r det dessutom m\u00f6jligt att klippa sl\u00e4nter p\u00e5 35\u00b0. Modellen riktar sig till park\/kyrka\/fastighetssk\u00f6tsel &amp; v\u00e4gkanter etc. Driftstid 7 h beroende p\u00e5 terr\u00e4ng. Drivningen till hjulen, styrningen och rotorkniven \u00e4r elektrisk. Klipph\u00f6jden justeras enkelt med ett handtag utan verktyg. En kniv, klippbredden 56 cm.<\/p>\n<p class=\"font_8\">En Spider kan transporteras i de flesta sk\u00e5pbilar och p\u00e5 pickuper. Du kan ocks\u00e5 anv\u00e4nda en specialdesignad sl\u00e4pk\u00e4rra med integrerade utdragbara ramper och med ett inbyggt lasts\u00e4kringssystem.<\/p>\n<\/div>\n<div data-canvas-width=\"29.415699608248953\"><\/div>\n<p>&nbsp;<\/p>\n<ul>\n<li data-canvas-width=\"29.415699608248953\"><strong>100% milj\u00f6v\u00e4nlig<\/strong><\/li>\n<li data-canvas-width=\"29.415699608248953\"><strong>L\u00e4tt att transportera<\/strong><\/li>\n<li data-canvas-width=\"29.415699608248953\"><strong>L\u00e5g ljudniv\u00e5<\/strong><\/li>\n<li data-canvas-width=\"29.415699608248953\"><strong>Minimalt underh\u00e5ll<\/strong><\/li>\n<li data-canvas-width=\"29.415699608248953\"><strong>Billig i drift<\/strong><\/li>\n<li data-canvas-width=\"29.415699608248953\"><strong>L\u00e5g vikt<\/strong><\/li>\n<li data-canvas-width=\"29.415699608248953\"><strong>L\u00e5g &amp; kompakt<\/strong><\/li>\n<\/ul>\n","protected":false},"featured_media":14971,"template":"","meta":{"_acf_changed":false,"inline_featured_image":false},"product_brand":[],"product_cat":[159],"product_tag":[295,873,283,286,287],"class_list":{"0":"post-14970","1":"product","2":"type-product","3":"status-publish","4":"has-post-thumbnail","6":"product_cat-grasklippare","7":"product_tag-crossliner","8":"product_tag-ecrossxliner","9":"product_tag-grasklippare","10":"product_tag-spider","11":"product_tag-xliner","12":"brand-spider-2","14":"first","15":"instock","16":"shipping-taxable","17":"product-type-simple"},"acf":[],"yoast_head":"<!-- This site is optimized with the Yoast SEO plugin v27.4 - https:\/\/yoast.com\/product\/yoast-seo-wordpress\/ -->\n<title>Se Spiders eldrivna &amp; fj\u00e4rrstyrda gr\u00e4sklippare - unik kl\u00e4ttringsf\u00f6rm\u00e5ga<\/title>\n<meta name=\"description\" content=\"NYHET! SPIDER eCROSSXLINER \u00e4r en elektrisk rotorklippare p\u00e5 111 cm som \u00e4r radiostyrd och kan klippa fina ytor, samt h\u00f6gt gr\u00e4s i 35\u00b0 lutning.\" \/>\n<meta name=\"robots\" content=\"noindex, follow, max-snippet:-1, max-image-preview:large, max-video-preview:-1\" \/>\n<meta property=\"og:locale\" content=\"sv_SE\" \/>\n<meta property=\"og:type\" content=\"article\" \/>\n<meta property=\"og:title\" content=\"Se Spiders eldrivna &amp; fj\u00e4rrstyrda gr\u00e4sklippare - unik kl\u00e4ttringsf\u00f6rm\u00e5ga\" \/>\n<meta property=\"og:description\" content=\"NYHET! SPIDER eCROSSXLINER \u00e4r en elektrisk rotorklippare p\u00e5 111 cm som \u00e4r radiostyrd och kan klippa fina ytor, samt h\u00f6gt gr\u00e4s i 35\u00b0 lutning.\" \/>\n<meta property=\"og:url\" content=\"https:\/\/nellemannmachinery.se\/produkt\/spider-ecrossxliner\/\" \/>\n<meta property=\"og:site_name\" content=\"Nellemann Machinery\" \/>\n<meta property=\"article:publisher\" content=\"https:\/\/www.facebook.com\/Nellemann-Machinery-718705991612962\" \/>\n<meta property=\"article:modified_time\" content=\"2022-08-23T12:59:58+00:00\" \/>\n<meta property=\"og:image\" content=\"https:\/\/nellemannmachinery.se\/wp-content\/uploads\/2022\/04\/AD053-scaled.jpg\" \/>\n\t<meta property=\"og:image:width\" content=\"2000\" \/>\n\t<meta property=\"og:image:height\" content=\"1334\" \/>\n\t<meta property=\"og:image:type\" content=\"image\/jpeg\" \/>\n<meta name=\"twitter:card\" content=\"summary_large_image\" \/>\n<!-- \/ Yoast SEO plugin. -->","yoast_head_json":{"title":"Se Spiders eldrivna & fj\u00e4rrstyrda gr\u00e4sklippare - unik kl\u00e4ttringsf\u00f6rm\u00e5ga","description":"NYHET! SPIDER eCROSSXLINER \u00e4r en elektrisk rotorklippare p\u00e5 111 cm som \u00e4r radiostyrd och kan klippa fina ytor, samt h\u00f6gt gr\u00e4s i 35\u00b0 lutning.","robots":{"index":"noindex","follow":"follow","max-snippet":"max-snippet:-1","max-image-preview":"max-image-preview:large","max-video-preview":"max-video-preview:-1"},"og_locale":"sv_SE","og_type":"article","og_title":"Se Spiders eldrivna & fj\u00e4rrstyrda gr\u00e4sklippare - unik kl\u00e4ttringsf\u00f6rm\u00e5ga","og_description":"NYHET! SPIDER eCROSSXLINER \u00e4r en elektrisk rotorklippare p\u00e5 111 cm som \u00e4r radiostyrd och kan klippa fina ytor, samt h\u00f6gt gr\u00e4s i 35\u00b0 lutning.","og_url":"https:\/\/nellemannmachinery.se\/produkt\/spider-ecrossxliner\/","og_site_name":"Nellemann Machinery","article_publisher":"https:\/\/www.facebook.com\/Nellemann-Machinery-718705991612962","article_modified_time":"2022-08-23T12:59:58+00:00","og_image":[{"width":2000,"height":1334,"url":"https:\/\/nellemannmachinery.se\/wp-content\/uploads\/2022\/04\/AD053-scaled.jpg","type":"image\/jpeg"}],"twitter_card":"summary_large_image","schema":{"@context":"https:\/\/schema.org","@graph":[{"@type":"WebPage","@id":"https:\/\/nellemannmachinery.se\/produkt\/spider-ecrossxliner\/","url":"https:\/\/nellemannmachinery.se\/produkt\/spider-ecrossxliner\/","name":"Se Spiders eldrivna & fj\u00e4rrstyrda gr\u00e4sklippare - unik kl\u00e4ttringsf\u00f6rm\u00e5ga","isPartOf":{"@id":"https:\/\/dev.nellemannmachinery.dk\/#website"},"primaryImageOfPage":{"@id":"https:\/\/nellemannmachinery.se\/produkt\/spider-ecrossxliner\/#primaryimage"},"image":{"@id":"https:\/\/nellemannmachinery.se\/produkt\/spider-ecrossxliner\/#primaryimage"},"thumbnailUrl":"https:\/\/dev.nellemannmachinery.dk\/wp-content\/uploads\/2022\/05\/SPIDER-eCROSS-LINER.png","datePublished":"2022-05-30T09:41:43+00:00","dateModified":"2022-08-23T12:59:58+00:00","description":"NYHET! SPIDER eCROSSXLINER \u00e4r en elektrisk rotorklippare p\u00e5 111 cm som \u00e4r radiostyrd och kan klippa fina ytor, samt h\u00f6gt gr\u00e4s i 35\u00b0 lutning.","breadcrumb":{"@id":"https:\/\/nellemannmachinery.se\/produkt\/spider-ecrossxliner\/#breadcrumb"},"inLanguage":"sv-SE","potentialAction":[{"@type":"ReadAction","target":["https:\/\/nellemannmachinery.se\/produkt\/spider-ecrossxliner\/"]}]},{"@type":"ImageObject","inLanguage":"sv-SE","@id":"https:\/\/nellemannmachinery.se\/produkt\/spider-ecrossxliner\/#primaryimage","url":"https:\/\/dev.nellemannmachinery.dk\/wp-content\/uploads\/2022\/05\/SPIDER-eCROSS-LINER.png","contentUrl":"https:\/\/dev.nellemannmachinery.dk\/wp-content\/uploads\/2022\/05\/SPIDER-eCROSS-LINER.png","width":1378,"height":867},{"@type":"BreadcrumbList","@id":"https:\/\/nellemannmachinery.se\/produkt\/spider-ecrossxliner\/#breadcrumb","itemListElement":[{"@type":"ListItem","position":1,"name":"Home","item":"https:\/\/nellemannmachinery.se\/"},{"@type":"ListItem","position":2,"name":"Shop","item":"https:\/\/dev.nellemannmachinery.dk\/shop\/"},{"@type":"ListItem","position":3,"name":"Spider e-CROSS LINER"}]},{"@type":"WebSite","@id":"https:\/\/dev.nellemannmachinery.dk\/#website","url":"https:\/\/dev.nellemannmachinery.dk\/","name":"Nellemann Machinery","description":"","publisher":{"@id":"https:\/\/dev.nellemannmachinery.dk\/#organization"},"potentialAction":[{"@type":"SearchAction","target":{"@type":"EntryPoint","urlTemplate":"https:\/\/dev.nellemannmachinery.dk\/?s={search_term_string}"},"query-input":{"@type":"PropertyValueSpecification","valueRequired":true,"valueName":"search_term_string"}}],"inLanguage":"sv-SE"},{"@type":"Organization","@id":"https:\/\/dev.nellemannmachinery.dk\/#organization","name":"Nellemann Machinery","url":"https:\/\/dev.nellemannmachinery.dk\/","logo":{"@type":"ImageObject","inLanguage":"sv-SE","@id":"https:\/\/dev.nellemannmachinery.dk\/#\/schema\/logo\/image\/","url":"https:\/\/dev.nellemannmachinery.dk\/wp-content\/uploads\/2020\/09\/logo-1.png","contentUrl":"https:\/\/dev.nellemannmachinery.dk\/wp-content\/uploads\/2020\/09\/logo-1.png","width":398,"height":71,"caption":"Nellemann Machinery"},"image":{"@id":"https:\/\/dev.nellemannmachinery.dk\/#\/schema\/logo\/image\/"},"sameAs":["https:\/\/www.facebook.com\/Nellemann-Machinery-718705991612962","https:\/\/www.instagram.com\/nellemannmachinery\/?hl=da","https:\/\/www.linkedin.com\/company\/svenningsens-maskinforretning-as\/about\/"]}]}},"_links":{"self":[{"href":"https:\/\/dev.nellemannmachinery.dk\/sv\/wp-json\/wp\/v2\/product\/14970","targetHints":{"allow":["GET"]}}],"collection":[{"href":"https:\/\/dev.nellemannmachinery.dk\/sv\/wp-json\/wp\/v2\/product"}],"about":[{"href":"https:\/\/dev.nellemannmachinery.dk\/sv\/wp-json\/wp\/v2\/types\/product"}],"wp:featuredmedia":[{"embeddable":true,"href":"https:\/\/dev.nellemannmachinery.dk\/sv\/wp-json\/wp\/v2\/media\/14971"}],"wp:attachment":[{"href":"https:\/\/dev.nellemannmachinery.dk\/sv\/wp-json\/wp\/v2\/media?parent=14970"}],"wp:term":[{"taxonomy":"product_brand","embeddable":true,"href":"https:\/\/dev.nellemannmachinery.dk\/sv\/wp-json\/wp\/v2\/product_brand?post=14970"},{"taxonomy":"product_cat","embeddable":true,"href":"https:\/\/dev.nellemannmachinery.dk\/sv\/wp-json\/wp\/v2\/product_cat?post=14970"},{"taxonomy":"product_tag","embeddable":true,"href":"https:\/\/dev.nellemannmachinery.dk\/sv\/wp-json\/wp\/v2\/product_tag?post=14970"}],"curies":[{"name":"wp","href":"https:\/\/api.w.org\/{rel}","templated":true}]}}