{"id":15632,"date":"2022-08-26T10:30:11","date_gmt":"2022-08-26T08:30:11","guid":{"rendered":"https:\/\/dev.nellemannmachinery.dk\/produkt\/vitra-c2-25-copy-copy\/"},"modified":"2023-02-17T12:58:19","modified_gmt":"2023-02-17T10:58:19","slug":"vitra-c2-25-copy-copy","status":"publish","type":"product","link":"https:\/\/dev.nellemannmachinery.dk\/sv\/produkt\/vitra-c2-25-copy-copy\/","title":{"rendered":"Vitra C3.75"},"excerpt":{"rendered":"<p>&nbsp;<\/p>\n<div class=\"fusion-text fusion-text-8\">\n<p>https:\/\/www.youtube.com\/watch?v=vaW3XrF_IjY<\/p>\n<p><strong>KOMPAKT OCH FLEXIBEL<\/strong><\/p>\n<\/div>\n<div class=\"fusion-text fusion-text-9\">\n<p>Vitra C3.75 har en kraftfull Steg V turbomotor p\u00e5 75 hk med 30% h\u00f6gre vridmoment och en lastkapacitet p\u00e5 1 670 kg. En stark och milj\u00f6v\u00e4nlig partner med Danfoss drivlina, EasyDrive &#8211; k\u00f6rprogram och transporthastigheter p\u00e5 upp till 40 km\/h. Hantera enkelt alla arbetsuppgifter med Vitra.<\/p>\n<p>Alla modeller i C-serien \u00e4r utrustade med samma toppisolerade komforthytt som \u00e4r effektivt tystad och har en mycket l\u00e5g ljudniv\u00e5, h\u00f6g f\u00f6rarkomfort och optimala arbetsf\u00f6rh\u00e5llanden.<\/p>\n<p>&nbsp;<\/p>\n<\/div>\n","protected":false},"featured_media":15640,"template":"","meta":{"_acf_changed":false,"inline_featured_image":false},"product_brand":[],"product_cat":[889],"product_tag":[],"class_list":{"0":"post-15632","1":"product","2":"type-product","3":"status-publish","4":"has-post-thumbnail","6":"product_cat-vitra","7":"brand-redskapsbarare","9":"first","10":"instock","11":"shipping-taxable","12":"product-type-simple"},"acf":[],"yoast_head":"<!-- This site is optimized with the Yoast SEO plugin v27.4 - https:\/\/yoast.com\/product\/yoast-seo-wordpress\/ -->\n<title>Vitra C3.75 - Nellemann Machinery<\/title>\n<meta name=\"description\" content=\"Redskapsb\u00e4raren \u00e4r avsedda f\u00f6r park -och fastighetssk\u00f6tsel samt kyrkog\u00e5rdsf\u00f6rvaltning och kan utrustas med en m\u00e4ngd olika redskap.\" \/>\n<meta name=\"robots\" content=\"noindex, follow, max-snippet:-1, max-image-preview:large, max-video-preview:-1\" \/>\n<meta property=\"og:locale\" content=\"sv_SE\" \/>\n<meta property=\"og:type\" content=\"article\" \/>\n<meta property=\"og:title\" content=\"Vitra C-serien\" \/>\n<meta property=\"og:description\" content=\"Redskapsb\u00e4raren \u00e4r avsedda f\u00f6r park -och fastighetssk\u00f6tsel samt kyrkog\u00e5rdsf\u00f6rvaltning och kan utrustas med en m\u00e4ngd olika redskap.\" \/>\n<meta property=\"og:url\" content=\"https:\/\/nellemannmachinery.se\/produkt\/vitra-c2-25-copy-copy\/\" \/>\n<meta property=\"og:site_name\" content=\"Nellemann Machinery\" \/>\n<meta property=\"article:publisher\" content=\"https:\/\/www.facebook.com\/Nellemann-Machinery-718705991612962\" \/>\n<meta property=\"article:modified_time\" content=\"2023-02-17T10:58:19+00:00\" \/>\n<meta property=\"og:image\" content=\"https:\/\/nellemannmachinery.se\/wp-content\/uploads\/2022\/08\/IMG_1855-scaled.jpg\" \/>\n\t<meta property=\"og:image:width\" content=\"2000\" \/>\n\t<meta property=\"og:image:height\" content=\"1500\" \/>\n\t<meta property=\"og:image:type\" content=\"image\/jpeg\" \/>\n<meta name=\"twitter:card\" content=\"summary_large_image\" \/>\n<!-- \/ Yoast SEO plugin. -->","yoast_head_json":{"title":"Vitra C3.75 - Nellemann Machinery","description":"Redskapsb\u00e4raren \u00e4r avsedda f\u00f6r park -och fastighetssk\u00f6tsel samt kyrkog\u00e5rdsf\u00f6rvaltning och kan utrustas med en m\u00e4ngd olika redskap.","robots":{"index":"noindex","follow":"follow","max-snippet":"max-snippet:-1","max-image-preview":"max-image-preview:large","max-video-preview":"max-video-preview:-1"},"og_locale":"sv_SE","og_type":"article","og_title":"Vitra C-serien","og_description":"Redskapsb\u00e4raren \u00e4r avsedda f\u00f6r park -och fastighetssk\u00f6tsel samt kyrkog\u00e5rdsf\u00f6rvaltning och kan utrustas med en m\u00e4ngd olika redskap.","og_url":"https:\/\/nellemannmachinery.se\/produkt\/vitra-c2-25-copy-copy\/","og_site_name":"Nellemann Machinery","article_publisher":"https:\/\/www.facebook.com\/Nellemann-Machinery-718705991612962","article_modified_time":"2023-02-17T10:58:19+00:00","og_image":[{"width":2000,"height":1500,"url":"https:\/\/nellemannmachinery.se\/wp-content\/uploads\/2022\/08\/IMG_1855-scaled.jpg","type":"image\/jpeg"}],"twitter_card":"summary_large_image","schema":{"@context":"https:\/\/schema.org","@graph":[{"@type":"WebPage","@id":"https:\/\/nellemannmachinery.se\/produkt\/vitra-c2-25-copy-copy\/","url":"https:\/\/nellemannmachinery.se\/produkt\/vitra-c2-25-copy-copy\/","name":"Vitra C3.75 - Nellemann Machinery","isPartOf":{"@id":"https:\/\/dev.nellemannmachinery.dk\/#website"},"primaryImageOfPage":{"@id":"https:\/\/nellemannmachinery.se\/produkt\/vitra-c2-25-copy-copy\/#primaryimage"},"image":{"@id":"https:\/\/nellemannmachinery.se\/produkt\/vitra-c2-25-copy-copy\/#primaryimage"},"thumbnailUrl":"https:\/\/dev.nellemannmachinery.dk\/wp-content\/uploads\/2022\/08\/C3.75-500x500.pngjj_.png","datePublished":"2022-08-26T08:30:11+00:00","dateModified":"2023-02-17T10:58:19+00:00","description":"Redskapsb\u00e4raren \u00e4r avsedda f\u00f6r park -och fastighetssk\u00f6tsel samt kyrkog\u00e5rdsf\u00f6rvaltning och kan utrustas med en m\u00e4ngd olika redskap.","breadcrumb":{"@id":"https:\/\/nellemannmachinery.se\/produkt\/vitra-c2-25-copy-copy\/#breadcrumb"},"inLanguage":"sv-SE","potentialAction":[{"@type":"ReadAction","target":["https:\/\/nellemannmachinery.se\/produkt\/vitra-c2-25-copy-copy\/"]}]},{"@type":"ImageObject","inLanguage":"sv-SE","@id":"https:\/\/nellemannmachinery.se\/produkt\/vitra-c2-25-copy-copy\/#primaryimage","url":"https:\/\/dev.nellemannmachinery.dk\/wp-content\/uploads\/2022\/08\/C3.75-500x500.pngjj_.png","contentUrl":"https:\/\/dev.nellemannmachinery.dk\/wp-content\/uploads\/2022\/08\/C3.75-500x500.pngjj_.png","width":612,"height":606},{"@type":"BreadcrumbList","@id":"https:\/\/nellemannmachinery.se\/produkt\/vitra-c2-25-copy-copy\/#breadcrumb","itemListElement":[{"@type":"ListItem","position":1,"name":"Home","item":"https:\/\/nellemannmachinery.se\/"},{"@type":"ListItem","position":2,"name":"Shop","item":"https:\/\/dev.nellemannmachinery.dk\/shop\/"},{"@type":"ListItem","position":3,"name":"Vitra C3.75"}]},{"@type":"WebSite","@id":"https:\/\/dev.nellemannmachinery.dk\/#website","url":"https:\/\/dev.nellemannmachinery.dk\/","name":"Nellemann Machinery","description":"","publisher":{"@id":"https:\/\/dev.nellemannmachinery.dk\/#organization"},"potentialAction":[{"@type":"SearchAction","target":{"@type":"EntryPoint","urlTemplate":"https:\/\/dev.nellemannmachinery.dk\/?s={search_term_string}"},"query-input":{"@type":"PropertyValueSpecification","valueRequired":true,"valueName":"search_term_string"}}],"inLanguage":"sv-SE"},{"@type":"Organization","@id":"https:\/\/dev.nellemannmachinery.dk\/#organization","name":"Nellemann Machinery","url":"https:\/\/dev.nellemannmachinery.dk\/","logo":{"@type":"ImageObject","inLanguage":"sv-SE","@id":"https:\/\/dev.nellemannmachinery.dk\/#\/schema\/logo\/image\/","url":"https:\/\/dev.nellemannmachinery.dk\/wp-content\/uploads\/2020\/09\/logo-1.png","contentUrl":"https:\/\/dev.nellemannmachinery.dk\/wp-content\/uploads\/2020\/09\/logo-1.png","width":398,"height":71,"caption":"Nellemann Machinery"},"image":{"@id":"https:\/\/dev.nellemannmachinery.dk\/#\/schema\/logo\/image\/"},"sameAs":["https:\/\/www.facebook.com\/Nellemann-Machinery-718705991612962","https:\/\/www.instagram.com\/nellemannmachinery\/?hl=da","https:\/\/www.linkedin.com\/company\/svenningsens-maskinforretning-as\/about\/"]}]}},"_links":{"self":[{"href":"https:\/\/dev.nellemannmachinery.dk\/sv\/wp-json\/wp\/v2\/product\/15632","targetHints":{"allow":["GET"]}}],"collection":[{"href":"https:\/\/dev.nellemannmachinery.dk\/sv\/wp-json\/wp\/v2\/product"}],"about":[{"href":"https:\/\/dev.nellemannmachinery.dk\/sv\/wp-json\/wp\/v2\/types\/product"}],"wp:featuredmedia":[{"embeddable":true,"href":"https:\/\/dev.nellemannmachinery.dk\/sv\/wp-json\/wp\/v2\/media\/15640"}],"wp:attachment":[{"href":"https:\/\/dev.nellemannmachinery.dk\/sv\/wp-json\/wp\/v2\/media?parent=15632"}],"wp:term":[{"taxonomy":"product_brand","embeddable":true,"href":"https:\/\/dev.nellemannmachinery.dk\/sv\/wp-json\/wp\/v2\/product_brand?post=15632"},{"taxonomy":"product_cat","embeddable":true,"href":"https:\/\/dev.nellemannmachinery.dk\/sv\/wp-json\/wp\/v2\/product_cat?post=15632"},{"taxonomy":"product_tag","embeddable":true,"href":"https:\/\/dev.nellemannmachinery.dk\/sv\/wp-json\/wp\/v2\/product_tag?post=15632"}],"curies":[{"name":"wp","href":"https:\/\/api.w.org\/{rel}","templated":true}]}}