{"id":16448,"date":"2022-10-18T11:49:53","date_gmt":"2022-10-18T09:49:53","guid":{"rendered":"https:\/\/dev.nellemannmachinery.dk\/produkt\/klippaggregat-fa1500-copy\/"},"modified":"2022-10-18T14:14:58","modified_gmt":"2022-10-18T12:14:58","slug":"klippaggregat-fa1800","status":"publish","type":"product","link":"https:\/\/dev.nellemannmachinery.dk\/sv\/produkt\/klippaggregat-fa1800\/","title":{"rendered":"Klippaggregat FA1800"},"excerpt":{"rendered":"<p>Kraftuttagsdriven bakmonterad rotorklippare med 3 knivar. 4-piv\u00e5hjul ger h\u00f6g klipp kvalit\u00e9 och minskar risken f\u00f6r skador p\u00e5 underlaget.<\/p>\n<p><strong>3-punktsf\u00e4ste kat. 1<\/strong><\/p>\n<p><strong>F\u00f6r traktorer med 20-40 hk som t.ex.<\/strong><br \/>\n<strong>Kubota BX,B2,EK1, LX, L1&amp; L2.<\/strong><\/p>\n<p><strong>Arbetsbredd 1,8 m<\/strong><\/p>\n<p><strong>Klipph\u00f6jd 2-11 cm<\/strong><\/p>\n<p><strong>3 knivar<\/strong><\/p>\n<p><strong>Vikt 214 kg<\/strong><\/p>\n","protected":false},"featured_media":16450,"template":"","meta":{"_acf_changed":false,"inline_featured_image":false},"product_brand":[],"product_cat":[837,175],"product_tag":[],"class_list":{"0":"post-16448","1":"product","2":"type-product","3":"status-publish","4":"has-post-thumbnail","6":"product_cat-kubota","7":"product_cat-ovriga-redskap","8":"brand-kubota-produker","10":"first","11":"instock","12":"shipping-taxable","13":"product-type-simple"},"acf":[],"yoast_head":"<!-- This site is optimized with the Yoast SEO plugin v27.4 - https:\/\/yoast.com\/product\/yoast-seo-wordpress\/ -->\n<title>Klippaggregat Kubota - Nellemann Machinery<\/title>\n<meta name=\"description\" content=\"Kraftuttagsdriven bakmonterad Kubota rotorklippare med 3 knivar. 4-piv\u00e5hjul ger h\u00f6g klipp kvalit\u00e9 och minskar risken f\u00f6r skador p\u00e5 underlaget\" \/>\n<meta name=\"robots\" content=\"noindex, follow, max-snippet:-1, max-image-preview:large, max-video-preview:-1\" \/>\n<meta property=\"og:locale\" content=\"sv_SE\" \/>\n<meta property=\"og:type\" content=\"article\" \/>\n<meta property=\"og:title\" content=\"Klippaggregat Kubota - Nellemann Machinery\" \/>\n<meta property=\"og:description\" content=\"Kraftuttagsdriven bakmonterad Kubota rotorklippare med 3 knivar. 4-piv\u00e5hjul ger h\u00f6g klipp kvalit\u00e9 och minskar risken f\u00f6r skador p\u00e5 underlaget\" \/>\n<meta property=\"og:url\" content=\"https:\/\/nellemannmachinery.se\/produkt\/klippaggregat-fa1800\/\" \/>\n<meta property=\"og:site_name\" content=\"Nellemann Machinery\" \/>\n<meta property=\"article:publisher\" content=\"https:\/\/www.facebook.com\/Nellemann-Machinery-718705991612962\" \/>\n<meta property=\"article:modified_time\" content=\"2022-10-18T12:14:58+00:00\" \/>\n<meta property=\"og:image\" content=\"https:\/\/nellemannmachinery.se\/wp-content\/uploads\/2022\/10\/L1382_flail-mower_grass_rear.jpg\" \/>\n\t<meta property=\"og:image:width\" content=\"635\" \/>\n\t<meta property=\"og:image:height\" content=\"635\" \/>\n\t<meta property=\"og:image:type\" content=\"image\/jpeg\" \/>\n<meta name=\"twitter:card\" content=\"summary_large_image\" \/>\n<!-- \/ Yoast SEO plugin. -->","yoast_head_json":{"title":"Klippaggregat Kubota - Nellemann Machinery","description":"Kraftuttagsdriven bakmonterad Kubota rotorklippare med 3 knivar. 4-piv\u00e5hjul ger h\u00f6g klipp kvalit\u00e9 och minskar risken f\u00f6r skador p\u00e5 underlaget","robots":{"index":"noindex","follow":"follow","max-snippet":"max-snippet:-1","max-image-preview":"max-image-preview:large","max-video-preview":"max-video-preview:-1"},"og_locale":"sv_SE","og_type":"article","og_title":"Klippaggregat Kubota - Nellemann Machinery","og_description":"Kraftuttagsdriven bakmonterad Kubota rotorklippare med 3 knivar. 4-piv\u00e5hjul ger h\u00f6g klipp kvalit\u00e9 och minskar risken f\u00f6r skador p\u00e5 underlaget","og_url":"https:\/\/nellemannmachinery.se\/produkt\/klippaggregat-fa1800\/","og_site_name":"Nellemann Machinery","article_publisher":"https:\/\/www.facebook.com\/Nellemann-Machinery-718705991612962","article_modified_time":"2022-10-18T12:14:58+00:00","og_image":[{"width":635,"height":635,"url":"https:\/\/nellemannmachinery.se\/wp-content\/uploads\/2022\/10\/L1382_flail-mower_grass_rear.jpg","type":"image\/jpeg"}],"twitter_card":"summary_large_image","schema":{"@context":"https:\/\/schema.org","@graph":[{"@type":"WebPage","@id":"https:\/\/nellemannmachinery.se\/produkt\/klippaggregat-fa1800\/","url":"https:\/\/nellemannmachinery.se\/produkt\/klippaggregat-fa1800\/","name":"Klippaggregat Kubota - Nellemann Machinery","isPartOf":{"@id":"https:\/\/dev.nellemannmachinery.dk\/#website"},"primaryImageOfPage":{"@id":"https:\/\/nellemannmachinery.se\/produkt\/klippaggregat-fa1800\/#primaryimage"},"image":{"@id":"https:\/\/nellemannmachinery.se\/produkt\/klippaggregat-fa1800\/#primaryimage"},"thumbnailUrl":"https:\/\/dev.nellemannmachinery.dk\/wp-content\/uploads\/2022\/10\/L1382_flail-mower_grass_rear.jpg","datePublished":"2022-10-18T09:49:53+00:00","dateModified":"2022-10-18T12:14:58+00:00","description":"Kraftuttagsdriven bakmonterad Kubota rotorklippare med 3 knivar. 4-piv\u00e5hjul ger h\u00f6g klipp kvalit\u00e9 och minskar risken f\u00f6r skador p\u00e5 underlaget","breadcrumb":{"@id":"https:\/\/nellemannmachinery.se\/produkt\/klippaggregat-fa1800\/#breadcrumb"},"inLanguage":"sv-SE","potentialAction":[{"@type":"ReadAction","target":["https:\/\/nellemannmachinery.se\/produkt\/klippaggregat-fa1800\/"]}]},{"@type":"ImageObject","inLanguage":"sv-SE","@id":"https:\/\/nellemannmachinery.se\/produkt\/klippaggregat-fa1800\/#primaryimage","url":"https:\/\/dev.nellemannmachinery.dk\/wp-content\/uploads\/2022\/10\/L1382_flail-mower_grass_rear.jpg","contentUrl":"https:\/\/dev.nellemannmachinery.dk\/wp-content\/uploads\/2022\/10\/L1382_flail-mower_grass_rear.jpg","width":635,"height":635},{"@type":"BreadcrumbList","@id":"https:\/\/nellemannmachinery.se\/produkt\/klippaggregat-fa1800\/#breadcrumb","itemListElement":[{"@type":"ListItem","position":1,"name":"Home","item":"https:\/\/nellemannmachinery.se\/"},{"@type":"ListItem","position":2,"name":"Shop","item":"https:\/\/dev.nellemannmachinery.dk\/shop\/"},{"@type":"ListItem","position":3,"name":"Klippaggregat FA1800"}]},{"@type":"WebSite","@id":"https:\/\/dev.nellemannmachinery.dk\/#website","url":"https:\/\/dev.nellemannmachinery.dk\/","name":"Nellemann Machinery","description":"","publisher":{"@id":"https:\/\/dev.nellemannmachinery.dk\/#organization"},"potentialAction":[{"@type":"SearchAction","target":{"@type":"EntryPoint","urlTemplate":"https:\/\/dev.nellemannmachinery.dk\/?s={search_term_string}"},"query-input":{"@type":"PropertyValueSpecification","valueRequired":true,"valueName":"search_term_string"}}],"inLanguage":"sv-SE"},{"@type":"Organization","@id":"https:\/\/dev.nellemannmachinery.dk\/#organization","name":"Nellemann Machinery","url":"https:\/\/dev.nellemannmachinery.dk\/","logo":{"@type":"ImageObject","inLanguage":"sv-SE","@id":"https:\/\/dev.nellemannmachinery.dk\/#\/schema\/logo\/image\/","url":"https:\/\/dev.nellemannmachinery.dk\/wp-content\/uploads\/2020\/09\/logo-1.png","contentUrl":"https:\/\/dev.nellemannmachinery.dk\/wp-content\/uploads\/2020\/09\/logo-1.png","width":398,"height":71,"caption":"Nellemann Machinery"},"image":{"@id":"https:\/\/dev.nellemannmachinery.dk\/#\/schema\/logo\/image\/"},"sameAs":["https:\/\/www.facebook.com\/Nellemann-Machinery-718705991612962","https:\/\/www.instagram.com\/nellemannmachinery\/?hl=da","https:\/\/www.linkedin.com\/company\/svenningsens-maskinforretning-as\/about\/"]}]}},"_links":{"self":[{"href":"https:\/\/dev.nellemannmachinery.dk\/sv\/wp-json\/wp\/v2\/product\/16448","targetHints":{"allow":["GET"]}}],"collection":[{"href":"https:\/\/dev.nellemannmachinery.dk\/sv\/wp-json\/wp\/v2\/product"}],"about":[{"href":"https:\/\/dev.nellemannmachinery.dk\/sv\/wp-json\/wp\/v2\/types\/product"}],"wp:featuredmedia":[{"embeddable":true,"href":"https:\/\/dev.nellemannmachinery.dk\/sv\/wp-json\/wp\/v2\/media\/16450"}],"wp:attachment":[{"href":"https:\/\/dev.nellemannmachinery.dk\/sv\/wp-json\/wp\/v2\/media?parent=16448"}],"wp:term":[{"taxonomy":"product_brand","embeddable":true,"href":"https:\/\/dev.nellemannmachinery.dk\/sv\/wp-json\/wp\/v2\/product_brand?post=16448"},{"taxonomy":"product_cat","embeddable":true,"href":"https:\/\/dev.nellemannmachinery.dk\/sv\/wp-json\/wp\/v2\/product_cat?post=16448"},{"taxonomy":"product_tag","embeddable":true,"href":"https:\/\/dev.nellemannmachinery.dk\/sv\/wp-json\/wp\/v2\/product_tag?post=16448"}],"curies":[{"name":"wp","href":"https:\/\/api.w.org\/{rel}","templated":true}]}}