{"id":16456,"date":"2022-10-18T12:50:53","date_gmt":"2022-10-18T10:50:53","guid":{"rendered":"https:\/\/dev.nellemannmachinery.dk\/produkt\/klippaggregat-fa1500-copy\/"},"modified":"2023-03-22T14:35:52","modified_gmt":"2023-03-22T12:35:52","slug":"slagklippare-fox1600","status":"publish","type":"product","link":"https:\/\/dev.nellemannmachinery.dk\/sv\/produkt\/slagklippare-fox1600\/","title":{"rendered":"Slagklippare Fox 1600"},"excerpt":{"rendered":"<p>Med Kubotas slagklippare har du en arbetsbredd p\u00e5 1,6 meter som passar bra till mindre omr\u00e5den som skogsv\u00e4gar, \u00e4ngar eller runt g\u00e5rdsplanen. Klipph\u00f6jden kan anpassas mellan 30-80 mm vilket ger dig m\u00f6jligheten att klippa gr\u00e4set n\u00e4ra marken och d\u00e4rmed f\u00e5 ett planare resultat. Kubotas\u00a0slagklipparen g\u00f6r det smidigt och l\u00e4ttsamt att h\u00e5lla efter olika gr\u00f6nytor.<\/p>\n<p>&nbsp;<\/p>\n<p><strong>3-punktsf\u00e4ste kat. 1<\/strong><\/p>\n<p><strong>F\u00f6r traktorer med 20 &#8211; 30 hk som t.ex.<\/strong><br \/>\n<strong>Kubota B2, EK1, ST, LX, L1, L2<\/strong><\/p>\n<p><strong>Arbetsbredd 1,6 m<\/strong><\/p>\n<p><strong>Klipph\u00f6jd 2-8 cm<\/strong><\/p>\n<p><strong>Totalbredd 1,8 m<\/strong><\/p>\n<p><strong>Vikt 190 kg<\/strong><\/p>\n","protected":false},"featured_media":16461,"template":"","meta":{"_acf_changed":false,"inline_featured_image":false},"product_brand":[],"product_cat":[837,175],"product_tag":[],"class_list":{"0":"post-16456","1":"product","2":"type-product","3":"status-publish","4":"has-post-thumbnail","6":"product_cat-kubota","7":"product_cat-ovriga-redskap","9":"first","10":"instock","11":"shipping-taxable","12":"product-type-simple"},"acf":[],"yoast_head":"<!-- This site is optimized with the Yoast SEO plugin v27.4 - https:\/\/yoast.com\/product\/yoast-seo-wordpress\/ -->\n<title>Kubota slagklippare | Kubota redskap | NM<\/title>\n<meta name=\"description\" content=\"P\u00e5 Nellemann Machinery erbjuder vi Kubota redskap till kompakttraktorer fr\u00e5n 20 - 40 hk. M\u00e5ngsidigheten g\u00f6r Kubota till det perfekta valet.\" \/>\n<meta name=\"robots\" content=\"noindex, follow, max-snippet:-1, max-image-preview:large, max-video-preview:-1\" \/>\n<meta property=\"og:locale\" content=\"sv_SE\" \/>\n<meta property=\"og:type\" content=\"article\" \/>\n<meta property=\"og:title\" content=\"Kubota slagklippare | Kubota redskap | NM\" \/>\n<meta property=\"og:description\" content=\"P\u00e5 Nellemann Machinery erbjuder vi Kubota redskap till kompakttraktorer fr\u00e5n 20 - 40 hk. M\u00e5ngsidigheten g\u00f6r Kubota till det perfekta valet.\" \/>\n<meta property=\"og:url\" content=\"https:\/\/nellemannmachinery.se\/produkt\/slagklippare-fox1600\/\" \/>\n<meta property=\"og:site_name\" content=\"Nellemann Machinery\" \/>\n<meta property=\"article:publisher\" content=\"https:\/\/www.facebook.com\/Nellemann-Machinery-718705991612962\" \/>\n<meta property=\"article:modified_time\" content=\"2023-03-22T12:35:52+00:00\" \/>\n<meta property=\"og:image\" content=\"https:\/\/nellemannmachinery.se\/wp-content\/uploads\/2022\/10\/LX-Series_Grass_flail-mower_rear-1.jpg\" \/>\n\t<meta property=\"og:image:width\" content=\"635\" \/>\n\t<meta property=\"og:image:height\" content=\"635\" \/>\n\t<meta property=\"og:image:type\" content=\"image\/jpeg\" \/>\n<meta name=\"twitter:card\" content=\"summary_large_image\" \/>\n<!-- \/ Yoast SEO plugin. -->","yoast_head_json":{"title":"Kubota slagklippare | Kubota redskap | NM","description":"P\u00e5 Nellemann Machinery erbjuder vi Kubota redskap till kompakttraktorer fr\u00e5n 20 - 40 hk. M\u00e5ngsidigheten g\u00f6r Kubota till det perfekta valet.","robots":{"index":"noindex","follow":"follow","max-snippet":"max-snippet:-1","max-image-preview":"max-image-preview:large","max-video-preview":"max-video-preview:-1"},"og_locale":"sv_SE","og_type":"article","og_title":"Kubota slagklippare | Kubota redskap | NM","og_description":"P\u00e5 Nellemann Machinery erbjuder vi Kubota redskap till kompakttraktorer fr\u00e5n 20 - 40 hk. M\u00e5ngsidigheten g\u00f6r Kubota till det perfekta valet.","og_url":"https:\/\/nellemannmachinery.se\/produkt\/slagklippare-fox1600\/","og_site_name":"Nellemann Machinery","article_publisher":"https:\/\/www.facebook.com\/Nellemann-Machinery-718705991612962","article_modified_time":"2023-03-22T12:35:52+00:00","og_image":[{"width":635,"height":635,"url":"https:\/\/nellemannmachinery.se\/wp-content\/uploads\/2022\/10\/LX-Series_Grass_flail-mower_rear-1.jpg","type":"image\/jpeg"}],"twitter_card":"summary_large_image","schema":{"@context":"https:\/\/schema.org","@graph":[{"@type":"WebPage","@id":"https:\/\/nellemannmachinery.se\/produkt\/slagklippare-fox1600\/","url":"https:\/\/nellemannmachinery.se\/produkt\/slagklippare-fox1600\/","name":"Kubota slagklippare | Kubota redskap | NM","isPartOf":{"@id":"https:\/\/dev.nellemannmachinery.dk\/#website"},"primaryImageOfPage":{"@id":"https:\/\/nellemannmachinery.se\/produkt\/slagklippare-fox1600\/#primaryimage"},"image":{"@id":"https:\/\/nellemannmachinery.se\/produkt\/slagklippare-fox1600\/#primaryimage"},"thumbnailUrl":"https:\/\/dev.nellemannmachinery.dk\/wp-content\/uploads\/2022\/10\/LX-Series_Grass_flail-mower_rear-1.jpg","datePublished":"2022-10-18T10:50:53+00:00","dateModified":"2023-03-22T12:35:52+00:00","description":"P\u00e5 Nellemann Machinery erbjuder vi Kubota redskap till kompakttraktorer fr\u00e5n 20 - 40 hk. M\u00e5ngsidigheten g\u00f6r Kubota till det perfekta valet.","breadcrumb":{"@id":"https:\/\/nellemannmachinery.se\/produkt\/slagklippare-fox1600\/#breadcrumb"},"inLanguage":"sv-SE","potentialAction":[{"@type":"ReadAction","target":["https:\/\/nellemannmachinery.se\/produkt\/slagklippare-fox1600\/"]}]},{"@type":"ImageObject","inLanguage":"sv-SE","@id":"https:\/\/nellemannmachinery.se\/produkt\/slagklippare-fox1600\/#primaryimage","url":"https:\/\/dev.nellemannmachinery.dk\/wp-content\/uploads\/2022\/10\/LX-Series_Grass_flail-mower_rear-1.jpg","contentUrl":"https:\/\/dev.nellemannmachinery.dk\/wp-content\/uploads\/2022\/10\/LX-Series_Grass_flail-mower_rear-1.jpg","width":635,"height":635},{"@type":"BreadcrumbList","@id":"https:\/\/nellemannmachinery.se\/produkt\/slagklippare-fox1600\/#breadcrumb","itemListElement":[{"@type":"ListItem","position":1,"name":"Home","item":"https:\/\/nellemannmachinery.se\/"},{"@type":"ListItem","position":2,"name":"Shop","item":"https:\/\/dev.nellemannmachinery.dk\/shop\/"},{"@type":"ListItem","position":3,"name":"Slagklippare Fox 1600"}]},{"@type":"WebSite","@id":"https:\/\/dev.nellemannmachinery.dk\/#website","url":"https:\/\/dev.nellemannmachinery.dk\/","name":"Nellemann Machinery","description":"","publisher":{"@id":"https:\/\/dev.nellemannmachinery.dk\/#organization"},"potentialAction":[{"@type":"SearchAction","target":{"@type":"EntryPoint","urlTemplate":"https:\/\/dev.nellemannmachinery.dk\/?s={search_term_string}"},"query-input":{"@type":"PropertyValueSpecification","valueRequired":true,"valueName":"search_term_string"}}],"inLanguage":"sv-SE"},{"@type":"Organization","@id":"https:\/\/dev.nellemannmachinery.dk\/#organization","name":"Nellemann Machinery","url":"https:\/\/dev.nellemannmachinery.dk\/","logo":{"@type":"ImageObject","inLanguage":"sv-SE","@id":"https:\/\/dev.nellemannmachinery.dk\/#\/schema\/logo\/image\/","url":"https:\/\/dev.nellemannmachinery.dk\/wp-content\/uploads\/2020\/09\/logo-1.png","contentUrl":"https:\/\/dev.nellemannmachinery.dk\/wp-content\/uploads\/2020\/09\/logo-1.png","width":398,"height":71,"caption":"Nellemann Machinery"},"image":{"@id":"https:\/\/dev.nellemannmachinery.dk\/#\/schema\/logo\/image\/"},"sameAs":["https:\/\/www.facebook.com\/Nellemann-Machinery-718705991612962","https:\/\/www.instagram.com\/nellemannmachinery\/?hl=da","https:\/\/www.linkedin.com\/company\/svenningsens-maskinforretning-as\/about\/"]}]}},"_links":{"self":[{"href":"https:\/\/dev.nellemannmachinery.dk\/sv\/wp-json\/wp\/v2\/product\/16456","targetHints":{"allow":["GET"]}}],"collection":[{"href":"https:\/\/dev.nellemannmachinery.dk\/sv\/wp-json\/wp\/v2\/product"}],"about":[{"href":"https:\/\/dev.nellemannmachinery.dk\/sv\/wp-json\/wp\/v2\/types\/product"}],"wp:featuredmedia":[{"embeddable":true,"href":"https:\/\/dev.nellemannmachinery.dk\/sv\/wp-json\/wp\/v2\/media\/16461"}],"wp:attachment":[{"href":"https:\/\/dev.nellemannmachinery.dk\/sv\/wp-json\/wp\/v2\/media?parent=16456"}],"wp:term":[{"taxonomy":"product_brand","embeddable":true,"href":"https:\/\/dev.nellemannmachinery.dk\/sv\/wp-json\/wp\/v2\/product_brand?post=16456"},{"taxonomy":"product_cat","embeddable":true,"href":"https:\/\/dev.nellemannmachinery.dk\/sv\/wp-json\/wp\/v2\/product_cat?post=16456"},{"taxonomy":"product_tag","embeddable":true,"href":"https:\/\/dev.nellemannmachinery.dk\/sv\/wp-json\/wp\/v2\/product_tag?post=16456"}],"curies":[{"name":"wp","href":"https:\/\/api.w.org\/{rel}","templated":true}]}}