{"id":16464,"date":"2022-10-18T13:04:45","date_gmt":"2022-10-18T11:04:45","guid":{"rendered":"https:\/\/dev.nellemannmachinery.dk\/produkt\/slagklippare-fox1600-copy\/"},"modified":"2022-10-18T14:17:24","modified_gmt":"2022-10-18T12:17:24","slug":"slagklippare-uppsamlare-panther1600","status":"publish","type":"product","link":"https:\/\/dev.nellemannmachinery.dk\/sv\/produkt\/slagklippare-uppsamlare-panther1600\/","title":{"rendered":"Slagklippare med uppsamlare Panther 1600"},"excerpt":{"rendered":"<p>Slagklippare med uppsamlare anv\u00e4nds till att klippa gr\u00e4s, vertikalsk\u00e4ra och samla upp material tex l\u00f6v, spillning och gr\u00e4s.<\/p>\n<p><strong>3-punktsf\u00e4ste kat. 1<\/strong><\/p>\n<p><strong>F\u00f6r traktorer med 25-30 hk som t.ex.<\/strong><br \/>\n<strong>Kubota B2, LX, L1&amp; L2.<\/strong><\/p>\n<p><strong>Arbetsbredd 1,6 m<\/strong><\/p>\n<p><strong>Klipph\u00f6jd 3-8 cm<\/strong><\/p>\n<p><strong>Totalbredd 1,81 m<\/strong><\/p>\n<p><strong>Vikt 530 kg<\/strong><\/p>\n","protected":false},"featured_media":16470,"template":"","meta":{"_acf_changed":false,"inline_featured_image":false},"product_brand":[],"product_cat":[837,175],"product_tag":[],"class_list":{"0":"post-16464","1":"product","2":"type-product","3":"status-publish","4":"has-post-thumbnail","6":"product_cat-kubota","7":"product_cat-ovriga-redskap","8":"brand-kubota-produker","10":"first","11":"instock","12":"shipping-taxable","13":"product-type-simple"},"acf":[],"yoast_head":"<!-- This site is optimized with the Yoast SEO plugin v27.4 - https:\/\/yoast.com\/product\/yoast-seo-wordpress\/ -->\n<title>Slagklippare med uppsamlare Kubota - Nellemann Machinery<\/title>\n<meta name=\"description\" content=\"Slagklippare med uppsamlare anv\u00e4nds till att klippa gr\u00e4s, vertikalsk\u00e4ra och samla upp material tex l\u00f6v, spillning och gr\u00e4s.\" \/>\n<meta name=\"robots\" content=\"noindex, follow, max-snippet:-1, max-image-preview:large, max-video-preview:-1\" \/>\n<meta property=\"og:locale\" content=\"sv_SE\" \/>\n<meta property=\"og:type\" content=\"article\" \/>\n<meta property=\"og:title\" content=\"Slagklippare med uppsamlare Kubota - Nellemann Machinery\" \/>\n<meta property=\"og:description\" content=\"Slagklippare med uppsamlare anv\u00e4nds till att klippa gr\u00e4s, vertikalsk\u00e4ra och samla upp material tex l\u00f6v, spillning och gr\u00e4s.\" \/>\n<meta property=\"og:url\" content=\"https:\/\/nellemannmachinery.se\/produkt\/slagklippare-uppsamlare-panther1600\/\" \/>\n<meta property=\"og:site_name\" content=\"Nellemann Machinery\" \/>\n<meta property=\"article:publisher\" content=\"https:\/\/www.facebook.com\/Nellemann-Machinery-718705991612962\" \/>\n<meta property=\"article:modified_time\" content=\"2022-10-18T12:17:24+00:00\" \/>\n<meta property=\"og:image\" content=\"https:\/\/nellemannmachinery.se\/wp-content\/uploads\/2022\/10\/DSC5610-2.jpg\" \/>\n\t<meta property=\"og:image:width\" content=\"635\" \/>\n\t<meta property=\"og:image:height\" content=\"635\" \/>\n\t<meta property=\"og:image:type\" content=\"image\/jpeg\" \/>\n<meta name=\"twitter:card\" content=\"summary_large_image\" \/>\n<!-- \/ Yoast SEO plugin. -->","yoast_head_json":{"title":"Slagklippare med uppsamlare Kubota - Nellemann Machinery","description":"Slagklippare med uppsamlare anv\u00e4nds till att klippa gr\u00e4s, vertikalsk\u00e4ra och samla upp material tex l\u00f6v, spillning och gr\u00e4s.","robots":{"index":"noindex","follow":"follow","max-snippet":"max-snippet:-1","max-image-preview":"max-image-preview:large","max-video-preview":"max-video-preview:-1"},"og_locale":"sv_SE","og_type":"article","og_title":"Slagklippare med uppsamlare Kubota - Nellemann Machinery","og_description":"Slagklippare med uppsamlare anv\u00e4nds till att klippa gr\u00e4s, vertikalsk\u00e4ra och samla upp material tex l\u00f6v, spillning och gr\u00e4s.","og_url":"https:\/\/nellemannmachinery.se\/produkt\/slagklippare-uppsamlare-panther1600\/","og_site_name":"Nellemann Machinery","article_publisher":"https:\/\/www.facebook.com\/Nellemann-Machinery-718705991612962","article_modified_time":"2022-10-18T12:17:24+00:00","og_image":[{"width":635,"height":635,"url":"https:\/\/nellemannmachinery.se\/wp-content\/uploads\/2022\/10\/DSC5610-2.jpg","type":"image\/jpeg"}],"twitter_card":"summary_large_image","schema":{"@context":"https:\/\/schema.org","@graph":[{"@type":"WebPage","@id":"https:\/\/nellemannmachinery.se\/produkt\/slagklippare-uppsamlare-panther1600\/","url":"https:\/\/nellemannmachinery.se\/produkt\/slagklippare-uppsamlare-panther1600\/","name":"Slagklippare med uppsamlare Kubota - Nellemann Machinery","isPartOf":{"@id":"https:\/\/dev.nellemannmachinery.dk\/#website"},"primaryImageOfPage":{"@id":"https:\/\/nellemannmachinery.se\/produkt\/slagklippare-uppsamlare-panther1600\/#primaryimage"},"image":{"@id":"https:\/\/nellemannmachinery.se\/produkt\/slagklippare-uppsamlare-panther1600\/#primaryimage"},"thumbnailUrl":"https:\/\/dev.nellemannmachinery.dk\/wp-content\/uploads\/2022\/10\/DSC5610-2.jpg","datePublished":"2022-10-18T11:04:45+00:00","dateModified":"2022-10-18T12:17:24+00:00","description":"Slagklippare med uppsamlare anv\u00e4nds till att klippa gr\u00e4s, vertikalsk\u00e4ra och samla upp material tex l\u00f6v, spillning och gr\u00e4s.","breadcrumb":{"@id":"https:\/\/nellemannmachinery.se\/produkt\/slagklippare-uppsamlare-panther1600\/#breadcrumb"},"inLanguage":"sv-SE","potentialAction":[{"@type":"ReadAction","target":["https:\/\/nellemannmachinery.se\/produkt\/slagklippare-uppsamlare-panther1600\/"]}]},{"@type":"ImageObject","inLanguage":"sv-SE","@id":"https:\/\/nellemannmachinery.se\/produkt\/slagklippare-uppsamlare-panther1600\/#primaryimage","url":"https:\/\/dev.nellemannmachinery.dk\/wp-content\/uploads\/2022\/10\/DSC5610-2.jpg","contentUrl":"https:\/\/dev.nellemannmachinery.dk\/wp-content\/uploads\/2022\/10\/DSC5610-2.jpg","width":635,"height":635},{"@type":"BreadcrumbList","@id":"https:\/\/nellemannmachinery.se\/produkt\/slagklippare-uppsamlare-panther1600\/#breadcrumb","itemListElement":[{"@type":"ListItem","position":1,"name":"Home","item":"https:\/\/nellemannmachinery.se\/"},{"@type":"ListItem","position":2,"name":"Shop","item":"https:\/\/dev.nellemannmachinery.dk\/shop\/"},{"@type":"ListItem","position":3,"name":"Slagklippare med uppsamlare Panther 1600"}]},{"@type":"WebSite","@id":"https:\/\/dev.nellemannmachinery.dk\/#website","url":"https:\/\/dev.nellemannmachinery.dk\/","name":"Nellemann Machinery","description":"","publisher":{"@id":"https:\/\/dev.nellemannmachinery.dk\/#organization"},"potentialAction":[{"@type":"SearchAction","target":{"@type":"EntryPoint","urlTemplate":"https:\/\/dev.nellemannmachinery.dk\/?s={search_term_string}"},"query-input":{"@type":"PropertyValueSpecification","valueRequired":true,"valueName":"search_term_string"}}],"inLanguage":"sv-SE"},{"@type":"Organization","@id":"https:\/\/dev.nellemannmachinery.dk\/#organization","name":"Nellemann Machinery","url":"https:\/\/dev.nellemannmachinery.dk\/","logo":{"@type":"ImageObject","inLanguage":"sv-SE","@id":"https:\/\/dev.nellemannmachinery.dk\/#\/schema\/logo\/image\/","url":"https:\/\/dev.nellemannmachinery.dk\/wp-content\/uploads\/2020\/09\/logo-1.png","contentUrl":"https:\/\/dev.nellemannmachinery.dk\/wp-content\/uploads\/2020\/09\/logo-1.png","width":398,"height":71,"caption":"Nellemann Machinery"},"image":{"@id":"https:\/\/dev.nellemannmachinery.dk\/#\/schema\/logo\/image\/"},"sameAs":["https:\/\/www.facebook.com\/Nellemann-Machinery-718705991612962","https:\/\/www.instagram.com\/nellemannmachinery\/?hl=da","https:\/\/www.linkedin.com\/company\/svenningsens-maskinforretning-as\/about\/"]}]}},"_links":{"self":[{"href":"https:\/\/dev.nellemannmachinery.dk\/sv\/wp-json\/wp\/v2\/product\/16464","targetHints":{"allow":["GET"]}}],"collection":[{"href":"https:\/\/dev.nellemannmachinery.dk\/sv\/wp-json\/wp\/v2\/product"}],"about":[{"href":"https:\/\/dev.nellemannmachinery.dk\/sv\/wp-json\/wp\/v2\/types\/product"}],"wp:featuredmedia":[{"embeddable":true,"href":"https:\/\/dev.nellemannmachinery.dk\/sv\/wp-json\/wp\/v2\/media\/16470"}],"wp:attachment":[{"href":"https:\/\/dev.nellemannmachinery.dk\/sv\/wp-json\/wp\/v2\/media?parent=16464"}],"wp:term":[{"taxonomy":"product_brand","embeddable":true,"href":"https:\/\/dev.nellemannmachinery.dk\/sv\/wp-json\/wp\/v2\/product_brand?post=16464"},{"taxonomy":"product_cat","embeddable":true,"href":"https:\/\/dev.nellemannmachinery.dk\/sv\/wp-json\/wp\/v2\/product_cat?post=16464"},{"taxonomy":"product_tag","embeddable":true,"href":"https:\/\/dev.nellemannmachinery.dk\/sv\/wp-json\/wp\/v2\/product_tag?post=16464"}],"curies":[{"name":"wp","href":"https:\/\/api.w.org\/{rel}","templated":true}]}}