{"id":16469,"date":"2022-10-18T13:11:26","date_gmt":"2022-10-18T11:11:26","guid":{"rendered":"https:\/\/dev.nellemannmachinery.dk\/produkt\/slagklippare-fox1600-copy-copy\/"},"modified":"2022-10-18T14:18:18","modified_gmt":"2022-10-18T12:18:18","slug":"slagklippare-fox1600-copy-copy","status":"publish","type":"product","link":"https:\/\/dev.nellemannmachinery.dk\/sv\/produkt\/slagklippare-fox1600-copy-copy\/","title":{"rendered":"Slagklippare Fox Cross 1400"},"excerpt":{"rendered":"<p>Slagklippare har flera anv\u00e4ndningsomr\u00e5den men den st\u00f6rsta f\u00f6rdelen \u00e4r att man kommer \u00e5t omr\u00e5den som kan var sv\u00e5ra att klippa annars. En slaghack eller betesputs som det \u00e4ven kallas klarar en mer kuperad terr\u00e4ng och klipper \u00e4ven mindre buskar i st\u00f6rre utstr\u00e4ckning \u00e4n vad en rotorklippare g\u00f6r. Gr\u00e4sklippning av diken, hagar och andra gr\u00f6nytor \u00e4r utm\u00e4rkta anv\u00e4ndningsomr\u00e5den f\u00f6r din slagklippare. Det \u00e4r ett smidigt och enkelt s\u00e4tt att h\u00e5lla efter \u00e4ngen nedanf\u00f6r huset eller vid sommarstugan.<\/p>\n<p><strong>3-po\u00e4ngs f\u00e4ste kat. 1<\/strong><\/p>\n<p><strong>F\u00f6r traktorer med 30 hk som t.ex. <\/strong><br \/>\n<strong>Kubota B2, LX, L1 och L2<\/strong><\/p>\n<p><strong>Arbetsbredd 1,4 m<\/strong><\/p>\n<p><strong>Klipph\u00f6jd 2-8 cm<\/strong><\/p>\n<p><strong>Total bredd 1,65 m<\/strong><\/p>\n<p><strong>Vikt 270 kg<\/strong><\/p>\n<p><strong>Mekanisk sidof\u00f6rskjutning<\/strong><\/p>\n","protected":false},"featured_media":16466,"template":"","meta":{"_acf_changed":false,"inline_featured_image":false},"product_brand":[],"product_cat":[837,175],"product_tag":[],"class_list":{"0":"post-16469","1":"product","2":"type-product","3":"status-publish","4":"has-post-thumbnail","6":"product_cat-kubota","7":"product_cat-ovriga-redskap","8":"brand-kubota-produker","10":"first","11":"instock","12":"shipping-taxable","13":"product-type-simple"},"acf":[],"yoast_head":"<!-- This site is optimized with the Yoast SEO plugin v27.4 - https:\/\/yoast.com\/product\/yoast-seo-wordpress\/ -->\n<title>Slagklippare Kubota - Nellemann Machinery<\/title>\n<meta name=\"description\" content=\"Kubotas slagklippare har flera anv\u00e4ndningsomr\u00e5den men den st\u00f6rsta f\u00f6rdelen \u00e4r att man kommer \u00e5t omr\u00e5den som kan var sv\u00e5ra att klippa annars.\" \/>\n<meta name=\"robots\" content=\"noindex, follow, max-snippet:-1, max-image-preview:large, max-video-preview:-1\" \/>\n<meta property=\"og:locale\" content=\"sv_SE\" \/>\n<meta property=\"og:type\" content=\"article\" \/>\n<meta property=\"og:title\" content=\"Slagklippare Kubota - Nellemann Machinery\" \/>\n<meta property=\"og:description\" content=\"Kubotas slagklippare har flera anv\u00e4ndningsomr\u00e5den men den st\u00f6rsta f\u00f6rdelen \u00e4r att man kommer \u00e5t omr\u00e5den som kan var sv\u00e5ra att klippa annars.\" \/>\n<meta property=\"og:url\" content=\"https:\/\/nellemannmachinery.se\/produkt\/slagklippare-fox1600-copy-copy\/\" \/>\n<meta property=\"og:site_name\" content=\"Nellemann Machinery\" \/>\n<meta property=\"article:publisher\" content=\"https:\/\/www.facebook.com\/Nellemann-Machinery-718705991612962\" \/>\n<meta property=\"article:modified_time\" content=\"2022-10-18T12:18:18+00:00\" \/>\n<meta property=\"og:image\" content=\"https:\/\/nellemannmachinery.se\/wp-content\/uploads\/2022\/10\/L2_Flail-Mower_grass_rear3.jpg\" \/>\n\t<meta property=\"og:image:width\" content=\"635\" \/>\n\t<meta property=\"og:image:height\" content=\"635\" \/>\n\t<meta property=\"og:image:type\" content=\"image\/jpeg\" \/>\n<meta name=\"twitter:card\" content=\"summary_large_image\" \/>\n<!-- \/ Yoast SEO plugin. -->","yoast_head_json":{"title":"Slagklippare Kubota - Nellemann Machinery","description":"Kubotas slagklippare har flera anv\u00e4ndningsomr\u00e5den men den st\u00f6rsta f\u00f6rdelen \u00e4r att man kommer \u00e5t omr\u00e5den som kan var sv\u00e5ra att klippa annars.","robots":{"index":"noindex","follow":"follow","max-snippet":"max-snippet:-1","max-image-preview":"max-image-preview:large","max-video-preview":"max-video-preview:-1"},"og_locale":"sv_SE","og_type":"article","og_title":"Slagklippare Kubota - Nellemann Machinery","og_description":"Kubotas slagklippare har flera anv\u00e4ndningsomr\u00e5den men den st\u00f6rsta f\u00f6rdelen \u00e4r att man kommer \u00e5t omr\u00e5den som kan var sv\u00e5ra att klippa annars.","og_url":"https:\/\/nellemannmachinery.se\/produkt\/slagklippare-fox1600-copy-copy\/","og_site_name":"Nellemann Machinery","article_publisher":"https:\/\/www.facebook.com\/Nellemann-Machinery-718705991612962","article_modified_time":"2022-10-18T12:18:18+00:00","og_image":[{"width":635,"height":635,"url":"https:\/\/nellemannmachinery.se\/wp-content\/uploads\/2022\/10\/L2_Flail-Mower_grass_rear3.jpg","type":"image\/jpeg"}],"twitter_card":"summary_large_image","schema":{"@context":"https:\/\/schema.org","@graph":[{"@type":"WebPage","@id":"https:\/\/nellemannmachinery.se\/produkt\/slagklippare-fox1600-copy-copy\/","url":"https:\/\/nellemannmachinery.se\/produkt\/slagklippare-fox1600-copy-copy\/","name":"Slagklippare Kubota - Nellemann Machinery","isPartOf":{"@id":"https:\/\/dev.nellemannmachinery.dk\/#website"},"primaryImageOfPage":{"@id":"https:\/\/nellemannmachinery.se\/produkt\/slagklippare-fox1600-copy-copy\/#primaryimage"},"image":{"@id":"https:\/\/nellemannmachinery.se\/produkt\/slagklippare-fox1600-copy-copy\/#primaryimage"},"thumbnailUrl":"https:\/\/dev.nellemannmachinery.dk\/wp-content\/uploads\/2022\/10\/L2_Flail-Mower_grass_rear3.jpg","datePublished":"2022-10-18T11:11:26+00:00","dateModified":"2022-10-18T12:18:18+00:00","description":"Kubotas slagklippare har flera anv\u00e4ndningsomr\u00e5den men den st\u00f6rsta f\u00f6rdelen \u00e4r att man kommer \u00e5t omr\u00e5den som kan var sv\u00e5ra att klippa annars.","breadcrumb":{"@id":"https:\/\/nellemannmachinery.se\/produkt\/slagklippare-fox1600-copy-copy\/#breadcrumb"},"inLanguage":"sv-SE","potentialAction":[{"@type":"ReadAction","target":["https:\/\/nellemannmachinery.se\/produkt\/slagklippare-fox1600-copy-copy\/"]}]},{"@type":"ImageObject","inLanguage":"sv-SE","@id":"https:\/\/nellemannmachinery.se\/produkt\/slagklippare-fox1600-copy-copy\/#primaryimage","url":"https:\/\/dev.nellemannmachinery.dk\/wp-content\/uploads\/2022\/10\/L2_Flail-Mower_grass_rear3.jpg","contentUrl":"https:\/\/dev.nellemannmachinery.dk\/wp-content\/uploads\/2022\/10\/L2_Flail-Mower_grass_rear3.jpg","width":635,"height":635},{"@type":"BreadcrumbList","@id":"https:\/\/nellemannmachinery.se\/produkt\/slagklippare-fox1600-copy-copy\/#breadcrumb","itemListElement":[{"@type":"ListItem","position":1,"name":"Home","item":"https:\/\/nellemannmachinery.se\/"},{"@type":"ListItem","position":2,"name":"Shop","item":"https:\/\/dev.nellemannmachinery.dk\/shop\/"},{"@type":"ListItem","position":3,"name":"Slagklippare Fox Cross 1400"}]},{"@type":"WebSite","@id":"https:\/\/dev.nellemannmachinery.dk\/#website","url":"https:\/\/dev.nellemannmachinery.dk\/","name":"Nellemann Machinery","description":"","publisher":{"@id":"https:\/\/dev.nellemannmachinery.dk\/#organization"},"potentialAction":[{"@type":"SearchAction","target":{"@type":"EntryPoint","urlTemplate":"https:\/\/dev.nellemannmachinery.dk\/?s={search_term_string}"},"query-input":{"@type":"PropertyValueSpecification","valueRequired":true,"valueName":"search_term_string"}}],"inLanguage":"sv-SE"},{"@type":"Organization","@id":"https:\/\/dev.nellemannmachinery.dk\/#organization","name":"Nellemann Machinery","url":"https:\/\/dev.nellemannmachinery.dk\/","logo":{"@type":"ImageObject","inLanguage":"sv-SE","@id":"https:\/\/dev.nellemannmachinery.dk\/#\/schema\/logo\/image\/","url":"https:\/\/dev.nellemannmachinery.dk\/wp-content\/uploads\/2020\/09\/logo-1.png","contentUrl":"https:\/\/dev.nellemannmachinery.dk\/wp-content\/uploads\/2020\/09\/logo-1.png","width":398,"height":71,"caption":"Nellemann Machinery"},"image":{"@id":"https:\/\/dev.nellemannmachinery.dk\/#\/schema\/logo\/image\/"},"sameAs":["https:\/\/www.facebook.com\/Nellemann-Machinery-718705991612962","https:\/\/www.instagram.com\/nellemannmachinery\/?hl=da","https:\/\/www.linkedin.com\/company\/svenningsens-maskinforretning-as\/about\/"]}]}},"_links":{"self":[{"href":"https:\/\/dev.nellemannmachinery.dk\/sv\/wp-json\/wp\/v2\/product\/16469","targetHints":{"allow":["GET"]}}],"collection":[{"href":"https:\/\/dev.nellemannmachinery.dk\/sv\/wp-json\/wp\/v2\/product"}],"about":[{"href":"https:\/\/dev.nellemannmachinery.dk\/sv\/wp-json\/wp\/v2\/types\/product"}],"wp:featuredmedia":[{"embeddable":true,"href":"https:\/\/dev.nellemannmachinery.dk\/sv\/wp-json\/wp\/v2\/media\/16466"}],"wp:attachment":[{"href":"https:\/\/dev.nellemannmachinery.dk\/sv\/wp-json\/wp\/v2\/media?parent=16469"}],"wp:term":[{"taxonomy":"product_brand","embeddable":true,"href":"https:\/\/dev.nellemannmachinery.dk\/sv\/wp-json\/wp\/v2\/product_brand?post=16469"},{"taxonomy":"product_cat","embeddable":true,"href":"https:\/\/dev.nellemannmachinery.dk\/sv\/wp-json\/wp\/v2\/product_cat?post=16469"},{"taxonomy":"product_tag","embeddable":true,"href":"https:\/\/dev.nellemannmachinery.dk\/sv\/wp-json\/wp\/v2\/product_tag?post=16469"}],"curies":[{"name":"wp","href":"https:\/\/api.w.org\/{rel}","templated":true}]}}