{"id":17359,"date":"2023-01-17T14:37:55","date_gmt":"2023-01-17T12:37:55","guid":{"rendered":"https:\/\/dev.nellemannmachinery.dk\/?post_type=product&#038;p=17359"},"modified":"2023-09-12T14:22:32","modified_gmt":"2023-09-12T12:22:32","slug":"billy-goat-sc181","status":"publish","type":"product","link":"https:\/\/dev.nellemannmachinery.dk\/sv\/produkt\/billy-goat-sc181\/","title":{"rendered":"BILLY GOAT SC181"},"excerpt":{"rendered":"<p>Vill du ers\u00e4tta din gamla gr\u00e4smatta? Med hj\u00e4lp av Billy Goats torvsk\u00e4rare kan man l\u00e4tt ta upp gr\u00e4smatta i remsor, f\u00f6r att sedan rulla ihop. Denna maskin \u00e4r perfekt f\u00f6r m\u00e5nga anv\u00e4ndningsomr\u00e5den som tex golf, sportarenor, kyrkog\u00e5rdar, tr\u00e4dg\u00e5rdsanl\u00e4ggare och entrepren\u00f6rer. Torvsk\u00e4raren \u00e4r hydrostatisk driven med stegl\u00f6s hastighetsreglering fram och back. Den \u00e4r l\u00e4ttman\u00f6vrerad och g\u00e5r att variera mellan fixerat bakhjul f\u00f6r rakstr\u00e4ckor eller med fritt sv\u00e4ngande bakhjul. Tv\u00e5 separata drivhjul designade f\u00f6r att ge b\u00e4sta grepp \u00e4ven i sv\u00e5ra f\u00f6rh\u00e5llande.<\/p>\n<p><a href=\"https:\/\/www.billygoat.com\/na\/en_us\/support\/videos\/browse\/next-gen-18-hydrodrive-sod-cutter.html\">https:\/\/www.billygoat.com\/na\/en_us\/support\/videos\/browse\/next-gen-18-hydrodrive-sod-cutter.html<\/a><\/p>\n<p>Motor: Honda GXV160, 5,5 hk<br \/>\nArbetsbredd: 18\u201d, 460 mm<br \/>\nVikt: 177 kg<br \/>\nL\u00e4ngd: 1524 mm<br \/>\nMax sk\u00e4rdjup: 64 mm<br \/>\nTillval: Drivrullar f\u00f6r golf (knobby)<\/p>\n","protected":false},"featured_media":17580,"template":"","meta":{"_acf_changed":false,"inline_featured_image":false},"product_brand":[],"product_cat":[169,923],"product_tag":[],"class_list":{"0":"post-17359","1":"product","2":"type-product","3":"status-publish","4":"has-post-thumbnail","6":"product_cat-mindre-maskiner-billy-goat-effektiva-lovsug-lovblas","7":"product_cat-torvskarare","8":"brand-billy-goat-sv","10":"first","11":"instock","12":"shipping-taxable","13":"product-type-simple"},"acf":[],"yoast_head":"<!-- This site is optimized with the Yoast SEO plugin v27.4 - https:\/\/yoast.com\/product\/yoast-seo-wordpress\/ -->\n<title>Billy Goat Torvsk\u00e4rare - Nellemann Machinery<\/title>\n<meta name=\"description\" content=\"Billy Goats torvsk\u00e4rare tar l\u00e4tt ta upp gr\u00e4smatta i remsor, denna maskin \u00e4r perfekt f\u00f6r golf, sportarenor, kyrkog\u00e5rdar, tr\u00e4dg\u00e5rdsanl\u00e4ggare entrepren\u00f6rer\" \/>\n<meta name=\"robots\" content=\"noindex, follow, max-snippet:-1, max-image-preview:large, max-video-preview:-1\" \/>\n<meta property=\"og:locale\" content=\"sv_SE\" \/>\n<meta property=\"og:type\" content=\"article\" \/>\n<meta property=\"og:title\" content=\"Billy Goat Torvsk\u00e4rare - Nellemann Machinery\" \/>\n<meta property=\"og:description\" content=\"Billy Goats torvsk\u00e4rare tar l\u00e4tt ta upp gr\u00e4smatta i remsor, denna maskin \u00e4r perfekt f\u00f6r golf, sportarenor, kyrkog\u00e5rdar, tr\u00e4dg\u00e5rdsanl\u00e4ggare entrepren\u00f6rer\" \/>\n<meta property=\"og:url\" content=\"https:\/\/nellemannmachinery.se\/produkt\/billy-goat-sc181\/\" \/>\n<meta property=\"og:site_name\" content=\"Nellemann Machinery\" \/>\n<meta property=\"article:publisher\" content=\"https:\/\/www.facebook.com\/Nellemann-Machinery-718705991612962\" \/>\n<meta property=\"article:modified_time\" content=\"2023-09-12T12:22:32+00:00\" \/>\n<meta property=\"og:image\" content=\"https:\/\/nellemannmachinery.se\/wp-content\/uploads\/2023\/01\/Sod-Cutter2.png\" \/>\n\t<meta property=\"og:image:width\" content=\"800\" \/>\n\t<meta property=\"og:image:height\" content=\"400\" \/>\n\t<meta property=\"og:image:type\" content=\"image\/png\" \/>\n<meta name=\"twitter:card\" content=\"summary_large_image\" \/>\n<!-- \/ Yoast SEO plugin. -->","yoast_head_json":{"title":"Billy Goat Torvsk\u00e4rare - Nellemann Machinery","description":"Billy Goats torvsk\u00e4rare tar l\u00e4tt ta upp gr\u00e4smatta i remsor, denna maskin \u00e4r perfekt f\u00f6r golf, sportarenor, kyrkog\u00e5rdar, tr\u00e4dg\u00e5rdsanl\u00e4ggare entrepren\u00f6rer","robots":{"index":"noindex","follow":"follow","max-snippet":"max-snippet:-1","max-image-preview":"max-image-preview:large","max-video-preview":"max-video-preview:-1"},"og_locale":"sv_SE","og_type":"article","og_title":"Billy Goat Torvsk\u00e4rare - Nellemann Machinery","og_description":"Billy Goats torvsk\u00e4rare tar l\u00e4tt ta upp gr\u00e4smatta i remsor, denna maskin \u00e4r perfekt f\u00f6r golf, sportarenor, kyrkog\u00e5rdar, tr\u00e4dg\u00e5rdsanl\u00e4ggare entrepren\u00f6rer","og_url":"https:\/\/nellemannmachinery.se\/produkt\/billy-goat-sc181\/","og_site_name":"Nellemann Machinery","article_publisher":"https:\/\/www.facebook.com\/Nellemann-Machinery-718705991612962","article_modified_time":"2023-09-12T12:22:32+00:00","og_image":[{"width":800,"height":400,"url":"https:\/\/nellemannmachinery.se\/wp-content\/uploads\/2023\/01\/Sod-Cutter2.png","type":"image\/png"}],"twitter_card":"summary_large_image","schema":{"@context":"https:\/\/schema.org","@graph":[{"@type":"WebPage","@id":"https:\/\/nellemannmachinery.se\/produkt\/billy-goat-sc181\/","url":"https:\/\/nellemannmachinery.se\/produkt\/billy-goat-sc181\/","name":"Billy Goat Torvsk\u00e4rare - Nellemann Machinery","isPartOf":{"@id":"https:\/\/dev.nellemannmachinery.dk\/#website"},"primaryImageOfPage":{"@id":"https:\/\/nellemannmachinery.se\/produkt\/billy-goat-sc181\/#primaryimage"},"image":{"@id":"https:\/\/nellemannmachinery.se\/produkt\/billy-goat-sc181\/#primaryimage"},"thumbnailUrl":"https:\/\/dev.nellemannmachinery.dk\/wp-content\/uploads\/2023\/01\/Sod-Cutter2.png","datePublished":"2023-01-17T12:37:55+00:00","dateModified":"2023-09-12T12:22:32+00:00","description":"Billy Goats torvsk\u00e4rare tar l\u00e4tt ta upp gr\u00e4smatta i remsor, denna maskin \u00e4r perfekt f\u00f6r golf, sportarenor, kyrkog\u00e5rdar, tr\u00e4dg\u00e5rdsanl\u00e4ggare entrepren\u00f6rer","breadcrumb":{"@id":"https:\/\/nellemannmachinery.se\/produkt\/billy-goat-sc181\/#breadcrumb"},"inLanguage":"sv-SE","potentialAction":[{"@type":"ReadAction","target":["https:\/\/nellemannmachinery.se\/produkt\/billy-goat-sc181\/"]}]},{"@type":"ImageObject","inLanguage":"sv-SE","@id":"https:\/\/nellemannmachinery.se\/produkt\/billy-goat-sc181\/#primaryimage","url":"https:\/\/dev.nellemannmachinery.dk\/wp-content\/uploads\/2023\/01\/Sod-Cutter2.png","contentUrl":"https:\/\/dev.nellemannmachinery.dk\/wp-content\/uploads\/2023\/01\/Sod-Cutter2.png","width":800,"height":400},{"@type":"BreadcrumbList","@id":"https:\/\/nellemannmachinery.se\/produkt\/billy-goat-sc181\/#breadcrumb","itemListElement":[{"@type":"ListItem","position":1,"name":"Home","item":"https:\/\/nellemannmachinery.se\/"},{"@type":"ListItem","position":2,"name":"Shop","item":"https:\/\/dev.nellemannmachinery.dk\/shop\/"},{"@type":"ListItem","position":3,"name":"BILLY GOAT SC181"}]},{"@type":"WebSite","@id":"https:\/\/dev.nellemannmachinery.dk\/#website","url":"https:\/\/dev.nellemannmachinery.dk\/","name":"Nellemann Machinery","description":"","publisher":{"@id":"https:\/\/dev.nellemannmachinery.dk\/#organization"},"potentialAction":[{"@type":"SearchAction","target":{"@type":"EntryPoint","urlTemplate":"https:\/\/dev.nellemannmachinery.dk\/?s={search_term_string}"},"query-input":{"@type":"PropertyValueSpecification","valueRequired":true,"valueName":"search_term_string"}}],"inLanguage":"sv-SE"},{"@type":"Organization","@id":"https:\/\/dev.nellemannmachinery.dk\/#organization","name":"Nellemann Machinery","url":"https:\/\/dev.nellemannmachinery.dk\/","logo":{"@type":"ImageObject","inLanguage":"sv-SE","@id":"https:\/\/dev.nellemannmachinery.dk\/#\/schema\/logo\/image\/","url":"https:\/\/dev.nellemannmachinery.dk\/wp-content\/uploads\/2020\/09\/logo-1.png","contentUrl":"https:\/\/dev.nellemannmachinery.dk\/wp-content\/uploads\/2020\/09\/logo-1.png","width":398,"height":71,"caption":"Nellemann Machinery"},"image":{"@id":"https:\/\/dev.nellemannmachinery.dk\/#\/schema\/logo\/image\/"},"sameAs":["https:\/\/www.facebook.com\/Nellemann-Machinery-718705991612962","https:\/\/www.instagram.com\/nellemannmachinery\/?hl=da","https:\/\/www.linkedin.com\/company\/svenningsens-maskinforretning-as\/about\/"]}]}},"_links":{"self":[{"href":"https:\/\/dev.nellemannmachinery.dk\/sv\/wp-json\/wp\/v2\/product\/17359","targetHints":{"allow":["GET"]}}],"collection":[{"href":"https:\/\/dev.nellemannmachinery.dk\/sv\/wp-json\/wp\/v2\/product"}],"about":[{"href":"https:\/\/dev.nellemannmachinery.dk\/sv\/wp-json\/wp\/v2\/types\/product"}],"wp:featuredmedia":[{"embeddable":true,"href":"https:\/\/dev.nellemannmachinery.dk\/sv\/wp-json\/wp\/v2\/media\/17580"}],"wp:attachment":[{"href":"https:\/\/dev.nellemannmachinery.dk\/sv\/wp-json\/wp\/v2\/media?parent=17359"}],"wp:term":[{"taxonomy":"product_brand","embeddable":true,"href":"https:\/\/dev.nellemannmachinery.dk\/sv\/wp-json\/wp\/v2\/product_brand?post=17359"},{"taxonomy":"product_cat","embeddable":true,"href":"https:\/\/dev.nellemannmachinery.dk\/sv\/wp-json\/wp\/v2\/product_cat?post=17359"},{"taxonomy":"product_tag","embeddable":true,"href":"https:\/\/dev.nellemannmachinery.dk\/sv\/wp-json\/wp\/v2\/product_tag?post=17359"}],"curies":[{"name":"wp","href":"https:\/\/api.w.org\/{rel}","templated":true}]}}