{"id":18871,"date":"2023-09-11T14:05:45","date_gmt":"2023-09-11T12:05:45","guid":{"rendered":"https:\/\/dev.nellemannmachinery.dk\/?post_type=product&#038;p=18871"},"modified":"2023-09-12T14:24:15","modified_gmt":"2023-09-12T12:24:15","slug":"z1-421","status":"publish","type":"product","link":"https:\/\/dev.nellemannmachinery.dk\/sv\/produkt\/z1-421\/","title":{"rendered":"Kubota Z1-421"},"excerpt":{"rendered":"<p>Det finns mycket att gilla med den nya spakstyrda rotorklipparen Z1-421 fr\u00e5n<strong> Kubota. <\/strong>Den kraftfulla Kawasakimotor, robusta transmissionen och den starka ramen p\u00e5 Z1-421 g\u00f6r att du lugnt och tryggt kan ta dig an de tuffaste jobben.<\/p>\n<p>Ett 42 \u201d kraftigt svetsat\u00a0<strong>klippaggregat<\/strong> med sidoutkast ger h\u00f6g avverkning \u00e4ven i h\u00f6gt gr\u00e4s och en j\u00e4mn f\u00f6rdelning av gr\u00e4sklippet. Aggregatet kan \u00e4ven utrustas med mulcher (bioklipp) f\u00f6r finare ytor och klipph\u00f6jden regleras fr\u00e5n f\u00f6rars\u00e4tet med en enkel vridning p\u00e5 reglaget.<\/p>\n<p>Mjuk och rymlig stol med h\u00f6gt ryggst\u00f6d l\u00e5ter dig jobba bekv\u00e4mt under de l\u00e4ngsta arbetsdagar. Det finns gott om benutrymme p\u00e5 den breda plattformen vilket g\u00f6r det l\u00e4tt att kliva p\u00e5 och av maskinen.<\/p>\n<p>Inga sm\u00f6rjpunkter betyder enklare underh\u00e5ll och minskat servicebehov. Enkelt underh\u00e5ll av motorn d\u00e5 luft och oljefilter n\u00e5s l\u00e4tt utan att n\u00e5gra skyddspl\u00e5tar beh\u00f6ver tas bort.<\/p>\n<p>&nbsp;<\/p>\n<p>&nbsp;<\/p>\n","protected":false},"featured_media":18878,"template":"","meta":{"_acf_changed":false,"inline_featured_image":false},"product_brand":[],"product_cat":[159,187],"product_tag":[],"class_list":{"0":"post-18871","1":"product","2":"type-product","3":"status-publish","4":"has-post-thumbnail","6":"product_cat-grasklippare","7":"product_cat-gronytemaskiner","8":"brand-kubota-produker","10":"first","11":"instock","12":"shipping-taxable","13":"product-type-simple"},"acf":[],"yoast_head":"<!-- This site is optimized with the Yoast SEO plugin v27.4 - https:\/\/yoast.com\/product\/yoast-seo-wordpress\/ -->\n<title>Ny Kubota Kubota Z1-421 - noll v\u00e4ndradie f\u00f6r \u00f6verl\u00e4gset b\u00e4sta resultat<\/title>\n<meta name=\"description\" content=\"Nellemann Machinery presenterar helt nya Z1-421 med 42&quot; klippaggregat. Man\u00f6vrera in och ut ur tr\u00e5nga utrymmen smidigt och enkelt. Utf\u00f6r jobbet effektivt!\" \/>\n<meta name=\"robots\" content=\"noindex, follow, max-snippet:-1, max-image-preview:large, max-video-preview:-1\" \/>\n<meta property=\"og:locale\" content=\"sv_SE\" \/>\n<meta property=\"og:type\" content=\"article\" \/>\n<meta property=\"og:title\" content=\"Ny Kubota Kubota Z1-421 - noll v\u00e4ndradie f\u00f6r \u00f6verl\u00e4gset b\u00e4sta resultat\" \/>\n<meta property=\"og:description\" content=\"Nellemann Machinery presenterar helt nya Z1-421 med 42&quot; klippaggregat. Man\u00f6vrera in och ut ur tr\u00e5nga utrymmen smidigt och enkelt. Utf\u00f6r jobbet effektivt!\" \/>\n<meta property=\"og:url\" content=\"https:\/\/nellemannmachinery.se\/produkt\/z1-421\/\" \/>\n<meta property=\"og:site_name\" content=\"Nellemann Machinery\" \/>\n<meta property=\"article:publisher\" content=\"https:\/\/www.facebook.com\/Nellemann-Machinery-718705991612962\" \/>\n<meta property=\"article:modified_time\" content=\"2023-09-12T12:24:15+00:00\" \/>\n<meta property=\"og:image\" content=\"https:\/\/nellemannmachinery.se\/wp-content\/uploads\/2023\/09\/Z1-421_STUDIO_001.jpg\" \/>\n\t<meta property=\"og:image:width\" content=\"2000\" \/>\n\t<meta property=\"og:image:height\" content=\"1333\" \/>\n\t<meta property=\"og:image:type\" content=\"image\/jpeg\" \/>\n<meta name=\"twitter:card\" content=\"summary_large_image\" \/>\n<!-- \/ Yoast SEO plugin. -->","yoast_head_json":{"title":"Ny Kubota Kubota Z1-421 - noll v\u00e4ndradie f\u00f6r \u00f6verl\u00e4gset b\u00e4sta resultat","description":"Nellemann Machinery presenterar helt nya Z1-421 med 42\" klippaggregat. Man\u00f6vrera in och ut ur tr\u00e5nga utrymmen smidigt och enkelt. Utf\u00f6r jobbet effektivt!","robots":{"index":"noindex","follow":"follow","max-snippet":"max-snippet:-1","max-image-preview":"max-image-preview:large","max-video-preview":"max-video-preview:-1"},"og_locale":"sv_SE","og_type":"article","og_title":"Ny Kubota Kubota Z1-421 - noll v\u00e4ndradie f\u00f6r \u00f6verl\u00e4gset b\u00e4sta resultat","og_description":"Nellemann Machinery presenterar helt nya Z1-421 med 42\" klippaggregat. Man\u00f6vrera in och ut ur tr\u00e5nga utrymmen smidigt och enkelt. Utf\u00f6r jobbet effektivt!","og_url":"https:\/\/nellemannmachinery.se\/produkt\/z1-421\/","og_site_name":"Nellemann Machinery","article_publisher":"https:\/\/www.facebook.com\/Nellemann-Machinery-718705991612962","article_modified_time":"2023-09-12T12:24:15+00:00","og_image":[{"width":2000,"height":1333,"url":"https:\/\/nellemannmachinery.se\/wp-content\/uploads\/2023\/09\/Z1-421_STUDIO_001.jpg","type":"image\/jpeg"}],"twitter_card":"summary_large_image","schema":{"@context":"https:\/\/schema.org","@graph":[{"@type":"WebPage","@id":"https:\/\/nellemannmachinery.se\/produkt\/z1-421\/","url":"https:\/\/nellemannmachinery.se\/produkt\/z1-421\/","name":"Ny Kubota Kubota Z1-421 - noll v\u00e4ndradie f\u00f6r \u00f6verl\u00e4gset b\u00e4sta resultat","isPartOf":{"@id":"https:\/\/dev.nellemannmachinery.dk\/#website"},"primaryImageOfPage":{"@id":"https:\/\/nellemannmachinery.se\/produkt\/z1-421\/#primaryimage"},"image":{"@id":"https:\/\/nellemannmachinery.se\/produkt\/z1-421\/#primaryimage"},"thumbnailUrl":"https:\/\/dev.nellemannmachinery.dk\/wp-content\/uploads\/2023\/09\/Z1-421_STUDIO_001.jpg","datePublished":"2023-09-11T12:05:45+00:00","dateModified":"2023-09-12T12:24:15+00:00","description":"Nellemann Machinery presenterar helt nya Z1-421 med 42\" klippaggregat. Man\u00f6vrera in och ut ur tr\u00e5nga utrymmen smidigt och enkelt. Utf\u00f6r jobbet effektivt!","breadcrumb":{"@id":"https:\/\/nellemannmachinery.se\/produkt\/z1-421\/#breadcrumb"},"inLanguage":"sv-SE","potentialAction":[{"@type":"ReadAction","target":["https:\/\/nellemannmachinery.se\/produkt\/z1-421\/"]}]},{"@type":"ImageObject","inLanguage":"sv-SE","@id":"https:\/\/nellemannmachinery.se\/produkt\/z1-421\/#primaryimage","url":"https:\/\/dev.nellemannmachinery.dk\/wp-content\/uploads\/2023\/09\/Z1-421_STUDIO_001.jpg","contentUrl":"https:\/\/dev.nellemannmachinery.dk\/wp-content\/uploads\/2023\/09\/Z1-421_STUDIO_001.jpg","width":2000,"height":1333},{"@type":"BreadcrumbList","@id":"https:\/\/nellemannmachinery.se\/produkt\/z1-421\/#breadcrumb","itemListElement":[{"@type":"ListItem","position":1,"name":"Home","item":"https:\/\/nellemannmachinery.se\/"},{"@type":"ListItem","position":2,"name":"Shop","item":"https:\/\/dev.nellemannmachinery.dk\/shop\/"},{"@type":"ListItem","position":3,"name":"Kubota Z1-421"}]},{"@type":"WebSite","@id":"https:\/\/dev.nellemannmachinery.dk\/#website","url":"https:\/\/dev.nellemannmachinery.dk\/","name":"Nellemann Machinery","description":"","publisher":{"@id":"https:\/\/dev.nellemannmachinery.dk\/#organization"},"potentialAction":[{"@type":"SearchAction","target":{"@type":"EntryPoint","urlTemplate":"https:\/\/dev.nellemannmachinery.dk\/?s={search_term_string}"},"query-input":{"@type":"PropertyValueSpecification","valueRequired":true,"valueName":"search_term_string"}}],"inLanguage":"sv-SE"},{"@type":"Organization","@id":"https:\/\/dev.nellemannmachinery.dk\/#organization","name":"Nellemann Machinery","url":"https:\/\/dev.nellemannmachinery.dk\/","logo":{"@type":"ImageObject","inLanguage":"sv-SE","@id":"https:\/\/dev.nellemannmachinery.dk\/#\/schema\/logo\/image\/","url":"https:\/\/dev.nellemannmachinery.dk\/wp-content\/uploads\/2020\/09\/logo-1.png","contentUrl":"https:\/\/dev.nellemannmachinery.dk\/wp-content\/uploads\/2020\/09\/logo-1.png","width":398,"height":71,"caption":"Nellemann Machinery"},"image":{"@id":"https:\/\/dev.nellemannmachinery.dk\/#\/schema\/logo\/image\/"},"sameAs":["https:\/\/www.facebook.com\/Nellemann-Machinery-718705991612962","https:\/\/www.instagram.com\/nellemannmachinery\/?hl=da","https:\/\/www.linkedin.com\/company\/svenningsens-maskinforretning-as\/about\/"]}]}},"_links":{"self":[{"href":"https:\/\/dev.nellemannmachinery.dk\/sv\/wp-json\/wp\/v2\/product\/18871","targetHints":{"allow":["GET"]}}],"collection":[{"href":"https:\/\/dev.nellemannmachinery.dk\/sv\/wp-json\/wp\/v2\/product"}],"about":[{"href":"https:\/\/dev.nellemannmachinery.dk\/sv\/wp-json\/wp\/v2\/types\/product"}],"wp:featuredmedia":[{"embeddable":true,"href":"https:\/\/dev.nellemannmachinery.dk\/sv\/wp-json\/wp\/v2\/media\/18878"}],"wp:attachment":[{"href":"https:\/\/dev.nellemannmachinery.dk\/sv\/wp-json\/wp\/v2\/media?parent=18871"}],"wp:term":[{"taxonomy":"product_brand","embeddable":true,"href":"https:\/\/dev.nellemannmachinery.dk\/sv\/wp-json\/wp\/v2\/product_brand?post=18871"},{"taxonomy":"product_cat","embeddable":true,"href":"https:\/\/dev.nellemannmachinery.dk\/sv\/wp-json\/wp\/v2\/product_cat?post=18871"},{"taxonomy":"product_tag","embeddable":true,"href":"https:\/\/dev.nellemannmachinery.dk\/sv\/wp-json\/wp\/v2\/product_tag?post=18871"}],"curies":[{"name":"wp","href":"https:\/\/api.w.org\/{rel}","templated":true}]}}