{"id":2089,"date":"2020-06-24T09:27:46","date_gmt":"2020-06-24T07:27:46","guid":{"rendered":"https:\/\/dev.nellemannmachinery.dk\/produkt\/m5-091\/"},"modified":"2022-03-11T14:35:36","modified_gmt":"2022-03-11T12:35:36","slug":"kubota-m5091-traktor-proffesionell","status":"publish","type":"product","link":"https:\/\/dev.nellemannmachinery.dk\/sv\/produkt\/kubota-m5091-traktor-proffesionell\/","title":{"rendered":"Kubota M5092"},"excerpt":{"rendered":"<p>https:\/\/www.youtube.com\/watch?v=uGaO6S7-O80&amp;t=46s<\/p>\n<div class=\"mtt-single-product__brand-wrap\"><a href=\"https:\/\/nellemannmachinery.se\/brand\/kubota-no-sv\/\"><img decoding=\"async\" src=\"https:\/\/nellemannmachinery.se\/wp-content\/uploads\/2020\/09\/LOGO_Wordmark_black.png\" alt=\"Kubota\" \/><\/a><\/div>\n<h1 class=\"product_title entry-title\">KUBOTA M5092<\/h1>\n<div class=\"woocommerce-product-details__short-description\">\n<p><strong>Kubota M5002 \u00e4r den smarta<\/strong>\u00a0allt-i-allon i sin klass. En mycket smidig professionell traktor som bevisar att \u00e4kta storhet kommer inifr\u00e5n. Med den kraftfulla motorn, en smidig transmission, h\u00f6g markfrig\u00e5ng och exceptionellt enkla man\u00f6verreglage blir den snabbt oumb\u00e4rlig i det dagliga arbetet. Effektivisera din vardag och l\u00e5t traktorn utf\u00f6ra de tuffa jobben.<\/p>\n<\/div>\n","protected":false},"featured_media":14318,"template":"","meta":{"_acf_changed":false,"inline_featured_image":false},"product_brand":[],"product_cat":[165],"product_tag":[150,472,638,771,489],"class_list":{"0":"post-2089","1":"product","2":"type-product","3":"status-publish","4":"has-post-thumbnail","6":"product_cat-kubota-traktorer-kubota-lantbrukstraktorer-m-serie-nm","7":"product_tag-kubota","8":"product_tag-lantbruk","9":"product_tag-m5-092","10":"product_tag-m5092","11":"product_tag-traktor","12":"brand-kubota-produker","14":"first","15":"instock","16":"shipping-taxable","17":"product-type-simple"},"acf":[],"yoast_head":"<!-- This site is optimized with the Yoast SEO plugin v27.4 - https:\/\/yoast.com\/product\/yoast-seo-wordpress\/ -->\n<title>Kubota M5092 - Nellemann Machinery Kubota Traktor M5091 Smidig<\/title>\n<meta name=\"description\" content=\"Kubota M5091 \u00e4r den smarta allt-i-allon i sin klass. En mycket smidig professionell traktor som bevisar att \u00e4kta storhet kommer inifr\u00e5n.\" \/>\n<meta name=\"robots\" content=\"noindex, follow, max-snippet:-1, max-image-preview:large, max-video-preview:-1\" \/>\n<meta property=\"og:locale\" content=\"sv_SE\" \/>\n<meta property=\"og:type\" content=\"article\" \/>\n<meta property=\"og:title\" content=\"Kubota M5092 - Nellemann Machinery Kubota Traktor M5091 Smidig\" \/>\n<meta property=\"og:description\" content=\"Kubota M5091 \u00e4r den smarta allt-i-allon i sin klass. En mycket smidig professionell traktor som bevisar att \u00e4kta storhet kommer inifr\u00e5n.\" \/>\n<meta property=\"og:url\" content=\"https:\/\/nellemannmachinery.se\/produkt\/kubota-m5091-traktor-proffesionell\/\" \/>\n<meta property=\"og:site_name\" content=\"Nellemann Machinery\" \/>\n<meta property=\"article:publisher\" content=\"https:\/\/www.facebook.com\/Nellemann-Machinery-718705991612962\" \/>\n<meta property=\"article:modified_time\" content=\"2022-03-11T12:35:36+00:00\" \/>\n<meta property=\"og:image\" content=\"https:\/\/nellemannmachinery.se\/wp-content\/uploads\/2020\/06\/M5092-ny-800_600_Studio_side_right.jpg\" \/>\n\t<meta property=\"og:image:width\" content=\"800\" \/>\n\t<meta property=\"og:image:height\" content=\"600\" \/>\n\t<meta property=\"og:image:type\" content=\"image\/jpeg\" \/>\n<meta name=\"twitter:card\" content=\"summary_large_image\" \/>\n<!-- \/ Yoast SEO plugin. -->","yoast_head_json":{"title":"Kubota M5092 - Nellemann Machinery Kubota Traktor M5091 Smidig","description":"Kubota M5091 \u00e4r den smarta allt-i-allon i sin klass. En mycket smidig professionell traktor som bevisar att \u00e4kta storhet kommer inifr\u00e5n.","robots":{"index":"noindex","follow":"follow","max-snippet":"max-snippet:-1","max-image-preview":"max-image-preview:large","max-video-preview":"max-video-preview:-1"},"og_locale":"sv_SE","og_type":"article","og_title":"Kubota M5092 - Nellemann Machinery Kubota Traktor M5091 Smidig","og_description":"Kubota M5091 \u00e4r den smarta allt-i-allon i sin klass. En mycket smidig professionell traktor som bevisar att \u00e4kta storhet kommer inifr\u00e5n.","og_url":"https:\/\/nellemannmachinery.se\/produkt\/kubota-m5091-traktor-proffesionell\/","og_site_name":"Nellemann Machinery","article_publisher":"https:\/\/www.facebook.com\/Nellemann-Machinery-718705991612962","article_modified_time":"2022-03-11T12:35:36+00:00","og_image":[{"width":800,"height":600,"url":"https:\/\/nellemannmachinery.se\/wp-content\/uploads\/2020\/06\/M5092-ny-800_600_Studio_side_right.jpg","type":"image\/jpeg"}],"twitter_card":"summary_large_image","schema":{"@context":"https:\/\/schema.org","@graph":[{"@type":"WebPage","@id":"https:\/\/nellemannmachinery.se\/produkt\/kubota-m5091-traktor-proffesionell\/","url":"https:\/\/nellemannmachinery.se\/produkt\/kubota-m5091-traktor-proffesionell\/","name":"Kubota M5092 - Nellemann Machinery Kubota Traktor M5091 Smidig","isPartOf":{"@id":"https:\/\/dev.nellemannmachinery.dk\/#website"},"primaryImageOfPage":{"@id":"https:\/\/nellemannmachinery.se\/produkt\/kubota-m5091-traktor-proffesionell\/#primaryimage"},"image":{"@id":"https:\/\/nellemannmachinery.se\/produkt\/kubota-m5091-traktor-proffesionell\/#primaryimage"},"thumbnailUrl":"https:\/\/dev.nellemannmachinery.dk\/wp-content\/uploads\/2020\/06\/M5092-ny-800_600_Studio_side_right.jpg","datePublished":"2020-06-24T07:27:46+00:00","dateModified":"2022-03-11T12:35:36+00:00","description":"Kubota M5091 \u00e4r den smarta allt-i-allon i sin klass. En mycket smidig professionell traktor som bevisar att \u00e4kta storhet kommer inifr\u00e5n.","breadcrumb":{"@id":"https:\/\/nellemannmachinery.se\/produkt\/kubota-m5091-traktor-proffesionell\/#breadcrumb"},"inLanguage":"sv-SE","potentialAction":[{"@type":"ReadAction","target":["https:\/\/nellemannmachinery.se\/produkt\/kubota-m5091-traktor-proffesionell\/"]}]},{"@type":"ImageObject","inLanguage":"sv-SE","@id":"https:\/\/nellemannmachinery.se\/produkt\/kubota-m5091-traktor-proffesionell\/#primaryimage","url":"https:\/\/dev.nellemannmachinery.dk\/wp-content\/uploads\/2020\/06\/M5092-ny-800_600_Studio_side_right.jpg","contentUrl":"https:\/\/dev.nellemannmachinery.dk\/wp-content\/uploads\/2020\/06\/M5092-ny-800_600_Studio_side_right.jpg","width":800,"height":600},{"@type":"BreadcrumbList","@id":"https:\/\/nellemannmachinery.se\/produkt\/kubota-m5091-traktor-proffesionell\/#breadcrumb","itemListElement":[{"@type":"ListItem","position":1,"name":"Home","item":"https:\/\/nellemannmachinery.se\/"},{"@type":"ListItem","position":2,"name":"Shop","item":"https:\/\/dev.nellemannmachinery.dk\/shop\/"},{"@type":"ListItem","position":3,"name":"Kubota M5092"}]},{"@type":"WebSite","@id":"https:\/\/dev.nellemannmachinery.dk\/#website","url":"https:\/\/dev.nellemannmachinery.dk\/","name":"Nellemann Machinery","description":"","publisher":{"@id":"https:\/\/dev.nellemannmachinery.dk\/#organization"},"potentialAction":[{"@type":"SearchAction","target":{"@type":"EntryPoint","urlTemplate":"https:\/\/dev.nellemannmachinery.dk\/?s={search_term_string}"},"query-input":{"@type":"PropertyValueSpecification","valueRequired":true,"valueName":"search_term_string"}}],"inLanguage":"sv-SE"},{"@type":"Organization","@id":"https:\/\/dev.nellemannmachinery.dk\/#organization","name":"Nellemann Machinery","url":"https:\/\/dev.nellemannmachinery.dk\/","logo":{"@type":"ImageObject","inLanguage":"sv-SE","@id":"https:\/\/dev.nellemannmachinery.dk\/#\/schema\/logo\/image\/","url":"https:\/\/dev.nellemannmachinery.dk\/wp-content\/uploads\/2020\/09\/logo-1.png","contentUrl":"https:\/\/dev.nellemannmachinery.dk\/wp-content\/uploads\/2020\/09\/logo-1.png","width":398,"height":71,"caption":"Nellemann Machinery"},"image":{"@id":"https:\/\/dev.nellemannmachinery.dk\/#\/schema\/logo\/image\/"},"sameAs":["https:\/\/www.facebook.com\/Nellemann-Machinery-718705991612962","https:\/\/www.instagram.com\/nellemannmachinery\/?hl=da","https:\/\/www.linkedin.com\/company\/svenningsens-maskinforretning-as\/about\/"]}]}},"_links":{"self":[{"href":"https:\/\/dev.nellemannmachinery.dk\/sv\/wp-json\/wp\/v2\/product\/2089","targetHints":{"allow":["GET"]}}],"collection":[{"href":"https:\/\/dev.nellemannmachinery.dk\/sv\/wp-json\/wp\/v2\/product"}],"about":[{"href":"https:\/\/dev.nellemannmachinery.dk\/sv\/wp-json\/wp\/v2\/types\/product"}],"wp:featuredmedia":[{"embeddable":true,"href":"https:\/\/dev.nellemannmachinery.dk\/sv\/wp-json\/wp\/v2\/media\/14318"}],"wp:attachment":[{"href":"https:\/\/dev.nellemannmachinery.dk\/sv\/wp-json\/wp\/v2\/media?parent=2089"}],"wp:term":[{"taxonomy":"product_brand","embeddable":true,"href":"https:\/\/dev.nellemannmachinery.dk\/sv\/wp-json\/wp\/v2\/product_brand?post=2089"},{"taxonomy":"product_cat","embeddable":true,"href":"https:\/\/dev.nellemannmachinery.dk\/sv\/wp-json\/wp\/v2\/product_cat?post=2089"},{"taxonomy":"product_tag","embeddable":true,"href":"https:\/\/dev.nellemannmachinery.dk\/sv\/wp-json\/wp\/v2\/product_tag?post=2089"}],"curies":[{"name":"wp","href":"https:\/\/api.w.org\/{rel}","templated":true}]}}