{"id":2090,"date":"2020-06-24T07:38:46","date_gmt":"2020-06-24T05:38:46","guid":{"rendered":"https:\/\/dev.nellemannmachinery.dk\/produkt\/m5-111\/"},"modified":"2022-03-11T14:20:27","modified_gmt":"2022-03-11T12:20:27","slug":"kubota-m5111-traktor-marknadsledande","status":"publish","type":"product","link":"https:\/\/dev.nellemannmachinery.dk\/sv\/produkt\/kubota-m5111-traktor-marknadsledande\/","title":{"rendered":"Kubota M5112"},"excerpt":{"rendered":"<p>https:\/\/www.youtube.com\/watch?v=uGaO6S7-O80<\/p>\n<p><strong>Kubota M5002 \u00e4r den smarta<\/strong>\u00a0allt-i-allon i sin klass. En mycket smidig professionell traktor som bevisar att \u00e4kta storhet kommer inifr\u00e5n. Med den kraftfulla motorn, en smidig transmission, h\u00f6g markfrig\u00e5ng och exceptionellt enkla man\u00f6verreglage blir den snabbt oumb\u00e4rlig i det dagliga arbetet. Effektivisera din vardag och l\u00e5t traktorn utf\u00f6ra de tuffa jobben.<\/p>\n","protected":false},"featured_media":14306,"template":"","meta":{"_acf_changed":false,"inline_featured_image":false},"product_brand":[],"product_cat":[165],"product_tag":[150,472,192,628,489],"class_list":{"0":"post-2090","1":"product","2":"type-product","3":"status-publish","4":"has-post-thumbnail","6":"product_cat-kubota-traktorer-kubota-lantbrukstraktorer-m-serie-nm","7":"product_tag-kubota","8":"product_tag-lantbruk","9":"product_tag-m5","10":"product_tag-m5112","11":"product_tag-traktor","12":"brand-kubota-produker","14":"first","15":"instock","16":"shipping-taxable","17":"product-type-simple"},"acf":[],"yoast_head":"<!-- This site is optimized with the Yoast SEO plugin v27.4 - https:\/\/yoast.com\/product\/yoast-seo-wordpress\/ -->\n<title>Kubota M5112 - Nellemann Machinery Kubota M5111 Traktor<\/title>\n<meta name=\"description\" content=\"En traktor som Kubota M5111 \u00e4r konstruerad f\u00f6r olika uppgifter som kr\u00e4ver smidighet s\u00e5v\u00e4l som kraft till kr\u00e4vande arbeten.\" \/>\n<meta name=\"robots\" content=\"noindex, follow, max-snippet:-1, max-image-preview:large, max-video-preview:-1\" \/>\n<meta property=\"og:locale\" content=\"sv_SE\" \/>\n<meta property=\"og:type\" content=\"article\" \/>\n<meta property=\"og:title\" content=\"Kubota M5112 - Nellemann Machinery Kubota M5111 Traktor\" \/>\n<meta property=\"og:description\" content=\"En traktor som Kubota M5111 \u00e4r konstruerad f\u00f6r olika uppgifter som kr\u00e4ver smidighet s\u00e5v\u00e4l som kraft till kr\u00e4vande arbeten.\" \/>\n<meta property=\"og:url\" content=\"https:\/\/nellemannmachinery.se\/produkt\/kubota-m5111-traktor-marknadsledande\/\" \/>\n<meta property=\"og:site_name\" content=\"Nellemann Machinery\" \/>\n<meta property=\"article:publisher\" content=\"https:\/\/www.facebook.com\/Nellemann-Machinery-718705991612962\" \/>\n<meta property=\"article:modified_time\" content=\"2022-03-11T12:20:27+00:00\" \/>\n<meta property=\"og:image\" content=\"https:\/\/nellemannmachinery.se\/wp-content\/uploads\/2020\/06\/M5002-ny-800_600_Studio_side_right.jpg\" \/>\n\t<meta property=\"og:image:width\" content=\"800\" \/>\n\t<meta property=\"og:image:height\" content=\"600\" \/>\n\t<meta property=\"og:image:type\" content=\"image\/jpeg\" \/>\n<meta name=\"twitter:card\" content=\"summary_large_image\" \/>\n<!-- \/ Yoast SEO plugin. -->","yoast_head_json":{"title":"Kubota M5112 - Nellemann Machinery Kubota M5111 Traktor","description":"En traktor som Kubota M5111 \u00e4r konstruerad f\u00f6r olika uppgifter som kr\u00e4ver smidighet s\u00e5v\u00e4l som kraft till kr\u00e4vande arbeten.","robots":{"index":"noindex","follow":"follow","max-snippet":"max-snippet:-1","max-image-preview":"max-image-preview:large","max-video-preview":"max-video-preview:-1"},"og_locale":"sv_SE","og_type":"article","og_title":"Kubota M5112 - Nellemann Machinery Kubota M5111 Traktor","og_description":"En traktor som Kubota M5111 \u00e4r konstruerad f\u00f6r olika uppgifter som kr\u00e4ver smidighet s\u00e5v\u00e4l som kraft till kr\u00e4vande arbeten.","og_url":"https:\/\/nellemannmachinery.se\/produkt\/kubota-m5111-traktor-marknadsledande\/","og_site_name":"Nellemann Machinery","article_publisher":"https:\/\/www.facebook.com\/Nellemann-Machinery-718705991612962","article_modified_time":"2022-03-11T12:20:27+00:00","og_image":[{"width":800,"height":600,"url":"https:\/\/nellemannmachinery.se\/wp-content\/uploads\/2020\/06\/M5002-ny-800_600_Studio_side_right.jpg","type":"image\/jpeg"}],"twitter_card":"summary_large_image","schema":{"@context":"https:\/\/schema.org","@graph":[{"@type":"WebPage","@id":"https:\/\/nellemannmachinery.se\/produkt\/kubota-m5111-traktor-marknadsledande\/","url":"https:\/\/nellemannmachinery.se\/produkt\/kubota-m5111-traktor-marknadsledande\/","name":"Kubota M5112 - Nellemann Machinery Kubota M5111 Traktor","isPartOf":{"@id":"https:\/\/dev.nellemannmachinery.dk\/#website"},"primaryImageOfPage":{"@id":"https:\/\/nellemannmachinery.se\/produkt\/kubota-m5111-traktor-marknadsledande\/#primaryimage"},"image":{"@id":"https:\/\/nellemannmachinery.se\/produkt\/kubota-m5111-traktor-marknadsledande\/#primaryimage"},"thumbnailUrl":"https:\/\/dev.nellemannmachinery.dk\/wp-content\/uploads\/2020\/06\/M5002-ny-800_600_Studio_side_right.jpg","datePublished":"2020-06-24T05:38:46+00:00","dateModified":"2022-03-11T12:20:27+00:00","description":"En traktor som Kubota M5111 \u00e4r konstruerad f\u00f6r olika uppgifter som kr\u00e4ver smidighet s\u00e5v\u00e4l som kraft till kr\u00e4vande arbeten.","breadcrumb":{"@id":"https:\/\/nellemannmachinery.se\/produkt\/kubota-m5111-traktor-marknadsledande\/#breadcrumb"},"inLanguage":"sv-SE","potentialAction":[{"@type":"ReadAction","target":["https:\/\/nellemannmachinery.se\/produkt\/kubota-m5111-traktor-marknadsledande\/"]}]},{"@type":"ImageObject","inLanguage":"sv-SE","@id":"https:\/\/nellemannmachinery.se\/produkt\/kubota-m5111-traktor-marknadsledande\/#primaryimage","url":"https:\/\/dev.nellemannmachinery.dk\/wp-content\/uploads\/2020\/06\/M5002-ny-800_600_Studio_side_right.jpg","contentUrl":"https:\/\/dev.nellemannmachinery.dk\/wp-content\/uploads\/2020\/06\/M5002-ny-800_600_Studio_side_right.jpg","width":800,"height":600},{"@type":"BreadcrumbList","@id":"https:\/\/nellemannmachinery.se\/produkt\/kubota-m5111-traktor-marknadsledande\/#breadcrumb","itemListElement":[{"@type":"ListItem","position":1,"name":"Home","item":"https:\/\/nellemannmachinery.se\/"},{"@type":"ListItem","position":2,"name":"Shop","item":"https:\/\/dev.nellemannmachinery.dk\/shop\/"},{"@type":"ListItem","position":3,"name":"Kubota M5112"}]},{"@type":"WebSite","@id":"https:\/\/dev.nellemannmachinery.dk\/#website","url":"https:\/\/dev.nellemannmachinery.dk\/","name":"Nellemann Machinery","description":"","publisher":{"@id":"https:\/\/dev.nellemannmachinery.dk\/#organization"},"potentialAction":[{"@type":"SearchAction","target":{"@type":"EntryPoint","urlTemplate":"https:\/\/dev.nellemannmachinery.dk\/?s={search_term_string}"},"query-input":{"@type":"PropertyValueSpecification","valueRequired":true,"valueName":"search_term_string"}}],"inLanguage":"sv-SE"},{"@type":"Organization","@id":"https:\/\/dev.nellemannmachinery.dk\/#organization","name":"Nellemann Machinery","url":"https:\/\/dev.nellemannmachinery.dk\/","logo":{"@type":"ImageObject","inLanguage":"sv-SE","@id":"https:\/\/dev.nellemannmachinery.dk\/#\/schema\/logo\/image\/","url":"https:\/\/dev.nellemannmachinery.dk\/wp-content\/uploads\/2020\/09\/logo-1.png","contentUrl":"https:\/\/dev.nellemannmachinery.dk\/wp-content\/uploads\/2020\/09\/logo-1.png","width":398,"height":71,"caption":"Nellemann Machinery"},"image":{"@id":"https:\/\/dev.nellemannmachinery.dk\/#\/schema\/logo\/image\/"},"sameAs":["https:\/\/www.facebook.com\/Nellemann-Machinery-718705991612962","https:\/\/www.instagram.com\/nellemannmachinery\/?hl=da","https:\/\/www.linkedin.com\/company\/svenningsens-maskinforretning-as\/about\/"]}]}},"_links":{"self":[{"href":"https:\/\/dev.nellemannmachinery.dk\/sv\/wp-json\/wp\/v2\/product\/2090","targetHints":{"allow":["GET"]}}],"collection":[{"href":"https:\/\/dev.nellemannmachinery.dk\/sv\/wp-json\/wp\/v2\/product"}],"about":[{"href":"https:\/\/dev.nellemannmachinery.dk\/sv\/wp-json\/wp\/v2\/types\/product"}],"wp:featuredmedia":[{"embeddable":true,"href":"https:\/\/dev.nellemannmachinery.dk\/sv\/wp-json\/wp\/v2\/media\/14306"}],"wp:attachment":[{"href":"https:\/\/dev.nellemannmachinery.dk\/sv\/wp-json\/wp\/v2\/media?parent=2090"}],"wp:term":[{"taxonomy":"product_brand","embeddable":true,"href":"https:\/\/dev.nellemannmachinery.dk\/sv\/wp-json\/wp\/v2\/product_brand?post=2090"},{"taxonomy":"product_cat","embeddable":true,"href":"https:\/\/dev.nellemannmachinery.dk\/sv\/wp-json\/wp\/v2\/product_cat?post=2090"},{"taxonomy":"product_tag","embeddable":true,"href":"https:\/\/dev.nellemannmachinery.dk\/sv\/wp-json\/wp\/v2\/product_tag?post=2090"}],"curies":[{"name":"wp","href":"https:\/\/api.w.org\/{rel}","templated":true}]}}