{"id":4630,"date":"2020-07-09T13:52:17","date_gmt":"2020-07-09T13:52:17","guid":{"rendered":"https:\/\/dev.nellemannmachinery.dk\/produkt\/bx231\/"},"modified":"2023-09-20T10:29:51","modified_gmt":"2023-09-20T08:29:51","slug":"bx231-kubota-nellemannmachinery-kompakttraktor-traktor-orange-aterforsaljare","status":"publish","type":"product","link":"https:\/\/dev.nellemannmachinery.dk\/sv\/produkt\/bx231-kubota-nellemannmachinery-kompakttraktor-traktor-orange-aterforsaljare\/","title":{"rendered":"Kubota BX231 Hytt"},"excerpt":{"rendered":"[video width=\"1280\" height=\"720\" mp4=\"https:\/\/nellemannmachinery.se\/wp-content\/uploads\/2020\/09\/BX231-Kubota_1.mp4\"][\/video]\n<p><strong>Sedan introduktionen av de f\u00f6rsta modellerna f\u00f6r snart 20 \u00e5r sedan har BX-Serien fortsatt att f\u00f6rb\u00e4ttras n\u00e4r det g\u00e4ller funktioner, prestanda, h\u00e5llbarhet och flexibilitet.<\/strong><\/p>\n<p>BX231 den perfekta kompakttraktorn, konstruerad f\u00f6r alla typer av arbete som, sn\u00f6r\u00f6jning, klippning, odling, lastning etc. En modern arbetsplats som utvecklats med f\u00f6raren i centrum, logiska reglage, justerbar rattst\u00e5ng och farth\u00e5llare. Klippning kan ske, med ett mitt eller bakmonterat klippaggregat. Drivningen sker via bakre eller mittre kraftuttag, b\u00e5da standardutrustning. BX231 \u00e4r en extremt effektiv, liten och smidig men samtidigt kraftig och v\u00e4lutrustad maskin. En liten traktor men med alla funktioner som du f\u00f6rv\u00e4ntar dig s\u00e5som 3-punktslyft och yttre hydraulik med joystick som standard.<\/p>\n<p>Lastare, frontlyft och en uppsj\u00f6 av redskap g\u00f6r att du kan utnyttja traktorn \u00e5ret runt.<\/p>\n","protected":false},"featured_media":14336,"template":"","meta":{"_acf_changed":false,"inline_featured_image":false},"product_brand":[],"product_cat":[164],"product_tag":[239,240,225,222,150],"class_list":{"0":"post-4630","1":"product","2":"type-product","3":"status-publish","4":"has-post-thumbnail","6":"product_cat-kompakttraktorer-kubota-forsaljningtraktor-utrustad-lastare-kubota-traktor","7":"product_tag-bx","8":"product_tag-bx231","9":"product_tag-kompakt","10":"product_tag-kompakttraktor","11":"product_tag-kubota","12":"brand-kubota-produker","14":"first","15":"instock","16":"shipping-taxable","17":"product-type-simple"},"acf":[],"yoast_head":"<!-- This site is optimized with the Yoast SEO plugin v27.4 - https:\/\/yoast.com\/product\/yoast-seo-wordpress\/ -->\n<title>Kubota BX231 Hytt - Nellemann Machinery Perfekta kompakttraktor<\/title>\n<meta name=\"description\" content=\"K\u00f6p din Kubota BX231 hos Nellemann Machinery. Perfekta kompakttraktorn, extremt effektiv, liten och smidig men kraftig och v\u00e4lutrustad maskin.\" \/>\n<meta name=\"robots\" content=\"noindex, follow, max-snippet:-1, max-image-preview:large, max-video-preview:-1\" \/>\n<meta property=\"og:locale\" content=\"sv_SE\" \/>\n<meta property=\"og:type\" content=\"article\" \/>\n<meta property=\"og:title\" content=\"Kubota BX231 Hytt - Nellemann Machinery Perfekta kompakttraktor\" \/>\n<meta property=\"og:description\" content=\"K\u00f6p din Kubota BX231 hos Nellemann Machinery. Perfekta kompakttraktorn, extremt effektiv, liten och smidig men kraftig och v\u00e4lutrustad maskin.\" \/>\n<meta property=\"og:url\" content=\"https:\/\/nellemannmachinery.se\/produkt\/bx231-kubota-nellemannmachinery-kompakttraktor-traktor-orange-aterforsaljare\/\" \/>\n<meta property=\"og:site_name\" content=\"Nellemann Machinery\" \/>\n<meta property=\"article:publisher\" content=\"https:\/\/www.facebook.com\/Nellemann-Machinery-718705991612962\" \/>\n<meta property=\"article:modified_time\" content=\"2023-09-20T08:29:51+00:00\" \/>\n<meta property=\"og:image\" content=\"https:\/\/nellemannmachinery.se\/wp-content\/uploads\/2020\/07\/BX_Studio_Cab_Side1.-800_600jpg.jpg\" \/>\n\t<meta property=\"og:image:width\" content=\"800\" \/>\n\t<meta property=\"og:image:height\" content=\"600\" \/>\n\t<meta property=\"og:image:type\" content=\"image\/jpeg\" \/>\n<meta name=\"twitter:card\" content=\"summary_large_image\" \/>\n<!-- \/ Yoast SEO plugin. -->","yoast_head_json":{"title":"Kubota BX231 Hytt - Nellemann Machinery Perfekta kompakttraktor","description":"K\u00f6p din Kubota BX231 hos Nellemann Machinery. Perfekta kompakttraktorn, extremt effektiv, liten och smidig men kraftig och v\u00e4lutrustad maskin.","robots":{"index":"noindex","follow":"follow","max-snippet":"max-snippet:-1","max-image-preview":"max-image-preview:large","max-video-preview":"max-video-preview:-1"},"og_locale":"sv_SE","og_type":"article","og_title":"Kubota BX231 Hytt - Nellemann Machinery Perfekta kompakttraktor","og_description":"K\u00f6p din Kubota BX231 hos Nellemann Machinery. Perfekta kompakttraktorn, extremt effektiv, liten och smidig men kraftig och v\u00e4lutrustad maskin.","og_url":"https:\/\/nellemannmachinery.se\/produkt\/bx231-kubota-nellemannmachinery-kompakttraktor-traktor-orange-aterforsaljare\/","og_site_name":"Nellemann Machinery","article_publisher":"https:\/\/www.facebook.com\/Nellemann-Machinery-718705991612962","article_modified_time":"2023-09-20T08:29:51+00:00","og_image":[{"width":800,"height":600,"url":"https:\/\/nellemannmachinery.se\/wp-content\/uploads\/2020\/07\/BX_Studio_Cab_Side1.-800_600jpg.jpg","type":"image\/jpeg"}],"twitter_card":"summary_large_image","schema":{"@context":"https:\/\/schema.org","@graph":[{"@type":"WebPage","@id":"https:\/\/nellemannmachinery.se\/produkt\/bx231-kubota-nellemannmachinery-kompakttraktor-traktor-orange-aterforsaljare\/","url":"https:\/\/nellemannmachinery.se\/produkt\/bx231-kubota-nellemannmachinery-kompakttraktor-traktor-orange-aterforsaljare\/","name":"Kubota BX231 Hytt - Nellemann Machinery Perfekta kompakttraktor","isPartOf":{"@id":"https:\/\/dev.nellemannmachinery.dk\/#website"},"primaryImageOfPage":{"@id":"https:\/\/nellemannmachinery.se\/produkt\/bx231-kubota-nellemannmachinery-kompakttraktor-traktor-orange-aterforsaljare\/#primaryimage"},"image":{"@id":"https:\/\/nellemannmachinery.se\/produkt\/bx231-kubota-nellemannmachinery-kompakttraktor-traktor-orange-aterforsaljare\/#primaryimage"},"thumbnailUrl":"https:\/\/dev.nellemannmachinery.dk\/wp-content\/uploads\/2020\/07\/BX_Studio_Cab_Side1.-800_600jpg.jpg","datePublished":"2020-07-09T13:52:17+00:00","dateModified":"2023-09-20T08:29:51+00:00","description":"K\u00f6p din Kubota BX231 hos Nellemann Machinery. Perfekta kompakttraktorn, extremt effektiv, liten och smidig men kraftig och v\u00e4lutrustad maskin.","breadcrumb":{"@id":"https:\/\/nellemannmachinery.se\/produkt\/bx231-kubota-nellemannmachinery-kompakttraktor-traktor-orange-aterforsaljare\/#breadcrumb"},"inLanguage":"sv-SE","potentialAction":[{"@type":"ReadAction","target":["https:\/\/nellemannmachinery.se\/produkt\/bx231-kubota-nellemannmachinery-kompakttraktor-traktor-orange-aterforsaljare\/"]}]},{"@type":"ImageObject","inLanguage":"sv-SE","@id":"https:\/\/nellemannmachinery.se\/produkt\/bx231-kubota-nellemannmachinery-kompakttraktor-traktor-orange-aterforsaljare\/#primaryimage","url":"https:\/\/dev.nellemannmachinery.dk\/wp-content\/uploads\/2020\/07\/BX_Studio_Cab_Side1.-800_600jpg.jpg","contentUrl":"https:\/\/dev.nellemannmachinery.dk\/wp-content\/uploads\/2020\/07\/BX_Studio_Cab_Side1.-800_600jpg.jpg","width":800,"height":600},{"@type":"BreadcrumbList","@id":"https:\/\/nellemannmachinery.se\/produkt\/bx231-kubota-nellemannmachinery-kompakttraktor-traktor-orange-aterforsaljare\/#breadcrumb","itemListElement":[{"@type":"ListItem","position":1,"name":"Home","item":"https:\/\/nellemannmachinery.se\/"},{"@type":"ListItem","position":2,"name":"Shop","item":"https:\/\/dev.nellemannmachinery.dk\/shop\/"},{"@type":"ListItem","position":3,"name":"Kubota BX231 Hytt"}]},{"@type":"WebSite","@id":"https:\/\/dev.nellemannmachinery.dk\/#website","url":"https:\/\/dev.nellemannmachinery.dk\/","name":"Nellemann Machinery","description":"","publisher":{"@id":"https:\/\/dev.nellemannmachinery.dk\/#organization"},"potentialAction":[{"@type":"SearchAction","target":{"@type":"EntryPoint","urlTemplate":"https:\/\/dev.nellemannmachinery.dk\/?s={search_term_string}"},"query-input":{"@type":"PropertyValueSpecification","valueRequired":true,"valueName":"search_term_string"}}],"inLanguage":"sv-SE"},{"@type":"Organization","@id":"https:\/\/dev.nellemannmachinery.dk\/#organization","name":"Nellemann Machinery","url":"https:\/\/dev.nellemannmachinery.dk\/","logo":{"@type":"ImageObject","inLanguage":"sv-SE","@id":"https:\/\/dev.nellemannmachinery.dk\/#\/schema\/logo\/image\/","url":"https:\/\/dev.nellemannmachinery.dk\/wp-content\/uploads\/2020\/09\/logo-1.png","contentUrl":"https:\/\/dev.nellemannmachinery.dk\/wp-content\/uploads\/2020\/09\/logo-1.png","width":398,"height":71,"caption":"Nellemann Machinery"},"image":{"@id":"https:\/\/dev.nellemannmachinery.dk\/#\/schema\/logo\/image\/"},"sameAs":["https:\/\/www.facebook.com\/Nellemann-Machinery-718705991612962","https:\/\/www.instagram.com\/nellemannmachinery\/?hl=da","https:\/\/www.linkedin.com\/company\/svenningsens-maskinforretning-as\/about\/"]}]}},"_links":{"self":[{"href":"https:\/\/dev.nellemannmachinery.dk\/sv\/wp-json\/wp\/v2\/product\/4630","targetHints":{"allow":["GET"]}}],"collection":[{"href":"https:\/\/dev.nellemannmachinery.dk\/sv\/wp-json\/wp\/v2\/product"}],"about":[{"href":"https:\/\/dev.nellemannmachinery.dk\/sv\/wp-json\/wp\/v2\/types\/product"}],"wp:featuredmedia":[{"embeddable":true,"href":"https:\/\/dev.nellemannmachinery.dk\/sv\/wp-json\/wp\/v2\/media\/14336"}],"wp:attachment":[{"href":"https:\/\/dev.nellemannmachinery.dk\/sv\/wp-json\/wp\/v2\/media?parent=4630"}],"wp:term":[{"taxonomy":"product_brand","embeddable":true,"href":"https:\/\/dev.nellemannmachinery.dk\/sv\/wp-json\/wp\/v2\/product_brand?post=4630"},{"taxonomy":"product_cat","embeddable":true,"href":"https:\/\/dev.nellemannmachinery.dk\/sv\/wp-json\/wp\/v2\/product_cat?post=4630"},{"taxonomy":"product_tag","embeddable":true,"href":"https:\/\/dev.nellemannmachinery.dk\/sv\/wp-json\/wp\/v2\/product_tag?post=4630"}],"curies":[{"name":"wp","href":"https:\/\/api.w.org\/{rel}","templated":true}]}}