{"id":5667,"date":"2020-08-24T16:35:09","date_gmt":"2020-08-24T14:35:09","guid":{"rendered":"https:\/\/dev.nellemannmachinery.dk\/?post_type=product&#038;p=5667"},"modified":"2022-03-11T12:34:27","modified_gmt":"2022-03-11T10:34:27","slug":"spider-grasklippare-xliner","status":"publish","type":"product","link":"https:\/\/dev.nellemannmachinery.dk\/sv\/produkt\/spider-grasklippare-xliner\/","title":{"rendered":"Spider XLiner"},"excerpt":{"rendered":"<p>&nbsp;<\/p>\n<p>https:\/\/www.youtube.com\/watch?v=jdv1s8QayQI&amp;list=PL_-1iNFrjI9Yyvhf2oQDorEwMBbXZSz58&amp;index=10<\/p>\n<p><strong>SPIDER XLINER <\/strong>kommer att imponera p\u00e5 dig med sin innovativa och kompakta design. Genom ett flexibelt chassi f\u00f6ljer alla hjulen terr\u00e4ngen f\u00f6r maximalt f\u00e4ste, integrerad stabiliserande vinsch och 4-hjulsstyrning med krabbfunktion.\u00a0 HONDA-motor med oljepump f\u00f6r effektiv sm\u00f6rjning. Dessa funktioner g\u00f6r att du alltid kan uppn\u00e5 perfekt klippresultat \u00e4ven p\u00e5 de branta sluttningar. Konstruktionen av SPIDER CROSS LINER bygger p\u00e5 de legendariska ILD01- och ILD02-modellerna, bepr\u00f6vad teknik som h\u00e4r vidareutvecklats till det senaste inom sl\u00e4ntklippning.<\/p>\n<p><strong>Drivenhet<\/strong><\/p>\n<ul>\n<li>Motor: Honda GXV390<\/li>\n<li>Effekt: 10.2 HK (7.6 kW)<\/li>\n<li>Volym: 389 ccm<\/li>\n<li>Br\u00e4nsletank: 3.5 l \/ 1.05 gal<\/li>\n<li>Br\u00e4nsle: Blyfri bensin<\/li>\n<\/ul>\n<p><strong>Drivsystem<\/strong><\/p>\n<ul>\n<li>Transmission: Hydrostatisk<\/li>\n<li>Oljetank: 4 l \/ 1,05 gal<\/li>\n<li>Hastighet: 0\u20136 kmh \/ 0\u20133,7 mph<\/li>\n<li>Styrning: 360\u00b0, 4-hjulsstyrning<\/li>\n<li>Hjul: 13 \u00d7 5.00-6<\/li>\n<\/ul>\n<p><strong>Klippsystem<\/strong><\/p>\n<ul>\n<li>Arbetsbredd: 65 cm \/ 25.6 inch<\/li>\n<li>Klipph\u00f6jd: 4 \u2013 10 cm \/ 1,6 \u2013 3,9 inch<\/li>\n<li>Koppling: Mekanisk med broms<\/li>\n<\/ul>\n<p><strong>Prestanda<\/strong><\/p>\n<ul>\n<li>Kapacitet: 2500 m2\/h \/ 0,6 acres\/h<\/li>\n<li>Br\u00e4nslef\u00f6rbrukning, snitt: 1.3 l\/h \/ 0.4 gal\/h<\/li>\n<li>Sl\u00e4ntkapacitet: 55\u00b0 \/ 143 %*<\/li>\n<li>Dimensioner: 98 \u00d7 111 \u00d7 60 cm \/ 39 \u00d7 44 \u00d7 24 inch<\/li>\n<li>Vikt: 175 kg \/ 386 pounds<\/li>\n<\/ul>\n","protected":false},"featured_media":14281,"template":"","meta":{"_acf_changed":false,"inline_featured_image":false},"product_brand":[],"product_cat":[159],"product_tag":[295,283,286,287],"class_list":{"0":"post-5667","1":"product","2":"type-product","3":"status-publish","4":"has-post-thumbnail","6":"product_cat-grasklippare","7":"product_tag-crossliner","8":"product_tag-grasklippare","9":"product_tag-spider","10":"product_tag-xliner","11":"brand-spider-2","13":"first","14":"instock","15":"shipping-taxable","16":"product-type-simple"},"acf":[],"yoast_head":"<!-- This site is optimized with the Yoast SEO plugin v27.4 - https:\/\/yoast.com\/product\/yoast-seo-wordpress\/ -->\n<title>Se Spiders fj\u00e4rrstyrda gr\u00e4sklippare med unik kl\u00e4ttringsf\u00f6rm\u00e5ga 40\u00b0<\/title>\n<meta name=\"description\" content=\"SPIDER XLINER kommer att imponera p\u00e5 dig med sin kompakta design. Till\u00e5ter gr\u00e4sklipparen att k\u00f6ra i extrem lutning med vinsch 55\u00b0\" \/>\n<meta name=\"robots\" content=\"noindex, follow, max-snippet:-1, max-image-preview:large, max-video-preview:-1\" \/>\n<meta property=\"og:locale\" content=\"sv_SE\" \/>\n<meta property=\"og:type\" content=\"article\" \/>\n<meta property=\"og:title\" content=\"Se Spiders fj\u00e4rrstyrda gr\u00e4sklippare med unik kl\u00e4ttringsf\u00f6rm\u00e5ga 40\u00b0\" \/>\n<meta property=\"og:description\" content=\"SPIDER XLINER kommer att imponera p\u00e5 dig med sin kompakta design. Till\u00e5ter gr\u00e4sklipparen att k\u00f6ra i extrem lutning med vinsch 55\u00b0\" \/>\n<meta property=\"og:url\" content=\"https:\/\/nellemannmachinery.se\/produkt\/spider-grasklippare-xliner\/\" \/>\n<meta property=\"og:site_name\" content=\"Nellemann Machinery\" \/>\n<meta property=\"article:publisher\" content=\"https:\/\/www.facebook.com\/Nellemann-Machinery-718705991612962\" \/>\n<meta property=\"article:modified_time\" content=\"2022-03-11T10:34:27+00:00\" \/>\n<meta property=\"og:image\" content=\"https:\/\/nellemannmachinery.se\/wp-content\/uploads\/2020\/08\/sekacka_XLINER.ny-800_600jpg.jpg\" \/>\n\t<meta property=\"og:image:width\" content=\"800\" \/>\n\t<meta property=\"og:image:height\" content=\"600\" \/>\n\t<meta property=\"og:image:type\" content=\"image\/jpeg\" \/>\n<meta name=\"twitter:card\" content=\"summary_large_image\" \/>\n<!-- \/ Yoast SEO plugin. -->","yoast_head_json":{"title":"Se Spiders fj\u00e4rrstyrda gr\u00e4sklippare med unik kl\u00e4ttringsf\u00f6rm\u00e5ga 40\u00b0","description":"SPIDER XLINER kommer att imponera p\u00e5 dig med sin kompakta design. Till\u00e5ter gr\u00e4sklipparen att k\u00f6ra i extrem lutning med vinsch 55\u00b0","robots":{"index":"noindex","follow":"follow","max-snippet":"max-snippet:-1","max-image-preview":"max-image-preview:large","max-video-preview":"max-video-preview:-1"},"og_locale":"sv_SE","og_type":"article","og_title":"Se Spiders fj\u00e4rrstyrda gr\u00e4sklippare med unik kl\u00e4ttringsf\u00f6rm\u00e5ga 40\u00b0","og_description":"SPIDER XLINER kommer att imponera p\u00e5 dig med sin kompakta design. Till\u00e5ter gr\u00e4sklipparen att k\u00f6ra i extrem lutning med vinsch 55\u00b0","og_url":"https:\/\/nellemannmachinery.se\/produkt\/spider-grasklippare-xliner\/","og_site_name":"Nellemann Machinery","article_publisher":"https:\/\/www.facebook.com\/Nellemann-Machinery-718705991612962","article_modified_time":"2022-03-11T10:34:27+00:00","og_image":[{"width":800,"height":600,"url":"https:\/\/nellemannmachinery.se\/wp-content\/uploads\/2020\/08\/sekacka_XLINER.ny-800_600jpg.jpg","type":"image\/jpeg"}],"twitter_card":"summary_large_image","schema":{"@context":"https:\/\/schema.org","@graph":[{"@type":"WebPage","@id":"https:\/\/nellemannmachinery.se\/produkt\/spider-grasklippare-xliner\/","url":"https:\/\/nellemannmachinery.se\/produkt\/spider-grasklippare-xliner\/","name":"Se Spiders fj\u00e4rrstyrda gr\u00e4sklippare med unik kl\u00e4ttringsf\u00f6rm\u00e5ga 40\u00b0","isPartOf":{"@id":"https:\/\/dev.nellemannmachinery.dk\/#website"},"primaryImageOfPage":{"@id":"https:\/\/nellemannmachinery.se\/produkt\/spider-grasklippare-xliner\/#primaryimage"},"image":{"@id":"https:\/\/nellemannmachinery.se\/produkt\/spider-grasklippare-xliner\/#primaryimage"},"thumbnailUrl":"https:\/\/dev.nellemannmachinery.dk\/wp-content\/uploads\/2020\/08\/sekacka_XLINER.ny-800_600jpg.jpg","datePublished":"2020-08-24T14:35:09+00:00","dateModified":"2022-03-11T10:34:27+00:00","description":"SPIDER XLINER kommer att imponera p\u00e5 dig med sin kompakta design. Till\u00e5ter gr\u00e4sklipparen att k\u00f6ra i extrem lutning med vinsch 55\u00b0","breadcrumb":{"@id":"https:\/\/nellemannmachinery.se\/produkt\/spider-grasklippare-xliner\/#breadcrumb"},"inLanguage":"sv-SE","potentialAction":[{"@type":"ReadAction","target":["https:\/\/nellemannmachinery.se\/produkt\/spider-grasklippare-xliner\/"]}]},{"@type":"ImageObject","inLanguage":"sv-SE","@id":"https:\/\/nellemannmachinery.se\/produkt\/spider-grasklippare-xliner\/#primaryimage","url":"https:\/\/dev.nellemannmachinery.dk\/wp-content\/uploads\/2020\/08\/sekacka_XLINER.ny-800_600jpg.jpg","contentUrl":"https:\/\/dev.nellemannmachinery.dk\/wp-content\/uploads\/2020\/08\/sekacka_XLINER.ny-800_600jpg.jpg","width":800,"height":600},{"@type":"BreadcrumbList","@id":"https:\/\/nellemannmachinery.se\/produkt\/spider-grasklippare-xliner\/#breadcrumb","itemListElement":[{"@type":"ListItem","position":1,"name":"Home","item":"https:\/\/nellemannmachinery.se\/"},{"@type":"ListItem","position":2,"name":"Shop","item":"https:\/\/dev.nellemannmachinery.dk\/shop\/"},{"@type":"ListItem","position":3,"name":"Spider XLiner"}]},{"@type":"WebSite","@id":"https:\/\/dev.nellemannmachinery.dk\/#website","url":"https:\/\/dev.nellemannmachinery.dk\/","name":"Nellemann Machinery","description":"","publisher":{"@id":"https:\/\/dev.nellemannmachinery.dk\/#organization"},"potentialAction":[{"@type":"SearchAction","target":{"@type":"EntryPoint","urlTemplate":"https:\/\/dev.nellemannmachinery.dk\/?s={search_term_string}"},"query-input":{"@type":"PropertyValueSpecification","valueRequired":true,"valueName":"search_term_string"}}],"inLanguage":"sv-SE"},{"@type":"Organization","@id":"https:\/\/dev.nellemannmachinery.dk\/#organization","name":"Nellemann Machinery","url":"https:\/\/dev.nellemannmachinery.dk\/","logo":{"@type":"ImageObject","inLanguage":"sv-SE","@id":"https:\/\/dev.nellemannmachinery.dk\/#\/schema\/logo\/image\/","url":"https:\/\/dev.nellemannmachinery.dk\/wp-content\/uploads\/2020\/09\/logo-1.png","contentUrl":"https:\/\/dev.nellemannmachinery.dk\/wp-content\/uploads\/2020\/09\/logo-1.png","width":398,"height":71,"caption":"Nellemann Machinery"},"image":{"@id":"https:\/\/dev.nellemannmachinery.dk\/#\/schema\/logo\/image\/"},"sameAs":["https:\/\/www.facebook.com\/Nellemann-Machinery-718705991612962","https:\/\/www.instagram.com\/nellemannmachinery\/?hl=da","https:\/\/www.linkedin.com\/company\/svenningsens-maskinforretning-as\/about\/"]}]}},"_links":{"self":[{"href":"https:\/\/dev.nellemannmachinery.dk\/sv\/wp-json\/wp\/v2\/product\/5667","targetHints":{"allow":["GET"]}}],"collection":[{"href":"https:\/\/dev.nellemannmachinery.dk\/sv\/wp-json\/wp\/v2\/product"}],"about":[{"href":"https:\/\/dev.nellemannmachinery.dk\/sv\/wp-json\/wp\/v2\/types\/product"}],"wp:featuredmedia":[{"embeddable":true,"href":"https:\/\/dev.nellemannmachinery.dk\/sv\/wp-json\/wp\/v2\/media\/14281"}],"wp:attachment":[{"href":"https:\/\/dev.nellemannmachinery.dk\/sv\/wp-json\/wp\/v2\/media?parent=5667"}],"wp:term":[{"taxonomy":"product_brand","embeddable":true,"href":"https:\/\/dev.nellemannmachinery.dk\/sv\/wp-json\/wp\/v2\/product_brand?post=5667"},{"taxonomy":"product_cat","embeddable":true,"href":"https:\/\/dev.nellemannmachinery.dk\/sv\/wp-json\/wp\/v2\/product_cat?post=5667"},{"taxonomy":"product_tag","embeddable":true,"href":"https:\/\/dev.nellemannmachinery.dk\/sv\/wp-json\/wp\/v2\/product_tag?post=5667"}],"curies":[{"name":"wp","href":"https:\/\/api.w.org\/{rel}","templated":true}]}}