{"id":5690,"date":"2020-08-25T15:17:25","date_gmt":"2020-08-25T13:17:25","guid":{"rendered":"https:\/\/dev.nellemannmachinery.dk\/?post_type=product&#038;p=5690"},"modified":"2022-03-11T12:37:33","modified_gmt":"2022-03-11T10:37:33","slug":"spider-ild01-fjarrstyrda-grasklippare","status":"publish","type":"product","link":"https:\/\/dev.nellemannmachinery.dk\/sv\/produkt\/spider-ild01-fjarrstyrda-grasklippare\/","title":{"rendered":"Spider ILD01"},"excerpt":{"rendered":"<div class=\"contactAndContent\">\n<div class=\"row\">\n<div class=\"product-info col-md-6\">\n<div class=\"product-description\">\n<p>&nbsp;<\/p>\n<p>https:\/\/www.youtube.com\/watch?v=TPKgpOhA9Cs<\/p>\n<p><strong>Spider ILD01<\/strong> har en rotorkniv och en arbetsbredd p\u00e5 80 cm. Spider ILD01 \u00e4r avsedd f\u00f6r bland annat oj\u00e4mn mark och sluttningar upp till 55 grade utrustad med vinsch. Typiska anv\u00e4ndningsomr\u00e5den \u00e4r exempelvis bullervallar, hotellomr\u00e5den, parker, kyrkog\u00e5rdar, kanalbanker och st\u00f6rre tomter.<\/p>\n<div data-canvas-width=\"37.76642767388573\"><b>Drivenhet<\/b><\/div>\n<ul>\n<li data-canvas-width=\"140.91950624584229\">Motor: Kawasaki FS541V<\/li>\n<li data-canvas-width=\"69.53862074063125\">Effekt: 18 hk \/ 13,4 kW HP SAE J1940<\/li>\n<li data-canvas-width=\"78.55746914036516\">Volym: 603 cc<\/li>\n<li data-canvas-width=\"96.3064528050854\">Br\u00e4nsletank: 12 L \/ 3,2 gal<\/li>\n<li data-canvas-width=\"147.11996452065935\">Drivmedel: Blyfri bensin<\/li>\n<\/ul>\n<div data-canvas-width=\"53.7693842856087\"><strong>Drivsystem<\/strong><\/div>\n<ul>\n<li data-canvas-width=\"204.42264764579792\">Transmission: Hydrostatisk<\/li>\n<li data-canvas-width=\"80.31724443787421\">Oljetank: 6,5 L \/ 1,7 gal<\/li>\n<li data-canvas-width=\"127.26749944563534\">Hastighet: 0-6 kmh\u00a0 \/0-3,7mph<\/li>\n<li data-canvas-width=\"75.38162465814179\">Styrning: 4-hjulsstyrning, 360\u00b0<\/li>\n<\/ul>\n<p data-canvas-width=\"91.38458126986475\"><strong>Klippsystem<\/strong><\/p>\n<ul>\n<li data-canvas-width=\"104.67913371276518\">Klippbredd: 80 cm \/31,5 in ( enkel kniv)<\/li>\n<li data-canvas-width=\"190.7568926010791\">Klipph\u00f6jd: 6-11 cm \/ 3-8 cm \/ 2,5-4,5 in \/ 1-3 in<\/li>\n<li data-canvas-width=\"105.68275556212582\">Koppling: Electromagnetisk<\/li>\n<\/ul>\n<p data-canvas-width=\"61.275925789045765\"><strong>Prestanda<\/strong><\/p>\n<ul>\n<li data-canvas-width=\"198.70337792889353\">Kappacitet: upp till 3000 m2\/h \/ 0,74 acres\/h<\/li>\n<li data-canvas-width=\"163.5628649567596\">Br\u00e4nslef\u00f6rbrukning: 2,5 l\/timme \/ 0,65 gal\/timme<\/li>\n<li data-canvas-width=\"270.75792741518217\">Sl\u00e4ntkapacitet: 55\u00b0 \/ 143% *<\/li>\n<li data-canvas-width=\"160.35952398551262\">M\u00e5tt: 35,6 \u00d7 120 \u00d7 91,3 cm \/ 53 x 47 x 36 in<\/li>\n<li data-canvas-width=\"65.85409121147167\">Vikt: 288 kg \/ 635 lb<\/li>\n<\/ul>\n<p>&nbsp;<\/p>\n<\/div>\n<\/div>\n<\/div>\n<\/div>\n","protected":false},"featured_media":14284,"template":"","meta":{"_acf_changed":false,"inline_featured_image":false},"product_brand":[],"product_cat":[159],"product_tag":[487,288,286,296],"class_list":{"0":"post-5690","1":"product","2":"type-product","3":"status-publish","4":"has-post-thumbnail","6":"product_cat-grasklippare","7":"product_tag-grassklippare","8":"product_tag-ild01","9":"product_tag-spider","10":"product_tag-spidermower","11":"brand-spider-2","13":"first","14":"instock","15":"shipping-taxable","16":"product-type-simple"},"acf":[],"yoast_head":"<!-- This site is optimized with the Yoast SEO plugin v27.4 - https:\/\/yoast.com\/product\/yoast-seo-wordpress\/ -->\n<title>Nellemann Machinery Spider ILD01 - Professionell fj\u00e4rrstyrd gr\u00e4sklippare<\/title>\n<meta name=\"description\" content=\"SPIDER ILD01 \u00e4r den grundl\u00e4ggande modellen som introducerades 2004 och blev v\u00e4rldens f\u00f6rsta professionella fj\u00e4rrstyrda gr\u00e4sklippare.\" \/>\n<meta name=\"robots\" content=\"noindex, follow, max-snippet:-1, max-image-preview:large, max-video-preview:-1\" \/>\n<meta property=\"og:locale\" content=\"sv_SE\" \/>\n<meta property=\"og:type\" content=\"article\" \/>\n<meta property=\"og:title\" content=\"Nellemann Machinery Spider ILD01 - Professionell fj\u00e4rrstyrd gr\u00e4sklippare\" \/>\n<meta property=\"og:description\" content=\"SPIDER ILD01 \u00e4r den grundl\u00e4ggande modellen som introducerades 2004 och blev v\u00e4rldens f\u00f6rsta professionella fj\u00e4rrstyrda gr\u00e4sklippare.\" \/>\n<meta property=\"og:url\" content=\"https:\/\/nellemannmachinery.se\/produkt\/spider-ild01-fjarrstyrda-grasklippare\/\" \/>\n<meta property=\"og:site_name\" content=\"Nellemann Machinery\" \/>\n<meta property=\"article:publisher\" content=\"https:\/\/www.facebook.com\/Nellemann-Machinery-718705991612962\" \/>\n<meta property=\"article:modified_time\" content=\"2022-03-11T10:37:33+00:00\" \/>\n<meta property=\"og:image\" content=\"https:\/\/nellemannmachinery.se\/wp-content\/uploads\/2020\/08\/sekacka_detaily.-800_600jpg.jpg\" \/>\n\t<meta property=\"og:image:width\" content=\"800\" \/>\n\t<meta property=\"og:image:height\" content=\"600\" \/>\n\t<meta property=\"og:image:type\" content=\"image\/jpeg\" \/>\n<meta name=\"twitter:card\" content=\"summary_large_image\" \/>\n<!-- \/ Yoast SEO plugin. -->","yoast_head_json":{"title":"Nellemann Machinery Spider ILD01 - Professionell fj\u00e4rrstyrd gr\u00e4sklippare","description":"SPIDER ILD01 \u00e4r den grundl\u00e4ggande modellen som introducerades 2004 och blev v\u00e4rldens f\u00f6rsta professionella fj\u00e4rrstyrda gr\u00e4sklippare.","robots":{"index":"noindex","follow":"follow","max-snippet":"max-snippet:-1","max-image-preview":"max-image-preview:large","max-video-preview":"max-video-preview:-1"},"og_locale":"sv_SE","og_type":"article","og_title":"Nellemann Machinery Spider ILD01 - Professionell fj\u00e4rrstyrd gr\u00e4sklippare","og_description":"SPIDER ILD01 \u00e4r den grundl\u00e4ggande modellen som introducerades 2004 och blev v\u00e4rldens f\u00f6rsta professionella fj\u00e4rrstyrda gr\u00e4sklippare.","og_url":"https:\/\/nellemannmachinery.se\/produkt\/spider-ild01-fjarrstyrda-grasklippare\/","og_site_name":"Nellemann Machinery","article_publisher":"https:\/\/www.facebook.com\/Nellemann-Machinery-718705991612962","article_modified_time":"2022-03-11T10:37:33+00:00","og_image":[{"width":800,"height":600,"url":"https:\/\/nellemannmachinery.se\/wp-content\/uploads\/2020\/08\/sekacka_detaily.-800_600jpg.jpg","type":"image\/jpeg"}],"twitter_card":"summary_large_image","schema":{"@context":"https:\/\/schema.org","@graph":[{"@type":"WebPage","@id":"https:\/\/nellemannmachinery.se\/produkt\/spider-ild01-fjarrstyrda-grasklippare\/","url":"https:\/\/nellemannmachinery.se\/produkt\/spider-ild01-fjarrstyrda-grasklippare\/","name":"Nellemann Machinery Spider ILD01 - Professionell fj\u00e4rrstyrd gr\u00e4sklippare","isPartOf":{"@id":"https:\/\/dev.nellemannmachinery.dk\/#website"},"primaryImageOfPage":{"@id":"https:\/\/nellemannmachinery.se\/produkt\/spider-ild01-fjarrstyrda-grasklippare\/#primaryimage"},"image":{"@id":"https:\/\/nellemannmachinery.se\/produkt\/spider-ild01-fjarrstyrda-grasklippare\/#primaryimage"},"thumbnailUrl":"https:\/\/dev.nellemannmachinery.dk\/wp-content\/uploads\/2020\/08\/sekacka_detaily.-800_600jpg.jpg","datePublished":"2020-08-25T13:17:25+00:00","dateModified":"2022-03-11T10:37:33+00:00","description":"SPIDER ILD01 \u00e4r den grundl\u00e4ggande modellen som introducerades 2004 och blev v\u00e4rldens f\u00f6rsta professionella fj\u00e4rrstyrda gr\u00e4sklippare.","breadcrumb":{"@id":"https:\/\/nellemannmachinery.se\/produkt\/spider-ild01-fjarrstyrda-grasklippare\/#breadcrumb"},"inLanguage":"sv-SE","potentialAction":[{"@type":"ReadAction","target":["https:\/\/nellemannmachinery.se\/produkt\/spider-ild01-fjarrstyrda-grasklippare\/"]}]},{"@type":"ImageObject","inLanguage":"sv-SE","@id":"https:\/\/nellemannmachinery.se\/produkt\/spider-ild01-fjarrstyrda-grasklippare\/#primaryimage","url":"https:\/\/dev.nellemannmachinery.dk\/wp-content\/uploads\/2020\/08\/sekacka_detaily.-800_600jpg.jpg","contentUrl":"https:\/\/dev.nellemannmachinery.dk\/wp-content\/uploads\/2020\/08\/sekacka_detaily.-800_600jpg.jpg","width":800,"height":600},{"@type":"BreadcrumbList","@id":"https:\/\/nellemannmachinery.se\/produkt\/spider-ild01-fjarrstyrda-grasklippare\/#breadcrumb","itemListElement":[{"@type":"ListItem","position":1,"name":"Home","item":"https:\/\/nellemannmachinery.se\/"},{"@type":"ListItem","position":2,"name":"Shop","item":"https:\/\/dev.nellemannmachinery.dk\/shop\/"},{"@type":"ListItem","position":3,"name":"Spider ILD01"}]},{"@type":"WebSite","@id":"https:\/\/dev.nellemannmachinery.dk\/#website","url":"https:\/\/dev.nellemannmachinery.dk\/","name":"Nellemann Machinery","description":"","publisher":{"@id":"https:\/\/dev.nellemannmachinery.dk\/#organization"},"potentialAction":[{"@type":"SearchAction","target":{"@type":"EntryPoint","urlTemplate":"https:\/\/dev.nellemannmachinery.dk\/?s={search_term_string}"},"query-input":{"@type":"PropertyValueSpecification","valueRequired":true,"valueName":"search_term_string"}}],"inLanguage":"sv-SE"},{"@type":"Organization","@id":"https:\/\/dev.nellemannmachinery.dk\/#organization","name":"Nellemann Machinery","url":"https:\/\/dev.nellemannmachinery.dk\/","logo":{"@type":"ImageObject","inLanguage":"sv-SE","@id":"https:\/\/dev.nellemannmachinery.dk\/#\/schema\/logo\/image\/","url":"https:\/\/dev.nellemannmachinery.dk\/wp-content\/uploads\/2020\/09\/logo-1.png","contentUrl":"https:\/\/dev.nellemannmachinery.dk\/wp-content\/uploads\/2020\/09\/logo-1.png","width":398,"height":71,"caption":"Nellemann Machinery"},"image":{"@id":"https:\/\/dev.nellemannmachinery.dk\/#\/schema\/logo\/image\/"},"sameAs":["https:\/\/www.facebook.com\/Nellemann-Machinery-718705991612962","https:\/\/www.instagram.com\/nellemannmachinery\/?hl=da","https:\/\/www.linkedin.com\/company\/svenningsens-maskinforretning-as\/about\/"]}]}},"_links":{"self":[{"href":"https:\/\/dev.nellemannmachinery.dk\/sv\/wp-json\/wp\/v2\/product\/5690","targetHints":{"allow":["GET"]}}],"collection":[{"href":"https:\/\/dev.nellemannmachinery.dk\/sv\/wp-json\/wp\/v2\/product"}],"about":[{"href":"https:\/\/dev.nellemannmachinery.dk\/sv\/wp-json\/wp\/v2\/types\/product"}],"wp:featuredmedia":[{"embeddable":true,"href":"https:\/\/dev.nellemannmachinery.dk\/sv\/wp-json\/wp\/v2\/media\/14284"}],"wp:attachment":[{"href":"https:\/\/dev.nellemannmachinery.dk\/sv\/wp-json\/wp\/v2\/media?parent=5690"}],"wp:term":[{"taxonomy":"product_brand","embeddable":true,"href":"https:\/\/dev.nellemannmachinery.dk\/sv\/wp-json\/wp\/v2\/product_brand?post=5690"},{"taxonomy":"product_cat","embeddable":true,"href":"https:\/\/dev.nellemannmachinery.dk\/sv\/wp-json\/wp\/v2\/product_cat?post=5690"},{"taxonomy":"product_tag","embeddable":true,"href":"https:\/\/dev.nellemannmachinery.dk\/sv\/wp-json\/wp\/v2\/product_tag?post=5690"}],"curies":[{"name":"wp","href":"https:\/\/api.w.org\/{rel}","templated":true}]}}