{"id":5978,"date":"2020-08-31T13:58:37","date_gmt":"2020-08-31T11:58:37","guid":{"rendered":"https:\/\/dev.nellemannmachinery.dk\/?post_type=product&#038;p=5978"},"modified":"2022-08-23T11:36:13","modified_gmt":"2022-08-23T09:36:13","slug":"kubota-grasklippare-gr2120","status":"publish","type":"product","link":"https:\/\/dev.nellemannmachinery.dk\/sv\/produkt\/kubota-grasklippare-gr2120\/","title":{"rendered":"Kubota GR2120"},"excerpt":{"rendered":"<p>https:\/\/www.youtube.com\/watch?v=rzL4Etuta9U&amp;t=11s<\/p>\n<p><strong>Kubota GR2120<\/strong> \u00e4r utrustad med en kraftig dieselmotor, hydrostat,\u00a04 wd, servostyrning och Glide Steer f\u00f6r extremt sn\u00e4v sv\u00e4ngradie utan att skada gr\u00e4smattan. Klippaggregatet p\u00e5 122 cm med bakutkast drivs direkt\u00a0med axel fr\u00e5n tranmissionen utan remmar. Aggregatet lyfts hydrauliskt och har central inst\u00e4llning av klipph\u00f6jden. Som standard \u00e4r maskinen utrustad med en uppsamlare p\u00e5 450 L som enkelt kan t\u00f6mmas direkt\u00a0fr\u00e5n f\u00f6rarstolen. Klippaggregatet monteras enkelt p\u00e5 och av utan verktyg.<\/p>\n","protected":false},"featured_media":14245,"template":"","meta":{"_acf_changed":false,"inline_featured_image":false},"product_brand":[],"product_cat":[159],"product_tag":[478,283,504,150],"class_list":{"0":"post-5978","1":"product","2":"type-product","3":"status-publish","4":"has-post-thumbnail","6":"product_cat-grasklippare","7":"product_tag-gr2120","8":"product_tag-grasklippare","9":"product_tag-gronytemaskiner","10":"product_tag-kubota","11":"brand-kubota-produker","13":"first","14":"instock","15":"shipping-taxable","16":"product-type-simple"},"acf":[],"yoast_head":"<!-- This site is optimized with the Yoast SEO plugin v27.4 - https:\/\/yoast.com\/product\/yoast-seo-wordpress\/ -->\n<title>Gr\u00e4sklippare Kubota GR2120 - L\u00e4s mer p\u00e5 nellemannmachinery. se<\/title>\n<meta name=\"description\" content=\"Kubota gr\u00e4sklippare GR2120 \u00e4r utrustad med en kraftig dieselmotor, hydrostat, 4 wd, servostyrning och Glide Steer f\u00f6r extremt sn\u00e4v sv\u00e4ngradie.\" \/>\n<meta name=\"robots\" content=\"noindex, follow, max-snippet:-1, max-image-preview:large, max-video-preview:-1\" \/>\n<meta property=\"og:locale\" content=\"sv_SE\" \/>\n<meta property=\"og:type\" content=\"article\" \/>\n<meta property=\"og:title\" content=\"Gr\u00e4sklippare Kubota GR2120 - L\u00e4s mer p\u00e5 nellemannmachinery. se\" \/>\n<meta property=\"og:description\" content=\"Kubota gr\u00e4sklippare GR2120 \u00e4r utrustad med en kraftig dieselmotor, hydrostat, 4 wd, servostyrning och Glide Steer f\u00f6r extremt sn\u00e4v sv\u00e4ngradie.\" \/>\n<meta property=\"og:url\" content=\"https:\/\/nellemannmachinery.se\/produkt\/kubota-grasklippare-gr2120\/\" \/>\n<meta property=\"og:site_name\" content=\"Nellemann Machinery\" \/>\n<meta property=\"article:publisher\" content=\"https:\/\/www.facebook.com\/Nellemann-Machinery-718705991612962\" \/>\n<meta property=\"article:modified_time\" content=\"2022-08-23T09:36:13+00:00\" \/>\n<meta property=\"og:image\" content=\"https:\/\/nellemannmachinery.se\/wp-content\/uploads\/2020\/08\/GR2120_Studio_Side.800_600jpg.jpg\" \/>\n\t<meta property=\"og:image:width\" content=\"800\" \/>\n\t<meta property=\"og:image:height\" content=\"600\" \/>\n\t<meta property=\"og:image:type\" content=\"image\/jpeg\" \/>\n<meta name=\"twitter:card\" content=\"summary_large_image\" \/>\n<!-- \/ Yoast SEO plugin. -->","yoast_head_json":{"title":"Gr\u00e4sklippare Kubota GR2120 - L\u00e4s mer p\u00e5 nellemannmachinery. se","description":"Kubota gr\u00e4sklippare GR2120 \u00e4r utrustad med en kraftig dieselmotor, hydrostat, 4 wd, servostyrning och Glide Steer f\u00f6r extremt sn\u00e4v sv\u00e4ngradie.","robots":{"index":"noindex","follow":"follow","max-snippet":"max-snippet:-1","max-image-preview":"max-image-preview:large","max-video-preview":"max-video-preview:-1"},"og_locale":"sv_SE","og_type":"article","og_title":"Gr\u00e4sklippare Kubota GR2120 - L\u00e4s mer p\u00e5 nellemannmachinery. se","og_description":"Kubota gr\u00e4sklippare GR2120 \u00e4r utrustad med en kraftig dieselmotor, hydrostat, 4 wd, servostyrning och Glide Steer f\u00f6r extremt sn\u00e4v sv\u00e4ngradie.","og_url":"https:\/\/nellemannmachinery.se\/produkt\/kubota-grasklippare-gr2120\/","og_site_name":"Nellemann Machinery","article_publisher":"https:\/\/www.facebook.com\/Nellemann-Machinery-718705991612962","article_modified_time":"2022-08-23T09:36:13+00:00","og_image":[{"width":800,"height":600,"url":"https:\/\/nellemannmachinery.se\/wp-content\/uploads\/2020\/08\/GR2120_Studio_Side.800_600jpg.jpg","type":"image\/jpeg"}],"twitter_card":"summary_large_image","schema":{"@context":"https:\/\/schema.org","@graph":[{"@type":"WebPage","@id":"https:\/\/nellemannmachinery.se\/produkt\/kubota-grasklippare-gr2120\/","url":"https:\/\/nellemannmachinery.se\/produkt\/kubota-grasklippare-gr2120\/","name":"Gr\u00e4sklippare Kubota GR2120 - L\u00e4s mer p\u00e5 nellemannmachinery. se","isPartOf":{"@id":"https:\/\/dev.nellemannmachinery.dk\/#website"},"primaryImageOfPage":{"@id":"https:\/\/nellemannmachinery.se\/produkt\/kubota-grasklippare-gr2120\/#primaryimage"},"image":{"@id":"https:\/\/nellemannmachinery.se\/produkt\/kubota-grasklippare-gr2120\/#primaryimage"},"thumbnailUrl":"https:\/\/dev.nellemannmachinery.dk\/wp-content\/uploads\/2020\/08\/GR2120_Studio_Side.800_600jpg.jpg","datePublished":"2020-08-31T11:58:37+00:00","dateModified":"2022-08-23T09:36:13+00:00","description":"Kubota gr\u00e4sklippare GR2120 \u00e4r utrustad med en kraftig dieselmotor, hydrostat, 4 wd, servostyrning och Glide Steer f\u00f6r extremt sn\u00e4v sv\u00e4ngradie.","breadcrumb":{"@id":"https:\/\/nellemannmachinery.se\/produkt\/kubota-grasklippare-gr2120\/#breadcrumb"},"inLanguage":"sv-SE","potentialAction":[{"@type":"ReadAction","target":["https:\/\/nellemannmachinery.se\/produkt\/kubota-grasklippare-gr2120\/"]}]},{"@type":"ImageObject","inLanguage":"sv-SE","@id":"https:\/\/nellemannmachinery.se\/produkt\/kubota-grasklippare-gr2120\/#primaryimage","url":"https:\/\/dev.nellemannmachinery.dk\/wp-content\/uploads\/2020\/08\/GR2120_Studio_Side.800_600jpg.jpg","contentUrl":"https:\/\/dev.nellemannmachinery.dk\/wp-content\/uploads\/2020\/08\/GR2120_Studio_Side.800_600jpg.jpg","width":800,"height":600},{"@type":"BreadcrumbList","@id":"https:\/\/nellemannmachinery.se\/produkt\/kubota-grasklippare-gr2120\/#breadcrumb","itemListElement":[{"@type":"ListItem","position":1,"name":"Home","item":"https:\/\/nellemannmachinery.se\/"},{"@type":"ListItem","position":2,"name":"Shop","item":"https:\/\/dev.nellemannmachinery.dk\/shop\/"},{"@type":"ListItem","position":3,"name":"Kubota GR2120"}]},{"@type":"WebSite","@id":"https:\/\/dev.nellemannmachinery.dk\/#website","url":"https:\/\/dev.nellemannmachinery.dk\/","name":"Nellemann Machinery","description":"","publisher":{"@id":"https:\/\/dev.nellemannmachinery.dk\/#organization"},"potentialAction":[{"@type":"SearchAction","target":{"@type":"EntryPoint","urlTemplate":"https:\/\/dev.nellemannmachinery.dk\/?s={search_term_string}"},"query-input":{"@type":"PropertyValueSpecification","valueRequired":true,"valueName":"search_term_string"}}],"inLanguage":"sv-SE"},{"@type":"Organization","@id":"https:\/\/dev.nellemannmachinery.dk\/#organization","name":"Nellemann Machinery","url":"https:\/\/dev.nellemannmachinery.dk\/","logo":{"@type":"ImageObject","inLanguage":"sv-SE","@id":"https:\/\/dev.nellemannmachinery.dk\/#\/schema\/logo\/image\/","url":"https:\/\/dev.nellemannmachinery.dk\/wp-content\/uploads\/2020\/09\/logo-1.png","contentUrl":"https:\/\/dev.nellemannmachinery.dk\/wp-content\/uploads\/2020\/09\/logo-1.png","width":398,"height":71,"caption":"Nellemann Machinery"},"image":{"@id":"https:\/\/dev.nellemannmachinery.dk\/#\/schema\/logo\/image\/"},"sameAs":["https:\/\/www.facebook.com\/Nellemann-Machinery-718705991612962","https:\/\/www.instagram.com\/nellemannmachinery\/?hl=da","https:\/\/www.linkedin.com\/company\/svenningsens-maskinforretning-as\/about\/"]}]}},"_links":{"self":[{"href":"https:\/\/dev.nellemannmachinery.dk\/sv\/wp-json\/wp\/v2\/product\/5978","targetHints":{"allow":["GET"]}}],"collection":[{"href":"https:\/\/dev.nellemannmachinery.dk\/sv\/wp-json\/wp\/v2\/product"}],"about":[{"href":"https:\/\/dev.nellemannmachinery.dk\/sv\/wp-json\/wp\/v2\/types\/product"}],"wp:featuredmedia":[{"embeddable":true,"href":"https:\/\/dev.nellemannmachinery.dk\/sv\/wp-json\/wp\/v2\/media\/14245"}],"wp:attachment":[{"href":"https:\/\/dev.nellemannmachinery.dk\/sv\/wp-json\/wp\/v2\/media?parent=5978"}],"wp:term":[{"taxonomy":"product_brand","embeddable":true,"href":"https:\/\/dev.nellemannmachinery.dk\/sv\/wp-json\/wp\/v2\/product_brand?post=5978"},{"taxonomy":"product_cat","embeddable":true,"href":"https:\/\/dev.nellemannmachinery.dk\/sv\/wp-json\/wp\/v2\/product_cat?post=5978"},{"taxonomy":"product_tag","embeddable":true,"href":"https:\/\/dev.nellemannmachinery.dk\/sv\/wp-json\/wp\/v2\/product_tag?post=5978"}],"curies":[{"name":"wp","href":"https:\/\/api.w.org\/{rel}","templated":true}]}}