{"id":5991,"date":"2020-08-31T14:16:31","date_gmt":"2020-08-31T12:16:31","guid":{"rendered":"https:\/\/dev.nellemannmachinery.dk\/?post_type=product&#038;p=5991"},"modified":"2022-03-11T12:30:17","modified_gmt":"2022-03-11T10:30:17","slug":"kubota-grasklippare-g-231","status":"publish","type":"product","link":"https:\/\/dev.nellemannmachinery.dk\/sv\/produkt\/kubota-grasklippare-g-231\/","title":{"rendered":"Kubota G231 LD"},"excerpt":{"rendered":"<div class=\"contactAndContent\">\n<div class=\"row\">\n<div class=\"product-info col-md-6\">\n<div class=\"product-description\">\n<p>https:\/\/www.youtube.com\/watch?v=DL96JO1_D0M&amp;t=25s<\/p>\n<p>L\u00e4ttanv\u00e4nd gr\u00e4sklippare med eller utan uppsamling, hydrostatisk transmission samt servostyrning, differentialsp\u00e4rr, farth\u00e5llare och kraftig framaxel. F\u00f6r \u00f6kad komfort har traktorn fj\u00e4drande stol med h\u00f6g rygg, ergonomiska kontroller och anv\u00e4ndarv\u00e4nlig instrumentpanel.<\/p>\n<p>&nbsp;<\/p>\n<p>Kan levereras med l\u00e5g eller h\u00f6gtippande uppsamlare.<\/p>\n<\/div>\n<\/div>\n<\/div>\n<\/div>\n","protected":false},"featured_media":14275,"template":"","meta":{"_acf_changed":false,"inline_featured_image":false},"product_brand":[],"product_cat":[159],"product_tag":[481,789,283,504,150],"class_list":{"0":"post-5991","1":"product","2":"type-product","3":"status-publish","4":"has-post-thumbnail","6":"product_cat-grasklippare","7":"product_tag-g","8":"product_tag-g231","9":"product_tag-grasklippare","10":"product_tag-gronytemaskiner","11":"product_tag-kubota","12":"brand-kubota-produker","14":"first","15":"instock","16":"shipping-taxable","17":"product-type-simple"},"acf":[],"yoast_head":"<!-- This site is optimized with the Yoast SEO plugin v27.4 - https:\/\/yoast.com\/product\/yoast-seo-wordpress\/ -->\n<title>Ny Kubota gr\u00e4sklippare i G-serien -G231 nellemannmachinery. se<\/title>\n<meta name=\"description\" content=\"Kubota har ny gr\u00e4sklippare i G-serien med Kubotas kraftfull dieselmotor 22hk ger all kraft du beh\u00f6ver f\u00f6r kr\u00e4vande uppgifter. L\u00e4s mer p\u00e5 nellemannmachinery. se\" \/>\n<meta name=\"robots\" content=\"noindex, follow, max-snippet:-1, max-image-preview:large, max-video-preview:-1\" \/>\n<meta property=\"og:locale\" content=\"sv_SE\" \/>\n<meta property=\"og:type\" content=\"article\" \/>\n<meta property=\"og:title\" content=\"Ny Kubota gr\u00e4sklippare i G-serien -G231 nellemannmachinery. se\" \/>\n<meta property=\"og:description\" content=\"Kubota har ny gr\u00e4sklippare i G-serien med Kubotas kraftfull dieselmotor 22hk ger all kraft du beh\u00f6ver f\u00f6r kr\u00e4vande uppgifter. L\u00e4s mer p\u00e5 nellemannmachinery. se\" \/>\n<meta property=\"og:url\" content=\"https:\/\/nellemannmachinery.se\/produkt\/kubota-grasklippare-g-231\/\" \/>\n<meta property=\"og:site_name\" content=\"Nellemann Machinery\" \/>\n<meta property=\"article:publisher\" content=\"https:\/\/www.facebook.com\/Nellemann-Machinery-718705991612962\" \/>\n<meta property=\"article:modified_time\" content=\"2022-03-11T10:30:17+00:00\" \/>\n<meta property=\"og:image\" content=\"https:\/\/nellemannmachinery.se\/wp-content\/uploads\/2020\/08\/G231_Studio_side34.800_600jpg.jpg\" \/>\n\t<meta property=\"og:image:width\" content=\"800\" \/>\n\t<meta property=\"og:image:height\" content=\"600\" \/>\n\t<meta property=\"og:image:type\" content=\"image\/jpeg\" \/>\n<meta name=\"twitter:card\" content=\"summary_large_image\" \/>\n<!-- \/ Yoast SEO plugin. -->","yoast_head_json":{"title":"Ny Kubota gr\u00e4sklippare i G-serien -G231 nellemannmachinery. se","description":"Kubota har ny gr\u00e4sklippare i G-serien med Kubotas kraftfull dieselmotor 22hk ger all kraft du beh\u00f6ver f\u00f6r kr\u00e4vande uppgifter. L\u00e4s mer p\u00e5 nellemannmachinery. se","robots":{"index":"noindex","follow":"follow","max-snippet":"max-snippet:-1","max-image-preview":"max-image-preview:large","max-video-preview":"max-video-preview:-1"},"og_locale":"sv_SE","og_type":"article","og_title":"Ny Kubota gr\u00e4sklippare i G-serien -G231 nellemannmachinery. se","og_description":"Kubota har ny gr\u00e4sklippare i G-serien med Kubotas kraftfull dieselmotor 22hk ger all kraft du beh\u00f6ver f\u00f6r kr\u00e4vande uppgifter. L\u00e4s mer p\u00e5 nellemannmachinery. se","og_url":"https:\/\/nellemannmachinery.se\/produkt\/kubota-grasklippare-g-231\/","og_site_name":"Nellemann Machinery","article_publisher":"https:\/\/www.facebook.com\/Nellemann-Machinery-718705991612962","article_modified_time":"2022-03-11T10:30:17+00:00","og_image":[{"width":800,"height":600,"url":"https:\/\/nellemannmachinery.se\/wp-content\/uploads\/2020\/08\/G231_Studio_side34.800_600jpg.jpg","type":"image\/jpeg"}],"twitter_card":"summary_large_image","schema":{"@context":"https:\/\/schema.org","@graph":[{"@type":"WebPage","@id":"https:\/\/nellemannmachinery.se\/produkt\/kubota-grasklippare-g-231\/","url":"https:\/\/nellemannmachinery.se\/produkt\/kubota-grasklippare-g-231\/","name":"Ny Kubota gr\u00e4sklippare i G-serien -G231 nellemannmachinery. se","isPartOf":{"@id":"https:\/\/dev.nellemannmachinery.dk\/#website"},"primaryImageOfPage":{"@id":"https:\/\/nellemannmachinery.se\/produkt\/kubota-grasklippare-g-231\/#primaryimage"},"image":{"@id":"https:\/\/nellemannmachinery.se\/produkt\/kubota-grasklippare-g-231\/#primaryimage"},"thumbnailUrl":"https:\/\/dev.nellemannmachinery.dk\/wp-content\/uploads\/2020\/08\/G231_Studio_side34.800_600jpg.jpg","datePublished":"2020-08-31T12:16:31+00:00","dateModified":"2022-03-11T10:30:17+00:00","description":"Kubota har ny gr\u00e4sklippare i G-serien med Kubotas kraftfull dieselmotor 22hk ger all kraft du beh\u00f6ver f\u00f6r kr\u00e4vande uppgifter. L\u00e4s mer p\u00e5 nellemannmachinery. se","breadcrumb":{"@id":"https:\/\/nellemannmachinery.se\/produkt\/kubota-grasklippare-g-231\/#breadcrumb"},"inLanguage":"sv-SE","potentialAction":[{"@type":"ReadAction","target":["https:\/\/nellemannmachinery.se\/produkt\/kubota-grasklippare-g-231\/"]}]},{"@type":"ImageObject","inLanguage":"sv-SE","@id":"https:\/\/nellemannmachinery.se\/produkt\/kubota-grasklippare-g-231\/#primaryimage","url":"https:\/\/dev.nellemannmachinery.dk\/wp-content\/uploads\/2020\/08\/G231_Studio_side34.800_600jpg.jpg","contentUrl":"https:\/\/dev.nellemannmachinery.dk\/wp-content\/uploads\/2020\/08\/G231_Studio_side34.800_600jpg.jpg","width":800,"height":600},{"@type":"BreadcrumbList","@id":"https:\/\/nellemannmachinery.se\/produkt\/kubota-grasklippare-g-231\/#breadcrumb","itemListElement":[{"@type":"ListItem","position":1,"name":"Home","item":"https:\/\/nellemannmachinery.se\/"},{"@type":"ListItem","position":2,"name":"Shop","item":"https:\/\/dev.nellemannmachinery.dk\/shop\/"},{"@type":"ListItem","position":3,"name":"Kubota G231 LD"}]},{"@type":"WebSite","@id":"https:\/\/dev.nellemannmachinery.dk\/#website","url":"https:\/\/dev.nellemannmachinery.dk\/","name":"Nellemann Machinery","description":"","publisher":{"@id":"https:\/\/dev.nellemannmachinery.dk\/#organization"},"potentialAction":[{"@type":"SearchAction","target":{"@type":"EntryPoint","urlTemplate":"https:\/\/dev.nellemannmachinery.dk\/?s={search_term_string}"},"query-input":{"@type":"PropertyValueSpecification","valueRequired":true,"valueName":"search_term_string"}}],"inLanguage":"sv-SE"},{"@type":"Organization","@id":"https:\/\/dev.nellemannmachinery.dk\/#organization","name":"Nellemann Machinery","url":"https:\/\/dev.nellemannmachinery.dk\/","logo":{"@type":"ImageObject","inLanguage":"sv-SE","@id":"https:\/\/dev.nellemannmachinery.dk\/#\/schema\/logo\/image\/","url":"https:\/\/dev.nellemannmachinery.dk\/wp-content\/uploads\/2020\/09\/logo-1.png","contentUrl":"https:\/\/dev.nellemannmachinery.dk\/wp-content\/uploads\/2020\/09\/logo-1.png","width":398,"height":71,"caption":"Nellemann Machinery"},"image":{"@id":"https:\/\/dev.nellemannmachinery.dk\/#\/schema\/logo\/image\/"},"sameAs":["https:\/\/www.facebook.com\/Nellemann-Machinery-718705991612962","https:\/\/www.instagram.com\/nellemannmachinery\/?hl=da","https:\/\/www.linkedin.com\/company\/svenningsens-maskinforretning-as\/about\/"]}]}},"_links":{"self":[{"href":"https:\/\/dev.nellemannmachinery.dk\/sv\/wp-json\/wp\/v2\/product\/5991","targetHints":{"allow":["GET"]}}],"collection":[{"href":"https:\/\/dev.nellemannmachinery.dk\/sv\/wp-json\/wp\/v2\/product"}],"about":[{"href":"https:\/\/dev.nellemannmachinery.dk\/sv\/wp-json\/wp\/v2\/types\/product"}],"wp:featuredmedia":[{"embeddable":true,"href":"https:\/\/dev.nellemannmachinery.dk\/sv\/wp-json\/wp\/v2\/media\/14275"}],"wp:attachment":[{"href":"https:\/\/dev.nellemannmachinery.dk\/sv\/wp-json\/wp\/v2\/media?parent=5991"}],"wp:term":[{"taxonomy":"product_brand","embeddable":true,"href":"https:\/\/dev.nellemannmachinery.dk\/sv\/wp-json\/wp\/v2\/product_brand?post=5991"},{"taxonomy":"product_cat","embeddable":true,"href":"https:\/\/dev.nellemannmachinery.dk\/sv\/wp-json\/wp\/v2\/product_cat?post=5991"},{"taxonomy":"product_tag","embeddable":true,"href":"https:\/\/dev.nellemannmachinery.dk\/sv\/wp-json\/wp\/v2\/product_tag?post=5991"}],"curies":[{"name":"wp","href":"https:\/\/api.w.org\/{rel}","templated":true}]}}