{"id":5999,"date":"2020-08-31T14:31:36","date_gmt":"2020-08-31T12:31:36","guid":{"rendered":"https:\/\/dev.nellemannmachinery.dk\/?post_type=product&#038;p=5999"},"modified":"2022-08-23T14:55:11","modified_gmt":"2022-08-23T12:55:11","slug":"kubota-grasklippare-g261","status":"publish","type":"product","link":"https:\/\/dev.nellemannmachinery.dk\/sv\/produkt\/kubota-grasklippare-g261\/","title":{"rendered":"Kubota G261 HD"},"excerpt":{"rendered":"<div class=\"contactAndContent\">\n<div class=\"row\">\n<div class=\"product-info col-md-6\">\n<div class=\"product-description\">\n<p>&nbsp;<\/p>\n<p>https:\/\/www.youtube.com\/watch?v=DL96JO1_D0M<\/p>\n<\/div>\n<\/div>\n<\/div>\n<\/div>\n","protected":false},"featured_media":14251,"template":"","meta":{"_acf_changed":false,"inline_featured_image":false},"product_brand":[],"product_cat":[159],"product_tag":[481,791,283,504,150],"class_list":{"0":"post-5999","1":"product","2":"type-product","3":"status-publish","4":"has-post-thumbnail","6":"product_cat-grasklippare","7":"product_tag-g","8":"product_tag-g261","9":"product_tag-grasklippare","10":"product_tag-gronytemaskiner","11":"product_tag-kubota","12":"brand-kubota-produker","14":"first","15":"instock","16":"shipping-taxable","17":"product-type-simple"},"acf":[],"yoast_head":"<!-- This site is optimized with the Yoast SEO plugin v27.4 - https:\/\/yoast.com\/product\/yoast-seo-wordpress\/ -->\n<title>Ny Kubota gr\u00e4sklippare i G-serien -G261 nellemannmachinery. se<\/title>\n<meta name=\"description\" content=\"Kubotas nya gr\u00e4sklippare i G-serien med Kubotas kraftfulla dieselmotor p\u00e5 25hk ger den all kraft du beh\u00f6ver f\u00f6r kr\u00e4vande uppgifter. L\u00e4s mer p\u00e5 nellemannmachinery. se\" \/>\n<meta name=\"robots\" content=\"noindex, follow, max-snippet:-1, max-image-preview:large, max-video-preview:-1\" \/>\n<meta property=\"og:locale\" content=\"sv_SE\" \/>\n<meta property=\"og:type\" content=\"article\" \/>\n<meta property=\"og:title\" content=\"Ny Kubota gr\u00e4sklippare i G-serien -G261 nellemannmachinery. se\" \/>\n<meta property=\"og:description\" content=\"Kubotas nya gr\u00e4sklippare i G-serien med Kubotas kraftfulla dieselmotor p\u00e5 25hk ger den all kraft du beh\u00f6ver f\u00f6r kr\u00e4vande uppgifter. L\u00e4s mer p\u00e5 nellemannmachinery. se\" \/>\n<meta property=\"og:url\" content=\"https:\/\/nellemannmachinery.se\/produkt\/kubota-grasklippare-g261\/\" \/>\n<meta property=\"og:site_name\" content=\"Nellemann Machinery\" \/>\n<meta property=\"article:publisher\" content=\"https:\/\/www.facebook.com\/Nellemann-Machinery-718705991612962\" \/>\n<meta property=\"article:modified_time\" content=\"2022-08-23T12:55:11+00:00\" \/>\n<meta property=\"og:image\" content=\"https:\/\/nellemannmachinery.se\/wp-content\/uploads\/2020\/08\/G_Series_261-800_600.jpg\" \/>\n\t<meta property=\"og:image:width\" content=\"800\" \/>\n\t<meta property=\"og:image:height\" content=\"600\" \/>\n\t<meta property=\"og:image:type\" content=\"image\/jpeg\" \/>\n<meta name=\"twitter:card\" content=\"summary_large_image\" \/>\n<!-- \/ Yoast SEO plugin. -->","yoast_head_json":{"title":"Ny Kubota gr\u00e4sklippare i G-serien -G261 nellemannmachinery. se","description":"Kubotas nya gr\u00e4sklippare i G-serien med Kubotas kraftfulla dieselmotor p\u00e5 25hk ger den all kraft du beh\u00f6ver f\u00f6r kr\u00e4vande uppgifter. L\u00e4s mer p\u00e5 nellemannmachinery. se","robots":{"index":"noindex","follow":"follow","max-snippet":"max-snippet:-1","max-image-preview":"max-image-preview:large","max-video-preview":"max-video-preview:-1"},"og_locale":"sv_SE","og_type":"article","og_title":"Ny Kubota gr\u00e4sklippare i G-serien -G261 nellemannmachinery. se","og_description":"Kubotas nya gr\u00e4sklippare i G-serien med Kubotas kraftfulla dieselmotor p\u00e5 25hk ger den all kraft du beh\u00f6ver f\u00f6r kr\u00e4vande uppgifter. L\u00e4s mer p\u00e5 nellemannmachinery. se","og_url":"https:\/\/nellemannmachinery.se\/produkt\/kubota-grasklippare-g261\/","og_site_name":"Nellemann Machinery","article_publisher":"https:\/\/www.facebook.com\/Nellemann-Machinery-718705991612962","article_modified_time":"2022-08-23T12:55:11+00:00","og_image":[{"width":800,"height":600,"url":"https:\/\/nellemannmachinery.se\/wp-content\/uploads\/2020\/08\/G_Series_261-800_600.jpg","type":"image\/jpeg"}],"twitter_card":"summary_large_image","schema":{"@context":"https:\/\/schema.org","@graph":[{"@type":"WebPage","@id":"https:\/\/nellemannmachinery.se\/produkt\/kubota-grasklippare-g261\/","url":"https:\/\/nellemannmachinery.se\/produkt\/kubota-grasklippare-g261\/","name":"Ny Kubota gr\u00e4sklippare i G-serien -G261 nellemannmachinery. se","isPartOf":{"@id":"https:\/\/dev.nellemannmachinery.dk\/#website"},"primaryImageOfPage":{"@id":"https:\/\/nellemannmachinery.se\/produkt\/kubota-grasklippare-g261\/#primaryimage"},"image":{"@id":"https:\/\/nellemannmachinery.se\/produkt\/kubota-grasklippare-g261\/#primaryimage"},"thumbnailUrl":"https:\/\/dev.nellemannmachinery.dk\/wp-content\/uploads\/2020\/08\/G_Series_261-800_600.jpg","datePublished":"2020-08-31T12:31:36+00:00","dateModified":"2022-08-23T12:55:11+00:00","description":"Kubotas nya gr\u00e4sklippare i G-serien med Kubotas kraftfulla dieselmotor p\u00e5 25hk ger den all kraft du beh\u00f6ver f\u00f6r kr\u00e4vande uppgifter. L\u00e4s mer p\u00e5 nellemannmachinery. se","breadcrumb":{"@id":"https:\/\/nellemannmachinery.se\/produkt\/kubota-grasklippare-g261\/#breadcrumb"},"inLanguage":"sv-SE","potentialAction":[{"@type":"ReadAction","target":["https:\/\/nellemannmachinery.se\/produkt\/kubota-grasklippare-g261\/"]}]},{"@type":"ImageObject","inLanguage":"sv-SE","@id":"https:\/\/nellemannmachinery.se\/produkt\/kubota-grasklippare-g261\/#primaryimage","url":"https:\/\/dev.nellemannmachinery.dk\/wp-content\/uploads\/2020\/08\/G_Series_261-800_600.jpg","contentUrl":"https:\/\/dev.nellemannmachinery.dk\/wp-content\/uploads\/2020\/08\/G_Series_261-800_600.jpg","width":800,"height":600},{"@type":"BreadcrumbList","@id":"https:\/\/nellemannmachinery.se\/produkt\/kubota-grasklippare-g261\/#breadcrumb","itemListElement":[{"@type":"ListItem","position":1,"name":"Home","item":"https:\/\/nellemannmachinery.se\/"},{"@type":"ListItem","position":2,"name":"Shop","item":"https:\/\/dev.nellemannmachinery.dk\/shop\/"},{"@type":"ListItem","position":3,"name":"Kubota G261 HD"}]},{"@type":"WebSite","@id":"https:\/\/dev.nellemannmachinery.dk\/#website","url":"https:\/\/dev.nellemannmachinery.dk\/","name":"Nellemann Machinery","description":"","publisher":{"@id":"https:\/\/dev.nellemannmachinery.dk\/#organization"},"potentialAction":[{"@type":"SearchAction","target":{"@type":"EntryPoint","urlTemplate":"https:\/\/dev.nellemannmachinery.dk\/?s={search_term_string}"},"query-input":{"@type":"PropertyValueSpecification","valueRequired":true,"valueName":"search_term_string"}}],"inLanguage":"sv-SE"},{"@type":"Organization","@id":"https:\/\/dev.nellemannmachinery.dk\/#organization","name":"Nellemann Machinery","url":"https:\/\/dev.nellemannmachinery.dk\/","logo":{"@type":"ImageObject","inLanguage":"sv-SE","@id":"https:\/\/dev.nellemannmachinery.dk\/#\/schema\/logo\/image\/","url":"https:\/\/dev.nellemannmachinery.dk\/wp-content\/uploads\/2020\/09\/logo-1.png","contentUrl":"https:\/\/dev.nellemannmachinery.dk\/wp-content\/uploads\/2020\/09\/logo-1.png","width":398,"height":71,"caption":"Nellemann Machinery"},"image":{"@id":"https:\/\/dev.nellemannmachinery.dk\/#\/schema\/logo\/image\/"},"sameAs":["https:\/\/www.facebook.com\/Nellemann-Machinery-718705991612962","https:\/\/www.instagram.com\/nellemannmachinery\/?hl=da","https:\/\/www.linkedin.com\/company\/svenningsens-maskinforretning-as\/about\/"]}]}},"_links":{"self":[{"href":"https:\/\/dev.nellemannmachinery.dk\/sv\/wp-json\/wp\/v2\/product\/5999","targetHints":{"allow":["GET"]}}],"collection":[{"href":"https:\/\/dev.nellemannmachinery.dk\/sv\/wp-json\/wp\/v2\/product"}],"about":[{"href":"https:\/\/dev.nellemannmachinery.dk\/sv\/wp-json\/wp\/v2\/types\/product"}],"wp:featuredmedia":[{"embeddable":true,"href":"https:\/\/dev.nellemannmachinery.dk\/sv\/wp-json\/wp\/v2\/media\/14251"}],"wp:attachment":[{"href":"https:\/\/dev.nellemannmachinery.dk\/sv\/wp-json\/wp\/v2\/media?parent=5999"}],"wp:term":[{"taxonomy":"product_brand","embeddable":true,"href":"https:\/\/dev.nellemannmachinery.dk\/sv\/wp-json\/wp\/v2\/product_brand?post=5999"},{"taxonomy":"product_cat","embeddable":true,"href":"https:\/\/dev.nellemannmachinery.dk\/sv\/wp-json\/wp\/v2\/product_cat?post=5999"},{"taxonomy":"product_tag","embeddable":true,"href":"https:\/\/dev.nellemannmachinery.dk\/sv\/wp-json\/wp\/v2\/product_tag?post=5999"}],"curies":[{"name":"wp","href":"https:\/\/api.w.org\/{rel}","templated":true}]}}