{"id":6003,"date":"2020-08-31T14:44:13","date_gmt":"2020-08-31T12:44:13","guid":{"rendered":"https:\/\/dev.nellemannmachinery.dk\/?post_type=product&#038;p=6003"},"modified":"2022-08-23T11:53:14","modified_gmt":"2022-08-23T09:53:14","slug":"kubota-grasklippare-gzd21","status":"publish","type":"product","link":"https:\/\/dev.nellemannmachinery.dk\/sv\/produkt\/kubota-grasklippare-gzd21\/","title":{"rendered":"Kubota GZD21"},"excerpt":{"rendered":"<div class=\"contactAndContent\">\n<div class=\"row\">\n<div class=\"product-info col-md-6\">\n<div class=\"product-description\">\n<p><strong>Enast\u00e5ende man\u00f6vrerbarhet s\u00e4rskilt runt blomsterrabatter, tr\u00e4d och h\u00e4ckar.<\/strong> Zero Turn gr\u00e4sklippare med uppsamlare som kombinerar exceptionell man\u00f6vrerbarhet med Kubotas Glidecutsystem d\u00e4r gr\u00e4sklippet transporteras rakt genom maskinen till uppsamlaren. GZD21-HD har en 21Hk Kubota dieselmotor, dubbla hydrostater, enkel h\u00f6jdinst\u00e4llning, klippaggregat p\u00e5 122 cm och 500 liters h\u00f6gtippande beh\u00e5llare (max tipph\u00f6jd 180 cm).<\/p>\n<\/div>\n<\/div>\n<\/div>\n<\/div>\n","protected":false},"featured_media":14260,"template":"","meta":{"_acf_changed":false,"inline_featured_image":false},"product_brand":[],"product_cat":[159],"product_tag":[283,504,483,484,150],"class_list":{"0":"post-6003","1":"product","2":"type-product","3":"status-publish","4":"has-post-thumbnail","6":"product_cat-grasklippare","7":"product_tag-grasklippare","8":"product_tag-gronytemaskiner","9":"product_tag-gzd","10":"product_tag-gzd21","11":"product_tag-kubota","12":"brand-kubota-produker","14":"first","15":"instock","16":"shipping-taxable","17":"product-type-simple"},"acf":[],"yoast_head":"<!-- This site is optimized with the Yoast SEO plugin v27.4 - https:\/\/yoast.com\/product\/yoast-seo-wordpress\/ -->\n<title>Kubota GZD21 - Nellemann Machinery Kubota \u00e5kgr\u00e4sklippare<\/title>\n<meta name=\"description\" content=\"Kubota \u00e5kgr\u00e4sklippare GZD 21 har ett l\u00e4ttman\u00f6vrerat styrsystem med dubbelspaken som m\u00f6jligg\u00f6r en 360 graders sv\u00e4ngradie unik p\u00e5 marknaden.\" \/>\n<meta name=\"robots\" content=\"noindex, follow, max-snippet:-1, max-image-preview:large, max-video-preview:-1\" \/>\n<meta property=\"og:locale\" content=\"sv_SE\" \/>\n<meta property=\"og:type\" content=\"article\" \/>\n<meta property=\"og:title\" content=\"Kubota GZD21 - Nellemann Machinery Kubota \u00e5kgr\u00e4sklippare\" \/>\n<meta property=\"og:description\" content=\"Kubota \u00e5kgr\u00e4sklippare GZD 21 har ett l\u00e4ttman\u00f6vrerat styrsystem med dubbelspaken som m\u00f6jligg\u00f6r en 360 graders sv\u00e4ngradie unik p\u00e5 marknaden.\" \/>\n<meta property=\"og:url\" content=\"https:\/\/nellemannmachinery.se\/produkt\/kubota-grasklippare-gzd21\/\" \/>\n<meta property=\"og:site_name\" content=\"Nellemann Machinery\" \/>\n<meta property=\"article:publisher\" content=\"https:\/\/www.facebook.com\/Nellemann-Machinery-718705991612962\" \/>\n<meta property=\"article:modified_time\" content=\"2022-08-23T09:53:14+00:00\" \/>\n<meta property=\"og:image\" content=\"https:\/\/nellemannmachinery.se\/wp-content\/uploads\/2020\/08\/1523894131-GZD21GZD15HD_LD.800_600jpg.jpg\" \/>\n\t<meta property=\"og:image:width\" content=\"800\" \/>\n\t<meta property=\"og:image:height\" content=\"600\" \/>\n\t<meta property=\"og:image:type\" content=\"image\/jpeg\" \/>\n<meta name=\"twitter:card\" content=\"summary_large_image\" \/>\n<!-- \/ Yoast SEO plugin. -->","yoast_head_json":{"title":"Kubota GZD21 - Nellemann Machinery Kubota \u00e5kgr\u00e4sklippare","description":"Kubota \u00e5kgr\u00e4sklippare GZD 21 har ett l\u00e4ttman\u00f6vrerat styrsystem med dubbelspaken som m\u00f6jligg\u00f6r en 360 graders sv\u00e4ngradie unik p\u00e5 marknaden.","robots":{"index":"noindex","follow":"follow","max-snippet":"max-snippet:-1","max-image-preview":"max-image-preview:large","max-video-preview":"max-video-preview:-1"},"og_locale":"sv_SE","og_type":"article","og_title":"Kubota GZD21 - Nellemann Machinery Kubota \u00e5kgr\u00e4sklippare","og_description":"Kubota \u00e5kgr\u00e4sklippare GZD 21 har ett l\u00e4ttman\u00f6vrerat styrsystem med dubbelspaken som m\u00f6jligg\u00f6r en 360 graders sv\u00e4ngradie unik p\u00e5 marknaden.","og_url":"https:\/\/nellemannmachinery.se\/produkt\/kubota-grasklippare-gzd21\/","og_site_name":"Nellemann Machinery","article_publisher":"https:\/\/www.facebook.com\/Nellemann-Machinery-718705991612962","article_modified_time":"2022-08-23T09:53:14+00:00","og_image":[{"width":800,"height":600,"url":"https:\/\/nellemannmachinery.se\/wp-content\/uploads\/2020\/08\/1523894131-GZD21GZD15HD_LD.800_600jpg.jpg","type":"image\/jpeg"}],"twitter_card":"summary_large_image","schema":{"@context":"https:\/\/schema.org","@graph":[{"@type":"WebPage","@id":"https:\/\/nellemannmachinery.se\/produkt\/kubota-grasklippare-gzd21\/","url":"https:\/\/nellemannmachinery.se\/produkt\/kubota-grasklippare-gzd21\/","name":"Kubota GZD21 - Nellemann Machinery Kubota \u00e5kgr\u00e4sklippare","isPartOf":{"@id":"https:\/\/dev.nellemannmachinery.dk\/#website"},"primaryImageOfPage":{"@id":"https:\/\/nellemannmachinery.se\/produkt\/kubota-grasklippare-gzd21\/#primaryimage"},"image":{"@id":"https:\/\/nellemannmachinery.se\/produkt\/kubota-grasklippare-gzd21\/#primaryimage"},"thumbnailUrl":"https:\/\/dev.nellemannmachinery.dk\/wp-content\/uploads\/2020\/08\/1523894131-GZD21GZD15HD_LD.800_600jpg.jpg","datePublished":"2020-08-31T12:44:13+00:00","dateModified":"2022-08-23T09:53:14+00:00","description":"Kubota \u00e5kgr\u00e4sklippare GZD 21 har ett l\u00e4ttman\u00f6vrerat styrsystem med dubbelspaken som m\u00f6jligg\u00f6r en 360 graders sv\u00e4ngradie unik p\u00e5 marknaden.","breadcrumb":{"@id":"https:\/\/nellemannmachinery.se\/produkt\/kubota-grasklippare-gzd21\/#breadcrumb"},"inLanguage":"sv-SE","potentialAction":[{"@type":"ReadAction","target":["https:\/\/nellemannmachinery.se\/produkt\/kubota-grasklippare-gzd21\/"]}]},{"@type":"ImageObject","inLanguage":"sv-SE","@id":"https:\/\/nellemannmachinery.se\/produkt\/kubota-grasklippare-gzd21\/#primaryimage","url":"https:\/\/dev.nellemannmachinery.dk\/wp-content\/uploads\/2020\/08\/1523894131-GZD21GZD15HD_LD.800_600jpg.jpg","contentUrl":"https:\/\/dev.nellemannmachinery.dk\/wp-content\/uploads\/2020\/08\/1523894131-GZD21GZD15HD_LD.800_600jpg.jpg","width":800,"height":600},{"@type":"BreadcrumbList","@id":"https:\/\/nellemannmachinery.se\/produkt\/kubota-grasklippare-gzd21\/#breadcrumb","itemListElement":[{"@type":"ListItem","position":1,"name":"Home","item":"https:\/\/nellemannmachinery.se\/"},{"@type":"ListItem","position":2,"name":"Shop","item":"https:\/\/dev.nellemannmachinery.dk\/shop\/"},{"@type":"ListItem","position":3,"name":"Kubota GZD21"}]},{"@type":"WebSite","@id":"https:\/\/dev.nellemannmachinery.dk\/#website","url":"https:\/\/dev.nellemannmachinery.dk\/","name":"Nellemann Machinery","description":"","publisher":{"@id":"https:\/\/dev.nellemannmachinery.dk\/#organization"},"potentialAction":[{"@type":"SearchAction","target":{"@type":"EntryPoint","urlTemplate":"https:\/\/dev.nellemannmachinery.dk\/?s={search_term_string}"},"query-input":{"@type":"PropertyValueSpecification","valueRequired":true,"valueName":"search_term_string"}}],"inLanguage":"sv-SE"},{"@type":"Organization","@id":"https:\/\/dev.nellemannmachinery.dk\/#organization","name":"Nellemann Machinery","url":"https:\/\/dev.nellemannmachinery.dk\/","logo":{"@type":"ImageObject","inLanguage":"sv-SE","@id":"https:\/\/dev.nellemannmachinery.dk\/#\/schema\/logo\/image\/","url":"https:\/\/dev.nellemannmachinery.dk\/wp-content\/uploads\/2020\/09\/logo-1.png","contentUrl":"https:\/\/dev.nellemannmachinery.dk\/wp-content\/uploads\/2020\/09\/logo-1.png","width":398,"height":71,"caption":"Nellemann Machinery"},"image":{"@id":"https:\/\/dev.nellemannmachinery.dk\/#\/schema\/logo\/image\/"},"sameAs":["https:\/\/www.facebook.com\/Nellemann-Machinery-718705991612962","https:\/\/www.instagram.com\/nellemannmachinery\/?hl=da","https:\/\/www.linkedin.com\/company\/svenningsens-maskinforretning-as\/about\/"]}]}},"_links":{"self":[{"href":"https:\/\/dev.nellemannmachinery.dk\/sv\/wp-json\/wp\/v2\/product\/6003","targetHints":{"allow":["GET"]}}],"collection":[{"href":"https:\/\/dev.nellemannmachinery.dk\/sv\/wp-json\/wp\/v2\/product"}],"about":[{"href":"https:\/\/dev.nellemannmachinery.dk\/sv\/wp-json\/wp\/v2\/types\/product"}],"wp:featuredmedia":[{"embeddable":true,"href":"https:\/\/dev.nellemannmachinery.dk\/sv\/wp-json\/wp\/v2\/media\/14260"}],"wp:attachment":[{"href":"https:\/\/dev.nellemannmachinery.dk\/sv\/wp-json\/wp\/v2\/media?parent=6003"}],"wp:term":[{"taxonomy":"product_brand","embeddable":true,"href":"https:\/\/dev.nellemannmachinery.dk\/sv\/wp-json\/wp\/v2\/product_brand?post=6003"},{"taxonomy":"product_cat","embeddable":true,"href":"https:\/\/dev.nellemannmachinery.dk\/sv\/wp-json\/wp\/v2\/product_cat?post=6003"},{"taxonomy":"product_tag","embeddable":true,"href":"https:\/\/dev.nellemannmachinery.dk\/sv\/wp-json\/wp\/v2\/product_tag?post=6003"}],"curies":[{"name":"wp","href":"https:\/\/api.w.org\/{rel}","templated":true}]}}