{"id":6007,"date":"2020-08-31T16:16:21","date_gmt":"2020-08-31T14:16:21","guid":{"rendered":"https:\/\/dev.nellemannmachinery.dk\/?post_type=product&#038;p=6007"},"modified":"2022-03-11T12:09:49","modified_gmt":"2022-03-11T10:09:49","slug":"kubota-zd1211","status":"publish","type":"product","link":"https:\/\/dev.nellemannmachinery.dk\/sv\/produkt\/kubota-zd1211\/","title":{"rendered":"Kubota ZD1211"},"excerpt":{"rendered":"<div class=\"contactAndContent\">\n<div class=\"row\">\n<div class=\"product-info col-md-6\">\n<div class=\"product-description\">\n<p>https:\/\/www.youtube.com\/watch?v=A__Lcb1W9Xo<\/p>\n<p>ZD1211 bygger vidare p\u00e5 Kubota\u2019s kvalitetskoncept av maskiner f\u00f6r professionell sk\u00f6tsel av gr\u00e4sytor. Genom att utnyttja sitt kunnande och egen produktion kan man bygga en integrerad drivlina utan remmar. Konstruktionen ger snabbare och smidigare respons under alla belastningsf\u00f6rh\u00e5llanden och en k\u00f6rk\u00e4nsla och servicev\u00e4nlighet som \u00e4r sv\u00e5r att matcha.<\/p>\n<p>Klippardrivning med\u00a0hydraulisk v\u00e5t koppling och kraftuttagsaxel \u00e4r f\u00f6rdelar som \u00e4r s\u00e4llsynta p\u00e5 motsvarande\u00a0konkurenter och\u00a0bygger p\u00e5 erfarenheter fr\u00e5n\u00a0traktorsidan.<\/p>\n<p>Den flytande framaxeln \u00f6kar framkomligheten och f\u00f6rb\u00e4ttrar f\u00f6rarmilj\u00f6n samtidigt ger denna finess m\u00f6jlighet att komma \u00e5t under klippaggregatet genom att framaxeln kan vinklas mekaniskt.<\/p>\n<p>ZD1211 kan utrustas med valfritt klippaggregat bakutkast, sidoutkast eller mulcher alla med hydraulisk lyft.<\/p>\n<ul>\n<li>LCD-panel med neutral, parkeringsbroms, temperatur och br\u00e4nslem\u00e4tare<\/li>\n<li>V\u00e4xling mellan br\u00e4nsletankarna sker numera\u00a0automatiskt<\/li>\n<li>Kraftig gummimatta p\u00e5 plattformen<\/li>\n<li>Uppf\u00e4llbar motorhuv och s\u00e4tesplattform<\/li>\n<\/ul>\n<\/div>\n<\/div>\n<\/div>\n<\/div>\n","protected":false},"featured_media":14263,"template":"","meta":{"_acf_changed":false,"inline_featured_image":false},"product_brand":[],"product_cat":[159],"product_tag":[283,504,150,284,477,485,342],"class_list":{"0":"post-6007","1":"product","2":"type-product","3":"status-publish","4":"has-post-thumbnail","6":"product_cat-grasklippare","7":"product_tag-grasklippare","8":"product_tag-gronytemaskiner","9":"product_tag-kubota","10":"product_tag-spakstyrd","11":"product_tag-z","12":"product_tag-zd","13":"product_tag-zd1211","14":"brand-kubota-produker","16":"first","17":"instock","18":"shipping-taxable","19":"product-type-simple"},"acf":[],"yoast_head":"<!-- This site is optimized with the Yoast SEO plugin v27.4 - https:\/\/yoast.com\/product\/yoast-seo-wordpress\/ -->\n<title>Kubota ZD1211 - Nellemann Machinery Kubota gr\u00f6nytemaskiner<\/title>\n<meta name=\"description\" content=\"Kubota ZD1211 kan utrustas med valfritt klippaggregat bakutkast, sidoutkast eller mulcher alla med hydraulisk lyft.\" \/>\n<meta name=\"robots\" content=\"noindex, follow, max-snippet:-1, max-image-preview:large, max-video-preview:-1\" \/>\n<meta property=\"og:locale\" content=\"sv_SE\" \/>\n<meta property=\"og:type\" content=\"article\" \/>\n<meta property=\"og:title\" content=\"Kubota ZD1211 - Nellemann Machinery Kubota gr\u00f6nytemaskiner\" \/>\n<meta property=\"og:description\" content=\"Kubota ZD1211 kan utrustas med valfritt klippaggregat bakutkast, sidoutkast eller mulcher alla med hydraulisk lyft.\" \/>\n<meta property=\"og:url\" content=\"https:\/\/nellemannmachinery.se\/produkt\/kubota-zd1211\/\" \/>\n<meta property=\"og:site_name\" content=\"Nellemann Machinery\" \/>\n<meta property=\"article:publisher\" content=\"https:\/\/www.facebook.com\/Nellemann-Machinery-718705991612962\" \/>\n<meta property=\"article:modified_time\" content=\"2022-03-11T10:09:49+00:00\" \/>\n<meta property=\"og:image\" content=\"https:\/\/nellemannmachinery.se\/wp-content\/uploads\/2020\/08\/zd1211-with-side-discharge_left-front-view-800_600.png\" \/>\n\t<meta property=\"og:image:width\" content=\"800\" \/>\n\t<meta property=\"og:image:height\" content=\"600\" \/>\n\t<meta property=\"og:image:type\" content=\"image\/png\" \/>\n<meta name=\"twitter:card\" content=\"summary_large_image\" \/>\n<!-- \/ Yoast SEO plugin. -->","yoast_head_json":{"title":"Kubota ZD1211 - Nellemann Machinery Kubota gr\u00f6nytemaskiner","description":"Kubota ZD1211 kan utrustas med valfritt klippaggregat bakutkast, sidoutkast eller mulcher alla med hydraulisk lyft.","robots":{"index":"noindex","follow":"follow","max-snippet":"max-snippet:-1","max-image-preview":"max-image-preview:large","max-video-preview":"max-video-preview:-1"},"og_locale":"sv_SE","og_type":"article","og_title":"Kubota ZD1211 - Nellemann Machinery Kubota gr\u00f6nytemaskiner","og_description":"Kubota ZD1211 kan utrustas med valfritt klippaggregat bakutkast, sidoutkast eller mulcher alla med hydraulisk lyft.","og_url":"https:\/\/nellemannmachinery.se\/produkt\/kubota-zd1211\/","og_site_name":"Nellemann Machinery","article_publisher":"https:\/\/www.facebook.com\/Nellemann-Machinery-718705991612962","article_modified_time":"2022-03-11T10:09:49+00:00","og_image":[{"width":800,"height":600,"url":"https:\/\/nellemannmachinery.se\/wp-content\/uploads\/2020\/08\/zd1211-with-side-discharge_left-front-view-800_600.png","type":"image\/png"}],"twitter_card":"summary_large_image","schema":{"@context":"https:\/\/schema.org","@graph":[{"@type":"WebPage","@id":"https:\/\/nellemannmachinery.se\/produkt\/kubota-zd1211\/","url":"https:\/\/nellemannmachinery.se\/produkt\/kubota-zd1211\/","name":"Kubota ZD1211 - Nellemann Machinery Kubota gr\u00f6nytemaskiner","isPartOf":{"@id":"https:\/\/dev.nellemannmachinery.dk\/#website"},"primaryImageOfPage":{"@id":"https:\/\/nellemannmachinery.se\/produkt\/kubota-zd1211\/#primaryimage"},"image":{"@id":"https:\/\/nellemannmachinery.se\/produkt\/kubota-zd1211\/#primaryimage"},"thumbnailUrl":"https:\/\/dev.nellemannmachinery.dk\/wp-content\/uploads\/2020\/08\/zd1211-with-side-discharge_left-front-view-800_600.png","datePublished":"2020-08-31T14:16:21+00:00","dateModified":"2022-03-11T10:09:49+00:00","description":"Kubota ZD1211 kan utrustas med valfritt klippaggregat bakutkast, sidoutkast eller mulcher alla med hydraulisk lyft.","breadcrumb":{"@id":"https:\/\/nellemannmachinery.se\/produkt\/kubota-zd1211\/#breadcrumb"},"inLanguage":"sv-SE","potentialAction":[{"@type":"ReadAction","target":["https:\/\/nellemannmachinery.se\/produkt\/kubota-zd1211\/"]}]},{"@type":"ImageObject","inLanguage":"sv-SE","@id":"https:\/\/nellemannmachinery.se\/produkt\/kubota-zd1211\/#primaryimage","url":"https:\/\/dev.nellemannmachinery.dk\/wp-content\/uploads\/2020\/08\/zd1211-with-side-discharge_left-front-view-800_600.png","contentUrl":"https:\/\/dev.nellemannmachinery.dk\/wp-content\/uploads\/2020\/08\/zd1211-with-side-discharge_left-front-view-800_600.png","width":800,"height":600},{"@type":"BreadcrumbList","@id":"https:\/\/nellemannmachinery.se\/produkt\/kubota-zd1211\/#breadcrumb","itemListElement":[{"@type":"ListItem","position":1,"name":"Home","item":"https:\/\/nellemannmachinery.se\/"},{"@type":"ListItem","position":2,"name":"Shop","item":"https:\/\/dev.nellemannmachinery.dk\/shop\/"},{"@type":"ListItem","position":3,"name":"Kubota ZD1211"}]},{"@type":"WebSite","@id":"https:\/\/dev.nellemannmachinery.dk\/#website","url":"https:\/\/dev.nellemannmachinery.dk\/","name":"Nellemann Machinery","description":"","publisher":{"@id":"https:\/\/dev.nellemannmachinery.dk\/#organization"},"potentialAction":[{"@type":"SearchAction","target":{"@type":"EntryPoint","urlTemplate":"https:\/\/dev.nellemannmachinery.dk\/?s={search_term_string}"},"query-input":{"@type":"PropertyValueSpecification","valueRequired":true,"valueName":"search_term_string"}}],"inLanguage":"sv-SE"},{"@type":"Organization","@id":"https:\/\/dev.nellemannmachinery.dk\/#organization","name":"Nellemann Machinery","url":"https:\/\/dev.nellemannmachinery.dk\/","logo":{"@type":"ImageObject","inLanguage":"sv-SE","@id":"https:\/\/dev.nellemannmachinery.dk\/#\/schema\/logo\/image\/","url":"https:\/\/dev.nellemannmachinery.dk\/wp-content\/uploads\/2020\/09\/logo-1.png","contentUrl":"https:\/\/dev.nellemannmachinery.dk\/wp-content\/uploads\/2020\/09\/logo-1.png","width":398,"height":71,"caption":"Nellemann Machinery"},"image":{"@id":"https:\/\/dev.nellemannmachinery.dk\/#\/schema\/logo\/image\/"},"sameAs":["https:\/\/www.facebook.com\/Nellemann-Machinery-718705991612962","https:\/\/www.instagram.com\/nellemannmachinery\/?hl=da","https:\/\/www.linkedin.com\/company\/svenningsens-maskinforretning-as\/about\/"]}]}},"_links":{"self":[{"href":"https:\/\/dev.nellemannmachinery.dk\/sv\/wp-json\/wp\/v2\/product\/6007","targetHints":{"allow":["GET"]}}],"collection":[{"href":"https:\/\/dev.nellemannmachinery.dk\/sv\/wp-json\/wp\/v2\/product"}],"about":[{"href":"https:\/\/dev.nellemannmachinery.dk\/sv\/wp-json\/wp\/v2\/types\/product"}],"wp:featuredmedia":[{"embeddable":true,"href":"https:\/\/dev.nellemannmachinery.dk\/sv\/wp-json\/wp\/v2\/media\/14263"}],"wp:attachment":[{"href":"https:\/\/dev.nellemannmachinery.dk\/sv\/wp-json\/wp\/v2\/media?parent=6007"}],"wp:term":[{"taxonomy":"product_brand","embeddable":true,"href":"https:\/\/dev.nellemannmachinery.dk\/sv\/wp-json\/wp\/v2\/product_brand?post=6007"},{"taxonomy":"product_cat","embeddable":true,"href":"https:\/\/dev.nellemannmachinery.dk\/sv\/wp-json\/wp\/v2\/product_cat?post=6007"},{"taxonomy":"product_tag","embeddable":true,"href":"https:\/\/dev.nellemannmachinery.dk\/sv\/wp-json\/wp\/v2\/product_tag?post=6007"}],"curies":[{"name":"wp","href":"https:\/\/api.w.org\/{rel}","templated":true}]}}