{"id":6208,"date":"2020-09-01T14:52:39","date_gmt":"2020-09-01T12:52:39","guid":{"rendered":"https:\/\/dev.nellemannmachinery.dk\/?post_type=product&#038;p=6208"},"modified":"2022-03-11T14:47:09","modified_gmt":"2022-03-11T12:47:09","slug":"m7003-kubota","status":"publish","type":"product","link":"https:\/\/dev.nellemannmachinery.dk\/sv\/produkt\/m7003-kubota\/","title":{"rendered":"KUBOTA M7133"},"excerpt":{"rendered":"<div class=\"product-info col-md-6\">https:\/\/youtu.be\/C2Ttcg9dvI8<\/div>\n<div class=\"woocommerce-product-details__short-description\">\n<div class=\"contactAndContent\">\n<div class=\"row\">\n<div class=\"product-info col-md-6\">\n<div class=\"product-description\">\n<p><strong>S\u00c4LJS I TRE OLIKA UTF\u00d6RANDEN<\/strong><\/p>\n<p><strong>Standard, Premium och Premium-KVT<\/strong><\/p>\n<\/div>\n<\/div>\n<\/div>\n<\/div>\n<\/div>\n<p><strong>Du kan anv\u00e4nda din Kubota M7003 till m\u00e5nga uppgifter: <\/strong>Det spelar ingen roll om det \u00e4r stora redskap eller kr\u00e4vande arbeten med frontlastare som du st\u00e5r inf\u00f6r, Kubota M7003 \u00e4r redo och n\u00e4r det g\u00e4ller hydraulik s\u00e5 kan du v\u00e4lja mellan tv\u00e5 olika versioner elektriskt eller mekaniskt styrt och oavsett vilken du v\u00e4ljer kommer du k\u00e4nna dig imponerad av effektiviteten och kapaciteten.<\/p>\n<p>&nbsp;<\/p>\n","protected":false},"featured_media":14324,"template":"","meta":{"_acf_changed":false,"inline_featured_image":false},"product_brand":[],"product_cat":[165],"product_tag":[150,346,529,357,489],"class_list":{"0":"post-6208","1":"product","2":"type-product","3":"status-publish","4":"has-post-thumbnail","6":"product_cat-kubota-traktorer-kubota-lantbrukstraktorer-m-serie-nm","7":"product_tag-kubota","8":"product_tag-m7","9":"product_tag-m7133","10":"product_tag-m7133kvt","11":"product_tag-traktor","12":"brand-kubota-produker","14":"first","15":"instock","16":"shipping-taxable","17":"product-type-simple"},"acf":[],"yoast_head":"<!-- This site is optimized with the Yoast SEO plugin v27.4 - https:\/\/yoast.com\/product\/yoast-seo-wordpress\/ -->\n<title>KUBOTA M7133 - Nellemann Machinery<\/title>\n<meta name=\"description\" content=\"H\u00f6gre prestanda, l\u00e4gre f\u00f6rbrukning: det \u00e4r vad lantbrukare f\u00f6rv\u00e4ntar sig och Kubota M7003 levererar detta.\" \/>\n<meta name=\"robots\" content=\"noindex, follow, max-snippet:-1, max-image-preview:large, max-video-preview:-1\" \/>\n<meta property=\"og:locale\" content=\"sv_SE\" \/>\n<meta property=\"og:type\" content=\"article\" \/>\n<meta property=\"og:title\" content=\"KUBOTA M7133 - Nellemann Machinery\" \/>\n<meta property=\"og:description\" content=\"H\u00f6gre prestanda, l\u00e4gre f\u00f6rbrukning: det \u00e4r vad lantbrukare f\u00f6rv\u00e4ntar sig och Kubota M7003 levererar detta.\" \/>\n<meta property=\"og:url\" content=\"https:\/\/nellemannmachinery.se\/produkt\/m7003-kubota\/\" \/>\n<meta property=\"og:site_name\" content=\"Nellemann Machinery\" \/>\n<meta property=\"article:publisher\" content=\"https:\/\/www.facebook.com\/Nellemann-Machinery-718705991612962\" \/>\n<meta property=\"article:modified_time\" content=\"2022-03-11T12:47:09+00:00\" \/>\n<meta property=\"og:image\" content=\"https:\/\/nellemannmachinery.se\/wp-content\/uploads\/2020\/09\/M7003_Studio_Side4-800_600.jpg\" \/>\n\t<meta property=\"og:image:width\" content=\"800\" \/>\n\t<meta property=\"og:image:height\" content=\"600\" \/>\n\t<meta property=\"og:image:type\" content=\"image\/jpeg\" \/>\n<meta name=\"twitter:card\" content=\"summary_large_image\" \/>\n<!-- \/ Yoast SEO plugin. -->","yoast_head_json":{"title":"KUBOTA M7133 - Nellemann Machinery","description":"H\u00f6gre prestanda, l\u00e4gre f\u00f6rbrukning: det \u00e4r vad lantbrukare f\u00f6rv\u00e4ntar sig och Kubota M7003 levererar detta.","robots":{"index":"noindex","follow":"follow","max-snippet":"max-snippet:-1","max-image-preview":"max-image-preview:large","max-video-preview":"max-video-preview:-1"},"og_locale":"sv_SE","og_type":"article","og_title":"KUBOTA M7133 - Nellemann Machinery","og_description":"H\u00f6gre prestanda, l\u00e4gre f\u00f6rbrukning: det \u00e4r vad lantbrukare f\u00f6rv\u00e4ntar sig och Kubota M7003 levererar detta.","og_url":"https:\/\/nellemannmachinery.se\/produkt\/m7003-kubota\/","og_site_name":"Nellemann Machinery","article_publisher":"https:\/\/www.facebook.com\/Nellemann-Machinery-718705991612962","article_modified_time":"2022-03-11T12:47:09+00:00","og_image":[{"width":800,"height":600,"url":"https:\/\/nellemannmachinery.se\/wp-content\/uploads\/2020\/09\/M7003_Studio_Side4-800_600.jpg","type":"image\/jpeg"}],"twitter_card":"summary_large_image","schema":{"@context":"https:\/\/schema.org","@graph":[{"@type":"WebPage","@id":"https:\/\/nellemannmachinery.se\/produkt\/m7003-kubota\/","url":"https:\/\/nellemannmachinery.se\/produkt\/m7003-kubota\/","name":"KUBOTA M7133 - Nellemann Machinery","isPartOf":{"@id":"https:\/\/dev.nellemannmachinery.dk\/#website"},"primaryImageOfPage":{"@id":"https:\/\/nellemannmachinery.se\/produkt\/m7003-kubota\/#primaryimage"},"image":{"@id":"https:\/\/nellemannmachinery.se\/produkt\/m7003-kubota\/#primaryimage"},"thumbnailUrl":"https:\/\/dev.nellemannmachinery.dk\/wp-content\/uploads\/2020\/09\/M7003_Studio_Side4-800_600.jpg","datePublished":"2020-09-01T12:52:39+00:00","dateModified":"2022-03-11T12:47:09+00:00","description":"H\u00f6gre prestanda, l\u00e4gre f\u00f6rbrukning: det \u00e4r vad lantbrukare f\u00f6rv\u00e4ntar sig och Kubota M7003 levererar detta.","breadcrumb":{"@id":"https:\/\/nellemannmachinery.se\/produkt\/m7003-kubota\/#breadcrumb"},"inLanguage":"sv-SE","potentialAction":[{"@type":"ReadAction","target":["https:\/\/nellemannmachinery.se\/produkt\/m7003-kubota\/"]}]},{"@type":"ImageObject","inLanguage":"sv-SE","@id":"https:\/\/nellemannmachinery.se\/produkt\/m7003-kubota\/#primaryimage","url":"https:\/\/dev.nellemannmachinery.dk\/wp-content\/uploads\/2020\/09\/M7003_Studio_Side4-800_600.jpg","contentUrl":"https:\/\/dev.nellemannmachinery.dk\/wp-content\/uploads\/2020\/09\/M7003_Studio_Side4-800_600.jpg","width":800,"height":600},{"@type":"BreadcrumbList","@id":"https:\/\/nellemannmachinery.se\/produkt\/m7003-kubota\/#breadcrumb","itemListElement":[{"@type":"ListItem","position":1,"name":"Home","item":"https:\/\/nellemannmachinery.se\/"},{"@type":"ListItem","position":2,"name":"Shop","item":"https:\/\/dev.nellemannmachinery.dk\/shop\/"},{"@type":"ListItem","position":3,"name":"KUBOTA M7133"}]},{"@type":"WebSite","@id":"https:\/\/dev.nellemannmachinery.dk\/#website","url":"https:\/\/dev.nellemannmachinery.dk\/","name":"Nellemann Machinery","description":"","publisher":{"@id":"https:\/\/dev.nellemannmachinery.dk\/#organization"},"potentialAction":[{"@type":"SearchAction","target":{"@type":"EntryPoint","urlTemplate":"https:\/\/dev.nellemannmachinery.dk\/?s={search_term_string}"},"query-input":{"@type":"PropertyValueSpecification","valueRequired":true,"valueName":"search_term_string"}}],"inLanguage":"sv-SE"},{"@type":"Organization","@id":"https:\/\/dev.nellemannmachinery.dk\/#organization","name":"Nellemann Machinery","url":"https:\/\/dev.nellemannmachinery.dk\/","logo":{"@type":"ImageObject","inLanguage":"sv-SE","@id":"https:\/\/dev.nellemannmachinery.dk\/#\/schema\/logo\/image\/","url":"https:\/\/dev.nellemannmachinery.dk\/wp-content\/uploads\/2020\/09\/logo-1.png","contentUrl":"https:\/\/dev.nellemannmachinery.dk\/wp-content\/uploads\/2020\/09\/logo-1.png","width":398,"height":71,"caption":"Nellemann Machinery"},"image":{"@id":"https:\/\/dev.nellemannmachinery.dk\/#\/schema\/logo\/image\/"},"sameAs":["https:\/\/www.facebook.com\/Nellemann-Machinery-718705991612962","https:\/\/www.instagram.com\/nellemannmachinery\/?hl=da","https:\/\/www.linkedin.com\/company\/svenningsens-maskinforretning-as\/about\/"]}]}},"_links":{"self":[{"href":"https:\/\/dev.nellemannmachinery.dk\/sv\/wp-json\/wp\/v2\/product\/6208","targetHints":{"allow":["GET"]}}],"collection":[{"href":"https:\/\/dev.nellemannmachinery.dk\/sv\/wp-json\/wp\/v2\/product"}],"about":[{"href":"https:\/\/dev.nellemannmachinery.dk\/sv\/wp-json\/wp\/v2\/types\/product"}],"wp:featuredmedia":[{"embeddable":true,"href":"https:\/\/dev.nellemannmachinery.dk\/sv\/wp-json\/wp\/v2\/media\/14324"}],"wp:attachment":[{"href":"https:\/\/dev.nellemannmachinery.dk\/sv\/wp-json\/wp\/v2\/media?parent=6208"}],"wp:term":[{"taxonomy":"product_brand","embeddable":true,"href":"https:\/\/dev.nellemannmachinery.dk\/sv\/wp-json\/wp\/v2\/product_brand?post=6208"},{"taxonomy":"product_cat","embeddable":true,"href":"https:\/\/dev.nellemannmachinery.dk\/sv\/wp-json\/wp\/v2\/product_cat?post=6208"},{"taxonomy":"product_tag","embeddable":true,"href":"https:\/\/dev.nellemannmachinery.dk\/sv\/wp-json\/wp\/v2\/product_tag?post=6208"}],"curies":[{"name":"wp","href":"https:\/\/api.w.org\/{rel}","templated":true}]}}