{"id":6483,"date":"2020-09-07T14:48:09","date_gmt":"2020-09-07T12:48:09","guid":{"rendered":"https:\/\/dev.nellemannmachinery.dk\/?post_type=product&#038;p=6483"},"modified":"2023-07-12T13:50:38","modified_gmt":"2023-07-12T11:50:38","slug":"kubota-rtvx1110","status":"publish","type":"product","link":"https:\/\/dev.nellemannmachinery.dk\/sv\/produkt\/kubota-rtvx1110\/","title":{"rendered":"Kubota RTV-X1110"},"excerpt":{"rendered":"<div class=\"contactAndContent\">\n<div class=\"row\">\n<div class=\"product-info col-md-6\">\n<div class=\"product-description\">\n<p>Kubotas RTV \u00e4r en fyrhjulsdriven proffsmaskin f\u00f6r er som beh\u00f6ver ett smidigt transportfordon med god framkomlighet och samtidigt ordentlig last- och dragkapacitet i och utanf\u00f6r terr\u00e4ng.<\/p>\n<p>Med en lastf\u00f6rm\u00e5ga p\u00e5 500 kilo p\u00e5 flaket (hydrauliskt tippbart) och en dragkapacitet p\u00e5 hela 590 kg sticker denna RTV ut rej\u00e4lt p\u00e5 marknaden.<br \/>\n2-v\u00e4xlad hydrostatisk drift och en 3-cyl Kubota-dieselmotor p\u00e5 24,2 hk (17,8 kW) g\u00f6r att du f\u00e5r en kontrollerad k\u00f6rning s\u00e5v\u00e4l uppf\u00f6r som nerf\u00f6r backarna och en drivlina som h\u00e5ller f\u00f6r p\u00e5frestningarna.<\/p>\n<p>Justerbar fj\u00e4dring, riktig 4-hjulsdrift, h\u00f6g markfrig\u00e5ng och diffsp\u00e4rrar fram och bak g\u00f6r att du tar dig fram b\u00e5de med och utan last.<br \/>\nIndividuell hjulupph\u00e4ngning, sv\u00e4ngradie p\u00e5 4 m, st\u00e4llbar ratt och f\u00f6rars\u00e4te och med en hytt som kan f\u00e5s i olika utf\u00f6rande (med\/utan framruta, bakruta, d\u00f6rrar, v\u00e4rmepaket) f\u00e5r ni en komfortabel maskin anpassad f\u00f6r era behov.<\/p>\n<p>Det finns en rad tillbeh\u00f6r till denna maskin b\u00e5de original och fr\u00e5n frist\u00e5ende tillverkare d\u00e4r endast fantasin begr\u00e4nsar. Hydraulisk PTO, hydrauliska uttag fram\/bak, frontlyft, hydraulisk pump p\u00e5\u00a010 eller 16\u00a0l\/min,\u00a0olika hyttalternativ, sn\u00f6blad, sandspridare, tankar, vagnar, vinsch etc.<\/p>\n<\/div>\n<\/div>\n<\/div>\n<\/div>\n","protected":false},"featured_media":14293,"template":"","meta":{"_acf_changed":false,"inline_featured_image":false},"product_brand":[],"product_cat":[167],"product_tag":[488,150,335,1013],"class_list":{"0":"post-6483","1":"product","2":"type-product","3":"status-publish","4":"has-post-thumbnail","6":"product_cat-arbetsfordon","7":"product_tag-arbetsfordon","8":"product_tag-kubota","9":"product_tag-rtv","10":"product_tag-rtv-x1110","11":"brand-kubota-produker","13":"first","14":"instock","15":"shipping-taxable","16":"product-type-simple"},"acf":[],"yoast_head":"<!-- This site is optimized with the Yoast SEO plugin v27.4 - https:\/\/yoast.com\/product\/yoast-seo-wordpress\/ -->\n<title>Kubota RTV-X1110 - Nellemann Machinery terr\u00e4ngfordon<\/title>\n<meta name=\"description\" content=\"Helt nya RTV-X1110 erbjuder st\u00f6rre kraft och mer m\u00e5ngsidighet tack vare en kraftfull och ekonomisk 3-cylindrig Kubota dieselmotor.\" \/>\n<meta name=\"robots\" content=\"noindex, follow, max-snippet:-1, max-image-preview:large, max-video-preview:-1\" \/>\n<meta property=\"og:locale\" content=\"sv_SE\" \/>\n<meta property=\"og:type\" content=\"article\" \/>\n<meta property=\"og:title\" content=\"Kubota RTV-X1110 - Nellemann Machinery terr\u00e4ngfordon\" \/>\n<meta property=\"og:description\" content=\"Helt nya RTV-X1110 erbjuder st\u00f6rre kraft och mer m\u00e5ngsidighet tack vare en kraftfull och ekonomisk 3-cylindrig Kubota dieselmotor.\" \/>\n<meta property=\"og:url\" content=\"https:\/\/nellemannmachinery.se\/produkt\/kubota-rtvx1110\/\" \/>\n<meta property=\"og:site_name\" content=\"Nellemann Machinery\" \/>\n<meta property=\"article:publisher\" content=\"https:\/\/www.facebook.com\/Nellemann-Machinery-718705991612962\" \/>\n<meta property=\"article:modified_time\" content=\"2023-07-12T11:50:38+00:00\" \/>\n<meta property=\"og:image\" content=\"https:\/\/nellemannmachinery.se\/wp-content\/uploads\/2020\/09\/RTV_Studio_Side9-1-800_600.jpg\" \/>\n\t<meta property=\"og:image:width\" content=\"800\" \/>\n\t<meta property=\"og:image:height\" content=\"600\" \/>\n\t<meta property=\"og:image:type\" content=\"image\/jpeg\" \/>\n<meta name=\"twitter:card\" content=\"summary_large_image\" \/>\n<!-- \/ Yoast SEO plugin. -->","yoast_head_json":{"title":"Kubota RTV-X1110 - Nellemann Machinery terr\u00e4ngfordon","description":"Helt nya RTV-X1110 erbjuder st\u00f6rre kraft och mer m\u00e5ngsidighet tack vare en kraftfull och ekonomisk 3-cylindrig Kubota dieselmotor.","robots":{"index":"noindex","follow":"follow","max-snippet":"max-snippet:-1","max-image-preview":"max-image-preview:large","max-video-preview":"max-video-preview:-1"},"og_locale":"sv_SE","og_type":"article","og_title":"Kubota RTV-X1110 - Nellemann Machinery terr\u00e4ngfordon","og_description":"Helt nya RTV-X1110 erbjuder st\u00f6rre kraft och mer m\u00e5ngsidighet tack vare en kraftfull och ekonomisk 3-cylindrig Kubota dieselmotor.","og_url":"https:\/\/nellemannmachinery.se\/produkt\/kubota-rtvx1110\/","og_site_name":"Nellemann Machinery","article_publisher":"https:\/\/www.facebook.com\/Nellemann-Machinery-718705991612962","article_modified_time":"2023-07-12T11:50:38+00:00","og_image":[{"width":800,"height":600,"url":"https:\/\/nellemannmachinery.se\/wp-content\/uploads\/2020\/09\/RTV_Studio_Side9-1-800_600.jpg","type":"image\/jpeg"}],"twitter_card":"summary_large_image","schema":{"@context":"https:\/\/schema.org","@graph":[{"@type":"WebPage","@id":"https:\/\/nellemannmachinery.se\/produkt\/kubota-rtvx1110\/","url":"https:\/\/nellemannmachinery.se\/produkt\/kubota-rtvx1110\/","name":"Kubota RTV-X1110 - Nellemann Machinery terr\u00e4ngfordon","isPartOf":{"@id":"https:\/\/dev.nellemannmachinery.dk\/#website"},"primaryImageOfPage":{"@id":"https:\/\/nellemannmachinery.se\/produkt\/kubota-rtvx1110\/#primaryimage"},"image":{"@id":"https:\/\/nellemannmachinery.se\/produkt\/kubota-rtvx1110\/#primaryimage"},"thumbnailUrl":"https:\/\/dev.nellemannmachinery.dk\/wp-content\/uploads\/2020\/09\/RTV_Studio_Side9-1-800_600.jpg","datePublished":"2020-09-07T12:48:09+00:00","dateModified":"2023-07-12T11:50:38+00:00","description":"Helt nya RTV-X1110 erbjuder st\u00f6rre kraft och mer m\u00e5ngsidighet tack vare en kraftfull och ekonomisk 3-cylindrig Kubota dieselmotor.","breadcrumb":{"@id":"https:\/\/nellemannmachinery.se\/produkt\/kubota-rtvx1110\/#breadcrumb"},"inLanguage":"sv-SE","potentialAction":[{"@type":"ReadAction","target":["https:\/\/nellemannmachinery.se\/produkt\/kubota-rtvx1110\/"]}]},{"@type":"ImageObject","inLanguage":"sv-SE","@id":"https:\/\/nellemannmachinery.se\/produkt\/kubota-rtvx1110\/#primaryimage","url":"https:\/\/dev.nellemannmachinery.dk\/wp-content\/uploads\/2020\/09\/RTV_Studio_Side9-1-800_600.jpg","contentUrl":"https:\/\/dev.nellemannmachinery.dk\/wp-content\/uploads\/2020\/09\/RTV_Studio_Side9-1-800_600.jpg","width":800,"height":600},{"@type":"BreadcrumbList","@id":"https:\/\/nellemannmachinery.se\/produkt\/kubota-rtvx1110\/#breadcrumb","itemListElement":[{"@type":"ListItem","position":1,"name":"Home","item":"https:\/\/nellemannmachinery.se\/"},{"@type":"ListItem","position":2,"name":"Shop","item":"https:\/\/dev.nellemannmachinery.dk\/shop\/"},{"@type":"ListItem","position":3,"name":"Kubota RTV-X1110"}]},{"@type":"WebSite","@id":"https:\/\/dev.nellemannmachinery.dk\/#website","url":"https:\/\/dev.nellemannmachinery.dk\/","name":"Nellemann Machinery","description":"","publisher":{"@id":"https:\/\/dev.nellemannmachinery.dk\/#organization"},"potentialAction":[{"@type":"SearchAction","target":{"@type":"EntryPoint","urlTemplate":"https:\/\/dev.nellemannmachinery.dk\/?s={search_term_string}"},"query-input":{"@type":"PropertyValueSpecification","valueRequired":true,"valueName":"search_term_string"}}],"inLanguage":"sv-SE"},{"@type":"Organization","@id":"https:\/\/dev.nellemannmachinery.dk\/#organization","name":"Nellemann Machinery","url":"https:\/\/dev.nellemannmachinery.dk\/","logo":{"@type":"ImageObject","inLanguage":"sv-SE","@id":"https:\/\/dev.nellemannmachinery.dk\/#\/schema\/logo\/image\/","url":"https:\/\/dev.nellemannmachinery.dk\/wp-content\/uploads\/2020\/09\/logo-1.png","contentUrl":"https:\/\/dev.nellemannmachinery.dk\/wp-content\/uploads\/2020\/09\/logo-1.png","width":398,"height":71,"caption":"Nellemann Machinery"},"image":{"@id":"https:\/\/dev.nellemannmachinery.dk\/#\/schema\/logo\/image\/"},"sameAs":["https:\/\/www.facebook.com\/Nellemann-Machinery-718705991612962","https:\/\/www.instagram.com\/nellemannmachinery\/?hl=da","https:\/\/www.linkedin.com\/company\/svenningsens-maskinforretning-as\/about\/"]}]}},"_links":{"self":[{"href":"https:\/\/dev.nellemannmachinery.dk\/sv\/wp-json\/wp\/v2\/product\/6483","targetHints":{"allow":["GET"]}}],"collection":[{"href":"https:\/\/dev.nellemannmachinery.dk\/sv\/wp-json\/wp\/v2\/product"}],"about":[{"href":"https:\/\/dev.nellemannmachinery.dk\/sv\/wp-json\/wp\/v2\/types\/product"}],"wp:featuredmedia":[{"embeddable":true,"href":"https:\/\/dev.nellemannmachinery.dk\/sv\/wp-json\/wp\/v2\/media\/14293"}],"wp:attachment":[{"href":"https:\/\/dev.nellemannmachinery.dk\/sv\/wp-json\/wp\/v2\/media?parent=6483"}],"wp:term":[{"taxonomy":"product_brand","embeddable":true,"href":"https:\/\/dev.nellemannmachinery.dk\/sv\/wp-json\/wp\/v2\/product_brand?post=6483"},{"taxonomy":"product_cat","embeddable":true,"href":"https:\/\/dev.nellemannmachinery.dk\/sv\/wp-json\/wp\/v2\/product_cat?post=6483"},{"taxonomy":"product_tag","embeddable":true,"href":"https:\/\/dev.nellemannmachinery.dk\/sv\/wp-json\/wp\/v2\/product_tag?post=6483"}],"curies":[{"name":"wp","href":"https:\/\/api.w.org\/{rel}","templated":true}]}}