{"id":6491,"date":"2020-09-07T16:10:38","date_gmt":"2020-09-07T14:10:38","guid":{"rendered":"https:\/\/dev.nellemannmachinery.dk\/?post_type=product&#038;p=6491"},"modified":"2022-03-11T11:42:02","modified_gmt":"2022-03-11T09:42:02","slug":"billy-goat-f1302sph","status":"publish","type":"product","link":"https:\/\/dev.nellemannmachinery.dk\/sv\/produkt\/billy-goat-f1302sph\/","title":{"rendered":"Billy Goat F1302SPH"},"excerpt":{"rendered":"<p>https:\/\/www.youtube.com\/watch?v=N8jW9_JCr14&amp;t=14s<\/p>\n<p><strong>Billy Goat \u00e4r en effektiv l\u00f6vbl\u00e5s<\/strong>\u00a0som snabbt och smidigt bl\u00e5ser bort l\u00f6ven. Om du \u00e4r ute efter maximal kraft och prestanda \u00e4r l\u00f6vbl\u00e5sen Billy Goat n\u00e5got f\u00f6r dig. En l\u00f6vbl\u00e5s p\u00e5 hjul \u00e4r ett gott alternativ f\u00f6r att avlasta kroppen. Eftersom vikten spelar mindre roll n\u00e4r den inte b\u00e4rs, finns det mer plats f\u00f6r prestanda.<\/p>\n<ul>\n<li><strong>Slagfast fl\u00e4kthus \u2013<\/strong> Fl\u00e4kthus i komposit \u00e4r starkare \u00e4n st\u00e5l. Rostar inte och \u00e4r konstruerad f\u00f6r en l\u00e5ng livsl\u00e4ngd.<\/li>\n<li><strong>Ergonomiskt handtag \u2013\u00a0<\/strong>\u00a0Handtaget \u00e4r utrustat med gummerat grepp och vink-lat f\u00f6r bekv\u00e4mare man\u00f6vrering.<\/li>\n<li><strong>Parkeringsbroms \u2013\u00a0<\/strong>\u00a0Kraftig broms som extra s\u00e4kerhet n\u00e4r du l\u00e4mnar maskinen (Tillbeh\u00f6r).<\/li>\n<li><strong>Kraftigt munstycke<\/strong>\u00a0 <strong>\u2013<\/strong> Leder luftstr\u00f6mmen och materialet i den riktning, du v\u00e4ljer.<\/li>\n<li><strong>Vinklat munstycke \u2013\u00a0<\/strong>\u00a0Producerat i mjukt gummi f\u00f6renklar reng\u00f6ring l\u00e4ngs med v\u00e4ggar, v\u00e4gar och staket. Standard till modell 902\/1302<br \/>\n(Tillbeh\u00f6r f\u00f6r modell 601).<\/li>\n<\/ul>\n<p><strong>Honda GX 390 cc<br \/>\n13\u201d hjul bak och 10\u201d fram<br \/>\nFl\u00e4kthus i komposit<br \/>\n17\u201d fl\u00e4kthjul<br \/>\nSj\u00e4lvg\u00e5ende<\/strong><\/p>\n","protected":false},"featured_media":14239,"template":"","meta":{"_acf_changed":false,"inline_featured_image":false},"product_brand":[],"product_cat":[170,169],"product_tag":[290,304,492,461,291,490],"class_list":{"0":"post-6491","1":"product","2":"type-product","3":"status-publish","4":"has-post-thumbnail","6":"product_cat-lovblas","7":"product_cat-mindre-maskiner-billy-goat-effektiva-lovsug-lovblas","8":"product_tag-billy-goat","9":"product_tag-blaser","10":"product_tag-f1302sph","11":"product_tag-lovblas","12":"product_tag-parkmaskiner","13":"product_tag-reservdelar","14":"brand-billy-goat-sv","16":"first","17":"instock","18":"shipping-taxable","19":"product-type-simple"},"acf":[],"yoast_head":"<!-- This site is optimized with the Yoast SEO plugin v27.4 - https:\/\/yoast.com\/product\/yoast-seo-wordpress\/ -->\n<title>L\u00f6vbl\u00e5s Billy Goat F1302SPH - Nellemann Machinery<\/title>\n<meta name=\"description\" content=\"En l\u00f6vbl\u00e5s p\u00e5 hjul \u00e4r ett gott alternativ f\u00f6r att avlasta kroppen. Billy Goat en effektiv l\u00f6vbl\u00e5s med mycket kraft och prestanda.\" \/>\n<meta name=\"robots\" content=\"noindex, follow, max-snippet:-1, max-image-preview:large, max-video-preview:-1\" \/>\n<meta property=\"og:locale\" content=\"sv_SE\" \/>\n<meta property=\"og:type\" content=\"article\" \/>\n<meta property=\"og:title\" content=\"L\u00f6vbl\u00e5s Billy Goat F1302SPH - Nellemann Machinery\" \/>\n<meta property=\"og:description\" content=\"En l\u00f6vbl\u00e5s p\u00e5 hjul \u00e4r ett gott alternativ f\u00f6r att avlasta kroppen. Billy Goat en effektiv l\u00f6vbl\u00e5s med mycket kraft och prestanda.\" \/>\n<meta property=\"og:url\" content=\"https:\/\/nellemannmachinery.se\/produkt\/billy-goat-f1302sph\/\" \/>\n<meta property=\"og:site_name\" content=\"Nellemann Machinery\" \/>\n<meta property=\"article:publisher\" content=\"https:\/\/www.facebook.com\/Nellemann-Machinery-718705991612962\" \/>\n<meta property=\"article:modified_time\" content=\"2022-03-11T09:42:02+00:00\" \/>\n<meta property=\"og:image\" content=\"https:\/\/nellemannmachinery.se\/wp-content\/uploads\/2020\/09\/F13SP.800_600jpg.jpg\" \/>\n\t<meta property=\"og:image:width\" content=\"800\" \/>\n\t<meta property=\"og:image:height\" content=\"600\" \/>\n\t<meta property=\"og:image:type\" content=\"image\/jpeg\" \/>\n<meta name=\"twitter:card\" content=\"summary_large_image\" \/>\n<!-- \/ Yoast SEO plugin. -->","yoast_head_json":{"title":"L\u00f6vbl\u00e5s Billy Goat F1302SPH - Nellemann Machinery","description":"En l\u00f6vbl\u00e5s p\u00e5 hjul \u00e4r ett gott alternativ f\u00f6r att avlasta kroppen. Billy Goat en effektiv l\u00f6vbl\u00e5s med mycket kraft och prestanda.","robots":{"index":"noindex","follow":"follow","max-snippet":"max-snippet:-1","max-image-preview":"max-image-preview:large","max-video-preview":"max-video-preview:-1"},"og_locale":"sv_SE","og_type":"article","og_title":"L\u00f6vbl\u00e5s Billy Goat F1302SPH - Nellemann Machinery","og_description":"En l\u00f6vbl\u00e5s p\u00e5 hjul \u00e4r ett gott alternativ f\u00f6r att avlasta kroppen. Billy Goat en effektiv l\u00f6vbl\u00e5s med mycket kraft och prestanda.","og_url":"https:\/\/nellemannmachinery.se\/produkt\/billy-goat-f1302sph\/","og_site_name":"Nellemann Machinery","article_publisher":"https:\/\/www.facebook.com\/Nellemann-Machinery-718705991612962","article_modified_time":"2022-03-11T09:42:02+00:00","og_image":[{"width":800,"height":600,"url":"https:\/\/nellemannmachinery.se\/wp-content\/uploads\/2020\/09\/F13SP.800_600jpg.jpg","type":"image\/jpeg"}],"twitter_card":"summary_large_image","schema":{"@context":"https:\/\/schema.org","@graph":[{"@type":"WebPage","@id":"https:\/\/nellemannmachinery.se\/produkt\/billy-goat-f1302sph\/","url":"https:\/\/nellemannmachinery.se\/produkt\/billy-goat-f1302sph\/","name":"L\u00f6vbl\u00e5s Billy Goat F1302SPH - Nellemann Machinery","isPartOf":{"@id":"https:\/\/dev.nellemannmachinery.dk\/#website"},"primaryImageOfPage":{"@id":"https:\/\/nellemannmachinery.se\/produkt\/billy-goat-f1302sph\/#primaryimage"},"image":{"@id":"https:\/\/nellemannmachinery.se\/produkt\/billy-goat-f1302sph\/#primaryimage"},"thumbnailUrl":"https:\/\/dev.nellemannmachinery.dk\/wp-content\/uploads\/2020\/09\/F13SP.800_600jpg.jpg","datePublished":"2020-09-07T14:10:38+00:00","dateModified":"2022-03-11T09:42:02+00:00","description":"En l\u00f6vbl\u00e5s p\u00e5 hjul \u00e4r ett gott alternativ f\u00f6r att avlasta kroppen. Billy Goat en effektiv l\u00f6vbl\u00e5s med mycket kraft och prestanda.","breadcrumb":{"@id":"https:\/\/nellemannmachinery.se\/produkt\/billy-goat-f1302sph\/#breadcrumb"},"inLanguage":"sv-SE","potentialAction":[{"@type":"ReadAction","target":["https:\/\/nellemannmachinery.se\/produkt\/billy-goat-f1302sph\/"]}]},{"@type":"ImageObject","inLanguage":"sv-SE","@id":"https:\/\/nellemannmachinery.se\/produkt\/billy-goat-f1302sph\/#primaryimage","url":"https:\/\/dev.nellemannmachinery.dk\/wp-content\/uploads\/2020\/09\/F13SP.800_600jpg.jpg","contentUrl":"https:\/\/dev.nellemannmachinery.dk\/wp-content\/uploads\/2020\/09\/F13SP.800_600jpg.jpg","width":800,"height":600},{"@type":"BreadcrumbList","@id":"https:\/\/nellemannmachinery.se\/produkt\/billy-goat-f1302sph\/#breadcrumb","itemListElement":[{"@type":"ListItem","position":1,"name":"Home","item":"https:\/\/nellemannmachinery.se\/"},{"@type":"ListItem","position":2,"name":"Shop","item":"https:\/\/dev.nellemannmachinery.dk\/shop\/"},{"@type":"ListItem","position":3,"name":"Billy Goat F1302SPH"}]},{"@type":"WebSite","@id":"https:\/\/dev.nellemannmachinery.dk\/#website","url":"https:\/\/dev.nellemannmachinery.dk\/","name":"Nellemann Machinery","description":"","publisher":{"@id":"https:\/\/dev.nellemannmachinery.dk\/#organization"},"potentialAction":[{"@type":"SearchAction","target":{"@type":"EntryPoint","urlTemplate":"https:\/\/dev.nellemannmachinery.dk\/?s={search_term_string}"},"query-input":{"@type":"PropertyValueSpecification","valueRequired":true,"valueName":"search_term_string"}}],"inLanguage":"sv-SE"},{"@type":"Organization","@id":"https:\/\/dev.nellemannmachinery.dk\/#organization","name":"Nellemann Machinery","url":"https:\/\/dev.nellemannmachinery.dk\/","logo":{"@type":"ImageObject","inLanguage":"sv-SE","@id":"https:\/\/dev.nellemannmachinery.dk\/#\/schema\/logo\/image\/","url":"https:\/\/dev.nellemannmachinery.dk\/wp-content\/uploads\/2020\/09\/logo-1.png","contentUrl":"https:\/\/dev.nellemannmachinery.dk\/wp-content\/uploads\/2020\/09\/logo-1.png","width":398,"height":71,"caption":"Nellemann Machinery"},"image":{"@id":"https:\/\/dev.nellemannmachinery.dk\/#\/schema\/logo\/image\/"},"sameAs":["https:\/\/www.facebook.com\/Nellemann-Machinery-718705991612962","https:\/\/www.instagram.com\/nellemannmachinery\/?hl=da","https:\/\/www.linkedin.com\/company\/svenningsens-maskinforretning-as\/about\/"]}]}},"_links":{"self":[{"href":"https:\/\/dev.nellemannmachinery.dk\/sv\/wp-json\/wp\/v2\/product\/6491","targetHints":{"allow":["GET"]}}],"collection":[{"href":"https:\/\/dev.nellemannmachinery.dk\/sv\/wp-json\/wp\/v2\/product"}],"about":[{"href":"https:\/\/dev.nellemannmachinery.dk\/sv\/wp-json\/wp\/v2\/types\/product"}],"wp:featuredmedia":[{"embeddable":true,"href":"https:\/\/dev.nellemannmachinery.dk\/sv\/wp-json\/wp\/v2\/media\/14239"}],"wp:attachment":[{"href":"https:\/\/dev.nellemannmachinery.dk\/sv\/wp-json\/wp\/v2\/media?parent=6491"}],"wp:term":[{"taxonomy":"product_brand","embeddable":true,"href":"https:\/\/dev.nellemannmachinery.dk\/sv\/wp-json\/wp\/v2\/product_brand?post=6491"},{"taxonomy":"product_cat","embeddable":true,"href":"https:\/\/dev.nellemannmachinery.dk\/sv\/wp-json\/wp\/v2\/product_cat?post=6491"},{"taxonomy":"product_tag","embeddable":true,"href":"https:\/\/dev.nellemannmachinery.dk\/sv\/wp-json\/wp\/v2\/product_tag?post=6491"}],"curies":[{"name":"wp","href":"https:\/\/api.w.org\/{rel}","templated":true}]}}