{"id":6904,"date":"2020-09-14T14:29:45","date_gmt":"2020-09-14T12:29:45","guid":{"rendered":"https:\/\/dev.nellemannmachinery.dk\/?post_type=product&#038;p=6904"},"modified":"2022-03-11T11:38:06","modified_gmt":"2022-03-11T09:38:06","slug":"billy-goat-mv650sph","status":"publish","type":"product","link":"https:\/\/dev.nellemannmachinery.dk\/sv\/produkt\/billy-goat-mv650sph\/","title":{"rendered":"BILLY GOAT MV601SPDSEU"},"excerpt":{"rendered":"<p>Billy Goats professionella l\u00f6vsugar \u00e4r effektiva redskap f\u00f6r att st\u00e4da upp l\u00f6v, gr\u00e4s, flis och annat avfall utomhus. Men \u00e4ven anv\u00e4ndas inomhus i st\u00f6rre stall och hallar.<\/p>\n<p><strong>Briggs &amp; Stratton 187 cc 850 Professional Series<\/strong><br \/>\n<strong>Arbetsbredd 74 cm<\/strong><br \/>\n<strong>14\u201d hjul<\/strong><br \/>\n<strong>6 fl\u00e4ktvingar<\/strong><br \/>\n<strong>Uppsamlingsp\u00e5se 151 liter<\/strong><br \/>\n<strong>Sj\u00e4lvg\u00e5ende 3-v\u00e4xlad<\/strong><\/p>\n","protected":false},"featured_media":14233,"template":"","meta":{"_acf_changed":false,"inline_featured_image":false},"product_brand":[],"product_cat":[171,169],"product_tag":[476,290,475,494,500,245,490],"class_list":{"0":"post-6904","1":"product","2":"type-product","3":"status-publish","4":"has-post-thumbnail","6":"product_cat-lovsug","7":"product_cat-mindre-maskiner-billy-goat-effektiva-lovsug-lovblas","8":"product_tag-aterforsaljare","9":"product_tag-billy-goat","10":"product_tag-forsaljning","11":"product_tag-lovsug","12":"product_tag-maskiner","13":"product_tag-park","14":"product_tag-reservdelar","15":"brand-billy-goat-sv","17":"first","18":"instock","19":"shipping-taxable","20":"product-type-simple"},"acf":[],"yoast_head":"<!-- This site is optimized with the Yoast SEO plugin v27.4 - https:\/\/yoast.com\/product\/yoast-seo-wordpress\/ -->\n<title>Billy Goat L\u00f6vsug - Nellemann Machinery<\/title>\n<meta name=\"description\" content=\"Billy Goat l\u00f6vsug g\u00f6r h\u00f6stst\u00e4dning s\u00e5v\u00e4l som v\u00e5rst\u00e4dning till ett enkelt jobb!\" \/>\n<meta name=\"robots\" content=\"noindex, follow, max-snippet:-1, max-image-preview:large, max-video-preview:-1\" \/>\n<meta property=\"og:locale\" content=\"sv_SE\" \/>\n<meta property=\"og:type\" content=\"article\" \/>\n<meta property=\"og:title\" content=\"Billy Goat L\u00f6vsug - Nellemann Machinery\" \/>\n<meta property=\"og:description\" content=\"Billy Goat l\u00f6vsug g\u00f6r h\u00f6stst\u00e4dning s\u00e5v\u00e4l som v\u00e5rst\u00e4dning till ett enkelt jobb!\" \/>\n<meta property=\"og:url\" content=\"https:\/\/nellemannmachinery.se\/produkt\/billy-goat-mv650sph\/\" \/>\n<meta property=\"og:site_name\" content=\"Nellemann Machinery\" \/>\n<meta property=\"article:publisher\" content=\"https:\/\/www.facebook.com\/Nellemann-Machinery-718705991612962\" \/>\n<meta property=\"article:modified_time\" content=\"2022-03-11T09:38:06+00:00\" \/>\n<meta property=\"og:image\" content=\"https:\/\/nellemannmachinery.se\/wp-content\/uploads\/2020\/09\/MV601SPE_BG_Vac_800_600FR.jpg\" \/>\n\t<meta property=\"og:image:width\" content=\"800\" \/>\n\t<meta property=\"og:image:height\" content=\"600\" \/>\n\t<meta property=\"og:image:type\" content=\"image\/jpeg\" \/>\n<meta name=\"twitter:card\" content=\"summary_large_image\" \/>\n<!-- \/ Yoast SEO plugin. -->","yoast_head_json":{"title":"Billy Goat L\u00f6vsug - Nellemann Machinery","description":"Billy Goat l\u00f6vsug g\u00f6r h\u00f6stst\u00e4dning s\u00e5v\u00e4l som v\u00e5rst\u00e4dning till ett enkelt jobb!","robots":{"index":"noindex","follow":"follow","max-snippet":"max-snippet:-1","max-image-preview":"max-image-preview:large","max-video-preview":"max-video-preview:-1"},"og_locale":"sv_SE","og_type":"article","og_title":"Billy Goat L\u00f6vsug - Nellemann Machinery","og_description":"Billy Goat l\u00f6vsug g\u00f6r h\u00f6stst\u00e4dning s\u00e5v\u00e4l som v\u00e5rst\u00e4dning till ett enkelt jobb!","og_url":"https:\/\/nellemannmachinery.se\/produkt\/billy-goat-mv650sph\/","og_site_name":"Nellemann Machinery","article_publisher":"https:\/\/www.facebook.com\/Nellemann-Machinery-718705991612962","article_modified_time":"2022-03-11T09:38:06+00:00","og_image":[{"width":800,"height":600,"url":"https:\/\/nellemannmachinery.se\/wp-content\/uploads\/2020\/09\/MV601SPE_BG_Vac_800_600FR.jpg","type":"image\/jpeg"}],"twitter_card":"summary_large_image","schema":{"@context":"https:\/\/schema.org","@graph":[{"@type":"WebPage","@id":"https:\/\/nellemannmachinery.se\/produkt\/billy-goat-mv650sph\/","url":"https:\/\/nellemannmachinery.se\/produkt\/billy-goat-mv650sph\/","name":"Billy Goat L\u00f6vsug - Nellemann Machinery","isPartOf":{"@id":"https:\/\/dev.nellemannmachinery.dk\/#website"},"primaryImageOfPage":{"@id":"https:\/\/nellemannmachinery.se\/produkt\/billy-goat-mv650sph\/#primaryimage"},"image":{"@id":"https:\/\/nellemannmachinery.se\/produkt\/billy-goat-mv650sph\/#primaryimage"},"thumbnailUrl":"https:\/\/dev.nellemannmachinery.dk\/wp-content\/uploads\/2020\/09\/MV601SPE_BG_Vac_800_600FR.jpg","datePublished":"2020-09-14T12:29:45+00:00","dateModified":"2022-03-11T09:38:06+00:00","description":"Billy Goat l\u00f6vsug g\u00f6r h\u00f6stst\u00e4dning s\u00e5v\u00e4l som v\u00e5rst\u00e4dning till ett enkelt jobb!","breadcrumb":{"@id":"https:\/\/nellemannmachinery.se\/produkt\/billy-goat-mv650sph\/#breadcrumb"},"inLanguage":"sv-SE","potentialAction":[{"@type":"ReadAction","target":["https:\/\/nellemannmachinery.se\/produkt\/billy-goat-mv650sph\/"]}]},{"@type":"ImageObject","inLanguage":"sv-SE","@id":"https:\/\/nellemannmachinery.se\/produkt\/billy-goat-mv650sph\/#primaryimage","url":"https:\/\/dev.nellemannmachinery.dk\/wp-content\/uploads\/2020\/09\/MV601SPE_BG_Vac_800_600FR.jpg","contentUrl":"https:\/\/dev.nellemannmachinery.dk\/wp-content\/uploads\/2020\/09\/MV601SPE_BG_Vac_800_600FR.jpg","width":800,"height":600},{"@type":"BreadcrumbList","@id":"https:\/\/nellemannmachinery.se\/produkt\/billy-goat-mv650sph\/#breadcrumb","itemListElement":[{"@type":"ListItem","position":1,"name":"Home","item":"https:\/\/nellemannmachinery.se\/"},{"@type":"ListItem","position":2,"name":"Shop","item":"https:\/\/dev.nellemannmachinery.dk\/shop\/"},{"@type":"ListItem","position":3,"name":"BILLY GOAT MV601SPDSEU"}]},{"@type":"WebSite","@id":"https:\/\/dev.nellemannmachinery.dk\/#website","url":"https:\/\/dev.nellemannmachinery.dk\/","name":"Nellemann Machinery","description":"","publisher":{"@id":"https:\/\/dev.nellemannmachinery.dk\/#organization"},"potentialAction":[{"@type":"SearchAction","target":{"@type":"EntryPoint","urlTemplate":"https:\/\/dev.nellemannmachinery.dk\/?s={search_term_string}"},"query-input":{"@type":"PropertyValueSpecification","valueRequired":true,"valueName":"search_term_string"}}],"inLanguage":"sv-SE"},{"@type":"Organization","@id":"https:\/\/dev.nellemannmachinery.dk\/#organization","name":"Nellemann Machinery","url":"https:\/\/dev.nellemannmachinery.dk\/","logo":{"@type":"ImageObject","inLanguage":"sv-SE","@id":"https:\/\/dev.nellemannmachinery.dk\/#\/schema\/logo\/image\/","url":"https:\/\/dev.nellemannmachinery.dk\/wp-content\/uploads\/2020\/09\/logo-1.png","contentUrl":"https:\/\/dev.nellemannmachinery.dk\/wp-content\/uploads\/2020\/09\/logo-1.png","width":398,"height":71,"caption":"Nellemann Machinery"},"image":{"@id":"https:\/\/dev.nellemannmachinery.dk\/#\/schema\/logo\/image\/"},"sameAs":["https:\/\/www.facebook.com\/Nellemann-Machinery-718705991612962","https:\/\/www.instagram.com\/nellemannmachinery\/?hl=da","https:\/\/www.linkedin.com\/company\/svenningsens-maskinforretning-as\/about\/"]}]}},"_links":{"self":[{"href":"https:\/\/dev.nellemannmachinery.dk\/sv\/wp-json\/wp\/v2\/product\/6904","targetHints":{"allow":["GET"]}}],"collection":[{"href":"https:\/\/dev.nellemannmachinery.dk\/sv\/wp-json\/wp\/v2\/product"}],"about":[{"href":"https:\/\/dev.nellemannmachinery.dk\/sv\/wp-json\/wp\/v2\/types\/product"}],"wp:featuredmedia":[{"embeddable":true,"href":"https:\/\/dev.nellemannmachinery.dk\/sv\/wp-json\/wp\/v2\/media\/14233"}],"wp:attachment":[{"href":"https:\/\/dev.nellemannmachinery.dk\/sv\/wp-json\/wp\/v2\/media?parent=6904"}],"wp:term":[{"taxonomy":"product_brand","embeddable":true,"href":"https:\/\/dev.nellemannmachinery.dk\/sv\/wp-json\/wp\/v2\/product_brand?post=6904"},{"taxonomy":"product_cat","embeddable":true,"href":"https:\/\/dev.nellemannmachinery.dk\/sv\/wp-json\/wp\/v2\/product_cat?post=6904"},{"taxonomy":"product_tag","embeddable":true,"href":"https:\/\/dev.nellemannmachinery.dk\/sv\/wp-json\/wp\/v2\/product_tag?post=6904"}],"curies":[{"name":"wp","href":"https:\/\/api.w.org\/{rel}","templated":true}]}}