{"id":6909,"date":"2020-09-14T14:41:47","date_gmt":"2020-09-14T12:41:47","guid":{"rendered":"https:\/\/dev.nellemannmachinery.dk\/?post_type=product&#038;p=6909"},"modified":"2022-03-11T11:24:52","modified_gmt":"2022-03-11T09:24:52","slug":"billy-goat-dl-1801-ve","status":"publish","type":"product","link":"https:\/\/dev.nellemannmachinery.dk\/sv\/produkt\/billy-goat-dl-1801-ve\/","title":{"rendered":"Billy GOAT DL1802VEEU"},"excerpt":{"rendered":"<p>Billy Goats professionella l\u00f6vsugar \u00e4r effektiva redskap f\u00f6r att st\u00e4da upp l\u00f6v, gr\u00e4s, flis och annat avfall utomhus. Men kan \u00e4ven anv\u00e4ndas inomhus i st\u00f6rre stall och hallar.<\/p>\n<p>&nbsp;<\/p>\n<p><strong>Vanguard 570 cc MOD35<\/strong><br \/>\n<strong>Elstart<\/strong><br \/>\n<strong>10\u201d slang x 3 m<\/strong><br \/>\n<strong>4 vingar i fl\u00e4kthjulet<\/strong><\/p>\n","protected":false},"featured_media":14218,"template":"","meta":{"_acf_changed":false,"inline_featured_image":false},"product_brand":[],"product_cat":[172,169],"product_tag":[290,494],"class_list":{"0":"post-6909","1":"product","2":"type-product","3":"status-publish","4":"has-post-thumbnail","6":"product_cat-lovlastare","7":"product_cat-mindre-maskiner-billy-goat-effektiva-lovsug-lovblas","8":"product_tag-billy-goat","9":"product_tag-lovsug","10":"brand-billy-goat-sv","12":"first","13":"instock","14":"shipping-taxable","15":"product-type-simple"},"acf":[],"yoast_head":"<!-- This site is optimized with the Yoast SEO plugin v27.4 - https:\/\/yoast.com\/product\/yoast-seo-wordpress\/ -->\n<title>Billy GOAT DL1802VEEU - Nellemann Machinery<\/title>\n<meta name=\"robots\" content=\"noindex, follow, max-snippet:-1, max-image-preview:large, max-video-preview:-1\" \/>\n<meta property=\"og:locale\" content=\"sv_SE\" \/>\n<meta property=\"og:type\" content=\"article\" \/>\n<meta property=\"og:title\" content=\"Billy GOAT DL1802VEEU - Nellemann Machinery\" \/>\n<meta property=\"og:description\" content=\"Billy Goats professionella l\u00f6vsugar \u00e4r effektiva redskap f\u00f6r att st\u00e4da upp l\u00f6v, gr\u00e4s, flis och annat avfall utomhus. Men kan \u00e4ven anv\u00e4ndas inomhus i st\u00f6rre stall och hallar.  &nbsp;  Vanguard 570 cc MOD35 Elstart 10\u201d slang x 3 m 4 vingar i fl\u00e4kthjulet\" \/>\n<meta property=\"og:url\" content=\"https:\/\/nellemannmachinery.se\/produkt\/billy-goat-dl-1801-ve\/\" \/>\n<meta property=\"og:site_name\" content=\"Nellemann Machinery\" \/>\n<meta property=\"article:publisher\" content=\"https:\/\/www.facebook.com\/Nellemann-Machinery-718705991612962\" \/>\n<meta property=\"article:modified_time\" content=\"2022-03-11T09:24:52+00:00\" \/>\n<meta property=\"og:image\" content=\"https:\/\/nellemannmachinery.se\/wp-content\/uploads\/2020\/09\/DL1802VE_BG_800_600jpg.jpg\" \/>\n\t<meta property=\"og:image:width\" content=\"800\" \/>\n\t<meta property=\"og:image:height\" content=\"600\" \/>\n\t<meta property=\"og:image:type\" content=\"image\/jpeg\" \/>\n<meta name=\"twitter:card\" content=\"summary_large_image\" \/>\n<!-- \/ Yoast SEO plugin. -->","yoast_head_json":{"title":"Billy GOAT DL1802VEEU - Nellemann Machinery","robots":{"index":"noindex","follow":"follow","max-snippet":"max-snippet:-1","max-image-preview":"max-image-preview:large","max-video-preview":"max-video-preview:-1"},"og_locale":"sv_SE","og_type":"article","og_title":"Billy GOAT DL1802VEEU - Nellemann Machinery","og_description":"Billy Goats professionella l\u00f6vsugar \u00e4r effektiva redskap f\u00f6r att st\u00e4da upp l\u00f6v, gr\u00e4s, flis och annat avfall utomhus. Men kan \u00e4ven anv\u00e4ndas inomhus i st\u00f6rre stall och hallar.  &nbsp;  Vanguard 570 cc MOD35 Elstart 10\u201d slang x 3 m 4 vingar i fl\u00e4kthjulet","og_url":"https:\/\/nellemannmachinery.se\/produkt\/billy-goat-dl-1801-ve\/","og_site_name":"Nellemann Machinery","article_publisher":"https:\/\/www.facebook.com\/Nellemann-Machinery-718705991612962","article_modified_time":"2022-03-11T09:24:52+00:00","og_image":[{"width":800,"height":600,"url":"https:\/\/nellemannmachinery.se\/wp-content\/uploads\/2020\/09\/DL1802VE_BG_800_600jpg.jpg","type":"image\/jpeg"}],"twitter_card":"summary_large_image","schema":{"@context":"https:\/\/schema.org","@graph":[{"@type":"WebPage","@id":"https:\/\/nellemannmachinery.se\/produkt\/billy-goat-dl-1801-ve\/","url":"https:\/\/nellemannmachinery.se\/produkt\/billy-goat-dl-1801-ve\/","name":"Billy GOAT DL1802VEEU - Nellemann Machinery","isPartOf":{"@id":"https:\/\/dev.nellemannmachinery.dk\/#website"},"primaryImageOfPage":{"@id":"https:\/\/nellemannmachinery.se\/produkt\/billy-goat-dl-1801-ve\/#primaryimage"},"image":{"@id":"https:\/\/nellemannmachinery.se\/produkt\/billy-goat-dl-1801-ve\/#primaryimage"},"thumbnailUrl":"https:\/\/dev.nellemannmachinery.dk\/wp-content\/uploads\/2020\/09\/DL1802VE_BG_800_600jpg.jpg","datePublished":"2020-09-14T12:41:47+00:00","dateModified":"2022-03-11T09:24:52+00:00","breadcrumb":{"@id":"https:\/\/nellemannmachinery.se\/produkt\/billy-goat-dl-1801-ve\/#breadcrumb"},"inLanguage":"sv-SE","potentialAction":[{"@type":"ReadAction","target":["https:\/\/nellemannmachinery.se\/produkt\/billy-goat-dl-1801-ve\/"]}]},{"@type":"ImageObject","inLanguage":"sv-SE","@id":"https:\/\/nellemannmachinery.se\/produkt\/billy-goat-dl-1801-ve\/#primaryimage","url":"https:\/\/dev.nellemannmachinery.dk\/wp-content\/uploads\/2020\/09\/DL1802VE_BG_800_600jpg.jpg","contentUrl":"https:\/\/dev.nellemannmachinery.dk\/wp-content\/uploads\/2020\/09\/DL1802VE_BG_800_600jpg.jpg","width":800,"height":600},{"@type":"BreadcrumbList","@id":"https:\/\/nellemannmachinery.se\/produkt\/billy-goat-dl-1801-ve\/#breadcrumb","itemListElement":[{"@type":"ListItem","position":1,"name":"Home","item":"https:\/\/nellemannmachinery.se\/"},{"@type":"ListItem","position":2,"name":"Shop","item":"https:\/\/dev.nellemannmachinery.dk\/shop\/"},{"@type":"ListItem","position":3,"name":"Billy GOAT DL1802VEEU"}]},{"@type":"WebSite","@id":"https:\/\/dev.nellemannmachinery.dk\/#website","url":"https:\/\/dev.nellemannmachinery.dk\/","name":"Nellemann Machinery","description":"","publisher":{"@id":"https:\/\/dev.nellemannmachinery.dk\/#organization"},"potentialAction":[{"@type":"SearchAction","target":{"@type":"EntryPoint","urlTemplate":"https:\/\/dev.nellemannmachinery.dk\/?s={search_term_string}"},"query-input":{"@type":"PropertyValueSpecification","valueRequired":true,"valueName":"search_term_string"}}],"inLanguage":"sv-SE"},{"@type":"Organization","@id":"https:\/\/dev.nellemannmachinery.dk\/#organization","name":"Nellemann Machinery","url":"https:\/\/dev.nellemannmachinery.dk\/","logo":{"@type":"ImageObject","inLanguage":"sv-SE","@id":"https:\/\/dev.nellemannmachinery.dk\/#\/schema\/logo\/image\/","url":"https:\/\/dev.nellemannmachinery.dk\/wp-content\/uploads\/2020\/09\/logo-1.png","contentUrl":"https:\/\/dev.nellemannmachinery.dk\/wp-content\/uploads\/2020\/09\/logo-1.png","width":398,"height":71,"caption":"Nellemann Machinery"},"image":{"@id":"https:\/\/dev.nellemannmachinery.dk\/#\/schema\/logo\/image\/"},"sameAs":["https:\/\/www.facebook.com\/Nellemann-Machinery-718705991612962","https:\/\/www.instagram.com\/nellemannmachinery\/?hl=da","https:\/\/www.linkedin.com\/company\/svenningsens-maskinforretning-as\/about\/"]}]}},"_links":{"self":[{"href":"https:\/\/dev.nellemannmachinery.dk\/sv\/wp-json\/wp\/v2\/product\/6909","targetHints":{"allow":["GET"]}}],"collection":[{"href":"https:\/\/dev.nellemannmachinery.dk\/sv\/wp-json\/wp\/v2\/product"}],"about":[{"href":"https:\/\/dev.nellemannmachinery.dk\/sv\/wp-json\/wp\/v2\/types\/product"}],"wp:featuredmedia":[{"embeddable":true,"href":"https:\/\/dev.nellemannmachinery.dk\/sv\/wp-json\/wp\/v2\/media\/14218"}],"wp:attachment":[{"href":"https:\/\/dev.nellemannmachinery.dk\/sv\/wp-json\/wp\/v2\/media?parent=6909"}],"wp:term":[{"taxonomy":"product_brand","embeddable":true,"href":"https:\/\/dev.nellemannmachinery.dk\/sv\/wp-json\/wp\/v2\/product_brand?post=6909"},{"taxonomy":"product_cat","embeddable":true,"href":"https:\/\/dev.nellemannmachinery.dk\/sv\/wp-json\/wp\/v2\/product_cat?post=6909"},{"taxonomy":"product_tag","embeddable":true,"href":"https:\/\/dev.nellemannmachinery.dk\/sv\/wp-json\/wp\/v2\/product_tag?post=6909"}],"curies":[{"name":"wp","href":"https:\/\/api.w.org\/{rel}","templated":true}]}}