{"id":6910,"date":"2020-09-14T14:50:09","date_gmt":"2020-09-14T12:50:09","guid":{"rendered":"https:\/\/dev.nellemannmachinery.dk\/?post_type=product&#038;p=6910"},"modified":"2022-03-11T12:47:40","modified_gmt":"2022-03-11T10:47:40","slug":"billy-goat-cr550hc","status":"publish","type":"product","link":"https:\/\/dev.nellemannmachinery.dk\/sv\/produkt\/billy-goat-cr550hc\/","title":{"rendered":"BILLY GOAT CR550HCEU"},"excerpt":{"rendered":"<p>Billy Goats mossrivare \u00e4r utvecklad f\u00f6r professionellt bruk. Med sin kraftiga uppbyggnad och korta hjulbas levererar den perfekt resultat varje g\u00e5ng. Handtaget med s\u00e4kerhetskoppling kan enkelt f\u00e4llas ihop vid transport eller f\u00f6rvaring.<\/p>\n<p><strong>Honda 160 cc GC160<\/strong><br \/>\n<strong>Arbetsbredd 50 cm<\/strong><br \/>\n<strong>F\u00e4llbart handtag<\/strong><\/p>\n","protected":false},"featured_media":14221,"template":"","meta":{"_acf_changed":false,"inline_featured_image":false},"product_brand":[],"product_cat":[169,173],"product_tag":[290,500,497],"class_list":{"0":"post-6910","1":"product","2":"type-product","3":"status-publish","4":"has-post-thumbnail","6":"product_cat-mindre-maskiner-billy-goat-effektiva-lovsug-lovblas","7":"product_cat-vertikalskarare","8":"product_tag-billy-goat","9":"product_tag-maskiner","10":"product_tag-mossrivare","11":"brand-billy-goat-sv","13":"first","14":"instock","15":"shipping-taxable","16":"product-type-simple"},"acf":[],"yoast_head":"<!-- This site is optimized with the Yoast SEO plugin v27.4 - https:\/\/yoast.com\/product\/yoast-seo-wordpress\/ -->\n<title>Billy Goat Mossrivare - Nellemann Machinery<\/title>\n<meta name=\"description\" content=\"Mossrivaren \u00e4r utvecklad f\u00f6r professionellt bruk. Med sin kraftiga uppbyggnad och korta hjulbas levererar den perfekt resultat varje g\u00e5ng.\" \/>\n<meta name=\"robots\" content=\"noindex, follow, max-snippet:-1, max-image-preview:large, max-video-preview:-1\" \/>\n<meta property=\"og:locale\" content=\"sv_SE\" \/>\n<meta property=\"og:type\" content=\"article\" \/>\n<meta property=\"og:title\" content=\"Billy Goat Mossrivare - Nellemann Machinery\" \/>\n<meta property=\"og:description\" content=\"Mossrivaren \u00e4r utvecklad f\u00f6r professionellt bruk. Med sin kraftiga uppbyggnad och korta hjulbas levererar den perfekt resultat varje g\u00e5ng.\" \/>\n<meta property=\"og:url\" content=\"https:\/\/nellemannmachinery.se\/produkt\/billy-goat-cr550hc\/\" \/>\n<meta property=\"og:site_name\" content=\"Nellemann Machinery\" \/>\n<meta property=\"article:publisher\" content=\"https:\/\/www.facebook.com\/Nellemann-Machinery-718705991612962\" \/>\n<meta property=\"article:modified_time\" content=\"2022-03-11T10:47:40+00:00\" \/>\n<meta property=\"og:image\" content=\"https:\/\/nellemannmachinery.se\/wp-content\/uploads\/2020\/09\/CR550HC_BG_rake_800_600FR.jpg\" \/>\n\t<meta property=\"og:image:width\" content=\"800\" \/>\n\t<meta property=\"og:image:height\" content=\"600\" \/>\n\t<meta property=\"og:image:type\" content=\"image\/jpeg\" \/>\n<meta name=\"twitter:card\" content=\"summary_large_image\" \/>\n<!-- \/ Yoast SEO plugin. -->","yoast_head_json":{"title":"Billy Goat Mossrivare - Nellemann Machinery","description":"Mossrivaren \u00e4r utvecklad f\u00f6r professionellt bruk. Med sin kraftiga uppbyggnad och korta hjulbas levererar den perfekt resultat varje g\u00e5ng.","robots":{"index":"noindex","follow":"follow","max-snippet":"max-snippet:-1","max-image-preview":"max-image-preview:large","max-video-preview":"max-video-preview:-1"},"og_locale":"sv_SE","og_type":"article","og_title":"Billy Goat Mossrivare - Nellemann Machinery","og_description":"Mossrivaren \u00e4r utvecklad f\u00f6r professionellt bruk. Med sin kraftiga uppbyggnad och korta hjulbas levererar den perfekt resultat varje g\u00e5ng.","og_url":"https:\/\/nellemannmachinery.se\/produkt\/billy-goat-cr550hc\/","og_site_name":"Nellemann Machinery","article_publisher":"https:\/\/www.facebook.com\/Nellemann-Machinery-718705991612962","article_modified_time":"2022-03-11T10:47:40+00:00","og_image":[{"width":800,"height":600,"url":"https:\/\/nellemannmachinery.se\/wp-content\/uploads\/2020\/09\/CR550HC_BG_rake_800_600FR.jpg","type":"image\/jpeg"}],"twitter_card":"summary_large_image","schema":{"@context":"https:\/\/schema.org","@graph":[{"@type":"WebPage","@id":"https:\/\/nellemannmachinery.se\/produkt\/billy-goat-cr550hc\/","url":"https:\/\/nellemannmachinery.se\/produkt\/billy-goat-cr550hc\/","name":"Billy Goat Mossrivare - Nellemann Machinery","isPartOf":{"@id":"https:\/\/dev.nellemannmachinery.dk\/#website"},"primaryImageOfPage":{"@id":"https:\/\/nellemannmachinery.se\/produkt\/billy-goat-cr550hc\/#primaryimage"},"image":{"@id":"https:\/\/nellemannmachinery.se\/produkt\/billy-goat-cr550hc\/#primaryimage"},"thumbnailUrl":"https:\/\/dev.nellemannmachinery.dk\/wp-content\/uploads\/2020\/09\/CR550HC_BG_rake_800_600FR.jpg","datePublished":"2020-09-14T12:50:09+00:00","dateModified":"2022-03-11T10:47:40+00:00","description":"Mossrivaren \u00e4r utvecklad f\u00f6r professionellt bruk. Med sin kraftiga uppbyggnad och korta hjulbas levererar den perfekt resultat varje g\u00e5ng.","breadcrumb":{"@id":"https:\/\/nellemannmachinery.se\/produkt\/billy-goat-cr550hc\/#breadcrumb"},"inLanguage":"sv-SE","potentialAction":[{"@type":"ReadAction","target":["https:\/\/nellemannmachinery.se\/produkt\/billy-goat-cr550hc\/"]}]},{"@type":"ImageObject","inLanguage":"sv-SE","@id":"https:\/\/nellemannmachinery.se\/produkt\/billy-goat-cr550hc\/#primaryimage","url":"https:\/\/dev.nellemannmachinery.dk\/wp-content\/uploads\/2020\/09\/CR550HC_BG_rake_800_600FR.jpg","contentUrl":"https:\/\/dev.nellemannmachinery.dk\/wp-content\/uploads\/2020\/09\/CR550HC_BG_rake_800_600FR.jpg","width":800,"height":600},{"@type":"BreadcrumbList","@id":"https:\/\/nellemannmachinery.se\/produkt\/billy-goat-cr550hc\/#breadcrumb","itemListElement":[{"@type":"ListItem","position":1,"name":"Home","item":"https:\/\/nellemannmachinery.se\/"},{"@type":"ListItem","position":2,"name":"Shop","item":"https:\/\/dev.nellemannmachinery.dk\/shop\/"},{"@type":"ListItem","position":3,"name":"BILLY GOAT CR550HCEU"}]},{"@type":"WebSite","@id":"https:\/\/dev.nellemannmachinery.dk\/#website","url":"https:\/\/dev.nellemannmachinery.dk\/","name":"Nellemann Machinery","description":"","publisher":{"@id":"https:\/\/dev.nellemannmachinery.dk\/#organization"},"potentialAction":[{"@type":"SearchAction","target":{"@type":"EntryPoint","urlTemplate":"https:\/\/dev.nellemannmachinery.dk\/?s={search_term_string}"},"query-input":{"@type":"PropertyValueSpecification","valueRequired":true,"valueName":"search_term_string"}}],"inLanguage":"sv-SE"},{"@type":"Organization","@id":"https:\/\/dev.nellemannmachinery.dk\/#organization","name":"Nellemann Machinery","url":"https:\/\/dev.nellemannmachinery.dk\/","logo":{"@type":"ImageObject","inLanguage":"sv-SE","@id":"https:\/\/dev.nellemannmachinery.dk\/#\/schema\/logo\/image\/","url":"https:\/\/dev.nellemannmachinery.dk\/wp-content\/uploads\/2020\/09\/logo-1.png","contentUrl":"https:\/\/dev.nellemannmachinery.dk\/wp-content\/uploads\/2020\/09\/logo-1.png","width":398,"height":71,"caption":"Nellemann Machinery"},"image":{"@id":"https:\/\/dev.nellemannmachinery.dk\/#\/schema\/logo\/image\/"},"sameAs":["https:\/\/www.facebook.com\/Nellemann-Machinery-718705991612962","https:\/\/www.instagram.com\/nellemannmachinery\/?hl=da","https:\/\/www.linkedin.com\/company\/svenningsens-maskinforretning-as\/about\/"]}]}},"_links":{"self":[{"href":"https:\/\/dev.nellemannmachinery.dk\/sv\/wp-json\/wp\/v2\/product\/6910","targetHints":{"allow":["GET"]}}],"collection":[{"href":"https:\/\/dev.nellemannmachinery.dk\/sv\/wp-json\/wp\/v2\/product"}],"about":[{"href":"https:\/\/dev.nellemannmachinery.dk\/sv\/wp-json\/wp\/v2\/types\/product"}],"wp:featuredmedia":[{"embeddable":true,"href":"https:\/\/dev.nellemannmachinery.dk\/sv\/wp-json\/wp\/v2\/media\/14221"}],"wp:attachment":[{"href":"https:\/\/dev.nellemannmachinery.dk\/sv\/wp-json\/wp\/v2\/media?parent=6910"}],"wp:term":[{"taxonomy":"product_brand","embeddable":true,"href":"https:\/\/dev.nellemannmachinery.dk\/sv\/wp-json\/wp\/v2\/product_brand?post=6910"},{"taxonomy":"product_cat","embeddable":true,"href":"https:\/\/dev.nellemannmachinery.dk\/sv\/wp-json\/wp\/v2\/product_cat?post=6910"},{"taxonomy":"product_tag","embeddable":true,"href":"https:\/\/dev.nellemannmachinery.dk\/sv\/wp-json\/wp\/v2\/product_tag?post=6910"}],"curies":[{"name":"wp","href":"https:\/\/api.w.org\/{rel}","templated":true}]}}