{"id":8859,"date":"2021-02-01T11:56:38","date_gmt":"2021-02-01T09:56:38","guid":{"rendered":"https:\/\/dev.nellemannmachinery.dk\/?post_type=product&#038;p=8859"},"modified":"2022-03-11T14:56:47","modified_gmt":"2022-03-11T12:56:47","slug":"kubota-m6142","status":"publish","type":"product","link":"https:\/\/dev.nellemannmachinery.dk\/sv\/produkt\/kubota-m6142\/","title":{"rendered":"Kubota M6142"},"excerpt":{"rendered":"<h1 class=\"product_title entry-title\"><\/h1>\n<p>https:\/\/www.youtube.com\/watch?v=LkmRKWjRfKU&amp;t=6s<\/p>\n<p><strong>Kubota M6002 \u00e4r det ideala valet f\u00f6r lantbrukare<\/strong>\u00a0som letar efter en smidig traktor med utm\u00e4rkt sikt, h\u00f6g komfort och prestanda. M\u00e5ngsidigheten g\u00f6r den till det perfekta valet. I Kubota M6002 modellerna har du alla kontrollerna integrerade i armst\u00f6det, v\u00e4l placerade f\u00f6r din hand. Den moderna multifunktions joysticken ger dig tillg\u00e5ng till alla viktiga funktioner. Med tillvalet 7\u201d K-Monitor f\u00e5r din Kubota M6002 egenskaper f\u00f6r precisionsodling. Detta m\u00f6jligg\u00f6r anv\u00e4ndning g\u00f6dning, v\u00e4xtskyddsmedel och uts\u00e4de effektivt, samtidigt som du reducerar arbetsb\u00f6rdan. M6002 \u00e4r mycket l\u00e4ttare att man\u00f6vrera \u00e4n j\u00e4mf\u00f6rbara traktorer i samma storlek. Med 480\/65R24 d\u00e4ck \u00e4r v\u00e4ndradien endast 4,5 meter. Detta g\u00f6r traktorn lika smidig som en kompakttraktor, \u00e4ven vid de mest kr\u00e4vande uppgifterna.<\/p>\n","protected":false},"featured_media":14330,"template":"","meta":{"_acf_changed":false,"inline_featured_image":false},"product_brand":[],"product_cat":[165],"product_tag":[150,527,526,489],"class_list":{"0":"post-8859","1":"product","2":"type-product","3":"status-publish","4":"has-post-thumbnail","6":"product_cat-kubota-traktorer-kubota-lantbrukstraktorer-m-serie-nm","7":"product_tag-kubota","8":"product_tag-lantrbruktraktor","9":"product_tag-m6002","10":"product_tag-traktor","11":"brand-kubota-produker","13":"first","14":"instock","15":"shipping-taxable","16":"product-type-simple"},"acf":[],"yoast_head":"<!-- This site is optimized with the Yoast SEO plugin v27.4 - https:\/\/yoast.com\/product\/yoast-seo-wordpress\/ -->\n<title>Kubota M6142 - Nellemann Machinery Kubota lantbrukstraktor<\/title>\n<meta name=\"description\" content=\"Kubota traktorn M6002 har den kraftfullaste 4-cylindriga motorn inom lantbrukssektorn. Steg V motor levererar full kraft.\" \/>\n<meta name=\"robots\" content=\"noindex, follow, max-snippet:-1, max-image-preview:large, max-video-preview:-1\" \/>\n<meta property=\"og:locale\" content=\"sv_SE\" \/>\n<meta property=\"og:type\" content=\"article\" \/>\n<meta property=\"og:title\" content=\"Kubota M6142 - Nellemann Machinery Kubota lantbrukstraktor\" \/>\n<meta property=\"og:description\" content=\"Kubota traktorn M6002 har den kraftfullaste 4-cylindriga motorn inom lantbrukssektorn. Steg V motor levererar full kraft.\" \/>\n<meta property=\"og:url\" content=\"https:\/\/nellemannmachinery.se\/produkt\/kubota-m6142\/\" \/>\n<meta property=\"og:site_name\" content=\"Nellemann Machinery\" \/>\n<meta property=\"article:publisher\" content=\"https:\/\/www.facebook.com\/Nellemann-Machinery-718705991612962\" \/>\n<meta property=\"article:modified_time\" content=\"2022-03-11T12:56:47+00:00\" \/>\n<meta property=\"og:image\" content=\"https:\/\/nellemannmachinery.se\/wp-content\/uploads\/2021\/02\/Ny-Kubota_M6002_4-ljusare.jpg\" \/>\n\t<meta property=\"og:image:width\" content=\"800\" \/>\n\t<meta property=\"og:image:height\" content=\"600\" \/>\n\t<meta property=\"og:image:type\" content=\"image\/jpeg\" \/>\n<meta name=\"twitter:card\" content=\"summary_large_image\" \/>\n<!-- \/ Yoast SEO plugin. -->","yoast_head_json":{"title":"Kubota M6142 - Nellemann Machinery Kubota lantbrukstraktor","description":"Kubota traktorn M6002 har den kraftfullaste 4-cylindriga motorn inom lantbrukssektorn. Steg V motor levererar full kraft.","robots":{"index":"noindex","follow":"follow","max-snippet":"max-snippet:-1","max-image-preview":"max-image-preview:large","max-video-preview":"max-video-preview:-1"},"og_locale":"sv_SE","og_type":"article","og_title":"Kubota M6142 - Nellemann Machinery Kubota lantbrukstraktor","og_description":"Kubota traktorn M6002 har den kraftfullaste 4-cylindriga motorn inom lantbrukssektorn. Steg V motor levererar full kraft.","og_url":"https:\/\/nellemannmachinery.se\/produkt\/kubota-m6142\/","og_site_name":"Nellemann Machinery","article_publisher":"https:\/\/www.facebook.com\/Nellemann-Machinery-718705991612962","article_modified_time":"2022-03-11T12:56:47+00:00","og_image":[{"width":800,"height":600,"url":"https:\/\/nellemannmachinery.se\/wp-content\/uploads\/2021\/02\/Ny-Kubota_M6002_4-ljusare.jpg","type":"image\/jpeg"}],"twitter_card":"summary_large_image","schema":{"@context":"https:\/\/schema.org","@graph":[{"@type":"WebPage","@id":"https:\/\/nellemannmachinery.se\/produkt\/kubota-m6142\/","url":"https:\/\/nellemannmachinery.se\/produkt\/kubota-m6142\/","name":"Kubota M6142 - Nellemann Machinery Kubota lantbrukstraktor","isPartOf":{"@id":"https:\/\/dev.nellemannmachinery.dk\/#website"},"primaryImageOfPage":{"@id":"https:\/\/nellemannmachinery.se\/produkt\/kubota-m6142\/#primaryimage"},"image":{"@id":"https:\/\/nellemannmachinery.se\/produkt\/kubota-m6142\/#primaryimage"},"thumbnailUrl":"https:\/\/dev.nellemannmachinery.dk\/wp-content\/uploads\/2021\/02\/Ny-Kubota_M6002_4-ljusare.jpg","datePublished":"2021-02-01T09:56:38+00:00","dateModified":"2022-03-11T12:56:47+00:00","description":"Kubota traktorn M6002 har den kraftfullaste 4-cylindriga motorn inom lantbrukssektorn. Steg V motor levererar full kraft.","breadcrumb":{"@id":"https:\/\/nellemannmachinery.se\/produkt\/kubota-m6142\/#breadcrumb"},"inLanguage":"sv-SE","potentialAction":[{"@type":"ReadAction","target":["https:\/\/nellemannmachinery.se\/produkt\/kubota-m6142\/"]}]},{"@type":"ImageObject","inLanguage":"sv-SE","@id":"https:\/\/nellemannmachinery.se\/produkt\/kubota-m6142\/#primaryimage","url":"https:\/\/dev.nellemannmachinery.dk\/wp-content\/uploads\/2021\/02\/Ny-Kubota_M6002_4-ljusare.jpg","contentUrl":"https:\/\/dev.nellemannmachinery.dk\/wp-content\/uploads\/2021\/02\/Ny-Kubota_M6002_4-ljusare.jpg","width":800,"height":600},{"@type":"BreadcrumbList","@id":"https:\/\/nellemannmachinery.se\/produkt\/kubota-m6142\/#breadcrumb","itemListElement":[{"@type":"ListItem","position":1,"name":"Home","item":"https:\/\/nellemannmachinery.se\/"},{"@type":"ListItem","position":2,"name":"Shop","item":"https:\/\/dev.nellemannmachinery.dk\/shop\/"},{"@type":"ListItem","position":3,"name":"Kubota M6142"}]},{"@type":"WebSite","@id":"https:\/\/dev.nellemannmachinery.dk\/#website","url":"https:\/\/dev.nellemannmachinery.dk\/","name":"Nellemann Machinery","description":"","publisher":{"@id":"https:\/\/dev.nellemannmachinery.dk\/#organization"},"potentialAction":[{"@type":"SearchAction","target":{"@type":"EntryPoint","urlTemplate":"https:\/\/dev.nellemannmachinery.dk\/?s={search_term_string}"},"query-input":{"@type":"PropertyValueSpecification","valueRequired":true,"valueName":"search_term_string"}}],"inLanguage":"sv-SE"},{"@type":"Organization","@id":"https:\/\/dev.nellemannmachinery.dk\/#organization","name":"Nellemann Machinery","url":"https:\/\/dev.nellemannmachinery.dk\/","logo":{"@type":"ImageObject","inLanguage":"sv-SE","@id":"https:\/\/dev.nellemannmachinery.dk\/#\/schema\/logo\/image\/","url":"https:\/\/dev.nellemannmachinery.dk\/wp-content\/uploads\/2020\/09\/logo-1.png","contentUrl":"https:\/\/dev.nellemannmachinery.dk\/wp-content\/uploads\/2020\/09\/logo-1.png","width":398,"height":71,"caption":"Nellemann Machinery"},"image":{"@id":"https:\/\/dev.nellemannmachinery.dk\/#\/schema\/logo\/image\/"},"sameAs":["https:\/\/www.facebook.com\/Nellemann-Machinery-718705991612962","https:\/\/www.instagram.com\/nellemannmachinery\/?hl=da","https:\/\/www.linkedin.com\/company\/svenningsens-maskinforretning-as\/about\/"]}]}},"_links":{"self":[{"href":"https:\/\/dev.nellemannmachinery.dk\/sv\/wp-json\/wp\/v2\/product\/8859","targetHints":{"allow":["GET"]}}],"collection":[{"href":"https:\/\/dev.nellemannmachinery.dk\/sv\/wp-json\/wp\/v2\/product"}],"about":[{"href":"https:\/\/dev.nellemannmachinery.dk\/sv\/wp-json\/wp\/v2\/types\/product"}],"wp:featuredmedia":[{"embeddable":true,"href":"https:\/\/dev.nellemannmachinery.dk\/sv\/wp-json\/wp\/v2\/media\/14330"}],"wp:attachment":[{"href":"https:\/\/dev.nellemannmachinery.dk\/sv\/wp-json\/wp\/v2\/media?parent=8859"}],"wp:term":[{"taxonomy":"product_brand","embeddable":true,"href":"https:\/\/dev.nellemannmachinery.dk\/sv\/wp-json\/wp\/v2\/product_brand?post=8859"},{"taxonomy":"product_cat","embeddable":true,"href":"https:\/\/dev.nellemannmachinery.dk\/sv\/wp-json\/wp\/v2\/product_cat?post=8859"},{"taxonomy":"product_tag","embeddable":true,"href":"https:\/\/dev.nellemannmachinery.dk\/sv\/wp-json\/wp\/v2\/product_tag?post=8859"}],"curies":[{"name":"wp","href":"https:\/\/api.w.org\/{rel}","templated":true}]}}