{"id":8892,"date":"2021-02-01T13:50:25","date_gmt":"2021-02-01T11:50:25","guid":{"rendered":"https:\/\/dev.nellemannmachinery.dk\/?post_type=product&#038;p=8892"},"modified":"2023-01-09T14:12:20","modified_gmt":"2023-01-09T12:12:20","slug":"kubota-m4073-traktor-med-lastare","status":"publish","type":"product","link":"https:\/\/dev.nellemannmachinery.dk\/sv\/produkt\/kubota-m4073-traktor-med-lastare\/","title":{"rendered":"KUBOTA M4073"},"excerpt":{"rendered":"<p>https:\/\/www.youtube.com\/watch?v=XHkderS1kdc&amp;t=24s<\/p>\n<p>&nbsp;<\/p>\n<p><strong>Kubota\u2019s\u00a0motorer uppfyller alla f\u00f6rv\u00e4ntningar under tuffa f\u00f6rh\u00e5llanden,<\/strong> du kommer bli positivt \u00f6verraskad \u00f6ver traktorernas prestanda, kraft och br\u00e4nsleekonomi. Kubota\u2019s typiska framaxel ger inte bara M4003 en enorm smidighet, utan \u00e4ven en h\u00f6g markfrig\u00e5ng \u2013 en av de h\u00f6gsta i sin storlek. Du kan k\u00f6ra den \u00f6ver b\u00e4ddar eller stora str\u00e4ngar utan att skada eller riva upp dem. Detta medf\u00f6r minskade sk\u00f6rdef\u00f6rluster och ger en positiv effekt som betalar sig.<\/p>\n<p>&nbsp;<\/p>\n","protected":false},"featured_media":14312,"template":"","meta":{"_acf_changed":false,"inline_featured_image":false},"product_brand":[],"product_cat":[165],"product_tag":[150,472,473,149,558,489],"class_list":{"0":"post-8892","1":"product","2":"type-product","3":"status-publish","4":"has-post-thumbnail","6":"product_cat-kubota-traktorer-kubota-lantbrukstraktorer-m-serie-nm","7":"product_tag-kubota","8":"product_tag-lantbruk","9":"product_tag-lastare","10":"product_tag-m4","11":"product_tag-m4073","12":"product_tag-traktor","13":"brand-kubota-produker","15":"first","16":"instock","17":"shipping-taxable","18":"product-type-simple"},"acf":[],"yoast_head":"<!-- This site is optimized with the Yoast SEO plugin v27.4 - https:\/\/yoast.com\/product\/yoast-seo-wordpress\/ -->\n<title>Kubota M4073 - Nellemann Machinery<\/title>\n<meta name=\"description\" content=\"Kubota M4073 \u00e4r den perfekta traktorn f\u00f6r de allra flesta arbetsomr\u00e5den. Njut av en rymlig hytt och bekv\u00e4m design som ger en trevlig arbetsmilj\u00f6.\" \/>\n<meta name=\"robots\" content=\"noindex, follow, max-snippet:-1, max-image-preview:large, max-video-preview:-1\" \/>\n<meta property=\"og:locale\" content=\"sv_SE\" \/>\n<meta property=\"og:type\" content=\"article\" \/>\n<meta property=\"og:title\" content=\"Kubota M4073 - Nellemann Machinery\" \/>\n<meta property=\"og:description\" content=\"Kubota M4073 \u00e4r den perfekta traktorn f\u00f6r de allra flesta arbetsomr\u00e5den. Njut av en rymlig hytt och bekv\u00e4m design som ger en trevlig arbetsmilj\u00f6.\" \/>\n<meta property=\"og:url\" content=\"https:\/\/nellemannmachinery.se\/produkt\/kubota-m4073-traktor-med-lastare\/\" \/>\n<meta property=\"og:site_name\" content=\"Nellemann Machinery\" \/>\n<meta property=\"article:publisher\" content=\"https:\/\/www.facebook.com\/Nellemann-Machinery-718705991612962\" \/>\n<meta property=\"article:modified_time\" content=\"2023-01-09T12:12:20+00:00\" \/>\n<meta property=\"og:image\" content=\"https:\/\/nellemannmachinery.se\/wp-content\/uploads\/2021\/02\/M_4_Kab_237-Kopie-800_600.jpg\" \/>\n\t<meta property=\"og:image:width\" content=\"800\" \/>\n\t<meta property=\"og:image:height\" content=\"600\" \/>\n\t<meta property=\"og:image:type\" content=\"image\/jpeg\" \/>\n<meta name=\"twitter:card\" content=\"summary_large_image\" \/>\n<!-- \/ Yoast SEO plugin. -->","yoast_head_json":{"title":"Kubota M4073 - Nellemann Machinery","description":"Kubota M4073 \u00e4r den perfekta traktorn f\u00f6r de allra flesta arbetsomr\u00e5den. Njut av en rymlig hytt och bekv\u00e4m design som ger en trevlig arbetsmilj\u00f6.","robots":{"index":"noindex","follow":"follow","max-snippet":"max-snippet:-1","max-image-preview":"max-image-preview:large","max-video-preview":"max-video-preview:-1"},"og_locale":"sv_SE","og_type":"article","og_title":"Kubota M4073 - Nellemann Machinery","og_description":"Kubota M4073 \u00e4r den perfekta traktorn f\u00f6r de allra flesta arbetsomr\u00e5den. Njut av en rymlig hytt och bekv\u00e4m design som ger en trevlig arbetsmilj\u00f6.","og_url":"https:\/\/nellemannmachinery.se\/produkt\/kubota-m4073-traktor-med-lastare\/","og_site_name":"Nellemann Machinery","article_publisher":"https:\/\/www.facebook.com\/Nellemann-Machinery-718705991612962","article_modified_time":"2023-01-09T12:12:20+00:00","og_image":[{"width":800,"height":600,"url":"https:\/\/nellemannmachinery.se\/wp-content\/uploads\/2021\/02\/M_4_Kab_237-Kopie-800_600.jpg","type":"image\/jpeg"}],"twitter_card":"summary_large_image","schema":{"@context":"https:\/\/schema.org","@graph":[{"@type":"WebPage","@id":"https:\/\/nellemannmachinery.se\/produkt\/kubota-m4073-traktor-med-lastare\/","url":"https:\/\/nellemannmachinery.se\/produkt\/kubota-m4073-traktor-med-lastare\/","name":"Kubota M4073 - Nellemann Machinery","isPartOf":{"@id":"https:\/\/dev.nellemannmachinery.dk\/#website"},"primaryImageOfPage":{"@id":"https:\/\/nellemannmachinery.se\/produkt\/kubota-m4073-traktor-med-lastare\/#primaryimage"},"image":{"@id":"https:\/\/nellemannmachinery.se\/produkt\/kubota-m4073-traktor-med-lastare\/#primaryimage"},"thumbnailUrl":"https:\/\/dev.nellemannmachinery.dk\/wp-content\/uploads\/2021\/02\/M_4_Kab_237-Kopie-800_600.jpg","datePublished":"2021-02-01T11:50:25+00:00","dateModified":"2023-01-09T12:12:20+00:00","description":"Kubota M4073 \u00e4r den perfekta traktorn f\u00f6r de allra flesta arbetsomr\u00e5den. Njut av en rymlig hytt och bekv\u00e4m design som ger en trevlig arbetsmilj\u00f6.","breadcrumb":{"@id":"https:\/\/nellemannmachinery.se\/produkt\/kubota-m4073-traktor-med-lastare\/#breadcrumb"},"inLanguage":"sv-SE","potentialAction":[{"@type":"ReadAction","target":["https:\/\/nellemannmachinery.se\/produkt\/kubota-m4073-traktor-med-lastare\/"]}]},{"@type":"ImageObject","inLanguage":"sv-SE","@id":"https:\/\/nellemannmachinery.se\/produkt\/kubota-m4073-traktor-med-lastare\/#primaryimage","url":"https:\/\/dev.nellemannmachinery.dk\/wp-content\/uploads\/2021\/02\/M_4_Kab_237-Kopie-800_600.jpg","contentUrl":"https:\/\/dev.nellemannmachinery.dk\/wp-content\/uploads\/2021\/02\/M_4_Kab_237-Kopie-800_600.jpg","width":800,"height":600},{"@type":"BreadcrumbList","@id":"https:\/\/nellemannmachinery.se\/produkt\/kubota-m4073-traktor-med-lastare\/#breadcrumb","itemListElement":[{"@type":"ListItem","position":1,"name":"Home","item":"https:\/\/nellemannmachinery.se\/"},{"@type":"ListItem","position":2,"name":"Shop","item":"https:\/\/dev.nellemannmachinery.dk\/shop\/"},{"@type":"ListItem","position":3,"name":"KUBOTA M4073"}]},{"@type":"WebSite","@id":"https:\/\/dev.nellemannmachinery.dk\/#website","url":"https:\/\/dev.nellemannmachinery.dk\/","name":"Nellemann Machinery","description":"","publisher":{"@id":"https:\/\/dev.nellemannmachinery.dk\/#organization"},"potentialAction":[{"@type":"SearchAction","target":{"@type":"EntryPoint","urlTemplate":"https:\/\/dev.nellemannmachinery.dk\/?s={search_term_string}"},"query-input":{"@type":"PropertyValueSpecification","valueRequired":true,"valueName":"search_term_string"}}],"inLanguage":"sv-SE"},{"@type":"Organization","@id":"https:\/\/dev.nellemannmachinery.dk\/#organization","name":"Nellemann Machinery","url":"https:\/\/dev.nellemannmachinery.dk\/","logo":{"@type":"ImageObject","inLanguage":"sv-SE","@id":"https:\/\/dev.nellemannmachinery.dk\/#\/schema\/logo\/image\/","url":"https:\/\/dev.nellemannmachinery.dk\/wp-content\/uploads\/2020\/09\/logo-1.png","contentUrl":"https:\/\/dev.nellemannmachinery.dk\/wp-content\/uploads\/2020\/09\/logo-1.png","width":398,"height":71,"caption":"Nellemann Machinery"},"image":{"@id":"https:\/\/dev.nellemannmachinery.dk\/#\/schema\/logo\/image\/"},"sameAs":["https:\/\/www.facebook.com\/Nellemann-Machinery-718705991612962","https:\/\/www.instagram.com\/nellemannmachinery\/?hl=da","https:\/\/www.linkedin.com\/company\/svenningsens-maskinforretning-as\/about\/"]}]}},"_links":{"self":[{"href":"https:\/\/dev.nellemannmachinery.dk\/sv\/wp-json\/wp\/v2\/product\/8892","targetHints":{"allow":["GET"]}}],"collection":[{"href":"https:\/\/dev.nellemannmachinery.dk\/sv\/wp-json\/wp\/v2\/product"}],"about":[{"href":"https:\/\/dev.nellemannmachinery.dk\/sv\/wp-json\/wp\/v2\/types\/product"}],"wp:featuredmedia":[{"embeddable":true,"href":"https:\/\/dev.nellemannmachinery.dk\/sv\/wp-json\/wp\/v2\/media\/14312"}],"wp:attachment":[{"href":"https:\/\/dev.nellemannmachinery.dk\/sv\/wp-json\/wp\/v2\/media?parent=8892"}],"wp:term":[{"taxonomy":"product_brand","embeddable":true,"href":"https:\/\/dev.nellemannmachinery.dk\/sv\/wp-json\/wp\/v2\/product_brand?post=8892"},{"taxonomy":"product_cat","embeddable":true,"href":"https:\/\/dev.nellemannmachinery.dk\/sv\/wp-json\/wp\/v2\/product_cat?post=8892"},{"taxonomy":"product_tag","embeddable":true,"href":"https:\/\/dev.nellemannmachinery.dk\/sv\/wp-json\/wp\/v2\/product_tag?post=8892"}],"curies":[{"name":"wp","href":"https:\/\/api.w.org\/{rel}","templated":true}]}}