{"id":8985,"date":"2021-02-09T16:41:31","date_gmt":"2021-02-09T14:41:31","guid":{"rendered":"https:\/\/dev.nellemannmachinery.dk\/produkt\/spider-ild02-copy\/"},"modified":"2022-03-11T12:39:57","modified_gmt":"2022-03-11T10:39:57","slug":"spider-ild02","status":"publish","type":"product","link":"https:\/\/dev.nellemannmachinery.dk\/sv\/produkt\/spider-ild02\/","title":{"rendered":"Spider ILD02"},"excerpt":{"rendered":"<div class=\"contactAndContent\">\n<div class=\"row\">\n<div class=\"product-info col-md-6\">\n<div class=\"product-description\">\n<p>&nbsp;<\/p>\n<p><strong>Spidergr\u00e4sklippparen ILD02<\/strong> kan arbeta i sl\u00e4nter upp till 55 grader. Radiostyrningen g\u00f6r det m\u00f6jligt att l\u00e5ta maskinen jobba under full kontroll p\u00e5 ett avst\u00e5nd upp till 100 m. Om n\u00e5gon st\u00f6rning intr\u00e4ffar under k\u00f6rning stannar maskinen omedelbart. Klipparens unika 4-hjulsstyrning och drift g\u00f6r det m\u00f6jligt att klippa i sl\u00e4nter utan problem. Hydrostatisk drivning och Zero Turn (360 grades styrning) \u00f6kar produktiviteten.<\/p>\n<\/div>\n<p><strong>Drivenhet<\/strong><\/p>\n<ul>\n<li>Motor: Kawasaki FS691V<\/li>\n<li>Effekt: 24 HK \/ 17,9 kW SAE J1940<\/li>\n<li>Volym: 726 ccm<\/li>\n<li>Br\u00e4nsletank: 16 l \/ 4,2 gal<\/li>\n<li>Br\u00e4nsle: Blyfri bensin<\/li>\n<\/ul>\n<p><strong>Drivsystem<\/strong><\/p>\n<ul>\n<li>Transmission: Hydrostatisk<\/li>\n<li>Oljetank: 9 l \/ 2,4 gal<\/li>\n<li>Hastighet: 0 \u2013 8 kmh \/ 0 \u2013 5 mph<\/li>\n<li>Styrning: 360\u00b0, 4-hjulsstyrning<\/li>\n<li>Hjul: 16 \u00d7 6.50-8<\/li>\n<\/ul>\n<p><strong>Klippsystem<\/strong><\/p>\n<ul>\n<li>Arbetsbredd: 123 cm \/ 48,5 in (4 knivar)<\/li>\n<li>Klipph\u00f6jd: 9 \u2013 14 cm \/ 7 \u2013 12 cm \/ 3,5 \u2013 5,5 in \/ 2,8 \u2013 4,7 in<\/li>\n<li>Koppling: Electromagnetisk<\/li>\n<\/ul>\n<p><strong>Prestanda<\/strong><\/p>\n<ul>\n<li>Kapacitet: upp till 7000 m2\/h \/ 1,73 acres\/h<\/li>\n<li>Br\u00e4nslef\u00f6rbrukning, snitt: 3,5 l\/h \/ 0,95 gal\/h<\/li>\n<li>Sl\u00e4ntkapacitet: 55\u00b0 \/ 143% *<\/li>\n<li>Dimensioner: 164 \u00d7 143 \u00d7 82,5 cm \/ 65 \u00d7 56 \u00d7 32,5 in<\/li>\n<li>Vikt: 387 kg \/ 853 lb<\/li>\n<\/ul>\n<\/div>\n<\/div>\n<\/div>\n","protected":false},"featured_media":14287,"template":"","meta":{"_acf_changed":false,"inline_featured_image":false},"product_brand":[],"product_cat":[159],"product_tag":[283,486,299,296],"class_list":{"0":"post-8985","1":"product","2":"type-product","3":"status-publish","4":"has-post-thumbnail","6":"product_cat-grasklippare","7":"product_tag-grasklippare","8":"product_tag-ild","9":"product_tag-ild02","10":"product_tag-spidermower","11":"brand-spider-2","13":"first","14":"instock","15":"shipping-taxable","16":"product-type-simple"},"acf":[],"yoast_head":"<!-- This site is optimized with the Yoast SEO plugin v27.4 - https:\/\/yoast.com\/product\/yoast-seo-wordpress\/ -->\n<title>Spider ILD02 - Nellemann Machinery Radiostyrd gr\u00e4sklippare<\/title>\n<meta name=\"description\" content=\"SPIDER ILD01 - Fj\u00e4rrkontrollen g\u00f6r att f\u00f6raren kan h\u00e5lla sig borta fr\u00e5n gr\u00e4sklipparens arbetsomr\u00e5de, borta fr\u00e5n buller och vibrationer.\" \/>\n<meta name=\"robots\" content=\"noindex, follow, max-snippet:-1, max-image-preview:large, max-video-preview:-1\" \/>\n<meta property=\"og:locale\" content=\"sv_SE\" \/>\n<meta property=\"og:type\" content=\"article\" \/>\n<meta property=\"og:title\" content=\"Spider ILD02 - Nellemann Machinery Radiostyrd gr\u00e4sklippare\" \/>\n<meta property=\"og:description\" content=\"SPIDER ILD01 - Fj\u00e4rrkontrollen g\u00f6r att f\u00f6raren kan h\u00e5lla sig borta fr\u00e5n gr\u00e4sklipparens arbetsomr\u00e5de, borta fr\u00e5n buller och vibrationer.\" \/>\n<meta property=\"og:url\" content=\"https:\/\/nellemannmachinery.se\/produkt\/spider-ild02\/\" \/>\n<meta property=\"og:site_name\" content=\"Nellemann Machinery\" \/>\n<meta property=\"article:publisher\" content=\"https:\/\/www.facebook.com\/Nellemann-Machinery-718705991612962\" \/>\n<meta property=\"article:modified_time\" content=\"2022-03-11T10:39:57+00:00\" \/>\n<meta property=\"og:image\" content=\"https:\/\/nellemannmachinery.se\/wp-content\/uploads\/2020\/07\/spider-2_dk1.jpg\" \/>\n\t<meta property=\"og:image:width\" content=\"800\" \/>\n\t<meta property=\"og:image:height\" content=\"600\" \/>\n\t<meta property=\"og:image:type\" content=\"image\/jpeg\" \/>\n<meta name=\"twitter:card\" content=\"summary_large_image\" \/>\n<!-- \/ Yoast SEO plugin. -->","yoast_head_json":{"title":"Spider ILD02 - Nellemann Machinery Radiostyrd gr\u00e4sklippare","description":"SPIDER ILD01 - Fj\u00e4rrkontrollen g\u00f6r att f\u00f6raren kan h\u00e5lla sig borta fr\u00e5n gr\u00e4sklipparens arbetsomr\u00e5de, borta fr\u00e5n buller och vibrationer.","robots":{"index":"noindex","follow":"follow","max-snippet":"max-snippet:-1","max-image-preview":"max-image-preview:large","max-video-preview":"max-video-preview:-1"},"og_locale":"sv_SE","og_type":"article","og_title":"Spider ILD02 - Nellemann Machinery Radiostyrd gr\u00e4sklippare","og_description":"SPIDER ILD01 - Fj\u00e4rrkontrollen g\u00f6r att f\u00f6raren kan h\u00e5lla sig borta fr\u00e5n gr\u00e4sklipparens arbetsomr\u00e5de, borta fr\u00e5n buller och vibrationer.","og_url":"https:\/\/nellemannmachinery.se\/produkt\/spider-ild02\/","og_site_name":"Nellemann Machinery","article_publisher":"https:\/\/www.facebook.com\/Nellemann-Machinery-718705991612962","article_modified_time":"2022-03-11T10:39:57+00:00","og_image":[{"width":800,"height":600,"url":"https:\/\/nellemannmachinery.se\/wp-content\/uploads\/2020\/07\/spider-2_dk1.jpg","type":"image\/jpeg"}],"twitter_card":"summary_large_image","schema":{"@context":"https:\/\/schema.org","@graph":[{"@type":"WebPage","@id":"https:\/\/nellemannmachinery.se\/produkt\/spider-ild02\/","url":"https:\/\/nellemannmachinery.se\/produkt\/spider-ild02\/","name":"Spider ILD02 - Nellemann Machinery Radiostyrd gr\u00e4sklippare","isPartOf":{"@id":"https:\/\/dev.nellemannmachinery.dk\/#website"},"primaryImageOfPage":{"@id":"https:\/\/nellemannmachinery.se\/produkt\/spider-ild02\/#primaryimage"},"image":{"@id":"https:\/\/nellemannmachinery.se\/produkt\/spider-ild02\/#primaryimage"},"thumbnailUrl":"https:\/\/dev.nellemannmachinery.dk\/wp-content\/uploads\/2021\/02\/sekacka_detaily-ILD02.-800_600jpg.jpg","datePublished":"2021-02-09T14:41:31+00:00","dateModified":"2022-03-11T10:39:57+00:00","description":"SPIDER ILD01 - Fj\u00e4rrkontrollen g\u00f6r att f\u00f6raren kan h\u00e5lla sig borta fr\u00e5n gr\u00e4sklipparens arbetsomr\u00e5de, borta fr\u00e5n buller och vibrationer.","breadcrumb":{"@id":"https:\/\/nellemannmachinery.se\/produkt\/spider-ild02\/#breadcrumb"},"inLanguage":"sv-SE","potentialAction":[{"@type":"ReadAction","target":["https:\/\/nellemannmachinery.se\/produkt\/spider-ild02\/"]}]},{"@type":"ImageObject","inLanguage":"sv-SE","@id":"https:\/\/nellemannmachinery.se\/produkt\/spider-ild02\/#primaryimage","url":"https:\/\/dev.nellemannmachinery.dk\/wp-content\/uploads\/2021\/02\/sekacka_detaily-ILD02.-800_600jpg.jpg","contentUrl":"https:\/\/dev.nellemannmachinery.dk\/wp-content\/uploads\/2021\/02\/sekacka_detaily-ILD02.-800_600jpg.jpg","width":800,"height":600},{"@type":"BreadcrumbList","@id":"https:\/\/nellemannmachinery.se\/produkt\/spider-ild02\/#breadcrumb","itemListElement":[{"@type":"ListItem","position":1,"name":"Home","item":"https:\/\/nellemannmachinery.se\/"},{"@type":"ListItem","position":2,"name":"Shop","item":"https:\/\/dev.nellemannmachinery.dk\/shop\/"},{"@type":"ListItem","position":3,"name":"Spider ILD02"}]},{"@type":"WebSite","@id":"https:\/\/dev.nellemannmachinery.dk\/#website","url":"https:\/\/dev.nellemannmachinery.dk\/","name":"Nellemann Machinery","description":"","publisher":{"@id":"https:\/\/dev.nellemannmachinery.dk\/#organization"},"potentialAction":[{"@type":"SearchAction","target":{"@type":"EntryPoint","urlTemplate":"https:\/\/dev.nellemannmachinery.dk\/?s={search_term_string}"},"query-input":{"@type":"PropertyValueSpecification","valueRequired":true,"valueName":"search_term_string"}}],"inLanguage":"sv-SE"},{"@type":"Organization","@id":"https:\/\/dev.nellemannmachinery.dk\/#organization","name":"Nellemann Machinery","url":"https:\/\/dev.nellemannmachinery.dk\/","logo":{"@type":"ImageObject","inLanguage":"sv-SE","@id":"https:\/\/dev.nellemannmachinery.dk\/#\/schema\/logo\/image\/","url":"https:\/\/dev.nellemannmachinery.dk\/wp-content\/uploads\/2020\/09\/logo-1.png","contentUrl":"https:\/\/dev.nellemannmachinery.dk\/wp-content\/uploads\/2020\/09\/logo-1.png","width":398,"height":71,"caption":"Nellemann Machinery"},"image":{"@id":"https:\/\/dev.nellemannmachinery.dk\/#\/schema\/logo\/image\/"},"sameAs":["https:\/\/www.facebook.com\/Nellemann-Machinery-718705991612962","https:\/\/www.instagram.com\/nellemannmachinery\/?hl=da","https:\/\/www.linkedin.com\/company\/svenningsens-maskinforretning-as\/about\/"]}]}},"_links":{"self":[{"href":"https:\/\/dev.nellemannmachinery.dk\/sv\/wp-json\/wp\/v2\/product\/8985","targetHints":{"allow":["GET"]}}],"collection":[{"href":"https:\/\/dev.nellemannmachinery.dk\/sv\/wp-json\/wp\/v2\/product"}],"about":[{"href":"https:\/\/dev.nellemannmachinery.dk\/sv\/wp-json\/wp\/v2\/types\/product"}],"wp:featuredmedia":[{"embeddable":true,"href":"https:\/\/dev.nellemannmachinery.dk\/sv\/wp-json\/wp\/v2\/media\/14287"}],"wp:attachment":[{"href":"https:\/\/dev.nellemannmachinery.dk\/sv\/wp-json\/wp\/v2\/media?parent=8985"}],"wp:term":[{"taxonomy":"product_brand","embeddable":true,"href":"https:\/\/dev.nellemannmachinery.dk\/sv\/wp-json\/wp\/v2\/product_brand?post=8985"},{"taxonomy":"product_cat","embeddable":true,"href":"https:\/\/dev.nellemannmachinery.dk\/sv\/wp-json\/wp\/v2\/product_cat?post=8985"},{"taxonomy":"product_tag","embeddable":true,"href":"https:\/\/dev.nellemannmachinery.dk\/sv\/wp-json\/wp\/v2\/product_tag?post=8985"}],"curies":[{"name":"wp","href":"https:\/\/api.w.org\/{rel}","templated":true}]}}